{"id":10024,"date":"2026-04-07T15:11:37","date_gmt":"2026-04-07T15:11:37","guid":{"rendered":"https:\/\/electrobennjima.tn\/?post_type=product&#038;p=10024"},"modified":"2026-04-07T15:11:37","modified_gmt":"2026-04-07T15:11:37","slug":"plaque-hoover-60cm-noir","status":"publish","type":"product","link":"https:\/\/electrobennjima.tn\/en\/plaque-hoover-60cm-noir\/","title":{"rendered":"PLAQUE HOOVER 60CM &#8211; NOIR"},"content":{"rendered":"<table id=\"product-attribute-specs-table\" class=\"data table additional-attributes\">\n<tbody>\n<tr>\n<th class=\"col label\" scope=\"row\">R\u00e9f\u00e9rence<\/th>\n<td class=\"col data\" data-th=\"gtin\">PLHVG6DK3B\/4U2<\/td>\n<\/tr>\n<tr>\n<th class=\"col label\" scope=\"row\">Marque<\/th>\n<td class=\"col data\" data-th=\"Marque\">Hoover<\/td>\n<\/tr>\n<tr>\n<th class=\"col label\" scope=\"row\">Largeur<\/th>\n<td class=\"col data\" data-th=\"Type de Pose\">60Cm<\/td>\n<\/tr>\n<tr>\n<th class=\"col label\" scope=\"row\">Garantie<\/th>\n<td class=\"col data\" data-th=\"Nombre de Foyers\">1 an<\/td>\n<\/tr>\n<tr>\n<th class=\"col label\" scope=\"row\">Couleur<\/th>\n<td class=\"col data\" data-th=\"\u00c9nergie Utilis\u00e9e\">Noir<\/td>\n<\/tr>\n<tr>\n<th class=\"col label\" scope=\"row\">Dimension<\/th>\n<td class=\"col data\" data-th=\"Type de Plaque\">59.5 x 51 x 3.5 cm<\/td>\n<\/tr>\n<tr>\n<th class=\"col label\" scope=\"row\">Type De Pose<\/th>\n<td class=\"col data\" data-th=\"Thermocouple\">Encastrable<\/td>\n<\/tr>\n<tr>\n<th class=\"col label\" scope=\"row\">Energie Utilis\u00e9e<\/th>\n<td class=\"col data\" data-th=\"Grilles\">Gaz<\/td>\n<\/tr>\n<tr>\n<th class=\"col label\" scope=\"row\">Nombre de foyers<\/th>\n<td class=\"col data\" data-th=\"Largeur\">4<\/td>\n<\/tr>\n<tr>\n<th class=\"col label\" scope=\"row\">Type de grilles<\/th>\n<td class=\"col data\" data-th=\"Syst\u00e8me d Allumage\">Fonte<\/td>\n<\/tr>\n<tr>\n<th class=\"col label\" scope=\"row\">S\u00e9curit\u00e9 Thermocouple<\/th>\n<td class=\"col data\" data-th=\"Puissance\">Oui<\/td>\n<\/tr>\n<tr>\n<th class=\"col label\" scope=\"row\">\u00e9l\u00e9ment chauffant<\/th>\n<td class=\"col data\" data-th=\"Couleur\">2700w<\/td>\n<\/tr>\n<\/tbody>\n<\/table>","protected":false},"excerpt":{"rendered":"<p>R\u00e9f\u00e9rence PLHVG6DK3B\/4U2 Marque Hoover Largeur 60Cm Garantie 1 an Couleur Noir Dimension 59.5 x 51 x 3.5 cm Type De Pose Encastrable Energie Utilis\u00e9e Gaz Nombre de foyers 4 Type de grilles Fonte S\u00e9curit\u00e9 Thermocouple Oui \u00e9l\u00e9ment chauffant 2700w<\/p>","protected":false},"featured_media":10025,"comment_status":"open","ping_status":"closed","template":"","meta":[],"product_brand":[98],"product_cat":[62],"product_tag":[],"class_list":{"0":"post-10024","1":"product","2":"type-product","3":"status-publish","4":"has-post-thumbnail","6":"product_brand-hoover","7":"product_cat-plaques-de-cuisson","9":"first","10":"instock","11":"shipping-taxable","12":"purchasable","13":"product-type-simple"},"_links":{"self":[{"href":"https:\/\/electrobennjima.tn\/en\/wp-json\/wp\/v2\/product\/10024","targetHints":{"allow":["GET"]}}],"collection":[{"href":"https:\/\/electrobennjima.tn\/en\/wp-json\/wp\/v2\/product"}],"about":[{"href":"https:\/\/electrobennjima.tn\/en\/wp-json\/wp\/v2\/types\/product"}],"replies":[{"embeddable":true,"href":"https:\/\/electrobennjima.tn\/en\/wp-json\/wp\/v2\/comments?post=10024"}],"wp:featuredmedia":[{"embeddable":true,"href":"https:\/\/electrobennjima.tn\/en\/wp-json\/wp\/v2\/media\/10025"}],"wp:attachment":[{"href":"https:\/\/electrobennjima.tn\/en\/wp-json\/wp\/v2\/media?parent=10024"}],"wp:term":[{"taxonomy":"product_brand","embeddable":true,"href":"https:\/\/electrobennjima.tn\/en\/wp-json\/wp\/v2\/product_brand?post=10024"},{"taxonomy":"product_cat","embeddable":true,"href":"https:\/\/electrobennjima.tn\/en\/wp-json\/wp\/v2\/product_cat?post=10024"},{"taxonomy":"product_tag","embeddable":true,"href":"https:\/\/electrobennjima.tn\/en\/wp-json\/wp\/v2\/product_tag?post=10024"}],"curies":[{"name":"wp","href":"https:\/\/api.w.org\/{rel}","templated":true}]}}