{"id":10038,"date":"2026-04-07T15:37:55","date_gmt":"2026-04-07T15:37:55","guid":{"rendered":"https:\/\/electrobennjima.tn\/?post_type=product&#038;p=10038"},"modified":"2026-04-07T15:37:55","modified_gmt":"2026-04-07T15:37:55","slug":"plaque-vitro-ceramique-electrique-premium-4-feux-60cm-noir","status":"publish","type":"product","link":"https:\/\/electrobennjima.tn\/en\/plaque-vitro-ceramique-electrique-premium-4-feux-60cm-noir\/","title":{"rendered":"PLAQUE VITRO C\u00c9RAMIQUE ELECTRIQUE PREMIUM 4 FEUX 60CM &#8211; NOIR"},"content":{"rendered":"<table id=\"product-attribute-specs-table\" class=\"data table additional-attributes\">\n<tbody>\n<tr>\n<th class=\"col label\" scope=\"row\">R\u00e9f\u00e9rence<\/th>\n<td class=\"col data\" data-th=\"gtin\">PVC64.E01<\/td>\n<\/tr>\n<tr>\n<th class=\"col label\" scope=\"row\">Marque<\/th>\n<td class=\"col data\" data-th=\"Marque\">Vitro<\/td>\n<\/tr>\n<tr>\n<th class=\"col label\" scope=\"row\">Mod\u00e8le<\/th>\n<td class=\"col data\" data-th=\"Type de Pose\">Encastrable<\/td>\n<\/tr>\n<tr>\n<th class=\"col label\" scope=\"row\">Garantie<\/th>\n<td class=\"col data\" data-th=\"Nombre de Foyers\">1 an<\/td>\n<\/tr>\n<tr>\n<th class=\"col label\" scope=\"row\">Couleur<\/th>\n<td class=\"col data\" data-th=\"\u00c9nergie Utilis\u00e9e\">Noir<\/td>\n<\/tr>\n<tr>\n<th class=\"col label\" scope=\"row\">Nombre de foyers<\/th>\n<td class=\"col data\" data-th=\"Type de Plaque\">4<\/td>\n<\/tr>\n<tr>\n<th class=\"col label\" scope=\"row\">Type de cuisson<\/th>\n<td class=\"col data\" data-th=\"Thermocouple\">\u00e9lectrique<\/td>\n<\/tr>\n<tr>\n<th class=\"col label\" scope=\"row\">Type de grilles<\/th>\n<td class=\"col data\" data-th=\"Grilles\">Fonte<\/td>\n<\/tr>\n<\/tbody>\n<\/table>","protected":false},"excerpt":{"rendered":"<p>R\u00e9f\u00e9rence PVC64.E01 Marque Vitro Mod\u00e8le Encastrable Garantie 1 an Couleur Noir Nombre de foyers 4 Type de cuisson \u00e9lectrique Type de grilles Fonte<\/p>","protected":false},"featured_media":10039,"comment_status":"open","ping_status":"closed","template":"","meta":[],"product_brand":[576],"product_cat":[151],"product_tag":[],"class_list":{"0":"post-10038","1":"product","2":"type-product","3":"status-publish","4":"has-post-thumbnail","6":"product_brand-vitro","7":"product_cat-plaque-electrique","9":"first","10":"instock","11":"shipping-taxable","12":"purchasable","13":"product-type-simple"},"_links":{"self":[{"href":"https:\/\/electrobennjima.tn\/en\/wp-json\/wp\/v2\/product\/10038","targetHints":{"allow":["GET"]}}],"collection":[{"href":"https:\/\/electrobennjima.tn\/en\/wp-json\/wp\/v2\/product"}],"about":[{"href":"https:\/\/electrobennjima.tn\/en\/wp-json\/wp\/v2\/types\/product"}],"replies":[{"embeddable":true,"href":"https:\/\/electrobennjima.tn\/en\/wp-json\/wp\/v2\/comments?post=10038"}],"wp:featuredmedia":[{"embeddable":true,"href":"https:\/\/electrobennjima.tn\/en\/wp-json\/wp\/v2\/media\/10039"}],"wp:attachment":[{"href":"https:\/\/electrobennjima.tn\/en\/wp-json\/wp\/v2\/media?parent=10038"}],"wp:term":[{"taxonomy":"product_brand","embeddable":true,"href":"https:\/\/electrobennjima.tn\/en\/wp-json\/wp\/v2\/product_brand?post=10038"},{"taxonomy":"product_cat","embeddable":true,"href":"https:\/\/electrobennjima.tn\/en\/wp-json\/wp\/v2\/product_cat?post=10038"},{"taxonomy":"product_tag","embeddable":true,"href":"https:\/\/electrobennjima.tn\/en\/wp-json\/wp\/v2\/product_tag?post=10038"}],"curies":[{"name":"wp","href":"https:\/\/api.w.org\/{rel}","templated":true}]}}