{"id":10041,"date":"2026-04-08T07:51:54","date_gmt":"2026-04-08T07:51:54","guid":{"rendered":"https:\/\/electrobennjima.tn\/?post_type=product&#038;p=10041"},"modified":"2026-04-09T09:57:52","modified_gmt":"2026-04-09T09:57:52","slug":"clim-condor-12000-btu-inverter-cf-super-tropicalise","status":"publish","type":"product","link":"https:\/\/electrobennjima.tn\/en\/clim-condor-12000-btu-inverter-cf-super-tropicalise\/","title":{"rendered":"CLIMATISEUR CONDOR 12000BTU CHAUD \/ FROID &#8211; SMART INVERTER  TROPICALISE"},"content":{"rendered":"<table id=\"product-attribute-specs-table\" class=\"data table additional-attributes\">\n<tbody>\n<tr>\n<th class=\"col label\" scope=\"row\">Marque<\/th>\n<td class=\"col data\" data-th=\"gtin\">\u00a0 \u00a0 \u00a0 \u00a0 \u00a0 \u00a0 Condor<\/td>\n<\/tr>\n<tr>\n<th class=\"col label\" scope=\"row\">Smart<\/th>\n<td class=\"col data\" data-th=\"Marque\">\u00a0 \u00a0 \u00a0 \u00a0 \u00a0 \u00a0 Oui<\/td>\n<\/tr>\n<tr>\n<th class=\"col label\" scope=\"row\"><strong>Puissance<\/strong><\/th>\n<td class=\"col data\" data-th=\"Gamme PC\">\u00a0 \u00a0 \u00a0 \u00a0 \u00a0 \u00a0 12000 BTU<\/td>\n<\/tr>\n<tr>\n<th class=\"col label\" scope=\"row\"><strong>Mode<\/strong><\/th>\n<td class=\"col data\" data-th=\"Gamer\">\u00a0 \u00a0 \u00a0 \u00a0 \u00a0 \u00a0 Chaud &amp; Froid<\/td>\n<\/tr>\n<tr>\n<th class=\"col label\" scope=\"row\"><strong>Classe climatique<\/strong><\/th>\n<td class=\"col data\" data-th=\"Syst\u00e8me d'exploitation\">\u00a0 \u00a0 \u00a0 \u00a0 \u00a0 \u00a0 T3 \u2013 Haute efficacit\u00e9 \u00e9nerg\u00e9tique<\/td>\n<\/tr>\n<tr>\n<th class=\"col label\" scope=\"row\"><strong>Inverter\u00a0<\/strong><\/th>\n<td class=\"col data\" data-th=\"Taille de l'\u00e9cran\">\u00a0 \u00a0 \u00a0 \u00a0 \u00a0 \u00a0 Oui<\/td>\n<\/tr>\n<tr>\n<th class=\"col label\" scope=\"row\"><strong>R\u00e9frig\u00e9rant<\/strong><\/th>\n<td class=\"col data\" data-th=\"Ecran\">\u00a0 \u00a0 \u00a0 \u00a0 \u00a0 \u00a0 R410a (\u00e9cologique)<\/td>\n<\/tr>\n<tr>\n<th class=\"col label\" scope=\"row\"><strong>Fonctions<\/strong><\/th>\n<td class=\"col data\" data-th=\"Ecran Tactile\">\u00a0 \u00a0 \u00a0 \u00a0 \u00a0 \u00a0 Turbo, Auto-diagnostic, Red\u00e9marrage automatique, Mode Sommeil confortable<\/td>\n<\/tr>\n<tr>\n<th class=\"col label\" scope=\"row\"><strong>\u00c9conomie d\u2019\u00e9nergie<\/strong><\/th>\n<td class=\"col data\" data-th=\"R\u00e9solution d'\u00e9crans\">\u00a0 \u00a0 \u00a0 \u00a0 \u00a0 \u00a0 Optimis\u00e9e gr\u00e2ce \u00e0 la technologie Inverter<\/td>\n<\/tr>\n<tr>\n<th class=\"col label\" scope=\"row\"><strong>Garantie\u00a0\u00a0<\/strong><\/th>\n<td class=\"col data\" data-th=\"Processeur\">\u00a0 \u00a0 \u00a0 \u00a0 \u00a0 \u00a0 3 ans<\/td>\n<\/tr>\n<tr>\n<th class=\"col label\" scope=\"row\">Couleur<\/th>\n<td class=\"col data\" data-th=\"Type Processeur\">\u00a0 \u00a0 \u00a0 \u00a0 \u00a0 \u00a0 Blanc<\/td>\n<\/tr>\n<\/tbody>\n<\/table>","protected":false},"excerpt":{"rendered":"<p>Marque \u00a0 \u00a0 \u00a0 \u00a0 \u00a0 \u00a0 Condor Smart \u00a0 \u00a0 \u00a0 \u00a0 \u00a0 \u00a0 Oui Puissance \u00a0 \u00a0 \u00a0 \u00a0 \u00a0 \u00a0 12000 BTU Mode \u00a0 \u00a0 \u00a0 \u00a0 \u00a0 \u00a0 Chaud &amp; Froid Classe climatique \u00a0 \u00a0 \u00a0 \u00a0 \u00a0 \u00a0 T3 \u2013 Haute efficacit\u00e9 \u00e9nerg\u00e9tique Inverter\u00a0 \u00a0 \u00a0 \u00a0 \u00a0 \u00a0 \u00a0 [&hellip;]<\/p>","protected":false},"featured_media":10126,"comment_status":"open","ping_status":"closed","template":"","meta":[],"product_brand":[52],"product_cat":[127],"product_tag":[],"class_list":{"0":"post-10041","1":"product","2":"type-product","3":"status-publish","4":"has-post-thumbnail","6":"product_brand-condor","7":"product_cat-climatiseurs","9":"first","10":"instock","11":"shipping-taxable","12":"purchasable","13":"product-type-simple"},"_links":{"self":[{"href":"https:\/\/electrobennjima.tn\/en\/wp-json\/wp\/v2\/product\/10041","targetHints":{"allow":["GET"]}}],"collection":[{"href":"https:\/\/electrobennjima.tn\/en\/wp-json\/wp\/v2\/product"}],"about":[{"href":"https:\/\/electrobennjima.tn\/en\/wp-json\/wp\/v2\/types\/product"}],"replies":[{"embeddable":true,"href":"https:\/\/electrobennjima.tn\/en\/wp-json\/wp\/v2\/comments?post=10041"}],"wp:featuredmedia":[{"embeddable":true,"href":"https:\/\/electrobennjima.tn\/en\/wp-json\/wp\/v2\/media\/10126"}],"wp:attachment":[{"href":"https:\/\/electrobennjima.tn\/en\/wp-json\/wp\/v2\/media?parent=10041"}],"wp:term":[{"taxonomy":"product_brand","embeddable":true,"href":"https:\/\/electrobennjima.tn\/en\/wp-json\/wp\/v2\/product_brand?post=10041"},{"taxonomy":"product_cat","embeddable":true,"href":"https:\/\/electrobennjima.tn\/en\/wp-json\/wp\/v2\/product_cat?post=10041"},{"taxonomy":"product_tag","embeddable":true,"href":"https:\/\/electrobennjima.tn\/en\/wp-json\/wp\/v2\/product_tag?post=10041"}],"curies":[{"name":"wp","href":"https:\/\/api.w.org\/{rel}","templated":true}]}}