{"id":10044,"date":"2026-04-08T08:09:27","date_gmt":"2026-04-08T08:09:27","guid":{"rendered":"https:\/\/electrobennjima.tn\/?post_type=product&#038;p=10044"},"modified":"2026-04-09T09:56:07","modified_gmt":"2026-04-09T09:56:07","slug":"clim-condor-9000-btu-ch-fr-inverter-super-tropicalise","status":"publish","type":"product","link":"https:\/\/electrobennjima.tn\/en\/clim-condor-9000-btu-ch-fr-inverter-super-tropicalise\/","title":{"rendered":"CLIMATISEUR CONDOR 9000BTU CHAUD\/FROID &#8211; SMART INVERTER  TROPICALIS\u00c9"},"content":{"rendered":"<table id=\"product-attribute-specs-table\" class=\"data table additional-attributes\">\n<tbody>\n<tr>\n<th class=\"col label\" scope=\"row\">Marque<\/th>\n<td class=\"col data\" data-th=\"gtin\">\u00a0 \u00a0 Condor<\/td>\n<\/tr>\n<tr>\n<th class=\"col label\" scope=\"row\">Smart<\/th>\n<td class=\"col data\" data-th=\"Marque\">\u00a0 \u00a0 Oui<\/td>\n<\/tr>\n<tr>\n<th class=\"col label\" scope=\"row\">Puissance<\/th>\n<td class=\"col data\" data-th=\"Gamme PC\">\u00a0 \u00a0 9000 BTU<\/td>\n<\/tr>\n<tr>\n<th class=\"col label\" scope=\"row\">Mode<\/th>\n<td class=\"col data\" data-th=\"Gamer\">\u00a0 \u00a0 Chaud &amp; Froid<\/td>\n<\/tr>\n<tr>\n<th class=\"col label\" scope=\"row\">Classe climatique<\/th>\n<td class=\"col data\" data-th=\"Syst\u00e8me d'exploitation\">\u00a0 \u00a0 T3<\/td>\n<\/tr>\n<tr>\n<th class=\"col label\" scope=\"row\">Inverter<\/th>\n<td class=\"col data\" data-th=\"Taille de l'\u00e9cran\">\u00a0 \u00a0 Oui<\/td>\n<\/tr>\n<tr>\n<th class=\"col label\" scope=\"row\">R\u00e9frig\u00e9rant<\/th>\n<td class=\"col data\" data-th=\"Ecran\">\u00a0 \u00a0 R410A (gaz \u00e9cologique)<\/td>\n<\/tr>\n<tr>\n<th class=\"col label\" scope=\"row\">Fonctions<\/th>\n<td class=\"col data\" data-th=\"Ecran Tactile\">\n<ul>\n<li>Fonction Turbo\u00a0 &#8211;\u00a0 Mode sommeil\u00a0 &#8211;\u00a0 Auto diagnostic<\/li>\n<li>Red\u00e9marrage automatique &#8211; Compresseur tropicalis\u00e9\u00a0 &#8211;\u00a0 \u00c9conomie d\u2019\u00e9nergie jusqu\u2019\u00e0 75%<\/li>\n<\/ul>\n<\/td>\n<\/tr>\n<tr>\n<th class=\"col label\" scope=\"row\">Classe \u00e9nerg\u00e9tique<\/th>\n<td class=\"col data\" data-th=\"R\u00e9solution d'\u00e9crans\">\u00a0 \u00a0 \u00a02<\/td>\n<\/tr>\n<tr>\n<th class=\"col label\" scope=\"row\">Garantie<\/th>\n<td class=\"col data\" data-th=\"Processeur\">\u00a0 \u00a0 \u00a03 ans<\/td>\n<\/tr>\n<tr>\n<th class=\"col label\" scope=\"row\">Couleur<\/th>\n<td class=\"col data\" data-th=\"Type Processeur\">\u00a0 \u00a0 \u00a0Blanc<\/td>\n<\/tr>\n<\/tbody>\n<\/table>","protected":false},"excerpt":{"rendered":"<p>Marque \u00a0 \u00a0 Condor Smart \u00a0 \u00a0 Oui Puissance \u00a0 \u00a0 9000 BTU Mode \u00a0 \u00a0 Chaud &amp; Froid Classe climatique \u00a0 \u00a0 T3 Inverter \u00a0 \u00a0 Oui R\u00e9frig\u00e9rant \u00a0 \u00a0 R410A (gaz \u00e9cologique) Fonctions Fonction Turbo\u00a0 &#8211;\u00a0 Mode sommeil\u00a0 &#8211;\u00a0 Auto diagnostic Red\u00e9marrage automatique &#8211; Compresseur tropicalis\u00e9\u00a0 &#8211;\u00a0 \u00c9conomie d\u2019\u00e9nergie jusqu\u2019\u00e0 75% Classe \u00e9nerg\u00e9tique [&hellip;]<\/p>","protected":false},"featured_media":10127,"comment_status":"open","ping_status":"closed","template":"","meta":[],"product_brand":[52],"product_cat":[127],"product_tag":[],"class_list":{"0":"post-10044","1":"product","2":"type-product","3":"status-publish","4":"has-post-thumbnail","6":"product_brand-condor","7":"product_cat-climatiseurs","9":"first","10":"instock","11":"shipping-taxable","12":"purchasable","13":"product-type-simple"},"_links":{"self":[{"href":"https:\/\/electrobennjima.tn\/en\/wp-json\/wp\/v2\/product\/10044","targetHints":{"allow":["GET"]}}],"collection":[{"href":"https:\/\/electrobennjima.tn\/en\/wp-json\/wp\/v2\/product"}],"about":[{"href":"https:\/\/electrobennjima.tn\/en\/wp-json\/wp\/v2\/types\/product"}],"replies":[{"embeddable":true,"href":"https:\/\/electrobennjima.tn\/en\/wp-json\/wp\/v2\/comments?post=10044"}],"wp:featuredmedia":[{"embeddable":true,"href":"https:\/\/electrobennjima.tn\/en\/wp-json\/wp\/v2\/media\/10127"}],"wp:attachment":[{"href":"https:\/\/electrobennjima.tn\/en\/wp-json\/wp\/v2\/media?parent=10044"}],"wp:term":[{"taxonomy":"product_brand","embeddable":true,"href":"https:\/\/electrobennjima.tn\/en\/wp-json\/wp\/v2\/product_brand?post=10044"},{"taxonomy":"product_cat","embeddable":true,"href":"https:\/\/electrobennjima.tn\/en\/wp-json\/wp\/v2\/product_cat?post=10044"},{"taxonomy":"product_tag","embeddable":true,"href":"https:\/\/electrobennjima.tn\/en\/wp-json\/wp\/v2\/product_tag?post=10044"}],"curies":[{"name":"wp","href":"https:\/\/api.w.org\/{rel}","templated":true}]}}