{"id":10048,"date":"2026-04-08T08:24:18","date_gmt":"2026-04-08T08:24:18","guid":{"rendered":"https:\/\/electrobennjima.tn\/?post_type=product&#038;p=10048"},"modified":"2026-04-08T08:24:19","modified_gmt":"2026-04-08T08:24:19","slug":"clim-condor-armoire-6000-btu-inverter","status":"publish","type":"product","link":"https:\/\/electrobennjima.tn\/en\/clim-condor-armoire-6000-btu-inverter\/","title":{"rendered":"CLIM CONDOR ARMOIRE 6000 BTU &#8211; INVERTER"},"content":{"rendered":"<table id=\"product-attribute-specs-table\" class=\"data table additional-attributes\">\n<tbody>\n<tr>\n<th class=\"col label\" scope=\"row\">R\u00e9f\u00e9rence<\/th>\n<td class=\"col data\" data-th=\"gtin\">CA60-E6IT3<\/td>\n<\/tr>\n<tr>\n<th class=\"col label\" scope=\"row\">Marque<\/th>\n<td class=\"col data\" data-th=\"Marque\">Condor<\/td>\n<\/tr>\n<tr>\n<th class=\"col label\" scope=\"row\">Type Climatiseur<\/th>\n<td class=\"col data\" data-th=\"Gamme PC\">Armoire<\/td>\n<\/tr>\n<tr>\n<th class=\"col label\" scope=\"row\">Inverter<\/th>\n<td class=\"col data\" data-th=\"Gamer\">Oui<\/td>\n<\/tr>\n<tr>\n<th class=\"col label\" scope=\"row\">Smart<\/th>\n<td class=\"col data\" data-th=\"Syst\u00e8me d'exploitation\">Oui<\/td>\n<\/tr>\n<tr>\n<th class=\"col label\" scope=\"row\">Mode<\/th>\n<td class=\"col data\" data-th=\"Taille de l'\u00e9cran\">Chaud et Froid<\/td>\n<\/tr>\n<tr>\n<th class=\"col label\" scope=\"row\">Capacit\u00e9<\/th>\n<td class=\"col data\" data-th=\"Ecran\">60000 BTU<\/td>\n<\/tr>\n<tr>\n<th class=\"col label\" scope=\"row\">R\u00e9frig\u00e9rant<\/th>\n<td class=\"col data\" data-th=\"Ecran Tactile\">R410a<\/td>\n<\/tr>\n<tr>\n<th class=\"col label\" scope=\"row\">Dimensions<\/th>\n<td class=\"col data\" data-th=\"R\u00e9solution d'\u00e9crans\">587 x 394 x 1882 mm<\/td>\n<\/tr>\n<tr>\n<th class=\"col label\" scope=\"row\">Classe Climatique<\/th>\n<td class=\"col data\" data-th=\"Processeur\">T3<\/td>\n<\/tr>\n<tr>\n<th class=\"col label\" scope=\"row\">\u00a0Couleur<\/th>\n<td class=\"col data\" data-th=\"Type Processeur\">Blanc<\/td>\n<\/tr>\n<tr>\n<th class=\"col label\" scope=\"row\">Garantie<\/th>\n<td class=\"col data\" data-th=\"R\u00e9f\u00e9rence Processeur\">3 ans<\/td>\n<\/tr>\n<\/tbody>\n<\/table>","protected":false},"excerpt":{"rendered":"<p>R\u00e9f\u00e9rence CA60-E6IT3 Marque Condor Type Climatiseur Armoire Inverter Oui Smart Oui Mode Chaud et Froid Capacit\u00e9 60000 BTU R\u00e9frig\u00e9rant R410a Dimensions 587 x 394 x 1882 mm Classe Climatique T3 \u00a0Couleur Blanc Garantie 3 ans<\/p>","protected":false},"featured_media":10049,"comment_status":"open","ping_status":"closed","template":"","meta":[],"product_brand":[52],"product_cat":[127],"product_tag":[],"class_list":{"0":"post-10048","1":"product","2":"type-product","3":"status-publish","4":"has-post-thumbnail","6":"product_brand-condor","7":"product_cat-climatiseurs","9":"first","10":"instock","11":"shipping-taxable","12":"product-type-simple"},"_links":{"self":[{"href":"https:\/\/electrobennjima.tn\/en\/wp-json\/wp\/v2\/product\/10048","targetHints":{"allow":["GET"]}}],"collection":[{"href":"https:\/\/electrobennjima.tn\/en\/wp-json\/wp\/v2\/product"}],"about":[{"href":"https:\/\/electrobennjima.tn\/en\/wp-json\/wp\/v2\/types\/product"}],"replies":[{"embeddable":true,"href":"https:\/\/electrobennjima.tn\/en\/wp-json\/wp\/v2\/comments?post=10048"}],"wp:featuredmedia":[{"embeddable":true,"href":"https:\/\/electrobennjima.tn\/en\/wp-json\/wp\/v2\/media\/10049"}],"wp:attachment":[{"href":"https:\/\/electrobennjima.tn\/en\/wp-json\/wp\/v2\/media?parent=10048"}],"wp:term":[{"taxonomy":"product_brand","embeddable":true,"href":"https:\/\/electrobennjima.tn\/en\/wp-json\/wp\/v2\/product_brand?post=10048"},{"taxonomy":"product_cat","embeddable":true,"href":"https:\/\/electrobennjima.tn\/en\/wp-json\/wp\/v2\/product_cat?post=10048"},{"taxonomy":"product_tag","embeddable":true,"href":"https:\/\/electrobennjima.tn\/en\/wp-json\/wp\/v2\/product_tag?post=10048"}],"curies":[{"name":"wp","href":"https:\/\/api.w.org\/{rel}","templated":true}]}}