{"id":10051,"date":"2026-04-08T09:17:32","date_gmt":"2026-04-08T09:17:32","guid":{"rendered":"https:\/\/electrobennjima.tn\/?post_type=product&#038;p=10051"},"modified":"2026-04-08T09:17:32","modified_gmt":"2026-04-08T09:17:32","slug":"climeur-coala-5l","status":"publish","type":"product","link":"https:\/\/electrobennjima.tn\/en\/climeur-coala-5l\/","title":{"rendered":"CLIMEUR COALA &#8211; 5L"},"content":{"rendered":"<table id=\"product-attribute-specs-table\" class=\"data table additional-attributes\">\n<tbody>\n<tr>\n<th class=\"col label\" scope=\"row\">R\u00e9f\u00e9rence<\/th>\n<td class=\"col data\" data-th=\"gtin\">CLIMEUR-5L<\/td>\n<\/tr>\n<tr>\n<th class=\"col label\" scope=\"row\">Marque<\/th>\n<td class=\"col data\" data-th=\"Marque\">COALA<\/td>\n<\/tr>\n<tr>\n<th class=\"col label\" scope=\"row\">Type<\/th>\n<td class=\"col data\" data-th=\"Type\">Rafra\u00eechisseur d\u2019air<\/td>\n<\/tr>\n<tr>\n<th class=\"col label\" scope=\"row\">Mode<\/th>\n<td class=\"col data\" data-th=\"Mode\">Froid<\/td>\n<\/tr>\n<tr>\n<th class=\"col label\" scope=\"row\">Rafra\u00eechisseur d\u2019air<\/th>\n<td class=\"col data\" data-th=\"Rafraichisseur d air\">Oui<\/td>\n<\/tr>\n<tr>\n<th class=\"col label\" scope=\"row\">Capacit\u00e9<\/th>\n<td class=\"col data\" data-th=\"Capacit\u00e9\">5 Litres<\/td>\n<\/tr>\n<tr>\n<th class=\"col label\" scope=\"row\">Nombre de vitesses<\/th>\n<td class=\"col data\" data-th=\"Nombre de vitesses\">3<\/td>\n<\/tr>\n<tr>\n<th class=\"col label\" scope=\"row\">Fonctions<\/th>\n<td class=\"col data\" data-th=\"Puissance\">Ventilation \/ Humidification \/ Filtre \u00e0 air \/ Oscillation<\/td>\n<\/tr>\n<tr>\n<th class=\"col label\" scope=\"row\">Puissance<\/th>\n<td class=\"col data\" data-th=\"Mat\u00e9riaux\">\u2248 75 W<\/td>\n<\/tr>\n<tr>\n<th class=\"col label\" scope=\"row\">R\u00e9duction temp\u00e9rature<\/th>\n<td class=\"col data\" data-th=\"Hauteurs\">4 \u00e0 5\u00b0C<\/td>\n<\/tr>\n<tr>\n<th class=\"col label\" scope=\"row\">Couleur<\/th>\n<td class=\"col data\" data-th=\"Couleur\">Blanc<\/td>\n<\/tr>\n<tr>\n<th class=\"col label\" scope=\"row\">Garantie<\/th>\n<td class=\"col data\" data-th=\"Garantie\">1an<\/td>\n<\/tr>\n<\/tbody>\n<\/table>","protected":false},"excerpt":{"rendered":"<p>R\u00e9f\u00e9rence CLIMEUR-5L Marque COALA Type Rafra\u00eechisseur d\u2019air Mode Froid Rafra\u00eechisseur d\u2019air Oui Capacit\u00e9 5 Litres Nombre de vitesses 3 Fonctions Ventilation \/ Humidification \/ Filtre \u00e0 air \/ Oscillation Puissance \u2248 75 W R\u00e9duction temp\u00e9rature 4 \u00e0 5\u00b0C Couleur Blanc Garantie 1an<\/p>","protected":false},"featured_media":10052,"comment_status":"open","ping_status":"closed","template":"","meta":[],"product_brand":[90],"product_cat":[127],"product_tag":[],"class_list":{"0":"post-10051","1":"product","2":"type-product","3":"status-publish","4":"has-post-thumbnail","6":"product_brand-coala","7":"product_cat-climatiseurs","9":"first","10":"instock","11":"shipping-taxable","12":"product-type-simple"},"_links":{"self":[{"href":"https:\/\/electrobennjima.tn\/en\/wp-json\/wp\/v2\/product\/10051","targetHints":{"allow":["GET"]}}],"collection":[{"href":"https:\/\/electrobennjima.tn\/en\/wp-json\/wp\/v2\/product"}],"about":[{"href":"https:\/\/electrobennjima.tn\/en\/wp-json\/wp\/v2\/types\/product"}],"replies":[{"embeddable":true,"href":"https:\/\/electrobennjima.tn\/en\/wp-json\/wp\/v2\/comments?post=10051"}],"wp:featuredmedia":[{"embeddable":true,"href":"https:\/\/electrobennjima.tn\/en\/wp-json\/wp\/v2\/media\/10052"}],"wp:attachment":[{"href":"https:\/\/electrobennjima.tn\/en\/wp-json\/wp\/v2\/media?parent=10051"}],"wp:term":[{"taxonomy":"product_brand","embeddable":true,"href":"https:\/\/electrobennjima.tn\/en\/wp-json\/wp\/v2\/product_brand?post=10051"},{"taxonomy":"product_cat","embeddable":true,"href":"https:\/\/electrobennjima.tn\/en\/wp-json\/wp\/v2\/product_cat?post=10051"},{"taxonomy":"product_tag","embeddable":true,"href":"https:\/\/electrobennjima.tn\/en\/wp-json\/wp\/v2\/product_tag?post=10051"}],"curies":[{"name":"wp","href":"https:\/\/api.w.org\/{rel}","templated":true}]}}