{"id":10059,"date":"2026-04-08T13:35:04","date_gmt":"2026-04-08T13:35:04","guid":{"rendered":"https:\/\/electrobennjima.tn\/?post_type=product&#038;p=10059"},"modified":"2026-04-09T10:06:02","modified_gmt":"2026-04-09T10:06:02","slug":"climatiseur-gree-12000btu-inverter-tropicalise","status":"publish","type":"product","link":"https:\/\/electrobennjima.tn\/en\/climatiseur-gree-12000btu-inverter-tropicalise\/","title":{"rendered":"CLIMATISEUR GREE 12000BTU &#8211; CHAUD \/ FROID  INVERTER TROPICALIS\u00c9"},"content":{"rendered":"<table id=\"product-attribute-specs-table\" class=\"data table additional-attributes\">\n<tbody>\n<tr>\n<th class=\"col label\" scope=\"row\">Marque<\/th>\n<td class=\"col data\" data-th=\"gtin\">Gree<\/td>\n<\/tr>\n<tr>\n<th class=\"col label\" scope=\"row\">Smart<\/th>\n<td class=\"col data\" data-th=\"Marque\">Non<\/td>\n<\/tr>\n<tr>\n<th class=\"col label\" scope=\"row\"><strong>Capacit\u00e9<\/strong><\/th>\n<td class=\"col data\" data-th=\"Type de Pose\">12000BTU<\/td>\n<\/tr>\n<tr>\n<th class=\"col label\" scope=\"row\">Inverter<\/th>\n<td class=\"col data\" data-th=\"Type\">Oui<\/td>\n<\/tr>\n<tr>\n<th class=\"col label\" scope=\"row\">Fonction<\/th>\n<td class=\"col data\" data-th=\"Syst\u00e8me de Refroidissement\">\n<ul>\n<li>\u00a0Respecte l\u2019environnement<\/li>\n<li>\u00a0Consommation minimale d\u2019\u00e9nergie<\/li>\n<li>\u00a0R\u00e9siste aux temp\u00e9ratures Extr\u00eames<\/li>\n<li>-Nettoyage automatique<\/li>\n<\/ul>\n<\/td>\n<\/tr>\n<tr>\n<th class=\"col label\" scope=\"row\"><strong>Mode<\/strong><\/th>\n<td class=\"col data\" data-th=\"Inverter\">Chaud et froid<\/td>\n<\/tr>\n<tr>\n<th class=\"col label\" scope=\"row\"><strong>Garantie<\/strong><\/th>\n<td class=\"col data\" data-th=\"Classe \u00c9nerg\u00e9tique\">3 ans<\/td>\n<\/tr>\n<\/tbody>\n<\/table>","protected":false},"excerpt":{"rendered":"<p>Marque Gree Smart Non Capacit\u00e9 12000BTU Inverter Oui Fonction \u00a0Respecte l\u2019environnement \u00a0Consommation minimale d\u2019\u00e9nergie \u00a0R\u00e9siste aux temp\u00e9ratures Extr\u00eames -Nettoyage automatique Mode Chaud et froid Garantie 3 ans<\/p>","protected":false},"featured_media":10060,"comment_status":"open","ping_status":"closed","template":"","meta":[],"product_brand":[187],"product_cat":[127],"product_tag":[],"class_list":{"0":"post-10059","1":"product","2":"type-product","3":"status-publish","4":"has-post-thumbnail","6":"product_brand-gree","7":"product_cat-climatiseurs","9":"first","10":"instock","11":"shipping-taxable","12":"purchasable","13":"product-type-simple"},"_links":{"self":[{"href":"https:\/\/electrobennjima.tn\/en\/wp-json\/wp\/v2\/product\/10059","targetHints":{"allow":["GET"]}}],"collection":[{"href":"https:\/\/electrobennjima.tn\/en\/wp-json\/wp\/v2\/product"}],"about":[{"href":"https:\/\/electrobennjima.tn\/en\/wp-json\/wp\/v2\/types\/product"}],"replies":[{"embeddable":true,"href":"https:\/\/electrobennjima.tn\/en\/wp-json\/wp\/v2\/comments?post=10059"}],"wp:featuredmedia":[{"embeddable":true,"href":"https:\/\/electrobennjima.tn\/en\/wp-json\/wp\/v2\/media\/10060"}],"wp:attachment":[{"href":"https:\/\/electrobennjima.tn\/en\/wp-json\/wp\/v2\/media?parent=10059"}],"wp:term":[{"taxonomy":"product_brand","embeddable":true,"href":"https:\/\/electrobennjima.tn\/en\/wp-json\/wp\/v2\/product_brand?post=10059"},{"taxonomy":"product_cat","embeddable":true,"href":"https:\/\/electrobennjima.tn\/en\/wp-json\/wp\/v2\/product_cat?post=10059"},{"taxonomy":"product_tag","embeddable":true,"href":"https:\/\/electrobennjima.tn\/en\/wp-json\/wp\/v2\/product_tag?post=10059"}],"curies":[{"name":"wp","href":"https:\/\/api.w.org\/{rel}","templated":true}]}}