{"id":10061,"date":"2026-04-08T13:46:18","date_gmt":"2026-04-08T13:46:18","guid":{"rendered":"https:\/\/electrobennjima.tn\/?post_type=product&#038;p=10061"},"modified":"2026-04-09T10:08:55","modified_gmt":"2026-04-09T10:08:55","slug":"climatiseur-gree-18000btu-smart-inverter-tropicalise","status":"publish","type":"product","link":"https:\/\/electrobennjima.tn\/en\/climatiseur-gree-18000btu-smart-inverter-tropicalise\/","title":{"rendered":"CLIMATISEUR GREE 18000BTU CHAUD \/ FROID -SMART INVERTER TROPICALIS\u00c9"},"content":{"rendered":"<table id=\"product-attribute-specs-table\" class=\"data table additional-attributes\">\n<tbody>\n<tr>\n<th class=\"col label\" scope=\"row\"><\/th>\n<td class=\"col data\" data-th=\"gtin\"><\/td>\n<\/tr>\n<tr>\n<th class=\"col label\" scope=\"row\">Marque<\/th>\n<td class=\"col data\" data-th=\"Marque\">Marque<\/td>\n<\/tr>\n<tr>\n<th class=\"col label\" scope=\"row\">Capacit\u00e9<\/th>\n<td class=\"col data\" data-th=\"Type de Pose\">18000 BTU<\/td>\n<\/tr>\n<tr>\n<th class=\"col label\" scope=\"row\">Mode<\/th>\n<td class=\"col data\" data-th=\"Type\">Chaud &amp; Froid<\/td>\n<\/tr>\n<tr>\n<th class=\"col label\" scope=\"row\">Inverter<\/th>\n<td class=\"col data\" data-th=\"Syst\u00e8me de Refroidissement\">Oui<\/td>\n<\/tr>\n<tr>\n<th class=\"col label\" scope=\"row\">Smart<\/th>\n<td class=\"col data\" data-th=\"Inverter\">Oui<\/td>\n<\/tr>\n<tr>\n<th class=\"col label\" scope=\"row\">\u00a0Fonction<\/th>\n<td class=\"col data\" data-th=\"Classe \u00c9nerg\u00e9tique\">\n<ul>\n<li>Respecte l\u2019environnement<\/li>\n<li>Consommation minimale d\u2019\u00e9nergie<\/li>\n<li>R\u00e9siste aux temp\u00e9ratures Extr\u00eames<\/li>\n<li>-Nettoyage automatique<\/li>\n<\/ul>\n<\/td>\n<\/tr>\n<tr>\n<th class=\"col label\" scope=\"row\">Classe \u00e9nerg\u00e9tique<\/th>\n<td class=\"col data\" data-th=\"Avec Distributeur\">1<\/td>\n<\/tr>\n<tr>\n<th class=\"col label\" scope=\"row\"><strong>Garantie<\/strong><\/th>\n<td class=\"col data\" data-th=\"Afficheur \">3 ans<\/td>\n<\/tr>\n<\/tbody>\n<\/table>","protected":false},"excerpt":{"rendered":"<p>Marque Marque Capacit\u00e9 18000 BTU Mode Chaud &amp; Froid Inverter Oui Smart Oui \u00a0Fonction Respecte l\u2019environnement Consommation minimale d\u2019\u00e9nergie R\u00e9siste aux temp\u00e9ratures Extr\u00eames -Nettoyage automatique Classe \u00e9nerg\u00e9tique 1 Garantie 3 ans<\/p>","protected":false},"featured_media":10062,"comment_status":"open","ping_status":"closed","template":"","meta":[],"product_brand":[187],"product_cat":[127],"product_tag":[],"class_list":{"0":"post-10061","1":"product","2":"type-product","3":"status-publish","4":"has-post-thumbnail","6":"product_brand-gree","7":"product_cat-climatiseurs","9":"first","10":"instock","11":"shipping-taxable","12":"purchasable","13":"product-type-simple"},"_links":{"self":[{"href":"https:\/\/electrobennjima.tn\/en\/wp-json\/wp\/v2\/product\/10061","targetHints":{"allow":["GET"]}}],"collection":[{"href":"https:\/\/electrobennjima.tn\/en\/wp-json\/wp\/v2\/product"}],"about":[{"href":"https:\/\/electrobennjima.tn\/en\/wp-json\/wp\/v2\/types\/product"}],"replies":[{"embeddable":true,"href":"https:\/\/electrobennjima.tn\/en\/wp-json\/wp\/v2\/comments?post=10061"}],"wp:featuredmedia":[{"embeddable":true,"href":"https:\/\/electrobennjima.tn\/en\/wp-json\/wp\/v2\/media\/10062"}],"wp:attachment":[{"href":"https:\/\/electrobennjima.tn\/en\/wp-json\/wp\/v2\/media?parent=10061"}],"wp:term":[{"taxonomy":"product_brand","embeddable":true,"href":"https:\/\/electrobennjima.tn\/en\/wp-json\/wp\/v2\/product_brand?post=10061"},{"taxonomy":"product_cat","embeddable":true,"href":"https:\/\/electrobennjima.tn\/en\/wp-json\/wp\/v2\/product_cat?post=10061"},{"taxonomy":"product_tag","embeddable":true,"href":"https:\/\/electrobennjima.tn\/en\/wp-json\/wp\/v2\/product_tag?post=10061"}],"curies":[{"name":"wp","href":"https:\/\/api.w.org\/{rel}","templated":true}]}}