{"id":10068,"date":"2026-04-08T14:22:14","date_gmt":"2026-04-08T14:22:14","guid":{"rendered":"https:\/\/electrobennjima.tn\/?post_type=product&#038;p=10068"},"modified":"2026-04-09T10:17:15","modified_gmt":"2026-04-09T10:17:15","slug":"climatiseur-gree-9000btu-chaud-froid-tropicalise","status":"publish","type":"product","link":"https:\/\/electrobennjima.tn\/en\/climatiseur-gree-9000btu-chaud-froid-tropicalise\/","title":{"rendered":"CLIMATISEUR GREE 9000BTU CHAUD \/ FROID INVERTER TROPICALIS\u00c9"},"content":{"rendered":"<table id=\"product-attribute-specs-table\" class=\"data table additional-attributes\">\n<tbody>\n<tr>\n<th class=\"col label\" scope=\"row\">Marque<\/th>\n<td class=\"col data\" data-th=\"R\u00e9f\u00e9rence:\">GREE<\/td>\n<\/tr>\n<tr>\n<th class=\"col label\" scope=\"row\">Smart<\/th>\n<td class=\"col data\" data-th=\"Marque \">Non<\/td>\n<\/tr>\n<tr>\n<th class=\"col label\" scope=\"row\">Capacit\u00e9<\/th>\n<td class=\"col data\" data-th=\"CAPACIT\u00c9\">9000BTU<\/td>\n<\/tr>\n<tr>\n<th class=\"col label\" scope=\"row\">Garantie<\/th>\n<td class=\"col data\" data-th=\"Garantie:\">3 ans<\/td>\n<\/tr>\n<tr>\n<th class=\"col label\" scope=\"row\">Surface \u00e0 Climatiser<\/th>\n<td class=\"col data\" data-th=\"Classe \u00e9nerg\u00e9tique\">15 \u00e0 25 m\u00b2<\/td>\n<\/tr>\n<tr>\n<th class=\"col label\" scope=\"row\">Mode<\/th>\n<td class=\"col data\" data-th=\"Mode\">Chaud \/ Froid<\/td>\n<\/tr>\n<tr>\n<th class=\"col label\" scope=\"row\">Fonctions<\/th>\n<td class=\"col data\" data-th=\"Fonctions &amp; Technologie\">\n<ul>\n<li>le d\u00e9givrage intelligent<\/li>\n<li>le mode sommeil confortable<\/li>\n<li>la pr\u00e9vention de l\u2019air froid<\/li>\n<li>nettoyage automatique<\/li>\n<\/ul>\n<\/td>\n<\/tr>\n<tr>\n<th class=\"col label\" scope=\"row\">vitesses de ventilation<\/th>\n<td class=\"col data\" data-th=\"Surface \u00e0 Climatiser\">4<\/td>\n<\/tr>\n<tr>\n<th class=\"col label\" scope=\"row\">Inverter<\/th>\n<td class=\"col data\" data-th=\"Wifi\">Oui<\/td>\n<\/tr>\n<tr>\n<th class=\"col label\" scope=\"row\">Couleur<\/th>\n<td class=\"col data\" data-th=\"Couleur:\">Blanc<\/td>\n<\/tr>\n<\/tbody>\n<\/table>","protected":false},"excerpt":{"rendered":"<p>Marque GREE Smart Non Capacit\u00e9 9000BTU Garantie 3 ans Surface \u00e0 Climatiser 15 \u00e0 25 m\u00b2 Mode Chaud \/ Froid Fonctions le d\u00e9givrage intelligent le mode sommeil confortable la pr\u00e9vention de l\u2019air froid nettoyage automatique vitesses de ventilation 4 Inverter Oui Couleur Blanc<\/p>","protected":false},"featured_media":10069,"comment_status":"open","ping_status":"closed","template":"","meta":[],"product_brand":[187],"product_cat":[127],"product_tag":[],"class_list":{"0":"post-10068","1":"product","2":"type-product","3":"status-publish","4":"has-post-thumbnail","6":"product_brand-gree","7":"product_cat-climatiseurs","9":"first","10":"instock","11":"shipping-taxable","12":"purchasable","13":"product-type-simple"},"_links":{"self":[{"href":"https:\/\/electrobennjima.tn\/en\/wp-json\/wp\/v2\/product\/10068","targetHints":{"allow":["GET"]}}],"collection":[{"href":"https:\/\/electrobennjima.tn\/en\/wp-json\/wp\/v2\/product"}],"about":[{"href":"https:\/\/electrobennjima.tn\/en\/wp-json\/wp\/v2\/types\/product"}],"replies":[{"embeddable":true,"href":"https:\/\/electrobennjima.tn\/en\/wp-json\/wp\/v2\/comments?post=10068"}],"wp:featuredmedia":[{"embeddable":true,"href":"https:\/\/electrobennjima.tn\/en\/wp-json\/wp\/v2\/media\/10069"}],"wp:attachment":[{"href":"https:\/\/electrobennjima.tn\/en\/wp-json\/wp\/v2\/media?parent=10068"}],"wp:term":[{"taxonomy":"product_brand","embeddable":true,"href":"https:\/\/electrobennjima.tn\/en\/wp-json\/wp\/v2\/product_brand?post=10068"},{"taxonomy":"product_cat","embeddable":true,"href":"https:\/\/electrobennjima.tn\/en\/wp-json\/wp\/v2\/product_cat?post=10068"},{"taxonomy":"product_tag","embeddable":true,"href":"https:\/\/electrobennjima.tn\/en\/wp-json\/wp\/v2\/product_tag?post=10068"}],"curies":[{"name":"wp","href":"https:\/\/api.w.org\/{rel}","templated":true}]}}