{"id":10072,"date":"2026-04-08T14:54:08","date_gmt":"2026-04-08T14:54:08","guid":{"rendered":"https:\/\/electrobennjima.tn\/?post_type=product&#038;p=10072"},"modified":"2026-04-09T10:36:01","modified_gmt":"2026-04-09T10:36:01","slug":"climatiseurs-hyundai-12000btu-chaud-froid-inverter-t3","status":"publish","type":"product","link":"https:\/\/electrobennjima.tn\/en\/climatiseurs-hyundai-12000btu-chaud-froid-inverter-t3\/","title":{"rendered":"CLIMATISEURS HYUNDAI 12000BTU CHAUD\/FROID SMART INVERTER TROPICALIS\u00c9"},"content":{"rendered":"<table id=\"product-attribute-specs-table\" class=\"data table additional-attributes\">\n<tbody>\n<tr>\n<th class=\"col label\" scope=\"row\">Marque<\/th>\n<td class=\"col data\" data-th=\"Prix\">HYUNDAI<\/td>\n<\/tr>\n<tr>\n<th class=\"col label\" scope=\"row\">Inverter<\/th>\n<td class=\"col data\" data-th=\"Marque \">Oui<\/td>\n<\/tr>\n<tr>\n<th class=\"col label\" scope=\"row\">Capacit\u00e9<\/th>\n<td class=\"col data\" data-th=\"CAPACIT\u00c9\">12000<\/td>\n<\/tr>\n<tr>\n<th class=\"col label\" scope=\"row\">Garantie<\/th>\n<td class=\"col data\" data-th=\"Garantie:\">3 ans<\/td>\n<\/tr>\n<tr>\n<th class=\"col label\" scope=\"row\">Mode<\/th>\n<td class=\"col data\" data-th=\"Mode\">Chaud \/ Froid<\/td>\n<\/tr>\n<tr>\n<th class=\"col label\" scope=\"row\">Fonctions &amp; Technologie<\/th>\n<td class=\"col data\" data-th=\"Fonctions &amp; Technologie\">S\u00e9curit\u00e9 anti surchauffe<\/td>\n<\/tr>\n<tr>\n<th class=\"col label\" scope=\"row\">Surface \u00e0 Climatiser<\/th>\n<td class=\"col data\" data-th=\"Surface \u00e0 Climatiser\">De 15 \u00e0 25 m\u00b2<\/td>\n<\/tr>\n<tr>\n<th class=\"col label\" scope=\"row\">Smart<\/th>\n<td class=\"col data\" data-th=\"Wifi\">Oui<\/td>\n<\/tr>\n<tr>\n<th class=\"col label\" scope=\"row\">Couleur<\/th>\n<td class=\"col data\" data-th=\"Couleur:\">Blanc<\/td>\n<\/tr>\n<\/tbody>\n<\/table>","protected":false},"excerpt":{"rendered":"<p>Marque HYUNDAI Inverter Oui Capacit\u00e9 12000 Garantie 3 ans Mode Chaud \/ Froid Fonctions &amp; Technologie S\u00e9curit\u00e9 anti surchauffe Surface \u00e0 Climatiser De 15 \u00e0 25 m\u00b2 Smart Oui Couleur Blanc<\/p>","protected":false},"featured_media":10074,"comment_status":"open","ping_status":"closed","template":"","meta":[],"product_brand":[254],"product_cat":[127],"product_tag":[],"class_list":{"0":"post-10072","1":"product","2":"type-product","3":"status-publish","4":"has-post-thumbnail","6":"product_brand-hyundai","7":"product_cat-climatiseurs","9":"first","10":"instock","11":"shipping-taxable","12":"purchasable","13":"product-type-simple"},"_links":{"self":[{"href":"https:\/\/electrobennjima.tn\/en\/wp-json\/wp\/v2\/product\/10072","targetHints":{"allow":["GET"]}}],"collection":[{"href":"https:\/\/electrobennjima.tn\/en\/wp-json\/wp\/v2\/product"}],"about":[{"href":"https:\/\/electrobennjima.tn\/en\/wp-json\/wp\/v2\/types\/product"}],"replies":[{"embeddable":true,"href":"https:\/\/electrobennjima.tn\/en\/wp-json\/wp\/v2\/comments?post=10072"}],"wp:featuredmedia":[{"embeddable":true,"href":"https:\/\/electrobennjima.tn\/en\/wp-json\/wp\/v2\/media\/10074"}],"wp:attachment":[{"href":"https:\/\/electrobennjima.tn\/en\/wp-json\/wp\/v2\/media?parent=10072"}],"wp:term":[{"taxonomy":"product_brand","embeddable":true,"href":"https:\/\/electrobennjima.tn\/en\/wp-json\/wp\/v2\/product_brand?post=10072"},{"taxonomy":"product_cat","embeddable":true,"href":"https:\/\/electrobennjima.tn\/en\/wp-json\/wp\/v2\/product_cat?post=10072"},{"taxonomy":"product_tag","embeddable":true,"href":"https:\/\/electrobennjima.tn\/en\/wp-json\/wp\/v2\/product_tag?post=10072"}],"curies":[{"name":"wp","href":"https:\/\/api.w.org\/{rel}","templated":true}]}}