{"id":10077,"date":"2026-04-08T15:10:15","date_gmt":"2026-04-08T15:10:15","guid":{"rendered":"https:\/\/electrobennjima.tn\/?post_type=product&#038;p=10077"},"modified":"2026-04-09T11:08:38","modified_gmt":"2026-04-09T11:08:38","slug":"climatiseur-midea-12000-btu-smart-on-of-r410","status":"publish","type":"product","link":"https:\/\/electrobennjima.tn\/en\/climatiseur-midea-12000-btu-smart-on-of-r410\/","title":{"rendered":"CLIMATISEUR MIDEA 12000BTU ON\/OF  TROPICALIS\u00c9"},"content":{"rendered":"<table id=\"product-attribute-specs-table\" class=\"data table additional-attributes\">\n<tbody>\n<tr>\n<th class=\"col label\" scope=\"row\"><\/th>\n<td class=\"col data\" data-th=\"gtin\"><\/td>\n<\/tr>\n<tr>\n<th class=\"col label\" scope=\"row\">Marque<\/th>\n<td class=\"col data\" data-th=\"Marque\">MIDEA<\/td>\n<\/tr>\n<tr>\n<th class=\"col label\" scope=\"row\">Niveau Sonore unit\u00e9 int\u00e9rieure<\/th>\n<td class=\"col data\" data-th=\"Type Climatiseur\">38,5 dB<\/td>\n<\/tr>\n<tr>\n<th class=\"col label\" scope=\"row\">Inverter<\/th>\n<td class=\"col data\" data-th=\"Inverter\">Non<\/td>\n<\/tr>\n<tr>\n<th class=\"col label\" scope=\"row\">Smart<\/th>\n<td class=\"col data\" data-th=\"Smart\">Non<\/td>\n<\/tr>\n<tr>\n<th class=\"col label\" scope=\"row\">Mode<\/th>\n<td class=\"col data\" data-th=\"Mode\">Chaud et Froid<\/td>\n<\/tr>\n<tr>\n<th class=\"col label\" scope=\"row\">Capacit\u00e9<\/th>\n<td class=\"col data\" data-th=\"Capacit\u00e9\">12000 BTU<\/td>\n<\/tr>\n<tr>\n<th class=\"col label\" scope=\"row\">Couleur<\/th>\n<td class=\"col data\" data-th=\"Couleur\">Blanc<\/td>\n<\/tr>\n<tr>\n<th class=\"col label\" scope=\"row\">Garantie<\/th>\n<td class=\"col data\" data-th=\"Garantie\">3 ans<\/td>\n<\/tr>\n<\/tbody>\n<\/table>","protected":false},"excerpt":{"rendered":"<p>Marque MIDEA Niveau Sonore unit\u00e9 int\u00e9rieure 38,5 dB Inverter Non Smart Non Mode Chaud et Froid Capacit\u00e9 12000 BTU Couleur Blanc Garantie 3 ans<\/p>","protected":false},"featured_media":10143,"comment_status":"open","ping_status":"closed","template":"","meta":[],"product_brand":[71],"product_cat":[127],"product_tag":[],"class_list":{"0":"post-10077","1":"product","2":"type-product","3":"status-publish","4":"has-post-thumbnail","6":"product_brand-midea","7":"product_cat-climatiseurs","9":"first","10":"instock","11":"shipping-taxable","12":"purchasable","13":"product-type-simple"},"_links":{"self":[{"href":"https:\/\/electrobennjima.tn\/en\/wp-json\/wp\/v2\/product\/10077","targetHints":{"allow":["GET"]}}],"collection":[{"href":"https:\/\/electrobennjima.tn\/en\/wp-json\/wp\/v2\/product"}],"about":[{"href":"https:\/\/electrobennjima.tn\/en\/wp-json\/wp\/v2\/types\/product"}],"replies":[{"embeddable":true,"href":"https:\/\/electrobennjima.tn\/en\/wp-json\/wp\/v2\/comments?post=10077"}],"wp:featuredmedia":[{"embeddable":true,"href":"https:\/\/electrobennjima.tn\/en\/wp-json\/wp\/v2\/media\/10143"}],"wp:attachment":[{"href":"https:\/\/electrobennjima.tn\/en\/wp-json\/wp\/v2\/media?parent=10077"}],"wp:term":[{"taxonomy":"product_brand","embeddable":true,"href":"https:\/\/electrobennjima.tn\/en\/wp-json\/wp\/v2\/product_brand?post=10077"},{"taxonomy":"product_cat","embeddable":true,"href":"https:\/\/electrobennjima.tn\/en\/wp-json\/wp\/v2\/product_cat?post=10077"},{"taxonomy":"product_tag","embeddable":true,"href":"https:\/\/electrobennjima.tn\/en\/wp-json\/wp\/v2\/product_tag?post=10077"}],"curies":[{"name":"wp","href":"https:\/\/api.w.org\/{rel}","templated":true}]}}