{"id":10086,"date":"2026-04-08T16:02:40","date_gmt":"2026-04-08T16:02:40","guid":{"rendered":"https:\/\/electrobennjima.tn\/?post_type=product&#038;p=10086"},"modified":"2026-04-09T11:25:52","modified_gmt":"2026-04-09T11:25:52","slug":"climatiseur-midea-24000-smart-on-of-r410","status":"publish","type":"product","link":"https:\/\/electrobennjima.tn\/en\/climatiseur-midea-24000-smart-on-of-r410\/","title":{"rendered":"CLIMATISEUR MIDEA 24000  ON\/OF TROPICALIS\u00c9"},"content":{"rendered":"<table id=\"product-attribute-specs-table\" class=\"data table additional-attributes\">\n<tbody>\n<tr>\n<th class=\"col label\" scope=\"row\"><\/th>\n<td class=\"col data\" data-th=\"DISPONIBILIT\u00c9\"><\/td>\n<\/tr>\n<tr>\n<th class=\"col label\" scope=\"row\">Marque<\/th>\n<td class=\"col data\" data-th=\"gtin\">Midea<\/td>\n<\/tr>\n<tr>\n<th class=\"col label\" scope=\"row\"><strong>Capacit\u00e9<\/strong><\/th>\n<td class=\"col data\" data-th=\"Marque\">24000 BTU<\/td>\n<\/tr>\n<tr>\n<th class=\"col label\" scope=\"row\"><strong>Mode<\/strong><\/th>\n<td class=\"col data\" data-th=\"Gamme PC\">Chaud et froid<\/td>\n<\/tr>\n<tr>\n<th class=\"col label\" scope=\"row\">Inverter<\/th>\n<td class=\"col data\" data-th=\"Gamer\">Non<\/td>\n<\/tr>\n<tr>\n<th class=\"col label\" scope=\"row\">R\u00e9frig\u00e9rant<\/th>\n<td class=\"col data\" data-th=\"Syst\u00e8me d'exploitation\">R410A<\/td>\n<\/tr>\n<tr>\n<th class=\"col label\" scope=\"row\">Smart<\/th>\n<td class=\"col data\" data-th=\"Taille de l'\u00e9cran\">Non<\/td>\n<\/tr>\n<tr>\n<th class=\"col label\" scope=\"row\">Garantie<\/th>\n<td class=\"col data\" data-th=\"Ecran\">3 ans<\/td>\n<\/tr>\n<\/tbody>\n<\/table>","protected":false},"excerpt":{"rendered":"<p>Marque Midea Capacit\u00e9 24000 BTU Mode Chaud et froid Inverter Non R\u00e9frig\u00e9rant R410A Smart Non Garantie 3 ans<\/p>","protected":false},"featured_media":10087,"comment_status":"open","ping_status":"closed","template":"","meta":[],"product_brand":[71],"product_cat":[127],"product_tag":[],"class_list":{"0":"post-10086","1":"product","2":"type-product","3":"status-publish","4":"has-post-thumbnail","6":"product_brand-midea","7":"product_cat-climatiseurs","9":"first","10":"instock","11":"shipping-taxable","12":"purchasable","13":"product-type-simple"},"_links":{"self":[{"href":"https:\/\/electrobennjima.tn\/en\/wp-json\/wp\/v2\/product\/10086","targetHints":{"allow":["GET"]}}],"collection":[{"href":"https:\/\/electrobennjima.tn\/en\/wp-json\/wp\/v2\/product"}],"about":[{"href":"https:\/\/electrobennjima.tn\/en\/wp-json\/wp\/v2\/types\/product"}],"replies":[{"embeddable":true,"href":"https:\/\/electrobennjima.tn\/en\/wp-json\/wp\/v2\/comments?post=10086"}],"wp:featuredmedia":[{"embeddable":true,"href":"https:\/\/electrobennjima.tn\/en\/wp-json\/wp\/v2\/media\/10087"}],"wp:attachment":[{"href":"https:\/\/electrobennjima.tn\/en\/wp-json\/wp\/v2\/media?parent=10086"}],"wp:term":[{"taxonomy":"product_brand","embeddable":true,"href":"https:\/\/electrobennjima.tn\/en\/wp-json\/wp\/v2\/product_brand?post=10086"},{"taxonomy":"product_cat","embeddable":true,"href":"https:\/\/electrobennjima.tn\/en\/wp-json\/wp\/v2\/product_cat?post=10086"},{"taxonomy":"product_tag","embeddable":true,"href":"https:\/\/electrobennjima.tn\/en\/wp-json\/wp\/v2\/product_tag?post=10086"}],"curies":[{"name":"wp","href":"https:\/\/api.w.org\/{rel}","templated":true}]}}