{"id":10094,"date":"2026-04-09T07:54:31","date_gmt":"2026-04-09T07:54:31","guid":{"rendered":"https:\/\/electrobennjima.tn\/?post_type=product&#038;p=10094"},"modified":"2026-04-09T11:53:31","modified_gmt":"2026-04-09T11:53:31","slug":"climatiseur-tcl-18000btu-chaud-froid","status":"publish","type":"product","link":"https:\/\/electrobennjima.tn\/en\/climatiseur-tcl-18000btu-chaud-froid\/","title":{"rendered":"CLIMATISEUR TCL 18000BTU CHAUD \/ FROID"},"content":{"rendered":"<table id=\"product-attribute-specs-table\" class=\"data table additional-attributes\">\n<tbody>\n<tr>\n<th class=\"col label\" scope=\"row\">R\u00e9f\u00e9rence<\/th>\n<td class=\"col data\" data-th=\"gtin\">CLIM-TCL-18000CF<\/td>\n<\/tr>\n<tr>\n<th class=\"col label\" scope=\"row\">Marque<\/th>\n<td class=\"col data\" data-th=\"Marque\">TCL<\/td>\n<\/tr>\n<tr>\n<th class=\"col label\" scope=\"row\">Inverter<\/th>\n<td class=\"col data\" data-th=\"Gamme PC\">Non<\/td>\n<\/tr>\n<tr>\n<th class=\"col label\" scope=\"row\">Smart<\/th>\n<td class=\"col data\" data-th=\"Gamer\">Non<\/td>\n<\/tr>\n<tr>\n<th class=\"col label\" scope=\"row\">Mode<\/th>\n<td class=\"col data\" data-th=\"Syst\u00e8me d'exploitation\">Chaud\/ Froid<\/td>\n<\/tr>\n<tr>\n<th class=\"col label\" scope=\"row\">Classe \u00c9nerg\u00e9tique<\/th>\n<td class=\"col data\" data-th=\"Taille de l'\u00e9cran\">A+<\/td>\n<\/tr>\n<tr>\n<th class=\"col label\" scope=\"row\">Consommation d&rsquo;\u00e9nergie chaud\/froid<\/th>\n<td class=\"col data\" data-th=\"Ecran\">\u00a01180 W \/ 1132 W<\/td>\n<\/tr>\n<tr>\n<th class=\"col label\" scope=\"row\">Niveau sonore<\/th>\n<td class=\"col data\" data-th=\"Ecran Tactile\">55 dBA<\/td>\n<\/tr>\n<tr>\n<th class=\"col label\" scope=\"row\">Dimensions<\/th>\n<td class=\"col data\" data-th=\"R\u00e9solution d'\u00e9crans\">777 x 250 x 205 mm<\/td>\n<\/tr>\n<tr>\n<th class=\"col label\" scope=\"row\">Puissance en mode refroidissement<\/th>\n<td class=\"col data\" data-th=\"Processeur\">3520 W<\/td>\n<\/tr>\n<tr>\n<th class=\"col label\" scope=\"row\">\u00a0Puissance en mode chauffage<\/th>\n<td class=\"col data\" data-th=\"Type Processeur\">3670 W<\/td>\n<\/tr>\n<tr>\n<th class=\"col label\" scope=\"row\">Garantie<\/th>\n<td class=\"col data\" data-th=\"R\u00e9f\u00e9rence Processeur\">3 ans<\/td>\n<\/tr>\n<\/tbody>\n<\/table>","protected":false},"excerpt":{"rendered":"<p>R\u00e9f\u00e9rence CLIM-TCL-18000CF Marque TCL Inverter Non Smart Non Mode Chaud\/ Froid Classe \u00c9nerg\u00e9tique A+ Consommation d&rsquo;\u00e9nergie chaud\/froid \u00a01180 W \/ 1132 W Niveau sonore 55 dBA Dimensions 777 x 250 x 205 mm Puissance en mode refroidissement 3520 W \u00a0Puissance en mode chauffage 3670 W Garantie 3 ans<\/p>","protected":false},"featured_media":10095,"comment_status":"open","ping_status":"closed","template":"","meta":[],"product_brand":[182],"product_cat":[127],"product_tag":[],"class_list":{"0":"post-10094","1":"product","2":"type-product","3":"status-publish","4":"has-post-thumbnail","6":"product_brand-tcl","7":"product_cat-climatiseurs","9":"first","10":"instock","11":"shipping-taxable","12":"purchasable","13":"product-type-simple"},"_links":{"self":[{"href":"https:\/\/electrobennjima.tn\/en\/wp-json\/wp\/v2\/product\/10094","targetHints":{"allow":["GET"]}}],"collection":[{"href":"https:\/\/electrobennjima.tn\/en\/wp-json\/wp\/v2\/product"}],"about":[{"href":"https:\/\/electrobennjima.tn\/en\/wp-json\/wp\/v2\/types\/product"}],"replies":[{"embeddable":true,"href":"https:\/\/electrobennjima.tn\/en\/wp-json\/wp\/v2\/comments?post=10094"}],"wp:featuredmedia":[{"embeddable":true,"href":"https:\/\/electrobennjima.tn\/en\/wp-json\/wp\/v2\/media\/10095"}],"wp:attachment":[{"href":"https:\/\/electrobennjima.tn\/en\/wp-json\/wp\/v2\/media?parent=10094"}],"wp:term":[{"taxonomy":"product_brand","embeddable":true,"href":"https:\/\/electrobennjima.tn\/en\/wp-json\/wp\/v2\/product_brand?post=10094"},{"taxonomy":"product_cat","embeddable":true,"href":"https:\/\/electrobennjima.tn\/en\/wp-json\/wp\/v2\/product_cat?post=10094"},{"taxonomy":"product_tag","embeddable":true,"href":"https:\/\/electrobennjima.tn\/en\/wp-json\/wp\/v2\/product_tag?post=10094"}],"curies":[{"name":"wp","href":"https:\/\/api.w.org\/{rel}","templated":true}]}}