{"id":10100,"date":"2026-04-09T08:09:20","date_gmt":"2026-04-09T08:09:20","guid":{"rendered":"https:\/\/electrobennjima.tn\/?post_type=product&#038;p=10100"},"modified":"2026-04-09T11:55:05","modified_gmt":"2026-04-09T11:55:05","slug":"climatiseur-tcl-18000btu-chaud-froid-inverter","status":"publish","type":"product","link":"https:\/\/electrobennjima.tn\/en\/climatiseur-tcl-18000btu-chaud-froid-inverter\/","title":{"rendered":"CLIMATISEUR TCL 18000BTU CHAUD \/ FROID &#8211; INVERTER"},"content":{"rendered":"<table id=\"product-attribute-specs-table\" class=\"data table additional-attributes\">\n<tbody>\n<tr>\n<th class=\"col label\" scope=\"row\"><\/th>\n<td class=\"col data\" data-th=\"gtin\"><\/td>\n<\/tr>\n<tr>\n<th class=\"col label\" scope=\"row\">Marque<\/th>\n<td class=\"col data\" data-th=\"Marque\">Tcl<\/td>\n<\/tr>\n<tr>\n<th class=\"col label\" scope=\"row\">Inverter<\/th>\n<td class=\"col data\" data-th=\"Gamme PC\">Oui<\/td>\n<\/tr>\n<tr>\n<th class=\"col label\" scope=\"row\">Smart<\/th>\n<td class=\"col data\" data-th=\"Gamer\">Non<\/td>\n<\/tr>\n<tr>\n<th class=\"col label\" scope=\"row\">Capacit\u00e9<\/th>\n<td class=\"col data\" data-th=\"Syst\u00e8me d'exploitation\">18000BTU<\/td>\n<\/tr>\n<tr>\n<th class=\"col label\" scope=\"row\">Mode<\/th>\n<td class=\"col data\" data-th=\"Taille de l'\u00e9cran\">Chaud \/ Froid<\/td>\n<\/tr>\n<tr>\n<th class=\"col label\" scope=\"row\"><strong>Classe \u00e9nerg\u00e9tique<\/strong><\/th>\n<td class=\"col data\" data-th=\"Ecran\">A+<\/td>\n<\/tr>\n<tr>\n<th class=\"col label\" scope=\"row\"><strong>Type de Gaz<\/strong><\/th>\n<td class=\"col data\" data-th=\"Ecran Tactile\">R410A<\/td>\n<\/tr>\n<tr>\n<th class=\"col label\" scope=\"row\"><strong>Dimensions (Int\u00e9rieur<\/strong><strong style=\"font-family: inherit; font-size: inherit;\">)<\/strong><strong><br \/>\n<\/strong><\/th>\n<td class=\"col data\" data-th=\"R\u00e9solution d'\u00e9crans\">920x380x699\u00a0mm<\/td>\n<\/tr>\n<tr>\n<th class=\"col label\" scope=\"row\">Couleur<\/th>\n<td class=\"col data\" data-th=\"Processeur\">Blanc<\/td>\n<\/tr>\n<tr>\n<th class=\"col label\" scope=\"row\">Garantie<\/th>\n<td class=\"col data\" data-th=\"Type Processeur\">\u00a03 ans<\/td>\n<\/tr>\n<\/tbody>\n<\/table>","protected":false},"excerpt":{"rendered":"<p>Marque Tcl Inverter Oui Smart Non Capacit\u00e9 18000BTU Mode Chaud \/ Froid Classe \u00e9nerg\u00e9tique A+ Type de Gaz R410A Dimensions (Int\u00e9rieur) 920x380x699\u00a0mm Couleur Blanc Garantie \u00a03 ans<\/p>","protected":false},"featured_media":10101,"comment_status":"open","ping_status":"closed","template":"","meta":[],"product_brand":[182],"product_cat":[127],"product_tag":[],"class_list":{"0":"post-10100","1":"product","2":"type-product","3":"status-publish","4":"has-post-thumbnail","6":"product_brand-tcl","7":"product_cat-climatiseurs","9":"first","10":"instock","11":"shipping-taxable","12":"purchasable","13":"product-type-simple"},"_links":{"self":[{"href":"https:\/\/electrobennjima.tn\/en\/wp-json\/wp\/v2\/product\/10100","targetHints":{"allow":["GET"]}}],"collection":[{"href":"https:\/\/electrobennjima.tn\/en\/wp-json\/wp\/v2\/product"}],"about":[{"href":"https:\/\/electrobennjima.tn\/en\/wp-json\/wp\/v2\/types\/product"}],"replies":[{"embeddable":true,"href":"https:\/\/electrobennjima.tn\/en\/wp-json\/wp\/v2\/comments?post=10100"}],"wp:featuredmedia":[{"embeddable":true,"href":"https:\/\/electrobennjima.tn\/en\/wp-json\/wp\/v2\/media\/10101"}],"wp:attachment":[{"href":"https:\/\/electrobennjima.tn\/en\/wp-json\/wp\/v2\/media?parent=10100"}],"wp:term":[{"taxonomy":"product_brand","embeddable":true,"href":"https:\/\/electrobennjima.tn\/en\/wp-json\/wp\/v2\/product_brand?post=10100"},{"taxonomy":"product_cat","embeddable":true,"href":"https:\/\/electrobennjima.tn\/en\/wp-json\/wp\/v2\/product_cat?post=10100"},{"taxonomy":"product_tag","embeddable":true,"href":"https:\/\/electrobennjima.tn\/en\/wp-json\/wp\/v2\/product_tag?post=10100"}],"curies":[{"name":"wp","href":"https:\/\/api.w.org\/{rel}","templated":true}]}}