{"id":10112,"date":"2026-04-09T08:55:51","date_gmt":"2026-04-09T08:55:51","guid":{"rendered":"https:\/\/electrobennjima.tn\/?post_type=product&#038;p=10112"},"modified":"2026-04-09T14:09:16","modified_gmt":"2026-04-09T14:09:16","slug":"cimatiseur-hisense-18000btu-chaud-froid-on-of","status":"publish","type":"product","link":"https:\/\/electrobennjima.tn\/en\/cimatiseur-hisense-18000btu-chaud-froid-on-of\/","title":{"rendered":"CIMATISEUR HISENSE 18000BTU CHAUD \/FROID TROPICALIS\u00c9"},"content":{"rendered":"<table id=\"product-attribute-specs-table\" class=\"data table additional-attributes\">\n<tbody>\n<tr>\n<th class=\"col label\" scope=\"row\"><strong>Hyper tropicalis\u00e9<\/strong><\/th>\n<td class=\"col data\" data-th=\"gtin\">T3<\/td>\n<\/tr>\n<tr>\n<th class=\"col label\" scope=\"row\">Marque<\/th>\n<td class=\"col data\" data-th=\"Marque\">18000BTU<\/td>\n<\/tr>\n<tr>\n<th class=\"col label\" scope=\"row\">Inverter<\/th>\n<td class=\"col data\" data-th=\"Gamme PC\">Non<\/td>\n<\/tr>\n<tr>\n<th class=\"col label\" scope=\"row\">Smart<\/th>\n<td class=\"col data\" data-th=\"Gamer\">Non<\/td>\n<\/tr>\n<tr>\n<th class=\"col label\" scope=\"row\">Mode<\/th>\n<td class=\"col data\" data-th=\"Syst\u00e8me d'exploitation\">Chaud &#8211; Froid<\/td>\n<\/tr>\n<tr>\n<th class=\"col label\" scope=\"row\"><strong>Classe \u00e9nerg\u00e9tique<\/strong><\/th>\n<td class=\"col data\" data-th=\"Taille de l'\u00e9cran\">A++<\/td>\n<\/tr>\n<tr>\n<th class=\"col label\" scope=\"row\"><b>Mode silencieux\u00a0<\/b><\/th>\n<td class=\"col data\" data-th=\"Ecran\">Oui<\/td>\n<\/tr>\n<tr>\n<th class=\"col label\" scope=\"row\"><b>\u00a0Mode \u00e9conomique<\/b><\/th>\n<td class=\"col data\" data-th=\"Ecran Tactile\">Filtre PP lavable<\/td>\n<\/tr>\n<tr>\n<th class=\"col label\" scope=\"row\">Garantie<\/th>\n<td class=\"col data\" data-th=\"R\u00e9solution d'\u00e9crans\">3 ans<\/td>\n<\/tr>\n<\/tbody>\n<\/table>","protected":false},"excerpt":{"rendered":"<p>Hyper tropicalis\u00e9 T3 Marque 18000BTU Inverter Non Smart Non Mode Chaud &#8211; Froid Classe \u00e9nerg\u00e9tique A++ Mode silencieux\u00a0 Oui \u00a0Mode \u00e9conomique Filtre PP lavable Garantie 3 ans<\/p>","protected":false},"featured_media":10113,"comment_status":"open","ping_status":"closed","template":"","meta":[],"product_brand":[210],"product_cat":[127],"product_tag":[],"class_list":{"0":"post-10112","1":"product","2":"type-product","3":"status-publish","4":"has-post-thumbnail","6":"product_brand-hisense","7":"product_cat-climatiseurs","9":"first","10":"instock","11":"shipping-taxable","12":"purchasable","13":"product-type-simple"},"_links":{"self":[{"href":"https:\/\/electrobennjima.tn\/en\/wp-json\/wp\/v2\/product\/10112","targetHints":{"allow":["GET"]}}],"collection":[{"href":"https:\/\/electrobennjima.tn\/en\/wp-json\/wp\/v2\/product"}],"about":[{"href":"https:\/\/electrobennjima.tn\/en\/wp-json\/wp\/v2\/types\/product"}],"replies":[{"embeddable":true,"href":"https:\/\/electrobennjima.tn\/en\/wp-json\/wp\/v2\/comments?post=10112"}],"wp:featuredmedia":[{"embeddable":true,"href":"https:\/\/electrobennjima.tn\/en\/wp-json\/wp\/v2\/media\/10113"}],"wp:attachment":[{"href":"https:\/\/electrobennjima.tn\/en\/wp-json\/wp\/v2\/media?parent=10112"}],"wp:term":[{"taxonomy":"product_brand","embeddable":true,"href":"https:\/\/electrobennjima.tn\/en\/wp-json\/wp\/v2\/product_brand?post=10112"},{"taxonomy":"product_cat","embeddable":true,"href":"https:\/\/electrobennjima.tn\/en\/wp-json\/wp\/v2\/product_cat?post=10112"},{"taxonomy":"product_tag","embeddable":true,"href":"https:\/\/electrobennjima.tn\/en\/wp-json\/wp\/v2\/product_tag?post=10112"}],"curies":[{"name":"wp","href":"https:\/\/api.w.org\/{rel}","templated":true}]}}