{"id":10114,"date":"2026-04-09T09:02:39","date_gmt":"2026-04-09T09:02:39","guid":{"rendered":"https:\/\/electrobennjima.tn\/?post_type=product&#038;p=10114"},"modified":"2026-04-09T14:10:53","modified_gmt":"2026-04-09T14:10:53","slug":"climatiseur-hisense-18000btu-chaud-froid-inverter","status":"publish","type":"product","link":"https:\/\/electrobennjima.tn\/en\/climatiseur-hisense-18000btu-chaud-froid-inverter\/","title":{"rendered":"CLIMATISEUR HISENSE 18000BTU CHAUD\/FROID &#8211; TROPICALIS\u00c9 INVERTER"},"content":{"rendered":"<table id=\"product-attribute-specs-table\" class=\"data table additional-attributes\">\n<tbody>\n<tr>\n<th class=\"col label\" scope=\"row\">R\u00e9f\u00e9rence<\/th>\n<td class=\"col data\" data-th=\"gtin\">CLHI 18000CH\/FR-INV<\/td>\n<\/tr>\n<tr>\n<th class=\"col label\" scope=\"row\">Marque<\/th>\n<td class=\"col data\" data-th=\"Marque\">Hisense<\/td>\n<\/tr>\n<tr>\n<th class=\"col label\" scope=\"row\">Inverter<\/th>\n<td class=\"col data\" data-th=\"Gamme PC\">Oui<\/td>\n<\/tr>\n<tr>\n<th class=\"col label\" scope=\"row\">Smart<\/th>\n<td class=\"col data\" data-th=\"Gamer\">Non<\/td>\n<\/tr>\n<tr>\n<th class=\"col label\" scope=\"row\">Mode<\/th>\n<td class=\"col data\" data-th=\"Syst\u00e8me d'exploitation\">Chaud \/ froid<\/td>\n<\/tr>\n<tr>\n<th class=\"col label\" scope=\"row\">\u00a0<strong>Classe \u00e9nerg\u00e9tique<\/strong><\/th>\n<td class=\"col data\" data-th=\"Taille de l'\u00e9cran\">A++<\/td>\n<\/tr>\n<tr>\n<th class=\"col label\" scope=\"row\">Type de gaz<\/th>\n<td class=\"col data\" data-th=\"Ecran\">R410A<\/td>\n<\/tr>\n<tr>\n<th class=\"col label\" scope=\"row\">Alimentation \u00e9lectrique<\/th>\n<td class=\"col data\" data-th=\"Ecran Tactile\">220V-240V\/50Hz<\/td>\n<\/tr>\n<tr>\n<th class=\"col label\" scope=\"row\">Fonction<\/th>\n<td class=\"col data\" data-th=\"R\u00e9solution d'\u00e9crans\">d\u00e9tection intelligente &#8211; D\u00e9givrage automatique<\/td>\n<\/tr>\n<tr>\n<th class=\"col label\" scope=\"row\">Couleur<\/th>\n<td class=\"col data\" data-th=\"Processeur\">Blanc<\/td>\n<\/tr>\n<tr>\n<th class=\"col label\" scope=\"row\">Garantie<\/th>\n<td class=\"col data\" data-th=\"Type Processeur\">3 ans<\/td>\n<\/tr>\n<\/tbody>\n<\/table>","protected":false},"excerpt":{"rendered":"<p>R\u00e9f\u00e9rence CLHI 18000CH\/FR-INV Marque Hisense Inverter Oui Smart Non Mode Chaud \/ froid \u00a0Classe \u00e9nerg\u00e9tique A++ Type de gaz R410A Alimentation \u00e9lectrique 220V-240V\/50Hz Fonction d\u00e9tection intelligente &#8211; D\u00e9givrage automatique Couleur Blanc Garantie 3 ans<\/p>","protected":false},"featured_media":10115,"comment_status":"open","ping_status":"closed","template":"","meta":[],"product_brand":[210],"product_cat":[127],"product_tag":[],"class_list":{"0":"post-10114","1":"product","2":"type-product","3":"status-publish","4":"has-post-thumbnail","6":"product_brand-hisense","7":"product_cat-climatiseurs","9":"first","10":"instock","11":"shipping-taxable","12":"purchasable","13":"product-type-simple"},"_links":{"self":[{"href":"https:\/\/electrobennjima.tn\/en\/wp-json\/wp\/v2\/product\/10114","targetHints":{"allow":["GET"]}}],"collection":[{"href":"https:\/\/electrobennjima.tn\/en\/wp-json\/wp\/v2\/product"}],"about":[{"href":"https:\/\/electrobennjima.tn\/en\/wp-json\/wp\/v2\/types\/product"}],"replies":[{"embeddable":true,"href":"https:\/\/electrobennjima.tn\/en\/wp-json\/wp\/v2\/comments?post=10114"}],"wp:featuredmedia":[{"embeddable":true,"href":"https:\/\/electrobennjima.tn\/en\/wp-json\/wp\/v2\/media\/10115"}],"wp:attachment":[{"href":"https:\/\/electrobennjima.tn\/en\/wp-json\/wp\/v2\/media?parent=10114"}],"wp:term":[{"taxonomy":"product_brand","embeddable":true,"href":"https:\/\/electrobennjima.tn\/en\/wp-json\/wp\/v2\/product_brand?post=10114"},{"taxonomy":"product_cat","embeddable":true,"href":"https:\/\/electrobennjima.tn\/en\/wp-json\/wp\/v2\/product_cat?post=10114"},{"taxonomy":"product_tag","embeddable":true,"href":"https:\/\/electrobennjima.tn\/en\/wp-json\/wp\/v2\/product_tag?post=10114"}],"curies":[{"name":"wp","href":"https:\/\/api.w.org\/{rel}","templated":true}]}}