{"id":10120,"date":"2026-04-09T09:29:57","date_gmt":"2026-04-09T09:29:57","guid":{"rendered":"https:\/\/electrobennjima.tn\/?post_type=product&#038;p=10120"},"modified":"2026-04-09T14:06:25","modified_gmt":"2026-04-09T14:06:25","slug":"climatiseur-hisense-12000btu-chaud-froid","status":"publish","type":"product","link":"https:\/\/electrobennjima.tn\/en\/climatiseur-hisense-12000btu-chaud-froid\/","title":{"rendered":"CLIMATISEUR HISENSE 12000BTU CHAUD\/ FROID TROPICALIS\u00c9"},"content":{"rendered":"<table id=\"product-attribute-specs-table\" class=\"data table additional-attributes\">\n<tbody>\n<tr>\n<th class=\"col label\" scope=\"row\"><strong>Hyper tropicalis\u00e9<\/strong><\/th>\n<td class=\"col data\" data-th=\"gtin\">T3<\/td>\n<\/tr>\n<tr>\n<th class=\"col label\" scope=\"row\">Marque<\/th>\n<td class=\"col data\" data-th=\"Marque\">HISENSE<\/td>\n<\/tr>\n<tr>\n<th class=\"col label\" scope=\"row\">Inverter<\/th>\n<td class=\"col data\" data-th=\"Gamme PC\">Non<\/td>\n<\/tr>\n<tr>\n<th class=\"col label\" scope=\"row\">Smart<\/th>\n<td class=\"col data\" data-th=\"Gamer\">Non<\/td>\n<\/tr>\n<tr>\n<th class=\"col label\" scope=\"row\">Capacit\u00e9<\/th>\n<td class=\"col data\" data-th=\"Syst\u00e8me d'exploitation\">12000BTU<\/td>\n<\/tr>\n<tr>\n<th class=\"col label\" scope=\"row\">Mode<\/th>\n<td class=\"col data\" data-th=\"Taille de l'\u00e9cran\">Chaud &#8211; Froid<\/td>\n<\/tr>\n<tr>\n<th class=\"col label\" scope=\"row\"><strong>Classe \u00e9nerg\u00e9tique\u00a0<\/strong><\/th>\n<td class=\"col data\" data-th=\"Ecran\">A++<\/td>\n<\/tr>\n<tr>\n<th class=\"col label\" scope=\"row\"><strong>Type de Gaz<\/strong><\/th>\n<td class=\"col data\" data-th=\"Ecran Tactile\">R410A<\/td>\n<\/tr>\n<tr>\n<th class=\"col label\" scope=\"row\">Couleur<\/th>\n<td class=\"col data\" data-th=\"R\u00e9solution d'\u00e9crans\">Blanc<\/td>\n<\/tr>\n<tr>\n<th class=\"col label\" scope=\"row\">Garantie<\/th>\n<td class=\"col data\" data-th=\"Processeur\">3 ans<\/td>\n<\/tr>\n<\/tbody>\n<\/table>","protected":false},"excerpt":{"rendered":"<p>Hyper tropicalis\u00e9 T3 Marque HISENSE Inverter Non Smart Non Capacit\u00e9 12000BTU Mode Chaud &#8211; Froid Classe \u00e9nerg\u00e9tique\u00a0 A++ Type de Gaz R410A Couleur Blanc Garantie 3 ans<\/p>","protected":false},"featured_media":10121,"comment_status":"open","ping_status":"closed","template":"","meta":[],"product_brand":[210],"product_cat":[127],"product_tag":[],"class_list":{"0":"post-10120","1":"product","2":"type-product","3":"status-publish","4":"has-post-thumbnail","6":"product_brand-hisense","7":"product_cat-climatiseurs","9":"first","10":"instock","11":"shipping-taxable","12":"purchasable","13":"product-type-simple"},"_links":{"self":[{"href":"https:\/\/electrobennjima.tn\/en\/wp-json\/wp\/v2\/product\/10120","targetHints":{"allow":["GET"]}}],"collection":[{"href":"https:\/\/electrobennjima.tn\/en\/wp-json\/wp\/v2\/product"}],"about":[{"href":"https:\/\/electrobennjima.tn\/en\/wp-json\/wp\/v2\/types\/product"}],"replies":[{"embeddable":true,"href":"https:\/\/electrobennjima.tn\/en\/wp-json\/wp\/v2\/comments?post=10120"}],"wp:featuredmedia":[{"embeddable":true,"href":"https:\/\/electrobennjima.tn\/en\/wp-json\/wp\/v2\/media\/10121"}],"wp:attachment":[{"href":"https:\/\/electrobennjima.tn\/en\/wp-json\/wp\/v2\/media?parent=10120"}],"wp:term":[{"taxonomy":"product_brand","embeddable":true,"href":"https:\/\/electrobennjima.tn\/en\/wp-json\/wp\/v2\/product_brand?post=10120"},{"taxonomy":"product_cat","embeddable":true,"href":"https:\/\/electrobennjima.tn\/en\/wp-json\/wp\/v2\/product_cat?post=10120"},{"taxonomy":"product_tag","embeddable":true,"href":"https:\/\/electrobennjima.tn\/en\/wp-json\/wp\/v2\/product_tag?post=10120"}],"curies":[{"name":"wp","href":"https:\/\/api.w.org\/{rel}","templated":true}]}}