{"id":10140,"date":"2026-04-09T10:55:19","date_gmt":"2026-04-09T10:55:19","guid":{"rendered":"https:\/\/electrobennjima.tn\/?post_type=product&#038;p=10140"},"modified":"2026-04-09T10:55:20","modified_gmt":"2026-04-09T10:55:20","slug":"climatiseur-hyundai-24000btu-chaud-froid-smart-inverter-tropicalise","status":"publish","type":"product","link":"https:\/\/electrobennjima.tn\/en\/climatiseur-hyundai-24000btu-chaud-froid-smart-inverter-tropicalise\/","title":{"rendered":"CLIMATISEUR HYUNDAI 24000BTU CHAUD \/ FROID SMART INVERTER TROPICALIS\u00c9"},"content":{"rendered":"<table id=\"product-attribute-specs-table\" class=\"data table additional-attributes\">\n<tbody>\n<tr>\n<th class=\"col label\" scope=\"row\">Marque<\/th>\n<td class=\"col data\" data-th=\"DISPONIBILIT\u00c9\">Hyundai<\/td>\n<\/tr>\n<tr>\n<th class=\"col label\" scope=\"row\"><strong>Capacit\u00e9<\/strong><\/th>\n<td class=\"col data\" data-th=\"gtin\">24000BTU<\/td>\n<\/tr>\n<tr>\n<th class=\"col label\" scope=\"row\">Inverter<\/th>\n<td class=\"col data\" data-th=\"Marque\">Oui<\/td>\n<\/tr>\n<tr>\n<th class=\"col label\" scope=\"row\">Smart<\/th>\n<td class=\"col data\" data-th=\"Type Climatiseur\">Oui<\/td>\n<\/tr>\n<tr>\n<th class=\"col label\" scope=\"row\"><strong>Mode<\/strong><\/th>\n<td class=\"col data\" data-th=\"Inverter\">Chaud &amp; Froid<\/td>\n<\/tr>\n<tr>\n<th class=\"col label\" scope=\"row\"><strong>Classe \u00e9nerg\u00e9tique<\/strong><\/th>\n<td class=\"col data\" data-th=\"Smart\">T3<\/td>\n<\/tr>\n<tr>\n<th class=\"col label\" scope=\"row\">Dimensions<\/th>\n<td class=\"col data\" data-th=\"Mode\">1025 x 320 x 235 mm<\/td>\n<\/tr>\n<tr>\n<th class=\"col label\" scope=\"row\">Couleur<\/th>\n<td class=\"col data\" data-th=\"Capacit\u00e9\">Blanc<\/td>\n<\/tr>\n<tr>\n<th class=\"col label\" scope=\"row\">Garantie<\/th>\n<td class=\"col data\" data-th=\"Garantie\">3 ans<\/td>\n<\/tr>\n<\/tbody>\n<\/table>","protected":false},"excerpt":{"rendered":"<p>Marque Hyundai Capacit\u00e9 24000BTU Inverter Oui Smart Oui Mode Chaud &amp; Froid Classe \u00e9nerg\u00e9tique T3 Dimensions 1025 x 320 x 235 mm Couleur Blanc Garantie 3 ans<\/p>","protected":false},"featured_media":10141,"comment_status":"open","ping_status":"closed","template":"","meta":[],"product_brand":[254],"product_cat":[127],"product_tag":[],"class_list":{"0":"post-10140","1":"product","2":"type-product","3":"status-publish","4":"has-post-thumbnail","6":"product_brand-hyundai","7":"product_cat-climatiseurs","9":"first","10":"instock","11":"shipping-taxable","12":"purchasable","13":"product-type-simple"},"_links":{"self":[{"href":"https:\/\/electrobennjima.tn\/en\/wp-json\/wp\/v2\/product\/10140","targetHints":{"allow":["GET"]}}],"collection":[{"href":"https:\/\/electrobennjima.tn\/en\/wp-json\/wp\/v2\/product"}],"about":[{"href":"https:\/\/electrobennjima.tn\/en\/wp-json\/wp\/v2\/types\/product"}],"replies":[{"embeddable":true,"href":"https:\/\/electrobennjima.tn\/en\/wp-json\/wp\/v2\/comments?post=10140"}],"wp:featuredmedia":[{"embeddable":true,"href":"https:\/\/electrobennjima.tn\/en\/wp-json\/wp\/v2\/media\/10141"}],"wp:attachment":[{"href":"https:\/\/electrobennjima.tn\/en\/wp-json\/wp\/v2\/media?parent=10140"}],"wp:term":[{"taxonomy":"product_brand","embeddable":true,"href":"https:\/\/electrobennjima.tn\/en\/wp-json\/wp\/v2\/product_brand?post=10140"},{"taxonomy":"product_cat","embeddable":true,"href":"https:\/\/electrobennjima.tn\/en\/wp-json\/wp\/v2\/product_cat?post=10140"},{"taxonomy":"product_tag","embeddable":true,"href":"https:\/\/electrobennjima.tn\/en\/wp-json\/wp\/v2\/product_tag?post=10140"}],"curies":[{"name":"wp","href":"https:\/\/api.w.org\/{rel}","templated":true}]}}