{"id":10161,"date":"2026-04-09T13:20:36","date_gmt":"2026-04-09T13:20:36","guid":{"rendered":"https:\/\/electrobennjima.tn\/?post_type=product&#038;p=10161"},"modified":"2026-04-09T13:20:36","modified_gmt":"2026-04-09T13:20:36","slug":"climatiseur-maxwell-9000btu-chaud-froid-inverter","status":"publish","type":"product","link":"https:\/\/electrobennjima.tn\/en\/climatiseur-maxwell-9000btu-chaud-froid-inverter\/","title":{"rendered":"CLIMATISEUR MAXWELL 9000BTU CHAUD\/FROID INVERTER"},"content":{"rendered":"<table id=\"product-attribute-specs-table\" class=\"data table additional-attributes\">\n<tbody>\n<tr>\n<th class=\"col label\" scope=\"row\">Marque<\/th>\n<td class=\"col data\" data-th=\"Marque \">MAXWELL<\/td>\n<\/tr>\n<tr>\n<th class=\"col label\" scope=\"row\">Capacit\u00e9<\/th>\n<td class=\"col data\" data-th=\"CAPACIT\u00c9\">18000<\/td>\n<\/tr>\n<tr>\n<th class=\"col label\" scope=\"row\">Garantie<\/th>\n<td class=\"col data\" data-th=\"Garantie:\">3 ans<\/td>\n<\/tr>\n<tr>\n<th class=\"col label\" scope=\"row\">Classe \u00e9nerg\u00e9tique<\/th>\n<td class=\"col data\" data-th=\"Classe \u00e9nerg\u00e9tique\">1<\/td>\n<\/tr>\n<tr>\n<th class=\"col label\" scope=\"row\">Mode<\/th>\n<td class=\"col data\" data-th=\"Mode\">Chaud \/ Froid<\/td>\n<\/tr>\n<tr>\n<th class=\"col label\" scope=\"row\">Fonctions &amp; Technologie<\/th>\n<td class=\"col data\" data-th=\"Fonctions &amp; Technologie\">Thermostat R\u00e9glable<\/td>\n<\/tr>\n<tr>\n<th class=\"col label\" scope=\"row\">Surface \u00e0 Climatiser<\/th>\n<td class=\"col data\" data-th=\"Surface \u00e0 Climatiser\">De 25 \u00e0 35 m\u00b2<\/td>\n<\/tr>\n<tr>\n<th class=\"col label\" scope=\"row\">Wifi<\/th>\n<td class=\"col data\" data-th=\"Wifi\">Non<\/td>\n<\/tr>\n<tr>\n<th class=\"col label\" scope=\"row\">Couleur:<\/th>\n<td class=\"col data\" data-th=\"Couleur:\">Blanc<\/td>\n<\/tr>\n<\/tbody>\n<\/table>","protected":false},"excerpt":{"rendered":"<p>Marque MAXWELL Capacit\u00e9 18000 Garantie 3 ans Classe \u00e9nerg\u00e9tique 1 Mode Chaud \/ Froid Fonctions &amp; Technologie Thermostat R\u00e9glable Surface \u00e0 Climatiser De 25 \u00e0 35 m\u00b2 Wifi Non Couleur: Blanc<\/p>","protected":false},"featured_media":10162,"comment_status":"open","ping_status":"closed","template":"","meta":[],"product_brand":[232],"product_cat":[127],"product_tag":[],"class_list":{"0":"post-10161","1":"product","2":"type-product","3":"status-publish","4":"has-post-thumbnail","6":"product_brand-maxwell","7":"product_cat-climatiseurs","9":"first","10":"instock","11":"shipping-taxable","12":"purchasable","13":"product-type-simple"},"_links":{"self":[{"href":"https:\/\/electrobennjima.tn\/en\/wp-json\/wp\/v2\/product\/10161","targetHints":{"allow":["GET"]}}],"collection":[{"href":"https:\/\/electrobennjima.tn\/en\/wp-json\/wp\/v2\/product"}],"about":[{"href":"https:\/\/electrobennjima.tn\/en\/wp-json\/wp\/v2\/types\/product"}],"replies":[{"embeddable":true,"href":"https:\/\/electrobennjima.tn\/en\/wp-json\/wp\/v2\/comments?post=10161"}],"wp:featuredmedia":[{"embeddable":true,"href":"https:\/\/electrobennjima.tn\/en\/wp-json\/wp\/v2\/media\/10162"}],"wp:attachment":[{"href":"https:\/\/electrobennjima.tn\/en\/wp-json\/wp\/v2\/media?parent=10161"}],"wp:term":[{"taxonomy":"product_brand","embeddable":true,"href":"https:\/\/electrobennjima.tn\/en\/wp-json\/wp\/v2\/product_brand?post=10161"},{"taxonomy":"product_cat","embeddable":true,"href":"https:\/\/electrobennjima.tn\/en\/wp-json\/wp\/v2\/product_cat?post=10161"},{"taxonomy":"product_tag","embeddable":true,"href":"https:\/\/electrobennjima.tn\/en\/wp-json\/wp\/v2\/product_tag?post=10161"}],"curies":[{"name":"wp","href":"https:\/\/api.w.org\/{rel}","templated":true}]}}