{"id":10177,"date":"2026-04-09T14:50:44","date_gmt":"2026-04-09T14:50:44","guid":{"rendered":"https:\/\/electrobennjima.tn\/?post_type=product&#038;p=10177"},"modified":"2026-04-09T14:50:44","modified_gmt":"2026-04-09T14:50:44","slug":"climatiseur-hisense-24000btu-chaud-froid-tropicalise","status":"publish","type":"product","link":"https:\/\/electrobennjima.tn\/en\/climatiseur-hisense-24000btu-chaud-froid-tropicalise\/","title":{"rendered":"CLIMATISEUR HISENSE 24000BTU CHAUD \/ FROID TROPICALIS\u00c9"},"content":{"rendered":"<table id=\"product-attribute-specs-table\" class=\"data table additional-attributes\">\n<tbody>\n<tr>\n<th class=\"col label\" scope=\"row\">Marque<\/th>\n<td class=\"col data\" data-th=\"R\u00e9f\u00e9rence:\">Hisense<\/td>\n<\/tr>\n<tr>\n<th class=\"col label\" scope=\"row\">Capacit\u00e9<\/th>\n<td class=\"col data\" data-th=\"Marque \">24000BTU<\/td>\n<\/tr>\n<tr>\n<th class=\"col label\" scope=\"row\"><strong>Classe \u00e9nerg\u00e9tique\u00a0<\/strong><\/th>\n<td class=\"col data\" data-th=\"CAPACIT\u00c9\">A++<\/td>\n<\/tr>\n<tr>\n<th class=\"col label\" scope=\"row\">Inverter<\/th>\n<td class=\"col data\" data-th=\"Garantie:\">Non<\/td>\n<\/tr>\n<tr>\n<th class=\"col label\" scope=\"row\">Smart<\/th>\n<td class=\"col data\" data-th=\"Classe \u00e9nerg\u00e9tique\">Non<\/td>\n<\/tr>\n<tr>\n<th class=\"col label\" scope=\"row\">Hyper tropicalis\u00e9<\/th>\n<td class=\"col data\" data-th=\"Mode\">T3<\/td>\n<\/tr>\n<tr>\n<th class=\"col label\" scope=\"row\">Fonction<\/th>\n<td class=\"col data\" data-th=\"Fonctions &amp; Technologie\">\n<ul>\n<li>d\u00e9tection intelligente<\/li>\n<li>D\u00e9givrage automatique<\/li>\n<li>Connectivit\u00e9 : Wi-Fi<\/li>\n<\/ul>\n<\/td>\n<\/tr>\n<tr>\n<th class=\"col label\" scope=\"row\">Couleur<\/th>\n<td class=\"col data\" data-th=\"Surface \u00e0 Climatiser\">Blanc<\/td>\n<\/tr>\n<tr>\n<th class=\"col label\" scope=\"row\">Garantie<\/th>\n<td class=\"col data\" data-th=\"Wifi\">3 ans<\/td>\n<\/tr>\n<\/tbody>\n<\/table>","protected":false},"excerpt":{"rendered":"<p>Marque Hisense Capacit\u00e9 24000BTU Classe \u00e9nerg\u00e9tique\u00a0 A++ Inverter Non Smart Non Hyper tropicalis\u00e9 T3 Fonction d\u00e9tection intelligente D\u00e9givrage automatique Connectivit\u00e9 : Wi-Fi Couleur Blanc Garantie 3 ans<\/p>","protected":false},"featured_media":10178,"comment_status":"open","ping_status":"closed","template":"","meta":[],"product_brand":[210],"product_cat":[127],"product_tag":[],"class_list":{"0":"post-10177","1":"product","2":"type-product","3":"status-publish","4":"has-post-thumbnail","6":"product_brand-hisense","7":"product_cat-climatiseurs","9":"first","10":"instock","11":"shipping-taxable","12":"purchasable","13":"product-type-simple"},"_links":{"self":[{"href":"https:\/\/electrobennjima.tn\/en\/wp-json\/wp\/v2\/product\/10177","targetHints":{"allow":["GET"]}}],"collection":[{"href":"https:\/\/electrobennjima.tn\/en\/wp-json\/wp\/v2\/product"}],"about":[{"href":"https:\/\/electrobennjima.tn\/en\/wp-json\/wp\/v2\/types\/product"}],"replies":[{"embeddable":true,"href":"https:\/\/electrobennjima.tn\/en\/wp-json\/wp\/v2\/comments?post=10177"}],"wp:featuredmedia":[{"embeddable":true,"href":"https:\/\/electrobennjima.tn\/en\/wp-json\/wp\/v2\/media\/10178"}],"wp:attachment":[{"href":"https:\/\/electrobennjima.tn\/en\/wp-json\/wp\/v2\/media?parent=10177"}],"wp:term":[{"taxonomy":"product_brand","embeddable":true,"href":"https:\/\/electrobennjima.tn\/en\/wp-json\/wp\/v2\/product_brand?post=10177"},{"taxonomy":"product_cat","embeddable":true,"href":"https:\/\/electrobennjima.tn\/en\/wp-json\/wp\/v2\/product_cat?post=10177"},{"taxonomy":"product_tag","embeddable":true,"href":"https:\/\/electrobennjima.tn\/en\/wp-json\/wp\/v2\/product_tag?post=10177"}],"curies":[{"name":"wp","href":"https:\/\/api.w.org\/{rel}","templated":true}]}}