{"id":10188,"date":"2026-04-13T13:36:47","date_gmt":"2026-04-13T13:36:47","guid":{"rendered":"https:\/\/electrobennjima.tn\/?post_type=product&#038;p=10188"},"modified":"2026-04-13T13:44:07","modified_gmt":"2026-04-13T13:44:07","slug":"aspirateur-balai-2-en-1-hausberg-gris","status":"publish","type":"product","link":"https:\/\/electrobennjima.tn\/en\/aspirateur-balai-2-en-1-hausberg-gris\/","title":{"rendered":"ASPIRATEUR BALAI 2 EN 1 HAUSBERG &#8211; GRIS"},"content":{"rendered":"<table id=\"product-attribute-specs-table\" class=\"data table additional-attributes\">\n<tbody>\n<tr>\n<th class=\"col label\" scope=\"row\">R\u00e9f\u00e9rence<\/th>\n<td class=\"col data\" data-th=\"gtin\">PEHB-2825GR<\/td>\n<\/tr>\n<tr>\n<th class=\"col label\" scope=\"row\">Marque<\/th>\n<td class=\"col data\" data-th=\"Marque\">BRANDT<\/td>\n<\/tr>\n<tr>\n<th class=\"col label\" scope=\"row\">Garantie<\/th>\n<td class=\"col data\" data-th=\"Type d'aspirateur\">2 ans<\/td>\n<\/tr>\n<tr>\n<th class=\"col label\" scope=\"row\">Couleur<\/th>\n<td class=\"col data\" data-th=\"Mode de Nettoyage\">Gris<\/td>\n<\/tr>\n<tr>\n<th class=\"col label\" scope=\"row\">Puissance<\/th>\n<td class=\"col data\" data-th=\"Mode de collecte\">800 W<\/td>\n<\/tr>\n<tr>\n<th class=\"col label\" scope=\"row\">Longueur du c\u00e2ble<\/th>\n<td class=\"col data\" data-th=\"Capacit\u00e9 du R\u00e9servoir\">5 M<\/td>\n<\/tr>\n<tr>\n<th class=\"col label\" scope=\"row\">Type d&rsquo;aspirateur<\/th>\n<td class=\"col data\" data-th=\"Puissance\">Aspirateurs Balais<\/td>\n<\/tr>\n<tr>\n<th class=\"col label\" scope=\"row\">Capacit\u00e9 du r\u00e9servoir<\/th>\n<td class=\"col data\" data-th=\"Utilisation\">2 Litres<\/td>\n<\/tr>\n<tr>\n<th class=\"col label\" scope=\"row\">Type de Bac \u00e0 Poussi\u00e8re<\/th>\n<td class=\"col data\" data-th=\"Longueur du c\u00e2ble\">Sans Sac<\/td>\n<\/tr>\n<\/tbody>\n<\/table>","protected":false},"excerpt":{"rendered":"<p>R\u00e9f\u00e9rence PEHB-2825GR Marque BRANDT Garantie 2 ans Couleur Gris Puissance 800 W Longueur du c\u00e2ble 5 M Type d&rsquo;aspirateur Aspirateurs Balais Capacit\u00e9 du r\u00e9servoir 2 Litres Type de Bac \u00e0 Poussi\u00e8re Sans Sac<\/p>","protected":false},"featured_media":10193,"comment_status":"open","ping_status":"closed","template":"","meta":[],"product_brand":[577],"product_cat":[30],"product_tag":[],"class_list":{"0":"post-10188","1":"product","2":"type-product","3":"status-publish","4":"has-post-thumbnail","6":"product_brand-balai","7":"product_cat-aspirateur","9":"first","10":"instock","11":"shipping-taxable","12":"product-type-simple"},"_links":{"self":[{"href":"https:\/\/electrobennjima.tn\/en\/wp-json\/wp\/v2\/product\/10188","targetHints":{"allow":["GET"]}}],"collection":[{"href":"https:\/\/electrobennjima.tn\/en\/wp-json\/wp\/v2\/product"}],"about":[{"href":"https:\/\/electrobennjima.tn\/en\/wp-json\/wp\/v2\/types\/product"}],"replies":[{"embeddable":true,"href":"https:\/\/electrobennjima.tn\/en\/wp-json\/wp\/v2\/comments?post=10188"}],"wp:featuredmedia":[{"embeddable":true,"href":"https:\/\/electrobennjima.tn\/en\/wp-json\/wp\/v2\/media\/10193"}],"wp:attachment":[{"href":"https:\/\/electrobennjima.tn\/en\/wp-json\/wp\/v2\/media?parent=10188"}],"wp:term":[{"taxonomy":"product_brand","embeddable":true,"href":"https:\/\/electrobennjima.tn\/en\/wp-json\/wp\/v2\/product_brand?post=10188"},{"taxonomy":"product_cat","embeddable":true,"href":"https:\/\/electrobennjima.tn\/en\/wp-json\/wp\/v2\/product_cat?post=10188"},{"taxonomy":"product_tag","embeddable":true,"href":"https:\/\/electrobennjima.tn\/en\/wp-json\/wp\/v2\/product_tag?post=10188"}],"curies":[{"name":"wp","href":"https:\/\/api.w.org\/{rel}","templated":true}]}}