{"id":10195,"date":"2026-04-13T13:59:01","date_gmt":"2026-04-13T13:59:01","guid":{"rendered":"https:\/\/electrobennjima.tn\/?post_type=product&#038;p=10195"},"modified":"2026-04-13T13:59:01","modified_gmt":"2026-04-13T13:59:01","slug":"aspirateur-balai-fakir","status":"publish","type":"product","link":"https:\/\/electrobennjima.tn\/en\/aspirateur-balai-fakir\/","title":{"rendered":"ASPIRATEUR BALAI FAKIR"},"content":{"rendered":"<table id=\"product-attribute-specs-table\" class=\"data table additional-attributes\">\n<tbody>\n<tr>\n<th class=\"col label\" scope=\"row\">R\u00e9f\u00e9rence<\/th>\n<td class=\"col data\" data-th=\"gtin\">DARKY<\/td>\n<\/tr>\n<tr>\n<th class=\"col label\" scope=\"row\">Marque<\/th>\n<td class=\"col data\" data-th=\"Marque\">BALAI<\/td>\n<\/tr>\n<tr>\n<th class=\"col label\" scope=\"row\">Puissance moteur<\/th>\n<td class=\"col data\" data-th=\"Type d'aspirateur\">800 W<\/td>\n<\/tr>\n<tr>\n<th class=\"col label\" scope=\"row\">Type<\/th>\n<td class=\"col data\" data-th=\"Mode de Nettoyage\">Aspirateur balai vertical 2-en-1<\/td>\n<\/tr>\n<tr>\n<th class=\"col label\" scope=\"row\">Capacit\u00e9 du r\u00e9servoir \u00e0 poussi\u00e8re<\/th>\n<td class=\"col data\" data-th=\"Mode de collecte\">1L<\/td>\n<\/tr>\n<tr>\n<th class=\"col label\" scope=\"row\">Mode d\u2019utilisation<\/th>\n<td class=\"col data\" data-th=\"Capacit\u00e9 du R\u00e9servoir\">Avec fil<\/td>\n<\/tr>\n<tr>\n<th class=\"col label\" scope=\"row\">Longueur du c\u00e2ble<\/th>\n<td class=\"col data\" data-th=\"Puissance\"><strong>6 m<\/strong>\u00a0pour une bonne mobilit\u00e9<\/td>\n<\/tr>\n<tr>\n<th class=\"col label\" scope=\"row\">Niveau sonore<\/th>\n<td class=\"col data\" data-th=\"Utilisation\">79 dB<\/td>\n<\/tr>\n<tr>\n<th class=\"col label\" scope=\"row\">Poign\u00e9e confortable et prise en main facile<\/th>\n<td class=\"col data\" data-th=\"Longueur du c\u00e2ble\">Oui<\/td>\n<\/tr>\n<tr>\n<th class=\"col label\" scope=\"row\">Sans sac<\/th>\n<td class=\"col data\" data-th=\"Dimensions\">Oui<\/td>\n<\/tr>\n<tr>\n<th class=\"col label\" scope=\"row\">Garantie<\/th>\n<td class=\"col data\" data-th=\"Poids\">1 an<\/td>\n<\/tr>\n<\/tbody>\n<\/table>","protected":false},"excerpt":{"rendered":"<p>R\u00e9f\u00e9rence DARKY Marque BALAI Puissance moteur 800 W Type Aspirateur balai vertical 2-en-1 Capacit\u00e9 du r\u00e9servoir \u00e0 poussi\u00e8re 1L Mode d\u2019utilisation Avec fil Longueur du c\u00e2ble 6 m\u00a0pour une bonne mobilit\u00e9 Niveau sonore 79 dB Poign\u00e9e confortable et prise en main facile Oui Sans sac Oui Garantie 1 an<\/p>","protected":false},"featured_media":10196,"comment_status":"open","ping_status":"closed","template":"","meta":[],"product_brand":[577],"product_cat":[30],"product_tag":[],"class_list":{"0":"post-10195","1":"product","2":"type-product","3":"status-publish","4":"has-post-thumbnail","6":"product_brand-balai","7":"product_cat-aspirateur","9":"first","10":"instock","11":"shipping-taxable","12":"purchasable","13":"product-type-simple"},"_links":{"self":[{"href":"https:\/\/electrobennjima.tn\/en\/wp-json\/wp\/v2\/product\/10195","targetHints":{"allow":["GET"]}}],"collection":[{"href":"https:\/\/electrobennjima.tn\/en\/wp-json\/wp\/v2\/product"}],"about":[{"href":"https:\/\/electrobennjima.tn\/en\/wp-json\/wp\/v2\/types\/product"}],"replies":[{"embeddable":true,"href":"https:\/\/electrobennjima.tn\/en\/wp-json\/wp\/v2\/comments?post=10195"}],"wp:featuredmedia":[{"embeddable":true,"href":"https:\/\/electrobennjima.tn\/en\/wp-json\/wp\/v2\/media\/10196"}],"wp:attachment":[{"href":"https:\/\/electrobennjima.tn\/en\/wp-json\/wp\/v2\/media?parent=10195"}],"wp:term":[{"taxonomy":"product_brand","embeddable":true,"href":"https:\/\/electrobennjima.tn\/en\/wp-json\/wp\/v2\/product_brand?post=10195"},{"taxonomy":"product_cat","embeddable":true,"href":"https:\/\/electrobennjima.tn\/en\/wp-json\/wp\/v2\/product_cat?post=10195"},{"taxonomy":"product_tag","embeddable":true,"href":"https:\/\/electrobennjima.tn\/en\/wp-json\/wp\/v2\/product_tag?post=10195"}],"curies":[{"name":"wp","href":"https:\/\/api.w.org\/{rel}","templated":true}]}}