{"id":10199,"date":"2026-04-13T14:12:38","date_gmt":"2026-04-13T14:12:38","guid":{"rendered":"https:\/\/electrobennjima.tn\/?post_type=product&#038;p=10199"},"modified":"2026-04-13T14:13:10","modified_gmt":"2026-04-13T14:13:10","slug":"aspirateur-cyclone","status":"publish","type":"product","link":"https:\/\/electrobennjima.tn\/en\/aspirateur-cyclone\/","title":{"rendered":"ASPIRATEUR CYCLONE"},"content":{"rendered":"<table id=\"product-attribute-specs-table\" class=\"data table additional-attributes\">\n<tbody>\n<tr>\n<th class=\"col label\" scope=\"row\">R\u00e9f\u00e9rence<\/th>\n<td class=\"col data\" data-th=\"gtin\">PERO4873EA<\/td>\n<\/tr>\n<tr>\n<th class=\"col label\" scope=\"row\">Marque<\/th>\n<td class=\"col data\" data-th=\"Marque\">Rowenta<\/td>\n<\/tr>\n<tr>\n<th class=\"col label\" scope=\"row\">Garantie<\/th>\n<td class=\"col data\" data-th=\"Type d'aspirateur\">2 ans<\/td>\n<\/tr>\n<tr>\n<th class=\"col label\" scope=\"row\">Couleur<\/th>\n<td class=\"col data\" data-th=\"Mode de Nettoyage\">Rouge<\/td>\n<\/tr>\n<tr>\n<th class=\"col label\" scope=\"row\">Puissance<\/th>\n<td class=\"col data\" data-th=\"Mode de collecte\">550 W<\/td>\n<\/tr>\n<tr>\n<th class=\"col label\" scope=\"row\">Longueur du c\u00e2ble<\/th>\n<td class=\"col data\" data-th=\"Capacit\u00e9 du R\u00e9servoir\">6.2 M<\/td>\n<\/tr>\n<tr>\n<th class=\"col label\" scope=\"row\">Type d&rsquo;aspirateur<\/th>\n<td class=\"col data\" data-th=\"Puissance\">Sans Sac<\/td>\n<\/tr>\n<tr>\n<th class=\"col label\" scope=\"row\">Capacit\u00e9 du r\u00e9servoir<\/th>\n<td class=\"col data\" data-th=\"Utilisation\">2.5 Litres<\/td>\n<\/tr>\n<tr>\n<th class=\"col label\" scope=\"row\">Type de Bac \u00e0 Poussi\u00e8re<\/th>\n<td class=\"col data\" data-th=\"Longueur du c\u00e2ble\">Sans Sac<\/td>\n<\/tr>\n<\/tbody>\n<\/table>","protected":false},"excerpt":{"rendered":"<p>R\u00e9f\u00e9rence PERO4873EA Marque Rowenta Garantie 2 ans Couleur Rouge Puissance 550 W Longueur du c\u00e2ble 6.2 M Type d&rsquo;aspirateur Sans Sac Capacit\u00e9 du r\u00e9servoir 2.5 Litres Type de Bac \u00e0 Poussi\u00e8re Sans Sac<\/p>","protected":false},"featured_media":10200,"comment_status":"open","ping_status":"closed","template":"","meta":[],"product_brand":[578],"product_cat":[30],"product_tag":[],"class_list":{"0":"post-10199","1":"product","2":"type-product","3":"status-publish","4":"has-post-thumbnail","6":"product_brand-roenta","7":"product_cat-aspirateur","9":"first","10":"instock","11":"shipping-taxable","12":"purchasable","13":"product-type-simple"},"_links":{"self":[{"href":"https:\/\/electrobennjima.tn\/en\/wp-json\/wp\/v2\/product\/10199","targetHints":{"allow":["GET"]}}],"collection":[{"href":"https:\/\/electrobennjima.tn\/en\/wp-json\/wp\/v2\/product"}],"about":[{"href":"https:\/\/electrobennjima.tn\/en\/wp-json\/wp\/v2\/types\/product"}],"replies":[{"embeddable":true,"href":"https:\/\/electrobennjima.tn\/en\/wp-json\/wp\/v2\/comments?post=10199"}],"wp:featuredmedia":[{"embeddable":true,"href":"https:\/\/electrobennjima.tn\/en\/wp-json\/wp\/v2\/media\/10200"}],"wp:attachment":[{"href":"https:\/\/electrobennjima.tn\/en\/wp-json\/wp\/v2\/media?parent=10199"}],"wp:term":[{"taxonomy":"product_brand","embeddable":true,"href":"https:\/\/electrobennjima.tn\/en\/wp-json\/wp\/v2\/product_brand?post=10199"},{"taxonomy":"product_cat","embeddable":true,"href":"https:\/\/electrobennjima.tn\/en\/wp-json\/wp\/v2\/product_cat?post=10199"},{"taxonomy":"product_tag","embeddable":true,"href":"https:\/\/electrobennjima.tn\/en\/wp-json\/wp\/v2\/product_tag?post=10199"}],"curies":[{"name":"wp","href":"https:\/\/api.w.org\/{rel}","templated":true}]}}