{"id":10203,"date":"2026-04-13T14:22:07","date_gmt":"2026-04-13T14:22:07","guid":{"rendered":"https:\/\/electrobennjima.tn\/?post_type=product&#038;p=10203"},"modified":"2026-04-13T14:22:07","modified_gmt":"2026-04-13T14:22:07","slug":"aspirateur-eau-et-poussiere","status":"publish","type":"product","link":"https:\/\/electrobennjima.tn\/en\/aspirateur-eau-et-poussiere\/","title":{"rendered":"ASPIRATEUR EAU ET POUSSIERE"},"content":{"rendered":"<table id=\"product-attribute-specs-table\" class=\"data table additional-attributes\">\n<tbody>\n<tr>\n<th class=\"col label\" scope=\"row\">R\u00e9f\u00e9rence<\/th>\n<td class=\"col data\" data-th=\"gtin\">KRWD3SV<\/td>\n<\/tr>\n<tr>\n<th class=\"col label\" scope=\"row\">Marque<\/th>\n<td class=\"col data\" data-th=\"Marque\">KARCHER<\/td>\n<\/tr>\n<tr>\n<th class=\"col label\" scope=\"row\">Type d&rsquo;aspirateur<\/th>\n<td class=\"col data\" data-th=\"Type d'aspirateur\">Tra\u00eeneaux<\/td>\n<\/tr>\n<tr>\n<th class=\"col label\" scope=\"row\">Mode de Nettoyage<\/th>\n<td class=\"col data\" data-th=\"Mode de Nettoyage\">Eau &amp; Poussi\u00e8re<\/td>\n<\/tr>\n<tr>\n<th class=\"col label\" scope=\"row\">Mode de collecte<\/th>\n<td class=\"col data\" data-th=\"Mode de collecte\">Avec Sac<\/td>\n<\/tr>\n<tr>\n<th class=\"col label\" scope=\"row\">Capacit\u00e9 du R\u00e9servoir<\/th>\n<td class=\"col data\" data-th=\"Capacit\u00e9 du R\u00e9servoir\">17 Litres<\/td>\n<\/tr>\n<tr>\n<th class=\"col label\" scope=\"row\">Puissance<\/th>\n<td class=\"col data\" data-th=\"Puissance\">1000 Watts<\/td>\n<\/tr>\n<tr>\n<th class=\"col label\" scope=\"row\">Utilisation<\/th>\n<td class=\"col data\" data-th=\"Utilisation\">Avec Fil<\/td>\n<\/tr>\n<tr>\n<th class=\"col label\" scope=\"row\">Longueur du c\u00e2ble<\/th>\n<td class=\"col data\" data-th=\"Longueur du c\u00e2ble\">4 M\u00e8tres<\/td>\n<\/tr>\n<tr>\n<th class=\"col label\" scope=\"row\">Dimensions<\/th>\n<td class=\"col data\" data-th=\"Dimensions\">L \u00d7 l \u00d7 H: 388 x 340 x 525 mm<\/td>\n<\/tr>\n<tr>\n<th class=\"col label\" scope=\"row\">Poids<\/th>\n<td class=\"col data\" data-th=\"Poids\">5.8<\/td>\n<\/tr>\n<tr>\n<th class=\"col label\" scope=\"row\">Couleur<\/th>\n<td class=\"col data\" data-th=\"Couleur\">Noir et Jaune<\/td>\n<\/tr>\n<tr>\n<th class=\"col label\" scope=\"row\">Garantie<\/th>\n<td class=\"col data\" data-th=\"Garantie\">1 an<\/td>\n<\/tr>\n<\/tbody>\n<\/table>","protected":false},"excerpt":{"rendered":"<p>R\u00e9f\u00e9rence KRWD3SV Marque KARCHER Type d&rsquo;aspirateur Tra\u00eeneaux Mode de Nettoyage Eau &amp; Poussi\u00e8re Mode de collecte Avec Sac Capacit\u00e9 du R\u00e9servoir 17 Litres Puissance 1000 Watts Utilisation Avec Fil Longueur du c\u00e2ble 4 M\u00e8tres Dimensions L \u00d7 l \u00d7 H: 388 x 340 x 525 mm Poids 5.8 Couleur Noir et Jaune Garantie 1 an<\/p>","protected":false},"featured_media":10204,"comment_status":"open","ping_status":"closed","template":"","meta":[],"product_brand":[],"product_cat":[30],"product_tag":[],"class_list":{"0":"post-10203","1":"product","2":"type-product","3":"status-publish","4":"has-post-thumbnail","6":"product_cat-aspirateur","8":"first","9":"instock","10":"shipping-taxable","11":"purchasable","12":"product-type-simple"},"_links":{"self":[{"href":"https:\/\/electrobennjima.tn\/en\/wp-json\/wp\/v2\/product\/10203","targetHints":{"allow":["GET"]}}],"collection":[{"href":"https:\/\/electrobennjima.tn\/en\/wp-json\/wp\/v2\/product"}],"about":[{"href":"https:\/\/electrobennjima.tn\/en\/wp-json\/wp\/v2\/types\/product"}],"replies":[{"embeddable":true,"href":"https:\/\/electrobennjima.tn\/en\/wp-json\/wp\/v2\/comments?post=10203"}],"wp:featuredmedia":[{"embeddable":true,"href":"https:\/\/electrobennjima.tn\/en\/wp-json\/wp\/v2\/media\/10204"}],"wp:attachment":[{"href":"https:\/\/electrobennjima.tn\/en\/wp-json\/wp\/v2\/media?parent=10203"}],"wp:term":[{"taxonomy":"product_brand","embeddable":true,"href":"https:\/\/electrobennjima.tn\/en\/wp-json\/wp\/v2\/product_brand?post=10203"},{"taxonomy":"product_cat","embeddable":true,"href":"https:\/\/electrobennjima.tn\/en\/wp-json\/wp\/v2\/product_cat?post=10203"},{"taxonomy":"product_tag","embeddable":true,"href":"https:\/\/electrobennjima.tn\/en\/wp-json\/wp\/v2\/product_tag?post=10203"}],"curies":[{"name":"wp","href":"https:\/\/api.w.org\/{rel}","templated":true}]}}