{"id":10210,"date":"2026-04-13T14:38:19","date_gmt":"2026-04-13T14:38:19","guid":{"rendered":"https:\/\/electrobennjima.tn\/?post_type=product&#038;p=10210"},"modified":"2026-04-13T14:39:16","modified_gmt":"2026-04-13T14:39:16","slug":"aspirateur-focus-cooper-rouge","status":"publish","type":"product","link":"https:\/\/electrobennjima.tn\/en\/aspirateur-focus-cooper-rouge\/","title":{"rendered":"ASPIRATEUR FOCUS &#8211; ROUGE"},"content":{"rendered":"<p>&nbsp;<\/p>\n<table id=\"product-attribute-specs-table\" class=\"data table additional-attributes\">\n<tbody>\n<tr>\n<th class=\"col label\" scope=\"row\">R\u00e9f\u00e9rence<\/th>\n<td class=\"col data\" data-th=\"gtin\">FM3901R<\/td>\n<\/tr>\n<tr>\n<th class=\"col label\" scope=\"row\">Marque<\/th>\n<td class=\"col data\" data-th=\"Marque\">FOCUS<\/td>\n<\/tr>\n<tr>\n<th class=\"col label\" scope=\"row\">Type d&rsquo;aspirateur<\/th>\n<td class=\"col data\" data-th=\"Type d'aspirateur\">Tra\u00eeneaux<\/td>\n<\/tr>\n<tr>\n<th class=\"col label\" scope=\"row\">Mode de Nettoyage<\/th>\n<td class=\"col data\" data-th=\"Mode de Nettoyage\">Poussi\u00e8re<\/td>\n<\/tr>\n<tr>\n<th class=\"col label\" scope=\"row\">Mode de collecte<\/th>\n<td class=\"col data\" data-th=\"Mode de collecte\">Sans Sac<\/td>\n<\/tr>\n<tr>\n<th class=\"col label\" scope=\"row\">Capacit\u00e9 du R\u00e9servoir<\/th>\n<td class=\"col data\" data-th=\"Capacit\u00e9 du R\u00e9servoir\">3.15 Litres<\/td>\n<\/tr>\n<tr>\n<th class=\"col label\" scope=\"row\">Puissance<\/th>\n<td class=\"col data\" data-th=\"Puissance\">2400 Watts<\/td>\n<\/tr>\n<tr>\n<th class=\"col label\" scope=\"row\">technologie<\/th>\n<td class=\"col data\" data-th=\"technologie\">Cyclonique<\/td>\n<\/tr>\n<tr>\n<th class=\"col label\" scope=\"row\">Utilisation<\/th>\n<td class=\"col data\" data-th=\"Utilisation\">Avec Fil<\/td>\n<\/tr>\n<tr>\n<th class=\"col label\" scope=\"row\">Longueur du c\u00e2ble<\/th>\n<td class=\"col data\" data-th=\"Longueur du c\u00e2ble\">8 M\u00e8tres<\/td>\n<\/tr>\n<tr>\n<th class=\"col label\" scope=\"row\">Couleur<\/th>\n<td class=\"col data\" data-th=\"Couleur\">Rouge<\/td>\n<\/tr>\n<tr>\n<th class=\"col label\" scope=\"row\">Garantie<\/th>\n<td class=\"col data\" data-th=\"Garantie\">2 ans<\/td>\n<\/tr>\n<\/tbody>\n<\/table>","protected":false},"excerpt":{"rendered":"<p>&nbsp; R\u00e9f\u00e9rence FM3901R Marque FOCUS Type d&rsquo;aspirateur Tra\u00eeneaux Mode de Nettoyage Poussi\u00e8re Mode de collecte Sans Sac Capacit\u00e9 du R\u00e9servoir 3.15 Litres Puissance 2400 Watts technologie Cyclonique Utilisation Avec Fil Longueur du c\u00e2ble 8 M\u00e8tres Couleur Rouge Garantie 2 ans<\/p>","protected":false},"featured_media":10211,"comment_status":"open","ping_status":"closed","template":"","meta":[],"product_brand":[63],"product_cat":[30],"product_tag":[],"class_list":{"0":"post-10210","1":"product","2":"type-product","3":"status-publish","4":"has-post-thumbnail","6":"product_brand-focus","7":"product_cat-aspirateur","9":"first","10":"instock","11":"shipping-taxable","12":"purchasable","13":"product-type-simple"},"_links":{"self":[{"href":"https:\/\/electrobennjima.tn\/en\/wp-json\/wp\/v2\/product\/10210","targetHints":{"allow":["GET"]}}],"collection":[{"href":"https:\/\/electrobennjima.tn\/en\/wp-json\/wp\/v2\/product"}],"about":[{"href":"https:\/\/electrobennjima.tn\/en\/wp-json\/wp\/v2\/types\/product"}],"replies":[{"embeddable":true,"href":"https:\/\/electrobennjima.tn\/en\/wp-json\/wp\/v2\/comments?post=10210"}],"wp:featuredmedia":[{"embeddable":true,"href":"https:\/\/electrobennjima.tn\/en\/wp-json\/wp\/v2\/media\/10211"}],"wp:attachment":[{"href":"https:\/\/electrobennjima.tn\/en\/wp-json\/wp\/v2\/media?parent=10210"}],"wp:term":[{"taxonomy":"product_brand","embeddable":true,"href":"https:\/\/electrobennjima.tn\/en\/wp-json\/wp\/v2\/product_brand?post=10210"},{"taxonomy":"product_cat","embeddable":true,"href":"https:\/\/electrobennjima.tn\/en\/wp-json\/wp\/v2\/product_cat?post=10210"},{"taxonomy":"product_tag","embeddable":true,"href":"https:\/\/electrobennjima.tn\/en\/wp-json\/wp\/v2\/product_tag?post=10210"}],"curies":[{"name":"wp","href":"https:\/\/api.w.org\/{rel}","templated":true}]}}