{"id":10216,"date":"2026-04-13T14:54:50","date_gmt":"2026-04-13T14:54:50","guid":{"rendered":"https:\/\/electrobennjima.tn\/?post_type=product&#038;p=10216"},"modified":"2026-04-13T14:54:50","modified_gmt":"2026-04-13T14:54:50","slug":"aspirateur-kenwood","status":"publish","type":"product","link":"https:\/\/electrobennjima.tn\/en\/aspirateur-kenwood\/","title":{"rendered":"ASPIRATEUR KENWOOD"},"content":{"rendered":"<table id=\"product-attribute-specs-table\" class=\"data table additional-attributes\">\n<tbody>\n<tr>\n<th class=\"col label\" scope=\"row\">R\u00e9f\u00e9rence<\/th>\n<td class=\"col data\" data-th=\"gtin\">PEVBP70.000<\/td>\n<\/tr>\n<tr>\n<th class=\"col label\" scope=\"row\">Marque<\/th>\n<td class=\"col data\" data-th=\"Marque\">Kenwood<\/td>\n<\/tr>\n<tr>\n<th class=\"col label\" scope=\"row\">Type d&rsquo;aspirateur<\/th>\n<td class=\"col data\" data-th=\"Type d'aspirateur\">Sans Sac<\/td>\n<\/tr>\n<tr>\n<th class=\"col label\" scope=\"row\">Puissance<\/th>\n<td class=\"col data\" data-th=\"Mode de Nettoyage\">2000 W<\/td>\n<\/tr>\n<tr>\n<th class=\"col label\" scope=\"row\"><strong>Capacit\u00e9 du r\u00e9servoir \u00e0 poussi\u00e8re<\/strong><\/th>\n<td class=\"col data\" data-th=\"Mode de collecte\">3L<\/td>\n<\/tr>\n<tr>\n<th class=\"col label\" scope=\"row\"><strong>C\u00e2ble<\/strong><\/th>\n<td class=\"col data\" data-th=\"Capacit\u00e9 du R\u00e9servoir\">5M<\/td>\n<\/tr>\n<tr>\n<th class=\"col label\" scope=\"row\"><strong>Filtre<\/strong><\/th>\n<td class=\"col data\" data-th=\"Puissance\">\u00a0HEPA<\/td>\n<\/tr>\n<tr>\n<th class=\"col label\" scope=\"row\">Fonction<\/th>\n<td class=\"col data\" data-th=\"technologie\">\n<ul>\n<li>Multi cyclonique<\/li>\n<li>\u00a0Anti bact\u00e9ries<\/li>\n<li>\u00a0Tube t\u00e9lescopique en m\u00e9tal<\/li>\n<li>\u00a0Brosse a plancher<\/li>\n<li>\u00a0Suceur plat<\/li>\n<\/ul>\n<\/td>\n<\/tr>\n<tr>\n<th class=\"col label\" scope=\"row\"><strong>Dimensions<\/strong><\/th>\n<td class=\"col data\" data-th=\"Utilisation\">30 x 30 x 40 cm<\/td>\n<\/tr>\n<tr>\n<th class=\"col label\" scope=\"row\"><strong>Poids<\/strong><\/th>\n<td class=\"col data\" data-th=\"Longueur du c\u00e2ble\">\u00a05.76 kg<\/td>\n<\/tr>\n<tr>\n<th class=\"col label\" scope=\"row\">Garantie<\/th>\n<td class=\"col data\" data-th=\"Couleur\">1 an<\/td>\n<\/tr>\n<\/tbody>\n<\/table>","protected":false},"excerpt":{"rendered":"<p>R\u00e9f\u00e9rence PEVBP70.000 Marque Kenwood Type d&rsquo;aspirateur Sans Sac Puissance 2000 W Capacit\u00e9 du r\u00e9servoir \u00e0 poussi\u00e8re 3L C\u00e2ble 5M Filtre \u00a0HEPA Fonction Multi cyclonique \u00a0Anti bact\u00e9ries \u00a0Tube t\u00e9lescopique en m\u00e9tal \u00a0Brosse a plancher \u00a0Suceur plat Dimensions 30 x 30 x 40 cm Poids \u00a05.76 kg Garantie 1 an<\/p>","protected":false},"featured_media":10217,"comment_status":"open","ping_status":"closed","template":"","meta":[],"product_brand":[77],"product_cat":[30],"product_tag":[],"class_list":{"0":"post-10216","1":"product","2":"type-product","3":"status-publish","4":"has-post-thumbnail","6":"product_brand-kenwood","7":"product_cat-aspirateur","9":"first","10":"instock","11":"shipping-taxable","12":"purchasable","13":"product-type-simple"},"_links":{"self":[{"href":"https:\/\/electrobennjima.tn\/en\/wp-json\/wp\/v2\/product\/10216","targetHints":{"allow":["GET"]}}],"collection":[{"href":"https:\/\/electrobennjima.tn\/en\/wp-json\/wp\/v2\/product"}],"about":[{"href":"https:\/\/electrobennjima.tn\/en\/wp-json\/wp\/v2\/types\/product"}],"replies":[{"embeddable":true,"href":"https:\/\/electrobennjima.tn\/en\/wp-json\/wp\/v2\/comments?post=10216"}],"wp:featuredmedia":[{"embeddable":true,"href":"https:\/\/electrobennjima.tn\/en\/wp-json\/wp\/v2\/media\/10217"}],"wp:attachment":[{"href":"https:\/\/electrobennjima.tn\/en\/wp-json\/wp\/v2\/media?parent=10216"}],"wp:term":[{"taxonomy":"product_brand","embeddable":true,"href":"https:\/\/electrobennjima.tn\/en\/wp-json\/wp\/v2\/product_brand?post=10216"},{"taxonomy":"product_cat","embeddable":true,"href":"https:\/\/electrobennjima.tn\/en\/wp-json\/wp\/v2\/product_cat?post=10216"},{"taxonomy":"product_tag","embeddable":true,"href":"https:\/\/electrobennjima.tn\/en\/wp-json\/wp\/v2\/product_tag?post=10216"}],"curies":[{"name":"wp","href":"https:\/\/api.w.org\/{rel}","templated":true}]}}