{"id":10231,"date":"2026-04-13T15:44:13","date_gmt":"2026-04-13T15:44:13","guid":{"rendered":"https:\/\/electrobennjima.tn\/?post_type=product&#038;p=10231"},"modified":"2026-04-14T22:04:56","modified_gmt":"2026-04-14T22:04:56","slug":"aspirateur-samsung","status":"publish","type":"product","link":"https:\/\/electrobennjima.tn\/en\/aspirateur-samsung\/","title":{"rendered":"ASPIRATEUR SAMSUNG"},"content":{"rendered":"<p>&nbsp;<\/p>\n<table id=\"product-attribute-specs-table\" class=\"data table additional-attributes\" style=\"height: 401px;\" width=\"1329\">\n<tbody>\n<tr>\n<th class=\"col label\" scope=\"row\">R\u00e9f\u00e9rence<\/th>\n<td class=\"col data\" data-th=\"gtin\">PESC4581<\/td>\n<\/tr>\n<tr>\n<th class=\"col label\" scope=\"row\">Marque<\/th>\n<td class=\"col data\" data-th=\"Marque\">Samsung<\/td>\n<\/tr>\n<tr>\n<th class=\"col label\" scope=\"row\">Garantie<\/th>\n<td class=\"col data\" data-th=\"Type d'aspirateur\">1 an<\/td>\n<\/tr>\n<tr>\n<th class=\"col label\" scope=\"row\">Couleur<\/th>\n<td class=\"col data\" data-th=\"Mode de Nettoyage\">Noir<\/td>\n<\/tr>\n<tr>\n<th class=\"col label\" scope=\"row\">Puissance<\/th>\n<td class=\"col data\" data-th=\"Mode de collecte\">2000 W<\/td>\n<\/tr>\n<tr>\n<th class=\"col label\" scope=\"row\">Longueur du c\u00e2ble<\/th>\n<td class=\"col data\" data-th=\"Capacit\u00e9 du R\u00e9servoir\">6 m<\/td>\n<\/tr>\n<tr>\n<th class=\"col label\" scope=\"row\">Type d&rsquo;aspirateur<\/th>\n<td class=\"col data\" data-th=\"Puissance\">Sans Sac<\/td>\n<\/tr>\n<tr>\n<th class=\"col label\" scope=\"row\">Capacit\u00e9 du r\u00e9servoir<\/th>\n<td class=\"col data\" data-th=\"Utilisation\">1.3 Litres<\/td>\n<\/tr>\n<tr>\n<th class=\"col label\" scope=\"row\">Type de Bac \u00e0 Poussi\u00e8re<\/th>\n<td class=\"col data\" data-th=\"Longueur du c\u00e2ble\">Sans Sac<\/td>\n<\/tr>\n<tr>\n<th class=\"col label\" scope=\"row\">Dimensions<\/th>\n<td class=\"col data\" data-th=\"Dimensions\">316 x 310 x 502 mm<\/td>\n<\/tr>\n<\/tbody>\n<\/table>","protected":false},"excerpt":{"rendered":"<p>&nbsp; R\u00e9f\u00e9rence PESC4581 Marque Samsung Garantie 1 an Couleur Noir Puissance 2000 W Longueur du c\u00e2ble 6 m Type d&rsquo;aspirateur Sans Sac Capacit\u00e9 du r\u00e9servoir 1.3 Litres Type de Bac \u00e0 Poussi\u00e8re Sans Sac Dimensions 316 x 310 x 502 mm<\/p>","protected":false},"featured_media":10232,"comment_status":"open","ping_status":"closed","template":"","meta":[],"product_brand":[188],"product_cat":[30],"product_tag":[],"class_list":{"0":"post-10231","1":"product","2":"type-product","3":"status-publish","4":"has-post-thumbnail","6":"product_brand-karcher","7":"product_cat-aspirateur","9":"first","10":"instock","11":"shipping-taxable","12":"purchasable","13":"product-type-simple"},"_links":{"self":[{"href":"https:\/\/electrobennjima.tn\/en\/wp-json\/wp\/v2\/product\/10231","targetHints":{"allow":["GET"]}}],"collection":[{"href":"https:\/\/electrobennjima.tn\/en\/wp-json\/wp\/v2\/product"}],"about":[{"href":"https:\/\/electrobennjima.tn\/en\/wp-json\/wp\/v2\/types\/product"}],"replies":[{"embeddable":true,"href":"https:\/\/electrobennjima.tn\/en\/wp-json\/wp\/v2\/comments?post=10231"}],"wp:featuredmedia":[{"embeddable":true,"href":"https:\/\/electrobennjima.tn\/en\/wp-json\/wp\/v2\/media\/10232"}],"wp:attachment":[{"href":"https:\/\/electrobennjima.tn\/en\/wp-json\/wp\/v2\/media?parent=10231"}],"wp:term":[{"taxonomy":"product_brand","embeddable":true,"href":"https:\/\/electrobennjima.tn\/en\/wp-json\/wp\/v2\/product_brand?post=10231"},{"taxonomy":"product_cat","embeddable":true,"href":"https:\/\/electrobennjima.tn\/en\/wp-json\/wp\/v2\/product_cat?post=10231"},{"taxonomy":"product_tag","embeddable":true,"href":"https:\/\/electrobennjima.tn\/en\/wp-json\/wp\/v2\/product_tag?post=10231"}],"curies":[{"name":"wp","href":"https:\/\/api.w.org\/{rel}","templated":true}]}}