{"id":10407,"date":"2026-04-29T15:53:28","date_gmt":"2026-04-29T15:53:28","guid":{"rendered":"https:\/\/electrobennjima.tn\/?post_type=product&#038;p=10407"},"modified":"2026-04-29T15:53:29","modified_gmt":"2026-04-29T15:53:29","slug":"batteur-tristar-electrique-blanc","status":"publish","type":"product","link":"https:\/\/electrobennjima.tn\/en\/batteur-tristar-electrique-blanc\/","title":{"rendered":"BATTEUR TRISTAR ELECTRIQUE &#8211; BLANC"},"content":{"rendered":"<p>&nbsp;<\/p>\n<table id=\"product-attribute-specs-table\" class=\"data table additional-attributes\" style=\"height: 401px;\" width=\"1329\">\n<tbody>\n<tr>\n<th class=\"col label\" scope=\"row\">R\u00e9f\u00e9rence<\/th>\n<td class=\"col data\" data-th=\"gtin\">PEMX-4202<\/td>\n<\/tr>\n<tr>\n<th class=\"col label\" scope=\"row\">Marque<\/th>\n<td class=\"col data\" data-th=\"Marque\">Tristar<\/td>\n<\/tr>\n<tr>\n<th class=\"col label\" scope=\"row\">Garantie<\/th>\n<td class=\"col data\" data-th=\"Type d'aspirateur\">1 an<\/td>\n<\/tr>\n<tr>\n<th class=\"col label\" scope=\"row\">Couleur<\/th>\n<td class=\"col data\" data-th=\"Mode de Nettoyage\">Blanc<\/td>\n<\/tr>\n<tr>\n<th class=\"col label\" scope=\"row\">Puissance<\/th>\n<td class=\"col data\" data-th=\"Mode de collecte\">200 Watts<\/td>\n<\/tr>\n<tr>\n<th class=\"col label\" scope=\"row\">Nombre de vitesses<\/th>\n<td class=\"col data\" data-th=\"Capacit\u00e9 du R\u00e9servoir\">5 Vitesse<\/td>\n<\/tr>\n<tr>\n<th class=\"col label\" scope=\"row\"> Capacit\u00e9 du bol<\/th>\n<td class=\"col data\" data-th=\"Puissance\">Sans bol<\/td>\n<\/tr>\n<tr>\n<th class=\"col label\" scope=\"row\">Mati\u00e8re<\/th>\n<td class=\"col data\" data-th=\"Puissance\">Plastique<\/td>\n<\/tr>\n<tr>\n<\/tr>\n<\/tbody>\n<\/table>","protected":false},"excerpt":{"rendered":"<p>&nbsp; R\u00e9f\u00e9rence PEMX-4202 Marque Tristar Garantie 1 an Couleur Blanc Puissance 200 Watts Nombre de vitesses 5 Vitesse Capacit\u00e9 du bol Sans bol Mati\u00e8re Plastique<\/p>","protected":false},"featured_media":10408,"comment_status":"open","ping_status":"closed","template":"","meta":[],"product_brand":[122],"product_cat":[566],"product_tag":[],"class_list":{"0":"post-10407","1":"product","2":"type-product","3":"status-publish","4":"has-post-thumbnail","6":"product_brand-tristar","7":"product_cat-batteur","9":"first","10":"instock","11":"shipping-taxable","12":"purchasable","13":"product-type-simple"},"yoast_head":"<!-- This site is optimized with the Yoast SEO plugin v27.5 - https:\/\/yoast.com\/product\/yoast-seo-wordpress\/ -->\n<title>BATTEUR TRISTAR ELECTRIQUE - BLANC - electrobennjima<\/title>\n<meta name=\"robots\" content=\"index, follow, max-snippet:-1, max-image-preview:large, max-video-preview:-1\" \/>\n<link rel=\"canonical\" href=\"https:\/\/electrobennjima.tn\/en\/batteur-tristar-electrique-blanc\/\" \/>\n<meta property=\"og:locale\" content=\"en_US\" \/>\n<meta property=\"og:type\" content=\"article\" \/>\n<meta property=\"og:title\" content=\"BATTEUR TRISTAR ELECTRIQUE - BLANC - electrobennjima\" \/>\n<meta property=\"og:description\" content=\"&nbsp; R\u00e9f\u00e9rence PEMX-4202 Marque Tristar Garantie 1 an Couleur Blanc Puissance 200 Watts Nombre de vitesses 5 Vitesse Capacit\u00e9 du bol Sans bol Mati\u00e8re Plastique\" \/>\n<meta property=\"og:url\" content=\"https:\/\/electrobennjima.tn\/en\/batteur-tristar-electrique-blanc\/\" \/>\n<meta property=\"og:site_name\" content=\"electrobennjima\" \/>\n<meta property=\"article:modified_time\" content=\"2026-04-29T15:53:29+00:00\" \/>\n<meta property=\"og:image\" content=\"https:\/\/electrobennjima.tn\/wp-content\/uploads\/2026\/04\/media-1.webp\" \/>\n\t<meta property=\"og:image:width\" content=\"1500\" \/>\n\t<meta property=\"og:image:height\" content=\"1500\" \/>\n\t<meta property=\"og:image:type\" content=\"image\/webp\" \/>\n<meta name=\"twitter:card\" content=\"summary_large_image\" \/>\n<script type=\"application\/ld+json\" class=\"yoast-schema-graph\">{\"@context\":\"https:\\\/\\\/schema.org\",\"@graph\":[{\"@type\":\"WebPage\",\"@id\":\"https:\\\/\\\/electrobennjima.tn\\\/batteur-tristar-electrique-blanc\\\/\",\"url\":\"https:\\\/\\\/electrobennjima.tn\\\/batteur-tristar-electrique-blanc\\\/\",\"name\":\"BATTEUR TRISTAR ELECTRIQUE - BLANC - electrobennjima\",\"isPartOf\":{\"@id\":\"https:\\\/\\\/electrobennjima.tn\\\/#website\"},\"primaryImageOfPage\":{\"@id\":\"https:\\\/\\\/electrobennjima.tn\\\/batteur-tristar-electrique-blanc\\\/#primaryimage\"},\"image\":{\"@id\":\"https:\\\/\\\/electrobennjima.tn\\\/batteur-tristar-electrique-blanc\\\/#primaryimage\"},\"thumbnailUrl\":\"https:\\\/\\\/electrobennjima.tn\\\/wp-content\\\/uploads\\\/2026\\\/04\\\/media-1.webp\",\"datePublished\":\"2026-04-29T15:53:28+00:00\",\"dateModified\":\"2026-04-29T15:53:29+00:00\",\"breadcrumb\":{\"@id\":\"https:\\\/\\\/electrobennjima.tn\\\/batteur-tristar-electrique-blanc\\\/#breadcrumb\"},\"inLanguage\":\"en-US\",\"potentialAction\":[{\"@type\":\"ReadAction\",\"target\":[\"https:\\\/\\\/electrobennjima.tn\\\/batteur-tristar-electrique-blanc\\\/\"]}]},{\"@type\":\"ImageObject\",\"inLanguage\":\"en-US\",\"@id\":\"https:\\\/\\\/electrobennjima.tn\\\/batteur-tristar-electrique-blanc\\\/#primaryimage\",\"url\":\"https:\\\/\\\/electrobennjima.tn\\\/wp-content\\\/uploads\\\/2026\\\/04\\\/media-1.webp\",\"contentUrl\":\"https:\\\/\\\/electrobennjima.tn\\\/wp-content\\\/uploads\\\/2026\\\/04\\\/media-1.webp\",\"width\":1500,\"height\":1500},{\"@type\":\"BreadcrumbList\",\"@id\":\"https:\\\/\\\/electrobennjima.tn\\\/batteur-tristar-electrique-blanc\\\/#breadcrumb\",\"itemListElement\":[{\"@type\":\"ListItem\",\"position\":1,\"name\":\"Accueil\",\"item\":\"https:\\\/\\\/electrobennjima.tn\\\/\"},{\"@type\":\"ListItem\",\"position\":2,\"name\":\"Shop\",\"item\":\"https:\\\/\\\/electrobennjima.tn\\\/shop\\\/\"},{\"@type\":\"ListItem\",\"position\":3,\"name\":\"BATTEUR TRISTAR ELECTRIQUE &#8211; BLANC\"}]},{\"@type\":\"WebSite\",\"@id\":\"https:\\\/\\\/electrobennjima.tn\\\/#website\",\"url\":\"https:\\\/\\\/electrobennjima.tn\\\/\",\"name\":\"electrobennjima\",\"description\":\"\",\"potentialAction\":[{\"@type\":\"SearchAction\",\"target\":{\"@type\":\"EntryPoint\",\"urlTemplate\":\"https:\\\/\\\/electrobennjima.tn\\\/?s={search_term_string}\"},\"query-input\":{\"@type\":\"PropertyValueSpecification\",\"valueRequired\":true,\"valueName\":\"search_term_string\"}}],\"inLanguage\":\"en-US\"}]}<\/script>\n<!-- \/ Yoast SEO plugin. -->","yoast_head_json":{"title":"BATTEUR TRISTAR ELECTRIQUE - BLANC - electrobennjima","robots":{"index":"index","follow":"follow","max-snippet":"max-snippet:-1","max-image-preview":"max-image-preview:large","max-video-preview":"max-video-preview:-1"},"canonical":"https:\/\/electrobennjima.tn\/en\/batteur-tristar-electrique-blanc\/","og_locale":"en_US","og_type":"article","og_title":"BATTEUR TRISTAR ELECTRIQUE - BLANC - electrobennjima","og_description":"&nbsp; R\u00e9f\u00e9rence PEMX-4202 Marque Tristar Garantie 1 an Couleur Blanc Puissance 200 Watts Nombre de vitesses 5 Vitesse Capacit\u00e9 du bol Sans bol Mati\u00e8re Plastique","og_url":"https:\/\/electrobennjima.tn\/en\/batteur-tristar-electrique-blanc\/","og_site_name":"electrobennjima","article_modified_time":"2026-04-29T15:53:29+00:00","og_image":[{"width":1500,"height":1500,"url":"https:\/\/electrobennjima.tn\/wp-content\/uploads\/2026\/04\/media-1.webp","type":"image\/webp"}],"twitter_card":"summary_large_image","schema":{"@context":"https:\/\/schema.org","@graph":[{"@type":"WebPage","@id":"https:\/\/electrobennjima.tn\/batteur-tristar-electrique-blanc\/","url":"https:\/\/electrobennjima.tn\/batteur-tristar-electrique-blanc\/","name":"BATTEUR TRISTAR ELECTRIQUE - BLANC - electrobennjima","isPartOf":{"@id":"https:\/\/electrobennjima.tn\/#website"},"primaryImageOfPage":{"@id":"https:\/\/electrobennjima.tn\/batteur-tristar-electrique-blanc\/#primaryimage"},"image":{"@id":"https:\/\/electrobennjima.tn\/batteur-tristar-electrique-blanc\/#primaryimage"},"thumbnailUrl":"https:\/\/electrobennjima.tn\/wp-content\/uploads\/2026\/04\/media-1.webp","datePublished":"2026-04-29T15:53:28+00:00","dateModified":"2026-04-29T15:53:29+00:00","breadcrumb":{"@id":"https:\/\/electrobennjima.tn\/batteur-tristar-electrique-blanc\/#breadcrumb"},"inLanguage":"en-US","potentialAction":[{"@type":"ReadAction","target":["https:\/\/electrobennjima.tn\/batteur-tristar-electrique-blanc\/"]}]},{"@type":"ImageObject","inLanguage":"en-US","@id":"https:\/\/electrobennjima.tn\/batteur-tristar-electrique-blanc\/#primaryimage","url":"https:\/\/electrobennjima.tn\/wp-content\/uploads\/2026\/04\/media-1.webp","contentUrl":"https:\/\/electrobennjima.tn\/wp-content\/uploads\/2026\/04\/media-1.webp","width":1500,"height":1500},{"@type":"BreadcrumbList","@id":"https:\/\/electrobennjima.tn\/batteur-tristar-electrique-blanc\/#breadcrumb","itemListElement":[{"@type":"ListItem","position":1,"name":"Accueil","item":"https:\/\/electrobennjima.tn\/"},{"@type":"ListItem","position":2,"name":"Shop","item":"https:\/\/electrobennjima.tn\/shop\/"},{"@type":"ListItem","position":3,"name":"BATTEUR TRISTAR ELECTRIQUE &#8211; BLANC"}]},{"@type":"WebSite","@id":"https:\/\/electrobennjima.tn\/#website","url":"https:\/\/electrobennjima.tn\/","name":"electrobennjima","description":"","potentialAction":[{"@type":"SearchAction","target":{"@type":"EntryPoint","urlTemplate":"https:\/\/electrobennjima.tn\/?s={search_term_string}"},"query-input":{"@type":"PropertyValueSpecification","valueRequired":true,"valueName":"search_term_string"}}],"inLanguage":"en-US"}]}},"_links":{"self":[{"href":"https:\/\/electrobennjima.tn\/en\/wp-json\/wp\/v2\/product\/10407","targetHints":{"allow":["GET"]}}],"collection":[{"href":"https:\/\/electrobennjima.tn\/en\/wp-json\/wp\/v2\/product"}],"about":[{"href":"https:\/\/electrobennjima.tn\/en\/wp-json\/wp\/v2\/types\/product"}],"replies":[{"embeddable":true,"href":"https:\/\/electrobennjima.tn\/en\/wp-json\/wp\/v2\/comments?post=10407"}],"wp:featuredmedia":[{"embeddable":true,"href":"https:\/\/electrobennjima.tn\/en\/wp-json\/wp\/v2\/media\/10408"}],"wp:attachment":[{"href":"https:\/\/electrobennjima.tn\/en\/wp-json\/wp\/v2\/media?parent=10407"}],"wp:term":[{"taxonomy":"product_brand","embeddable":true,"href":"https:\/\/electrobennjima.tn\/en\/wp-json\/wp\/v2\/product_brand?post=10407"},{"taxonomy":"product_cat","embeddable":true,"href":"https:\/\/electrobennjima.tn\/en\/wp-json\/wp\/v2\/product_cat?post=10407"},{"taxonomy":"product_tag","embeddable":true,"href":"https:\/\/electrobennjima.tn\/en\/wp-json\/wp\/v2\/product_tag?post=10407"}],"curies":[{"name":"wp","href":"https:\/\/api.w.org\/{rel}","templated":true}]}}