{"id":10424,"date":"2026-04-30T07:48:12","date_gmt":"2026-04-30T07:48:12","guid":{"rendered":"https:\/\/electrobennjima.tn\/?post_type=product&#038;p=10424"},"modified":"2026-04-30T07:48:12","modified_gmt":"2026-04-30T07:48:12","slug":"blender-moulinex-noir","status":"publish","type":"product","link":"https:\/\/electrobennjima.tn\/en\/blender-moulinex-noir\/","title":{"rendered":"BLENDER MOULINEX &#8211; NOIR"},"content":{"rendered":"<p>&nbsp;<\/p>\n<table id=\"product-attribute-specs-table\" class=\"data table additional-attributes\" style=\"height: 401px;\" width=\"1329\">\n<tbody>\n<tr>\n<th class=\"col label\" scope=\"row\">R\u00e9f\u00e9rence<\/th>\n<td class=\"col data\" data-th=\"gtin\">PELM2428EG<\/td>\n<\/tr>\n<tr>\n<th class=\"col label\" scope=\"row\">Marque<\/th>\n<td class=\"col data\" data-th=\"Marque\">Moulinex<\/td>\n<\/tr>\n<tr>\n<th class=\"col label\" scope=\"row\">Garantie<\/th>\n<td class=\"col data\" data-th=\"Type d'aspirateur\">1 an<\/td>\n<\/tr>\n<tr>\n<th class=\"col label\" scope=\"row\">Couleur<\/th>\n<td class=\"col data\" data-th=\"Mode de Nettoyage\">Noir<\/td>\n<\/tr>\n<tr>\n<th class=\"col label\" scope=\"row\">Puissance<\/th>\n<td class=\"col data\" data-th=\"Mode de collecte\">400 Watts<\/td>\n<\/tr>\n<tr>\n<th class=\"col label\" scope=\"row\">Nombre de vitesses<\/th>\n<td class=\"col data\" data-th=\"Capacit\u00e9 du R\u00e9servoir\">Monovitesse<\/td>\n<\/tr>\n<tr>\n<th class=\"col label\" scope=\"row\">Capacit\u00e9 du bol<\/th>\n<td class=\"col data\" data-th=\"Puissance\">0.8 Litre<\/td>\n<\/tr>\n<tr>\n<th class=\"col label\" scope=\"row\">vitesse<\/th>\n<td class=\"col data\" data-th=\"Puissance\">1 Vitesse + Pulse<\/td>\n<\/tr>\n<tr>\n<th class=\"col label\" scope=\"row\">Lames<\/th>\n<td class=\"col data\" data-th=\"Puissance\">en acier inoxydable<\/td>\n<\/tr>\n<\/tbody>\n<\/table>","protected":false},"excerpt":{"rendered":"<p>&nbsp; R\u00e9f\u00e9rence PELM2428EG Marque Moulinex Garantie 1 an Couleur Noir Puissance 400 Watts Nombre de vitesses Monovitesse Capacit\u00e9 du bol 0.8 Litre vitesse 1 Vitesse + Pulse Lames en acier inoxydable<\/p>","protected":false},"featured_media":10425,"comment_status":"open","ping_status":"closed","template":"","meta":[],"product_brand":[34],"product_cat":[36],"product_tag":[],"class_list":{"0":"post-10424","1":"product","2":"type-product","3":"status-publish","4":"has-post-thumbnail","6":"product_brand-moulinex","7":"product_cat-blender","9":"first","10":"instock","11":"shipping-taxable","12":"purchasable","13":"product-type-simple"},"_links":{"self":[{"href":"https:\/\/electrobennjima.tn\/en\/wp-json\/wp\/v2\/product\/10424","targetHints":{"allow":["GET"]}}],"collection":[{"href":"https:\/\/electrobennjima.tn\/en\/wp-json\/wp\/v2\/product"}],"about":[{"href":"https:\/\/electrobennjima.tn\/en\/wp-json\/wp\/v2\/types\/product"}],"replies":[{"embeddable":true,"href":"https:\/\/electrobennjima.tn\/en\/wp-json\/wp\/v2\/comments?post=10424"}],"wp:featuredmedia":[{"embeddable":true,"href":"https:\/\/electrobennjima.tn\/en\/wp-json\/wp\/v2\/media\/10425"}],"wp:attachment":[{"href":"https:\/\/electrobennjima.tn\/en\/wp-json\/wp\/v2\/media?parent=10424"}],"wp:term":[{"taxonomy":"product_brand","embeddable":true,"href":"https:\/\/electrobennjima.tn\/en\/wp-json\/wp\/v2\/product_brand?post=10424"},{"taxonomy":"product_cat","embeddable":true,"href":"https:\/\/electrobennjima.tn\/en\/wp-json\/wp\/v2\/product_cat?post=10424"},{"taxonomy":"product_tag","embeddable":true,"href":"https:\/\/electrobennjima.tn\/en\/wp-json\/wp\/v2\/product_tag?post=10424"}],"curies":[{"name":"wp","href":"https:\/\/api.w.org\/{rel}","templated":true}]}}