{"id":10468,"date":"2026-05-13T09:38:12","date_gmt":"2026-05-13T09:38:12","guid":{"rendered":"https:\/\/electrobennjima.tn\/?post_type=product&#038;p=10468"},"modified":"2026-05-13T09:38:12","modified_gmt":"2026-05-13T09:38:12","slug":"machine-a-laver-biolux-semi-automatique-14kg","status":"publish","type":"product","link":"https:\/\/electrobennjima.tn\/en\/machine-a-laver-biolux-semi-automatique-14kg\/","title":{"rendered":"MACHINE A LAVER BIOLUX SEMI AUTOMATIQUE 14KG"},"content":{"rendered":"<table id=\"product-attribute-specs-table\" class=\"data table additional-attributes\">\n<tbody>\n<tr>\n<th class=\"col label\" scope=\"row\">Marque<\/th>\n<td class=\"col data\" data-th=\"Prix\"><span class=\"price\">Biolux<\/span><\/td>\n<\/tr>\n<tr>\n<th class=\"col label\" scope=\"row\">R\u00e9f\u00e9rence<\/th>\n<td class=\"col data\" data-th=\"R\u00e9f\u00e9rence:\">MLBX14KG<\/td>\n<\/tr>\n<tr>\n<th class=\"col label\" scope=\"row\">Garantie<\/th>\n<td class=\"col data\" data-th=\"Garantie:\">1 an<\/td>\n<\/tr>\n<tr>\n<th class=\"col label\" scope=\"row\">\u00a0Dimensions<\/th>\n<td class=\"col data\" data-th=\"Classe \u00e9nerg\u00e9tique\">90.2 x 53.7 x 98.4 cm<\/td>\n<\/tr>\n<tr>\n<th class=\"col label\" scope=\"row\">Nombre de programmes<\/th>\n<td class=\"col data\" data-th=\"Nombre de programmes\">2<\/td>\n<\/tr>\n<tr>\n<th class=\"col label\" scope=\"row\">Type Machin \u00e0 Laver<\/th>\n<td class=\"col data\" data-th=\"Type Machin \u00e0 Laver \">Semi &#8211; Automatique<\/td>\n<\/tr>\n<tr>\n<th class=\"col label\" scope=\"row\">Tambour en Mode Lavage<\/th>\n<td class=\"col data\" data-th=\"Fonctions &amp; Technologie\">Tourne \u00e0 droite<\/td>\n<\/tr>\n<tr>\n<th class=\"col label\" scope=\"row\">Capacit\u00e9<\/th>\n<td class=\"col data\" data-th=\"Capacit\u00e9\">de 10 Kg et Plus<\/td>\n<\/tr>\n<tr>\n<th class=\"col label\" scope=\"row\">2 Programmes de Lavage<\/th>\n<td class=\"col data\" data-th=\"Capacit\u00e9\">Rin\u00e7age S\u00e9par\u00e9, Vidange d&rsquo;eau au lavage et essorage<\/td>\n<\/tr>\n<tr>\n<th class=\"col label\" scope=\"row\">Capacit\u00e9 d&rsquo;essorage<\/th>\n<td class=\"col data\" data-th=\"Capacit\u00e9\">14\u202fkg<\/td>\n<\/tr>\n<tr>\n<th class=\"col label\" scope=\"row\">Couleur<\/th>\n<td class=\"col data\" data-th=\"Couleur:\">Blanc, Noir<\/td>\n<\/tr>\n<\/tbody>\n<\/table>","protected":false},"excerpt":{"rendered":"<p>Marque Biolux R\u00e9f\u00e9rence MLBX14KG Garantie 1 an \u00a0Dimensions 90.2 x 53.7 x 98.4 cm Nombre de programmes 2 Type Machin \u00e0 Laver Semi &#8211; Automatique Tambour en Mode Lavage Tourne \u00e0 droite Capacit\u00e9 de 10 Kg et Plus 2 Programmes de Lavage Rin\u00e7age S\u00e9par\u00e9, Vidange d&rsquo;eau au lavage et essorage Capacit\u00e9 d&rsquo;essorage 14\u202fkg Couleur Blanc, [&hellip;]<\/p>","protected":false},"featured_media":10469,"comment_status":"open","ping_status":"closed","template":"","meta":[],"product_brand":[184],"product_cat":[41],"product_tag":[],"class_list":{"0":"post-10468","1":"product","2":"type-product","3":"status-publish","4":"has-post-thumbnail","6":"product_brand-biolux","7":"product_cat-machine-a-laver-semi-automatique","9":"first","10":"instock","11":"shipping-taxable","12":"purchasable","13":"product-type-simple"},"yoast_head":"<!-- This site is optimized with the Yoast SEO plugin v27.5 - https:\/\/yoast.com\/product\/yoast-seo-wordpress\/ -->\n<title>MACHINE A LAVER BIOLUX SEMI AUTOMATIQUE 14KG - electrobennjima<\/title>\n<meta name=\"robots\" content=\"index, follow, max-snippet:-1, max-image-preview:large, max-video-preview:-1\" \/>\n<link rel=\"canonical\" href=\"https:\/\/electrobennjima.tn\/en\/machine-a-laver-biolux-semi-automatique-14kg\/\" \/>\n<meta property=\"og:locale\" content=\"en_US\" \/>\n<meta property=\"og:type\" content=\"article\" \/>\n<meta property=\"og:title\" content=\"MACHINE A LAVER BIOLUX SEMI AUTOMATIQUE 14KG - electrobennjima\" \/>\n<meta property=\"og:description\" content=\"Marque Biolux R\u00e9f\u00e9rence MLBX14KG Garantie 1 an \u00a0Dimensions 90.2 x 53.7 x 98.4 cm Nombre de programmes 2 Type Machin \u00e0 Laver Semi &#8211; Automatique Tambour en Mode Lavage Tourne \u00e0 droite Capacit\u00e9 de 10 Kg et Plus 2 Programmes de Lavage Rin\u00e7age S\u00e9par\u00e9, Vidange d&rsquo;eau au lavage et essorage Capacit\u00e9 d&rsquo;essorage 14\u202fkg Couleur Blanc, [&hellip;]\" \/>\n<meta property=\"og:url\" content=\"https:\/\/electrobennjima.tn\/en\/machine-a-laver-biolux-semi-automatique-14kg\/\" \/>\n<meta property=\"og:site_name\" content=\"electrobennjima\" \/>\n<meta property=\"og:image\" content=\"https:\/\/electrobennjima.tn\/wp-content\/uploads\/2026\/05\/biolux_machine_laver_dt140_14_kg_blanc_semi-automatique_-_graiet_-_tunisie.jpg\" \/>\n\t<meta property=\"og:image:width\" content=\"850\" \/>\n\t<meta property=\"og:image:height\" content=\"850\" \/>\n\t<meta property=\"og:image:type\" content=\"image\/jpeg\" \/>\n<meta name=\"twitter:card\" content=\"summary_large_image\" \/>\n<meta name=\"twitter:label1\" content=\"Est. reading time\" \/>\n\t<meta name=\"twitter:data1\" content=\"1 minute\" \/>\n<script type=\"application\/ld+json\" class=\"yoast-schema-graph\">{\"@context\":\"https:\\\/\\\/schema.org\",\"@graph\":[{\"@type\":\"WebPage\",\"@id\":\"https:\\\/\\\/electrobennjima.tn\\\/machine-a-laver-biolux-semi-automatique-14kg\\\/\",\"url\":\"https:\\\/\\\/electrobennjima.tn\\\/machine-a-laver-biolux-semi-automatique-14kg\\\/\",\"name\":\"MACHINE A LAVER BIOLUX SEMI AUTOMATIQUE 14KG - electrobennjima\",\"isPartOf\":{\"@id\":\"https:\\\/\\\/electrobennjima.tn\\\/#website\"},\"primaryImageOfPage\":{\"@id\":\"https:\\\/\\\/electrobennjima.tn\\\/machine-a-laver-biolux-semi-automatique-14kg\\\/#primaryimage\"},\"image\":{\"@id\":\"https:\\\/\\\/electrobennjima.tn\\\/machine-a-laver-biolux-semi-automatique-14kg\\\/#primaryimage\"},\"thumbnailUrl\":\"https:\\\/\\\/electrobennjima.tn\\\/wp-content\\\/uploads\\\/2026\\\/05\\\/biolux_machine_laver_dt140_14_kg_blanc_semi-automatique_-_graiet_-_tunisie.jpg\",\"datePublished\":\"2026-05-13T09:38:12+00:00\",\"breadcrumb\":{\"@id\":\"https:\\\/\\\/electrobennjima.tn\\\/machine-a-laver-biolux-semi-automatique-14kg\\\/#breadcrumb\"},\"inLanguage\":\"en-US\",\"potentialAction\":[{\"@type\":\"ReadAction\",\"target\":[\"https:\\\/\\\/electrobennjima.tn\\\/machine-a-laver-biolux-semi-automatique-14kg\\\/\"]}]},{\"@type\":\"ImageObject\",\"inLanguage\":\"en-US\",\"@id\":\"https:\\\/\\\/electrobennjima.tn\\\/machine-a-laver-biolux-semi-automatique-14kg\\\/#primaryimage\",\"url\":\"https:\\\/\\\/electrobennjima.tn\\\/wp-content\\\/uploads\\\/2026\\\/05\\\/biolux_machine_laver_dt140_14_kg_blanc_semi-automatique_-_graiet_-_tunisie.jpg\",\"contentUrl\":\"https:\\\/\\\/electrobennjima.tn\\\/wp-content\\\/uploads\\\/2026\\\/05\\\/biolux_machine_laver_dt140_14_kg_blanc_semi-automatique_-_graiet_-_tunisie.jpg\",\"width\":850,\"height\":850},{\"@type\":\"BreadcrumbList\",\"@id\":\"https:\\\/\\\/electrobennjima.tn\\\/machine-a-laver-biolux-semi-automatique-14kg\\\/#breadcrumb\",\"itemListElement\":[{\"@type\":\"ListItem\",\"position\":1,\"name\":\"Accueil\",\"item\":\"https:\\\/\\\/electrobennjima.tn\\\/\"},{\"@type\":\"ListItem\",\"position\":2,\"name\":\"Shop\",\"item\":\"https:\\\/\\\/electrobennjima.tn\\\/shop\\\/\"},{\"@type\":\"ListItem\",\"position\":3,\"name\":\"MACHINE A LAVER BIOLUX SEMI AUTOMATIQUE 14KG\"}]},{\"@type\":\"WebSite\",\"@id\":\"https:\\\/\\\/electrobennjima.tn\\\/#website\",\"url\":\"https:\\\/\\\/electrobennjima.tn\\\/\",\"name\":\"electrobennjima\",\"description\":\"\",\"potentialAction\":[{\"@type\":\"SearchAction\",\"target\":{\"@type\":\"EntryPoint\",\"urlTemplate\":\"https:\\\/\\\/electrobennjima.tn\\\/?s={search_term_string}\"},\"query-input\":{\"@type\":\"PropertyValueSpecification\",\"valueRequired\":true,\"valueName\":\"search_term_string\"}}],\"inLanguage\":\"en-US\"}]}<\/script>\n<!-- \/ Yoast SEO plugin. -->","yoast_head_json":{"title":"MACHINE A LAVER BIOLUX SEMI AUTOMATIQUE 14KG - electrobennjima","robots":{"index":"index","follow":"follow","max-snippet":"max-snippet:-1","max-image-preview":"max-image-preview:large","max-video-preview":"max-video-preview:-1"},"canonical":"https:\/\/electrobennjima.tn\/en\/machine-a-laver-biolux-semi-automatique-14kg\/","og_locale":"en_US","og_type":"article","og_title":"MACHINE A LAVER BIOLUX SEMI AUTOMATIQUE 14KG - electrobennjima","og_description":"Marque Biolux R\u00e9f\u00e9rence MLBX14KG Garantie 1 an \u00a0Dimensions 90.2 x 53.7 x 98.4 cm Nombre de programmes 2 Type Machin \u00e0 Laver Semi &#8211; Automatique Tambour en Mode Lavage Tourne \u00e0 droite Capacit\u00e9 de 10 Kg et Plus 2 Programmes de Lavage Rin\u00e7age S\u00e9par\u00e9, Vidange d&rsquo;eau au lavage et essorage Capacit\u00e9 d&rsquo;essorage 14\u202fkg Couleur Blanc, [&hellip;]","og_url":"https:\/\/electrobennjima.tn\/en\/machine-a-laver-biolux-semi-automatique-14kg\/","og_site_name":"electrobennjima","og_image":[{"width":850,"height":850,"url":"https:\/\/electrobennjima.tn\/wp-content\/uploads\/2026\/05\/biolux_machine_laver_dt140_14_kg_blanc_semi-automatique_-_graiet_-_tunisie.jpg","type":"image\/jpeg"}],"twitter_card":"summary_large_image","twitter_misc":{"Est. reading time":"1 minute"},"schema":{"@context":"https:\/\/schema.org","@graph":[{"@type":"WebPage","@id":"https:\/\/electrobennjima.tn\/machine-a-laver-biolux-semi-automatique-14kg\/","url":"https:\/\/electrobennjima.tn\/machine-a-laver-biolux-semi-automatique-14kg\/","name":"MACHINE A LAVER BIOLUX SEMI AUTOMATIQUE 14KG - electrobennjima","isPartOf":{"@id":"https:\/\/electrobennjima.tn\/#website"},"primaryImageOfPage":{"@id":"https:\/\/electrobennjima.tn\/machine-a-laver-biolux-semi-automatique-14kg\/#primaryimage"},"image":{"@id":"https:\/\/electrobennjima.tn\/machine-a-laver-biolux-semi-automatique-14kg\/#primaryimage"},"thumbnailUrl":"https:\/\/electrobennjima.tn\/wp-content\/uploads\/2026\/05\/biolux_machine_laver_dt140_14_kg_blanc_semi-automatique_-_graiet_-_tunisie.jpg","datePublished":"2026-05-13T09:38:12+00:00","breadcrumb":{"@id":"https:\/\/electrobennjima.tn\/machine-a-laver-biolux-semi-automatique-14kg\/#breadcrumb"},"inLanguage":"en-US","potentialAction":[{"@type":"ReadAction","target":["https:\/\/electrobennjima.tn\/machine-a-laver-biolux-semi-automatique-14kg\/"]}]},{"@type":"ImageObject","inLanguage":"en-US","@id":"https:\/\/electrobennjima.tn\/machine-a-laver-biolux-semi-automatique-14kg\/#primaryimage","url":"https:\/\/electrobennjima.tn\/wp-content\/uploads\/2026\/05\/biolux_machine_laver_dt140_14_kg_blanc_semi-automatique_-_graiet_-_tunisie.jpg","contentUrl":"https:\/\/electrobennjima.tn\/wp-content\/uploads\/2026\/05\/biolux_machine_laver_dt140_14_kg_blanc_semi-automatique_-_graiet_-_tunisie.jpg","width":850,"height":850},{"@type":"BreadcrumbList","@id":"https:\/\/electrobennjima.tn\/machine-a-laver-biolux-semi-automatique-14kg\/#breadcrumb","itemListElement":[{"@type":"ListItem","position":1,"name":"Accueil","item":"https:\/\/electrobennjima.tn\/"},{"@type":"ListItem","position":2,"name":"Shop","item":"https:\/\/electrobennjima.tn\/shop\/"},{"@type":"ListItem","position":3,"name":"MACHINE A LAVER BIOLUX SEMI AUTOMATIQUE 14KG"}]},{"@type":"WebSite","@id":"https:\/\/electrobennjima.tn\/#website","url":"https:\/\/electrobennjima.tn\/","name":"electrobennjima","description":"","potentialAction":[{"@type":"SearchAction","target":{"@type":"EntryPoint","urlTemplate":"https:\/\/electrobennjima.tn\/?s={search_term_string}"},"query-input":{"@type":"PropertyValueSpecification","valueRequired":true,"valueName":"search_term_string"}}],"inLanguage":"en-US"}]}},"_links":{"self":[{"href":"https:\/\/electrobennjima.tn\/en\/wp-json\/wp\/v2\/product\/10468","targetHints":{"allow":["GET"]}}],"collection":[{"href":"https:\/\/electrobennjima.tn\/en\/wp-json\/wp\/v2\/product"}],"about":[{"href":"https:\/\/electrobennjima.tn\/en\/wp-json\/wp\/v2\/types\/product"}],"replies":[{"embeddable":true,"href":"https:\/\/electrobennjima.tn\/en\/wp-json\/wp\/v2\/comments?post=10468"}],"wp:featuredmedia":[{"embeddable":true,"href":"https:\/\/electrobennjima.tn\/en\/wp-json\/wp\/v2\/media\/10469"}],"wp:attachment":[{"href":"https:\/\/electrobennjima.tn\/en\/wp-json\/wp\/v2\/media?parent=10468"}],"wp:term":[{"taxonomy":"product_brand","embeddable":true,"href":"https:\/\/electrobennjima.tn\/en\/wp-json\/wp\/v2\/product_brand?post=10468"},{"taxonomy":"product_cat","embeddable":true,"href":"https:\/\/electrobennjima.tn\/en\/wp-json\/wp\/v2\/product_cat?post=10468"},{"taxonomy":"product_tag","embeddable":true,"href":"https:\/\/electrobennjima.tn\/en\/wp-json\/wp\/v2\/product_tag?post=10468"}],"curies":[{"name":"wp","href":"https:\/\/api.w.org\/{rel}","templated":true}]}}