{"id":10470,"date":"2026-05-13T09:47:09","date_gmt":"2026-05-13T09:47:09","guid":{"rendered":"https:\/\/electrobennjima.tn\/?post_type=product&#038;p=10470"},"modified":"2026-05-13T09:47:09","modified_gmt":"2026-05-13T09:47:09","slug":"machine-a-laver-brandt-10-5kg-1400tr-a-valeur-silver","status":"publish","type":"product","link":"https:\/\/electrobennjima.tn\/en\/machine-a-laver-brandt-10-5kg-1400tr-a-valeur-silver\/","title":{"rendered":"MACHINE A LAVER BRANDT 10.5KG 1400TR A+ VALEUR SILVER"},"content":{"rendered":"<table id=\"product-attribute-specs-table\" class=\"data table additional-attributes\">\n<tbody>\n<tr>\n<th class=\"col label\" scope=\"row\">R\u00e9f\u00e9rence<\/th>\n<td class=\"col data\" data-th=\"gtin\">MLBAM104QVSBL<\/td>\n<\/tr>\n<tr>\n<th class=\"col label\" scope=\"row\">Marque<\/th>\n<td class=\"col data\" data-th=\"Marque\">BRANDT<\/td>\n<\/tr>\n<tr>\n<th class=\"col label\" scope=\"row\">Garantie<\/th>\n<td class=\"col data\" data-th=\"Type\">2 ans<\/td>\n<\/tr>\n<tr>\n<th class=\"col label\" scope=\"row\">Type d&rsquo;ouverture<\/th>\n<td class=\"col data\" data-th=\"Type d'ouverture\">Frontale<\/td>\n<\/tr>\n<tr>\n<th class=\"col label\" scope=\"row\">Capacit\u00e9<\/th>\n<td class=\"col data\" data-th=\"Capacit\u00e9\">10.5 Kg<\/td>\n<\/tr>\n<tr>\n<th class=\"col label\" scope=\"row\">Afficheur<\/th>\n<td class=\"col data\" data-th=\"Afficheur \">Avec Afficheur<\/td>\n<\/tr>\n<tr>\n<th class=\"col label\" scope=\"row\">Type de Pose<\/th>\n<td class=\"col data\" data-th=\"Ecran Tactile\">Pose libre<\/td>\n<\/tr>\n<tr>\n<th class=\"col label\" scope=\"row\">Nombre de Programmes<\/th>\n<td class=\"col data\" data-th=\"Nombre de Programmes\">12 Programmes<\/td>\n<\/tr>\n<tr>\n<th class=\"col label\" scope=\"row\">Classe \u00c9nerg\u00e9tique<\/th>\n<td class=\"col data\" data-th=\"Classe \u00c9nerg\u00e9tique\">A+++<\/td>\n<\/tr>\n<tr>\n<th class=\"col label\" scope=\"row\">Nombre de Tours<\/th>\n<td class=\"col data\" data-th=\"Nombre de Tours\">de 1001 \u00e0 1500 tours<\/td>\n<\/tr>\n<tr>\n<th class=\"col label\" scope=\"row\">Vitesse d essorage<\/th>\n<td class=\"col data\" data-th=\"Vitesse d essorage\">1200 tours<\/td>\n<\/tr>\n<tr>\n<th class=\"col label\" scope=\"row\">Dimensions<\/th>\n<td class=\"col data\" data-th=\"Dimensions\">H X L X P: 850 x 600 x 650 mm<\/td>\n<\/tr>\n<tr>\n<th class=\"col label\" scope=\"row\">Fonction<\/th>\n<td class=\"col data\" data-th=\"Couleur\">Vapeur<\/td>\n<\/tr>\n<tr>\n<th class=\"col label\" scope=\"row\">Couleur<\/th>\n<td class=\"col data\" data-th=\"Couleur\">Silver<\/td>\n<\/tr>\n<tr>\n<th class=\"col label\" scope=\"row\">Garantie<\/th>\n<td class=\"col data\" data-th=\"Garantie\">2 ans<\/td>\n<\/tr>\n<\/tbody>\n<\/table>","protected":false},"excerpt":{"rendered":"<p>R\u00e9f\u00e9rence MLBAM104QVSBL Marque BRANDT Garantie 2 ans Type d&rsquo;ouverture Frontale Capacit\u00e9 10.5 Kg Afficheur Avec Afficheur Type de Pose Pose libre Nombre de Programmes 12 Programmes Classe \u00c9nerg\u00e9tique A+++ Nombre de Tours de 1001 \u00e0 1500 tours Vitesse d essorage 1200 tours Dimensions H X L X P: 850 x 600 x 650 mm Fonction [&hellip;]<\/p>","protected":false},"featured_media":10471,"comment_status":"open","ping_status":"closed","template":"","meta":[],"product_brand":[103],"product_cat":[24],"product_tag":[],"class_list":{"0":"post-10470","1":"product","2":"type-product","3":"status-publish","4":"has-post-thumbnail","6":"product_brand-brandt","7":"product_cat-machine-a-laver","9":"first","10":"instock","11":"shipping-taxable","12":"purchasable","13":"product-type-simple"},"yoast_head":"<!-- This site is optimized with the Yoast SEO plugin v27.5 - https:\/\/yoast.com\/product\/yoast-seo-wordpress\/ -->\n<title>MACHINE A LAVER BRANDT 10.5KG 1400TR A+ VALEUR SILVER - electrobennjima<\/title>\n<meta name=\"robots\" content=\"index, follow, max-snippet:-1, max-image-preview:large, max-video-preview:-1\" \/>\n<link rel=\"canonical\" href=\"https:\/\/electrobennjima.tn\/en\/machine-a-laver-brandt-10-5kg-1400tr-a-valeur-silver\/\" \/>\n<meta property=\"og:locale\" content=\"en_US\" \/>\n<meta property=\"og:type\" content=\"article\" \/>\n<meta property=\"og:title\" content=\"MACHINE A LAVER BRANDT 10.5KG 1400TR A+ VALEUR SILVER - electrobennjima\" \/>\n<meta property=\"og:description\" content=\"R\u00e9f\u00e9rence MLBAM104QVSBL Marque BRANDT Garantie 2 ans Type d&rsquo;ouverture Frontale Capacit\u00e9 10.5 Kg Afficheur Avec Afficheur Type de Pose Pose libre Nombre de Programmes 12 Programmes Classe \u00c9nerg\u00e9tique A+++ Nombre de Tours de 1001 \u00e0 1500 tours Vitesse d essorage 1200 tours Dimensions H X L X P: 850 x 600 x 650 mm Fonction [&hellip;]\" \/>\n<meta property=\"og:url\" content=\"https:\/\/electrobennjima.tn\/en\/machine-a-laver-brandt-10-5kg-1400tr-a-valeur-silver\/\" \/>\n<meta property=\"og:site_name\" content=\"electrobennjima\" \/>\n<meta property=\"og:image\" content=\"https:\/\/electrobennjima.tn\/wp-content\/uploads\/2026\/05\/machine-a-laver-frontale-brandt-bam104qvsbl-105-kg-silver.jpg\" \/>\n\t<meta property=\"og:image:width\" content=\"800\" \/>\n\t<meta property=\"og:image:height\" content=\"800\" \/>\n\t<meta property=\"og:image:type\" content=\"image\/jpeg\" \/>\n<meta name=\"twitter:card\" content=\"summary_large_image\" \/>\n<meta name=\"twitter:label1\" content=\"Est. reading time\" \/>\n\t<meta name=\"twitter:data1\" content=\"1 minute\" \/>\n<script type=\"application\/ld+json\" class=\"yoast-schema-graph\">{\"@context\":\"https:\\\/\\\/schema.org\",\"@graph\":[{\"@type\":\"WebPage\",\"@id\":\"https:\\\/\\\/electrobennjima.tn\\\/machine-a-laver-brandt-10-5kg-1400tr-a-valeur-silver\\\/\",\"url\":\"https:\\\/\\\/electrobennjima.tn\\\/machine-a-laver-brandt-10-5kg-1400tr-a-valeur-silver\\\/\",\"name\":\"MACHINE A LAVER BRANDT 10.5KG 1400TR A+ VALEUR SILVER - electrobennjima\",\"isPartOf\":{\"@id\":\"https:\\\/\\\/electrobennjima.tn\\\/#website\"},\"primaryImageOfPage\":{\"@id\":\"https:\\\/\\\/electrobennjima.tn\\\/machine-a-laver-brandt-10-5kg-1400tr-a-valeur-silver\\\/#primaryimage\"},\"image\":{\"@id\":\"https:\\\/\\\/electrobennjima.tn\\\/machine-a-laver-brandt-10-5kg-1400tr-a-valeur-silver\\\/#primaryimage\"},\"thumbnailUrl\":\"https:\\\/\\\/electrobennjima.tn\\\/wp-content\\\/uploads\\\/2026\\\/05\\\/machine-a-laver-frontale-brandt-bam104qvsbl-105-kg-silver.jpg\",\"datePublished\":\"2026-05-13T09:47:09+00:00\",\"breadcrumb\":{\"@id\":\"https:\\\/\\\/electrobennjima.tn\\\/machine-a-laver-brandt-10-5kg-1400tr-a-valeur-silver\\\/#breadcrumb\"},\"inLanguage\":\"en-US\",\"potentialAction\":[{\"@type\":\"ReadAction\",\"target\":[\"https:\\\/\\\/electrobennjima.tn\\\/machine-a-laver-brandt-10-5kg-1400tr-a-valeur-silver\\\/\"]}]},{\"@type\":\"ImageObject\",\"inLanguage\":\"en-US\",\"@id\":\"https:\\\/\\\/electrobennjima.tn\\\/machine-a-laver-brandt-10-5kg-1400tr-a-valeur-silver\\\/#primaryimage\",\"url\":\"https:\\\/\\\/electrobennjima.tn\\\/wp-content\\\/uploads\\\/2026\\\/05\\\/machine-a-laver-frontale-brandt-bam104qvsbl-105-kg-silver.jpg\",\"contentUrl\":\"https:\\\/\\\/electrobennjima.tn\\\/wp-content\\\/uploads\\\/2026\\\/05\\\/machine-a-laver-frontale-brandt-bam104qvsbl-105-kg-silver.jpg\",\"width\":800,\"height\":800},{\"@type\":\"BreadcrumbList\",\"@id\":\"https:\\\/\\\/electrobennjima.tn\\\/machine-a-laver-brandt-10-5kg-1400tr-a-valeur-silver\\\/#breadcrumb\",\"itemListElement\":[{\"@type\":\"ListItem\",\"position\":1,\"name\":\"Accueil\",\"item\":\"https:\\\/\\\/electrobennjima.tn\\\/\"},{\"@type\":\"ListItem\",\"position\":2,\"name\":\"Shop\",\"item\":\"https:\\\/\\\/electrobennjima.tn\\\/shop\\\/\"},{\"@type\":\"ListItem\",\"position\":3,\"name\":\"MACHINE A LAVER BRANDT 10.5KG 1400TR A+ VALEUR SILVER\"}]},{\"@type\":\"WebSite\",\"@id\":\"https:\\\/\\\/electrobennjima.tn\\\/#website\",\"url\":\"https:\\\/\\\/electrobennjima.tn\\\/\",\"name\":\"electrobennjima\",\"description\":\"\",\"potentialAction\":[{\"@type\":\"SearchAction\",\"target\":{\"@type\":\"EntryPoint\",\"urlTemplate\":\"https:\\\/\\\/electrobennjima.tn\\\/?s={search_term_string}\"},\"query-input\":{\"@type\":\"PropertyValueSpecification\",\"valueRequired\":true,\"valueName\":\"search_term_string\"}}],\"inLanguage\":\"en-US\"}]}<\/script>\n<!-- \/ Yoast SEO plugin. -->","yoast_head_json":{"title":"MACHINE A LAVER BRANDT 10.5KG 1400TR A+ VALEUR SILVER - electrobennjima","robots":{"index":"index","follow":"follow","max-snippet":"max-snippet:-1","max-image-preview":"max-image-preview:large","max-video-preview":"max-video-preview:-1"},"canonical":"https:\/\/electrobennjima.tn\/en\/machine-a-laver-brandt-10-5kg-1400tr-a-valeur-silver\/","og_locale":"en_US","og_type":"article","og_title":"MACHINE A LAVER BRANDT 10.5KG 1400TR A+ VALEUR SILVER - electrobennjima","og_description":"R\u00e9f\u00e9rence MLBAM104QVSBL Marque BRANDT Garantie 2 ans Type d&rsquo;ouverture Frontale Capacit\u00e9 10.5 Kg Afficheur Avec Afficheur Type de Pose Pose libre Nombre de Programmes 12 Programmes Classe \u00c9nerg\u00e9tique A+++ Nombre de Tours de 1001 \u00e0 1500 tours Vitesse d essorage 1200 tours Dimensions H X L X P: 850 x 600 x 650 mm Fonction [&hellip;]","og_url":"https:\/\/electrobennjima.tn\/en\/machine-a-laver-brandt-10-5kg-1400tr-a-valeur-silver\/","og_site_name":"electrobennjima","og_image":[{"width":800,"height":800,"url":"https:\/\/electrobennjima.tn\/wp-content\/uploads\/2026\/05\/machine-a-laver-frontale-brandt-bam104qvsbl-105-kg-silver.jpg","type":"image\/jpeg"}],"twitter_card":"summary_large_image","twitter_misc":{"Est. reading time":"1 minute"},"schema":{"@context":"https:\/\/schema.org","@graph":[{"@type":"WebPage","@id":"https:\/\/electrobennjima.tn\/machine-a-laver-brandt-10-5kg-1400tr-a-valeur-silver\/","url":"https:\/\/electrobennjima.tn\/machine-a-laver-brandt-10-5kg-1400tr-a-valeur-silver\/","name":"MACHINE A LAVER BRANDT 10.5KG 1400TR A+ VALEUR SILVER - electrobennjima","isPartOf":{"@id":"https:\/\/electrobennjima.tn\/#website"},"primaryImageOfPage":{"@id":"https:\/\/electrobennjima.tn\/machine-a-laver-brandt-10-5kg-1400tr-a-valeur-silver\/#primaryimage"},"image":{"@id":"https:\/\/electrobennjima.tn\/machine-a-laver-brandt-10-5kg-1400tr-a-valeur-silver\/#primaryimage"},"thumbnailUrl":"https:\/\/electrobennjima.tn\/wp-content\/uploads\/2026\/05\/machine-a-laver-frontale-brandt-bam104qvsbl-105-kg-silver.jpg","datePublished":"2026-05-13T09:47:09+00:00","breadcrumb":{"@id":"https:\/\/electrobennjima.tn\/machine-a-laver-brandt-10-5kg-1400tr-a-valeur-silver\/#breadcrumb"},"inLanguage":"en-US","potentialAction":[{"@type":"ReadAction","target":["https:\/\/electrobennjima.tn\/machine-a-laver-brandt-10-5kg-1400tr-a-valeur-silver\/"]}]},{"@type":"ImageObject","inLanguage":"en-US","@id":"https:\/\/electrobennjima.tn\/machine-a-laver-brandt-10-5kg-1400tr-a-valeur-silver\/#primaryimage","url":"https:\/\/electrobennjima.tn\/wp-content\/uploads\/2026\/05\/machine-a-laver-frontale-brandt-bam104qvsbl-105-kg-silver.jpg","contentUrl":"https:\/\/electrobennjima.tn\/wp-content\/uploads\/2026\/05\/machine-a-laver-frontale-brandt-bam104qvsbl-105-kg-silver.jpg","width":800,"height":800},{"@type":"BreadcrumbList","@id":"https:\/\/electrobennjima.tn\/machine-a-laver-brandt-10-5kg-1400tr-a-valeur-silver\/#breadcrumb","itemListElement":[{"@type":"ListItem","position":1,"name":"Accueil","item":"https:\/\/electrobennjima.tn\/"},{"@type":"ListItem","position":2,"name":"Shop","item":"https:\/\/electrobennjima.tn\/shop\/"},{"@type":"ListItem","position":3,"name":"MACHINE A LAVER BRANDT 10.5KG 1400TR A+ VALEUR SILVER"}]},{"@type":"WebSite","@id":"https:\/\/electrobennjima.tn\/#website","url":"https:\/\/electrobennjima.tn\/","name":"electrobennjima","description":"","potentialAction":[{"@type":"SearchAction","target":{"@type":"EntryPoint","urlTemplate":"https:\/\/electrobennjima.tn\/?s={search_term_string}"},"query-input":{"@type":"PropertyValueSpecification","valueRequired":true,"valueName":"search_term_string"}}],"inLanguage":"en-US"}]}},"_links":{"self":[{"href":"https:\/\/electrobennjima.tn\/en\/wp-json\/wp\/v2\/product\/10470","targetHints":{"allow":["GET"]}}],"collection":[{"href":"https:\/\/electrobennjima.tn\/en\/wp-json\/wp\/v2\/product"}],"about":[{"href":"https:\/\/electrobennjima.tn\/en\/wp-json\/wp\/v2\/types\/product"}],"replies":[{"embeddable":true,"href":"https:\/\/electrobennjima.tn\/en\/wp-json\/wp\/v2\/comments?post=10470"}],"wp:featuredmedia":[{"embeddable":true,"href":"https:\/\/electrobennjima.tn\/en\/wp-json\/wp\/v2\/media\/10471"}],"wp:attachment":[{"href":"https:\/\/electrobennjima.tn\/en\/wp-json\/wp\/v2\/media?parent=10470"}],"wp:term":[{"taxonomy":"product_brand","embeddable":true,"href":"https:\/\/electrobennjima.tn\/en\/wp-json\/wp\/v2\/product_brand?post=10470"},{"taxonomy":"product_cat","embeddable":true,"href":"https:\/\/electrobennjima.tn\/en\/wp-json\/wp\/v2\/product_cat?post=10470"},{"taxonomy":"product_tag","embeddable":true,"href":"https:\/\/electrobennjima.tn\/en\/wp-json\/wp\/v2\/product_tag?post=10470"}],"curies":[{"name":"wp","href":"https:\/\/api.w.org\/{rel}","templated":true}]}}