{"id":10484,"date":"2026-05-13T10:14:41","date_gmt":"2026-05-13T10:14:41","guid":{"rendered":"https:\/\/electrobennjima.tn\/?post_type=product&#038;p=10484"},"modified":"2026-05-13T10:14:41","modified_gmt":"2026-05-13T10:14:41","slug":"machine-a-laver-fresh-semi-automatique","status":"publish","type":"product","link":"https:\/\/electrobennjima.tn\/en\/machine-a-laver-fresh-semi-automatique\/","title":{"rendered":"MACHINE A LAVER FRESH &#8211; SEMI AUTOMATIQUE"},"content":{"rendered":"<table id=\"product-attribute-specs-table\" class=\"data table additional-attributes\">\n<tbody>\n<tr>\n<th class=\"col label\" scope=\"row\">R\u00e9f\u00e9rence<\/th>\n<td class=\"col data\" data-th=\"gtin\">ST-11BL<\/td>\n<\/tr>\n<tr>\n<th class=\"col label\" scope=\"row\">Marque<\/th>\n<td class=\"col data\" data-th=\"Marque\">FRESH<\/td>\n<\/tr>\n<tr>\n<th class=\"col label\" scope=\"row\">Type<\/th>\n<td class=\"col data\" data-th=\"Type\">Semi automatique<\/td>\n<\/tr>\n<tr>\n<th class=\"col label\" scope=\"row\">Type d&rsquo;ouverture<\/th>\n<td class=\"col data\" data-th=\"Type d'ouverture\">Top<\/td>\n<\/tr>\n<tr>\n<th class=\"col label\" scope=\"row\">Capacit\u00e9<\/th>\n<td class=\"col data\" data-th=\"Capacit\u00e9\">11 Kg<\/td>\n<\/tr>\n<tr>\n<th class=\"col label\" scope=\"row\">Afficheur<\/th>\n<td class=\"col data\" data-th=\"Afficheur \">Sans Afficheur<\/td>\n<\/tr>\n<tr>\n<th class=\"col label\" scope=\"row\">Ecran Tactile<\/th>\n<td class=\"col data\" data-th=\"Ecran Tactile\">Non<\/td>\n<\/tr>\n<tr>\n<th class=\"col label\" scope=\"row\">Inverter<\/th>\n<td class=\"col data\" data-th=\"Inverter\">Non<\/td>\n<\/tr>\n<tr>\n<th class=\"col label\" scope=\"row\">Nombre de Programmes<\/th>\n<td class=\"col data\" data-th=\"Nombre de Programmes\">1 Programme<\/td>\n<\/tr>\n<tr>\n<th class=\"col label\" scope=\"row\">Classe \u00c9nerg\u00e9tique<\/th>\n<td class=\"col data\" data-th=\"Classe \u00c9nerg\u00e9tique\">Autres<\/td>\n<\/tr>\n<tr>\n<th class=\"col label\" scope=\"row\">Nombre de Tours<\/th>\n<td class=\"col data\" data-th=\"Nombre de Tours\">Autres<\/td>\n<\/tr>\n<tr>\n<th class=\"col label\" scope=\"row\">Vitesse d essorage<\/th>\n<td class=\"col data\" data-th=\"Vitesse d essorage\">Autres<\/td>\n<\/tr>\n<tr>\n<th class=\"col label\" scope=\"row\">Dimensions<\/th>\n<td class=\"col data\" data-th=\"Dimensions\">H x L x P: 98 x 58 x 58 cm<\/td>\n<\/tr>\n<tr>\n<th class=\"col label\" scope=\"row\">Couleur<\/th>\n<td class=\"col data\" data-th=\"Couleur\">Blanc<\/td>\n<\/tr>\n<tr>\n<th class=\"col label\" scope=\"row\">Garantie<\/th>\n<td class=\"col data\" data-th=\"Garantie\">3 ans<\/td>\n<\/tr>\n<\/tbody>\n<\/table>","protected":false},"excerpt":{"rendered":"<p>R\u00e9f\u00e9rence ST-11BL Marque FRESH Type Semi automatique Type d&rsquo;ouverture Top Capacit\u00e9 11 Kg Afficheur Sans Afficheur Ecran Tactile Non Inverter Non Nombre de Programmes 1 Programme Classe \u00c9nerg\u00e9tique Autres Nombre de Tours Autres Vitesse d essorage Autres Dimensions H x L x P: 98 x 58 x 58 cm Couleur Blanc Garantie 3 ans<\/p>","protected":false},"featured_media":10485,"comment_status":"open","ping_status":"closed","template":"","meta":[],"product_brand":[42],"product_cat":[39],"product_tag":[],"class_list":{"0":"post-10484","1":"product","2":"type-product","3":"status-publish","4":"has-post-thumbnail","6":"product_brand-fresh","7":"product_cat-machines-a-laver-top","9":"first","10":"instock","11":"shipping-taxable","12":"purchasable","13":"product-type-simple"},"yoast_head":"<!-- This site is optimized with the Yoast SEO plugin v27.5 - https:\/\/yoast.com\/product\/yoast-seo-wordpress\/ -->\n<title>MACHINE A LAVER FRESH - SEMI AUTOMATIQUE - electrobennjima<\/title>\n<meta name=\"robots\" content=\"index, follow, max-snippet:-1, max-image-preview:large, max-video-preview:-1\" \/>\n<link rel=\"canonical\" href=\"https:\/\/electrobennjima.tn\/en\/machine-a-laver-fresh-semi-automatique\/\" \/>\n<meta property=\"og:locale\" content=\"en_US\" \/>\n<meta property=\"og:type\" content=\"article\" \/>\n<meta property=\"og:title\" content=\"MACHINE A LAVER FRESH - SEMI AUTOMATIQUE - electrobennjima\" \/>\n<meta property=\"og:description\" content=\"R\u00e9f\u00e9rence ST-11BL Marque FRESH Type Semi automatique Type d&rsquo;ouverture Top Capacit\u00e9 11 Kg Afficheur Sans Afficheur Ecran Tactile Non Inverter Non Nombre de Programmes 1 Programme Classe \u00c9nerg\u00e9tique Autres Nombre de Tours Autres Vitesse d essorage Autres Dimensions H x L x P: 98 x 58 x 58 cm Couleur Blanc Garantie 3 ans\" \/>\n<meta property=\"og:url\" content=\"https:\/\/electrobennjima.tn\/en\/machine-a-laver-fresh-semi-automatique\/\" \/>\n<meta property=\"og:site_name\" content=\"electrobennjima\" \/>\n<meta property=\"og:image\" content=\"https:\/\/electrobennjima.tn\/wp-content\/uploads\/2026\/05\/machine-a-laver-semi-automatique-fresh-st-11bl-11kg-blanc.jpg\" \/>\n\t<meta property=\"og:image:width\" content=\"800\" \/>\n\t<meta property=\"og:image:height\" content=\"800\" \/>\n\t<meta property=\"og:image:type\" content=\"image\/jpeg\" \/>\n<meta name=\"twitter:card\" content=\"summary_large_image\" \/>\n<meta name=\"twitter:label1\" content=\"Est. reading time\" \/>\n\t<meta name=\"twitter:data1\" content=\"1 minute\" \/>\n<script type=\"application\/ld+json\" class=\"yoast-schema-graph\">{\"@context\":\"https:\\\/\\\/schema.org\",\"@graph\":[{\"@type\":\"WebPage\",\"@id\":\"https:\\\/\\\/electrobennjima.tn\\\/machine-a-laver-fresh-semi-automatique\\\/\",\"url\":\"https:\\\/\\\/electrobennjima.tn\\\/machine-a-laver-fresh-semi-automatique\\\/\",\"name\":\"MACHINE A LAVER FRESH - SEMI AUTOMATIQUE - electrobennjima\",\"isPartOf\":{\"@id\":\"https:\\\/\\\/electrobennjima.tn\\\/#website\"},\"primaryImageOfPage\":{\"@id\":\"https:\\\/\\\/electrobennjima.tn\\\/machine-a-laver-fresh-semi-automatique\\\/#primaryimage\"},\"image\":{\"@id\":\"https:\\\/\\\/electrobennjima.tn\\\/machine-a-laver-fresh-semi-automatique\\\/#primaryimage\"},\"thumbnailUrl\":\"https:\\\/\\\/electrobennjima.tn\\\/wp-content\\\/uploads\\\/2026\\\/05\\\/machine-a-laver-semi-automatique-fresh-st-11bl-11kg-blanc.jpg\",\"datePublished\":\"2026-05-13T10:14:41+00:00\",\"breadcrumb\":{\"@id\":\"https:\\\/\\\/electrobennjima.tn\\\/machine-a-laver-fresh-semi-automatique\\\/#breadcrumb\"},\"inLanguage\":\"en-US\",\"potentialAction\":[{\"@type\":\"ReadAction\",\"target\":[\"https:\\\/\\\/electrobennjima.tn\\\/machine-a-laver-fresh-semi-automatique\\\/\"]}]},{\"@type\":\"ImageObject\",\"inLanguage\":\"en-US\",\"@id\":\"https:\\\/\\\/electrobennjima.tn\\\/machine-a-laver-fresh-semi-automatique\\\/#primaryimage\",\"url\":\"https:\\\/\\\/electrobennjima.tn\\\/wp-content\\\/uploads\\\/2026\\\/05\\\/machine-a-laver-semi-automatique-fresh-st-11bl-11kg-blanc.jpg\",\"contentUrl\":\"https:\\\/\\\/electrobennjima.tn\\\/wp-content\\\/uploads\\\/2026\\\/05\\\/machine-a-laver-semi-automatique-fresh-st-11bl-11kg-blanc.jpg\",\"width\":800,\"height\":800},{\"@type\":\"BreadcrumbList\",\"@id\":\"https:\\\/\\\/electrobennjima.tn\\\/machine-a-laver-fresh-semi-automatique\\\/#breadcrumb\",\"itemListElement\":[{\"@type\":\"ListItem\",\"position\":1,\"name\":\"Accueil\",\"item\":\"https:\\\/\\\/electrobennjima.tn\\\/\"},{\"@type\":\"ListItem\",\"position\":2,\"name\":\"Shop\",\"item\":\"https:\\\/\\\/electrobennjima.tn\\\/shop\\\/\"},{\"@type\":\"ListItem\",\"position\":3,\"name\":\"MACHINE A LAVER FRESH &#8211; SEMI AUTOMATIQUE\"}]},{\"@type\":\"WebSite\",\"@id\":\"https:\\\/\\\/electrobennjima.tn\\\/#website\",\"url\":\"https:\\\/\\\/electrobennjima.tn\\\/\",\"name\":\"electrobennjima\",\"description\":\"\",\"potentialAction\":[{\"@type\":\"SearchAction\",\"target\":{\"@type\":\"EntryPoint\",\"urlTemplate\":\"https:\\\/\\\/electrobennjima.tn\\\/?s={search_term_string}\"},\"query-input\":{\"@type\":\"PropertyValueSpecification\",\"valueRequired\":true,\"valueName\":\"search_term_string\"}}],\"inLanguage\":\"en-US\"}]}<\/script>\n<!-- \/ Yoast SEO plugin. -->","yoast_head_json":{"title":"MACHINE A LAVER FRESH - SEMI AUTOMATIQUE - electrobennjima","robots":{"index":"index","follow":"follow","max-snippet":"max-snippet:-1","max-image-preview":"max-image-preview:large","max-video-preview":"max-video-preview:-1"},"canonical":"https:\/\/electrobennjima.tn\/en\/machine-a-laver-fresh-semi-automatique\/","og_locale":"en_US","og_type":"article","og_title":"MACHINE A LAVER FRESH - SEMI AUTOMATIQUE - electrobennjima","og_description":"R\u00e9f\u00e9rence ST-11BL Marque FRESH Type Semi automatique Type d&rsquo;ouverture Top Capacit\u00e9 11 Kg Afficheur Sans Afficheur Ecran Tactile Non Inverter Non Nombre de Programmes 1 Programme Classe \u00c9nerg\u00e9tique Autres Nombre de Tours Autres Vitesse d essorage Autres Dimensions H x L x P: 98 x 58 x 58 cm Couleur Blanc Garantie 3 ans","og_url":"https:\/\/electrobennjima.tn\/en\/machine-a-laver-fresh-semi-automatique\/","og_site_name":"electrobennjima","og_image":[{"width":800,"height":800,"url":"https:\/\/electrobennjima.tn\/wp-content\/uploads\/2026\/05\/machine-a-laver-semi-automatique-fresh-st-11bl-11kg-blanc.jpg","type":"image\/jpeg"}],"twitter_card":"summary_large_image","twitter_misc":{"Est. reading time":"1 minute"},"schema":{"@context":"https:\/\/schema.org","@graph":[{"@type":"WebPage","@id":"https:\/\/electrobennjima.tn\/machine-a-laver-fresh-semi-automatique\/","url":"https:\/\/electrobennjima.tn\/machine-a-laver-fresh-semi-automatique\/","name":"MACHINE A LAVER FRESH - SEMI AUTOMATIQUE - electrobennjima","isPartOf":{"@id":"https:\/\/electrobennjima.tn\/#website"},"primaryImageOfPage":{"@id":"https:\/\/electrobennjima.tn\/machine-a-laver-fresh-semi-automatique\/#primaryimage"},"image":{"@id":"https:\/\/electrobennjima.tn\/machine-a-laver-fresh-semi-automatique\/#primaryimage"},"thumbnailUrl":"https:\/\/electrobennjima.tn\/wp-content\/uploads\/2026\/05\/machine-a-laver-semi-automatique-fresh-st-11bl-11kg-blanc.jpg","datePublished":"2026-05-13T10:14:41+00:00","breadcrumb":{"@id":"https:\/\/electrobennjima.tn\/machine-a-laver-fresh-semi-automatique\/#breadcrumb"},"inLanguage":"en-US","potentialAction":[{"@type":"ReadAction","target":["https:\/\/electrobennjima.tn\/machine-a-laver-fresh-semi-automatique\/"]}]},{"@type":"ImageObject","inLanguage":"en-US","@id":"https:\/\/electrobennjima.tn\/machine-a-laver-fresh-semi-automatique\/#primaryimage","url":"https:\/\/electrobennjima.tn\/wp-content\/uploads\/2026\/05\/machine-a-laver-semi-automatique-fresh-st-11bl-11kg-blanc.jpg","contentUrl":"https:\/\/electrobennjima.tn\/wp-content\/uploads\/2026\/05\/machine-a-laver-semi-automatique-fresh-st-11bl-11kg-blanc.jpg","width":800,"height":800},{"@type":"BreadcrumbList","@id":"https:\/\/electrobennjima.tn\/machine-a-laver-fresh-semi-automatique\/#breadcrumb","itemListElement":[{"@type":"ListItem","position":1,"name":"Accueil","item":"https:\/\/electrobennjima.tn\/"},{"@type":"ListItem","position":2,"name":"Shop","item":"https:\/\/electrobennjima.tn\/shop\/"},{"@type":"ListItem","position":3,"name":"MACHINE A LAVER FRESH &#8211; SEMI AUTOMATIQUE"}]},{"@type":"WebSite","@id":"https:\/\/electrobennjima.tn\/#website","url":"https:\/\/electrobennjima.tn\/","name":"electrobennjima","description":"","potentialAction":[{"@type":"SearchAction","target":{"@type":"EntryPoint","urlTemplate":"https:\/\/electrobennjima.tn\/?s={search_term_string}"},"query-input":{"@type":"PropertyValueSpecification","valueRequired":true,"valueName":"search_term_string"}}],"inLanguage":"en-US"}]}},"_links":{"self":[{"href":"https:\/\/electrobennjima.tn\/en\/wp-json\/wp\/v2\/product\/10484","targetHints":{"allow":["GET"]}}],"collection":[{"href":"https:\/\/electrobennjima.tn\/en\/wp-json\/wp\/v2\/product"}],"about":[{"href":"https:\/\/electrobennjima.tn\/en\/wp-json\/wp\/v2\/types\/product"}],"replies":[{"embeddable":true,"href":"https:\/\/electrobennjima.tn\/en\/wp-json\/wp\/v2\/comments?post=10484"}],"wp:featuredmedia":[{"embeddable":true,"href":"https:\/\/electrobennjima.tn\/en\/wp-json\/wp\/v2\/media\/10485"}],"wp:attachment":[{"href":"https:\/\/electrobennjima.tn\/en\/wp-json\/wp\/v2\/media?parent=10484"}],"wp:term":[{"taxonomy":"product_brand","embeddable":true,"href":"https:\/\/electrobennjima.tn\/en\/wp-json\/wp\/v2\/product_brand?post=10484"},{"taxonomy":"product_cat","embeddable":true,"href":"https:\/\/electrobennjima.tn\/en\/wp-json\/wp\/v2\/product_cat?post=10484"},{"taxonomy":"product_tag","embeddable":true,"href":"https:\/\/electrobennjima.tn\/en\/wp-json\/wp\/v2\/product_tag?post=10484"}],"curies":[{"name":"wp","href":"https:\/\/api.w.org\/{rel}","templated":true}]}}