{"id":10490,"date":"2026-05-13T10:47:32","date_gmt":"2026-05-13T10:47:32","guid":{"rendered":"https:\/\/electrobennjima.tn\/?post_type=product&#038;p=10490"},"modified":"2026-05-13T10:48:04","modified_gmt":"2026-05-13T10:48:04","slug":"machine-a-laver-hoover-10-5-kg-noir","status":"publish","type":"product","link":"https:\/\/electrobennjima.tn\/en\/machine-a-laver-hoover-10-5-kg-noir\/","title":{"rendered":"MACHINE A LAVER HOOVER 10.5 KG &#8211; NOIR"},"content":{"rendered":"<table id=\"product-attribute-specs-table\" class=\"data table additional-attributes\">\n<tbody>\n<tr>\n<th class=\"col label\" scope=\"row\">R\u00e9f\u00e9rence<\/th>\n<td class=\"col data\" data-th=\"gtin\">BU-H3WS4105TCGE-04NR<\/td>\n<\/tr>\n<tr>\n<th class=\"col label\" scope=\"row\">Marque<\/th>\n<td class=\"col data\" data-th=\"Marque\">HOOVER<\/td>\n<\/tr>\n<tr>\n<th class=\"col label\" scope=\"row\">Type<\/th>\n<td class=\"col data\" data-th=\"Type\">Lave Linge<\/td>\n<\/tr>\n<tr>\n<th class=\"col label\" scope=\"row\">Type d&rsquo;ouverture<\/th>\n<td class=\"col data\" data-th=\"Type d'ouverture\">Frontal<\/td>\n<\/tr>\n<tr>\n<th class=\"col label\" scope=\"row\">Capacit\u00e9<\/th>\n<td class=\"col data\" data-th=\"Capacit\u00e9\">10.5 Kg<\/td>\n<\/tr>\n<tr>\n<th class=\"col label\" scope=\"row\">Afficheur<\/th>\n<td class=\"col data\" data-th=\"Afficheur \">Avec Afficheur<\/td>\n<\/tr>\n<tr>\n<th class=\"col label\" scope=\"row\">Ecran Tactile<\/th>\n<td class=\"col data\" data-th=\"Ecran Tactile\">Oui<\/td>\n<\/tr>\n<tr>\n<th class=\"col label\" scope=\"row\">Inverter<\/th>\n<td class=\"col data\" data-th=\"Inverter\">Non<\/td>\n<\/tr>\n<tr>\n<th class=\"col label\" scope=\"row\">Nombre de Programmes<\/th>\n<td class=\"col data\" data-th=\"Nombre de Programmes\">16 Programmes<\/td>\n<\/tr>\n<tr>\n<th class=\"col label\" scope=\"row\">Classe \u00c9nerg\u00e9tique<\/th>\n<td class=\"col data\" data-th=\"Classe \u00c9nerg\u00e9tique\">A++<\/td>\n<\/tr>\n<tr>\n<th class=\"col label\" scope=\"row\">Nombre de Tours<\/th>\n<td class=\"col data\" data-th=\"Nombre de Tours\">de 1001 \u00e0 1500 tours<\/td>\n<\/tr>\n<tr>\n<th class=\"col label\" scope=\"row\">Vitesse d essorage<\/th>\n<td class=\"col data\" data-th=\"Vitesse d essorage\">1400 tours<\/td>\n<\/tr>\n<tr>\n<th class=\"col label\" scope=\"row\">Dimensions<\/th>\n<td class=\"col data\" data-th=\"Dimensions\">L x H x P: 60 x 85 x 52 cm<\/td>\n<\/tr>\n<tr>\n<th class=\"col label\" scope=\"row\">Couleur<\/th>\n<td class=\"col data\" data-th=\"Couleur\">Noir<\/td>\n<\/tr>\n<tr>\n<th class=\"col label\" scope=\"row\">Garantie<\/th>\n<td class=\"col data\" data-th=\"Garantie\">3 ans<\/td>\n<\/tr>\n<\/tbody>\n<\/table>","protected":false},"excerpt":{"rendered":"<p>R\u00e9f\u00e9rence BU-H3WS4105TCGE-04NR Marque HOOVER Type Lave Linge Type d&rsquo;ouverture Frontal Capacit\u00e9 10.5 Kg Afficheur Avec Afficheur Ecran Tactile Oui Inverter Non Nombre de Programmes 16 Programmes Classe \u00c9nerg\u00e9tique A++ Nombre de Tours de 1001 \u00e0 1500 tours Vitesse d essorage 1400 tours Dimensions L x H x P: 60 x 85 x 52 cm Couleur [&hellip;]<\/p>","protected":false},"featured_media":10491,"comment_status":"open","ping_status":"closed","template":"","meta":[],"product_brand":[98],"product_cat":[41],"product_tag":[],"class_list":{"0":"post-10490","1":"product","2":"type-product","3":"status-publish","4":"has-post-thumbnail","6":"product_brand-hoover","7":"product_cat-machine-a-laver-semi-automatique","9":"first","10":"instock","11":"shipping-taxable","12":"purchasable","13":"product-type-simple"},"yoast_head":"<!-- This site is optimized with the Yoast SEO plugin v27.5 - https:\/\/yoast.com\/product\/yoast-seo-wordpress\/ -->\n<title>MACHINE A LAVER HOOVER 10.5 KG - NOIR - electrobennjima<\/title>\n<meta name=\"robots\" content=\"index, follow, max-snippet:-1, max-image-preview:large, max-video-preview:-1\" \/>\n<link rel=\"canonical\" href=\"https:\/\/electrobennjima.tn\/en\/machine-a-laver-hoover-10-5-kg-noir\/\" \/>\n<meta property=\"og:locale\" content=\"en_US\" \/>\n<meta property=\"og:type\" content=\"article\" \/>\n<meta property=\"og:title\" content=\"MACHINE A LAVER HOOVER 10.5 KG - NOIR - electrobennjima\" \/>\n<meta property=\"og:description\" content=\"R\u00e9f\u00e9rence BU-H3WS4105TCGE-04NR Marque HOOVER Type Lave Linge Type d&rsquo;ouverture Frontal Capacit\u00e9 10.5 Kg Afficheur Avec Afficheur Ecran Tactile Oui Inverter Non Nombre de Programmes 16 Programmes Classe \u00c9nerg\u00e9tique A++ Nombre de Tours de 1001 \u00e0 1500 tours Vitesse d essorage 1400 tours Dimensions L x H x P: 60 x 85 x 52 cm Couleur [&hellip;]\" \/>\n<meta property=\"og:url\" content=\"https:\/\/electrobennjima.tn\/en\/machine-a-laver-hoover-10-5-kg-noir\/\" \/>\n<meta property=\"og:site_name\" content=\"electrobennjima\" \/>\n<meta property=\"article:modified_time\" content=\"2026-05-13T10:48:04+00:00\" \/>\n<meta property=\"og:image\" content=\"https:\/\/electrobennjima.tn\/wp-content\/uploads\/2026\/05\/H3W492DABB4-1-80-1_e3dc9a48-bfc4-42f6-a5c5-7a911e2b4677_1200x.webp\" \/>\n\t<meta property=\"og:image:width\" content=\"600\" \/>\n\t<meta property=\"og:image:height\" content=\"600\" \/>\n\t<meta property=\"og:image:type\" content=\"image\/webp\" \/>\n<meta name=\"twitter:card\" content=\"summary_large_image\" \/>\n<meta name=\"twitter:label1\" content=\"Est. reading time\" \/>\n\t<meta name=\"twitter:data1\" content=\"1 minute\" \/>\n<script type=\"application\/ld+json\" class=\"yoast-schema-graph\">{\"@context\":\"https:\\\/\\\/schema.org\",\"@graph\":[{\"@type\":\"WebPage\",\"@id\":\"https:\\\/\\\/electrobennjima.tn\\\/machine-a-laver-hoover-10-5-kg-noir\\\/\",\"url\":\"https:\\\/\\\/electrobennjima.tn\\\/machine-a-laver-hoover-10-5-kg-noir\\\/\",\"name\":\"MACHINE A LAVER HOOVER 10.5 KG - NOIR - electrobennjima\",\"isPartOf\":{\"@id\":\"https:\\\/\\\/electrobennjima.tn\\\/#website\"},\"primaryImageOfPage\":{\"@id\":\"https:\\\/\\\/electrobennjima.tn\\\/machine-a-laver-hoover-10-5-kg-noir\\\/#primaryimage\"},\"image\":{\"@id\":\"https:\\\/\\\/electrobennjima.tn\\\/machine-a-laver-hoover-10-5-kg-noir\\\/#primaryimage\"},\"thumbnailUrl\":\"https:\\\/\\\/electrobennjima.tn\\\/wp-content\\\/uploads\\\/2026\\\/05\\\/H3W492DABB4-1-80-1_e3dc9a48-bfc4-42f6-a5c5-7a911e2b4677_1200x.webp\",\"datePublished\":\"2026-05-13T10:47:32+00:00\",\"dateModified\":\"2026-05-13T10:48:04+00:00\",\"breadcrumb\":{\"@id\":\"https:\\\/\\\/electrobennjima.tn\\\/machine-a-laver-hoover-10-5-kg-noir\\\/#breadcrumb\"},\"inLanguage\":\"en-US\",\"potentialAction\":[{\"@type\":\"ReadAction\",\"target\":[\"https:\\\/\\\/electrobennjima.tn\\\/machine-a-laver-hoover-10-5-kg-noir\\\/\"]}]},{\"@type\":\"ImageObject\",\"inLanguage\":\"en-US\",\"@id\":\"https:\\\/\\\/electrobennjima.tn\\\/machine-a-laver-hoover-10-5-kg-noir\\\/#primaryimage\",\"url\":\"https:\\\/\\\/electrobennjima.tn\\\/wp-content\\\/uploads\\\/2026\\\/05\\\/H3W492DABB4-1-80-1_e3dc9a48-bfc4-42f6-a5c5-7a911e2b4677_1200x.webp\",\"contentUrl\":\"https:\\\/\\\/electrobennjima.tn\\\/wp-content\\\/uploads\\\/2026\\\/05\\\/H3W492DABB4-1-80-1_e3dc9a48-bfc4-42f6-a5c5-7a911e2b4677_1200x.webp\",\"width\":600,\"height\":600},{\"@type\":\"BreadcrumbList\",\"@id\":\"https:\\\/\\\/electrobennjima.tn\\\/machine-a-laver-hoover-10-5-kg-noir\\\/#breadcrumb\",\"itemListElement\":[{\"@type\":\"ListItem\",\"position\":1,\"name\":\"Accueil\",\"item\":\"https:\\\/\\\/electrobennjima.tn\\\/\"},{\"@type\":\"ListItem\",\"position\":2,\"name\":\"Shop\",\"item\":\"https:\\\/\\\/electrobennjima.tn\\\/shop\\\/\"},{\"@type\":\"ListItem\",\"position\":3,\"name\":\"MACHINE A LAVER HOOVER 10.5 KG &#8211; NOIR\"}]},{\"@type\":\"WebSite\",\"@id\":\"https:\\\/\\\/electrobennjima.tn\\\/#website\",\"url\":\"https:\\\/\\\/electrobennjima.tn\\\/\",\"name\":\"electrobennjima\",\"description\":\"\",\"potentialAction\":[{\"@type\":\"SearchAction\",\"target\":{\"@type\":\"EntryPoint\",\"urlTemplate\":\"https:\\\/\\\/electrobennjima.tn\\\/?s={search_term_string}\"},\"query-input\":{\"@type\":\"PropertyValueSpecification\",\"valueRequired\":true,\"valueName\":\"search_term_string\"}}],\"inLanguage\":\"en-US\"}]}<\/script>\n<!-- \/ Yoast SEO plugin. -->","yoast_head_json":{"title":"MACHINE A LAVER HOOVER 10.5 KG - NOIR - electrobennjima","robots":{"index":"index","follow":"follow","max-snippet":"max-snippet:-1","max-image-preview":"max-image-preview:large","max-video-preview":"max-video-preview:-1"},"canonical":"https:\/\/electrobennjima.tn\/en\/machine-a-laver-hoover-10-5-kg-noir\/","og_locale":"en_US","og_type":"article","og_title":"MACHINE A LAVER HOOVER 10.5 KG - NOIR - electrobennjima","og_description":"R\u00e9f\u00e9rence BU-H3WS4105TCGE-04NR Marque HOOVER Type Lave Linge Type d&rsquo;ouverture Frontal Capacit\u00e9 10.5 Kg Afficheur Avec Afficheur Ecran Tactile Oui Inverter Non Nombre de Programmes 16 Programmes Classe \u00c9nerg\u00e9tique A++ Nombre de Tours de 1001 \u00e0 1500 tours Vitesse d essorage 1400 tours Dimensions L x H x P: 60 x 85 x 52 cm Couleur [&hellip;]","og_url":"https:\/\/electrobennjima.tn\/en\/machine-a-laver-hoover-10-5-kg-noir\/","og_site_name":"electrobennjima","article_modified_time":"2026-05-13T10:48:04+00:00","og_image":[{"width":600,"height":600,"url":"https:\/\/electrobennjima.tn\/wp-content\/uploads\/2026\/05\/H3W492DABB4-1-80-1_e3dc9a48-bfc4-42f6-a5c5-7a911e2b4677_1200x.webp","type":"image\/webp"}],"twitter_card":"summary_large_image","twitter_misc":{"Est. reading time":"1 minute"},"schema":{"@context":"https:\/\/schema.org","@graph":[{"@type":"WebPage","@id":"https:\/\/electrobennjima.tn\/machine-a-laver-hoover-10-5-kg-noir\/","url":"https:\/\/electrobennjima.tn\/machine-a-laver-hoover-10-5-kg-noir\/","name":"MACHINE A LAVER HOOVER 10.5 KG - NOIR - electrobennjima","isPartOf":{"@id":"https:\/\/electrobennjima.tn\/#website"},"primaryImageOfPage":{"@id":"https:\/\/electrobennjima.tn\/machine-a-laver-hoover-10-5-kg-noir\/#primaryimage"},"image":{"@id":"https:\/\/electrobennjima.tn\/machine-a-laver-hoover-10-5-kg-noir\/#primaryimage"},"thumbnailUrl":"https:\/\/electrobennjima.tn\/wp-content\/uploads\/2026\/05\/H3W492DABB4-1-80-1_e3dc9a48-bfc4-42f6-a5c5-7a911e2b4677_1200x.webp","datePublished":"2026-05-13T10:47:32+00:00","dateModified":"2026-05-13T10:48:04+00:00","breadcrumb":{"@id":"https:\/\/electrobennjima.tn\/machine-a-laver-hoover-10-5-kg-noir\/#breadcrumb"},"inLanguage":"en-US","potentialAction":[{"@type":"ReadAction","target":["https:\/\/electrobennjima.tn\/machine-a-laver-hoover-10-5-kg-noir\/"]}]},{"@type":"ImageObject","inLanguage":"en-US","@id":"https:\/\/electrobennjima.tn\/machine-a-laver-hoover-10-5-kg-noir\/#primaryimage","url":"https:\/\/electrobennjima.tn\/wp-content\/uploads\/2026\/05\/H3W492DABB4-1-80-1_e3dc9a48-bfc4-42f6-a5c5-7a911e2b4677_1200x.webp","contentUrl":"https:\/\/electrobennjima.tn\/wp-content\/uploads\/2026\/05\/H3W492DABB4-1-80-1_e3dc9a48-bfc4-42f6-a5c5-7a911e2b4677_1200x.webp","width":600,"height":600},{"@type":"BreadcrumbList","@id":"https:\/\/electrobennjima.tn\/machine-a-laver-hoover-10-5-kg-noir\/#breadcrumb","itemListElement":[{"@type":"ListItem","position":1,"name":"Accueil","item":"https:\/\/electrobennjima.tn\/"},{"@type":"ListItem","position":2,"name":"Shop","item":"https:\/\/electrobennjima.tn\/shop\/"},{"@type":"ListItem","position":3,"name":"MACHINE A LAVER HOOVER 10.5 KG &#8211; NOIR"}]},{"@type":"WebSite","@id":"https:\/\/electrobennjima.tn\/#website","url":"https:\/\/electrobennjima.tn\/","name":"electrobennjima","description":"","potentialAction":[{"@type":"SearchAction","target":{"@type":"EntryPoint","urlTemplate":"https:\/\/electrobennjima.tn\/?s={search_term_string}"},"query-input":{"@type":"PropertyValueSpecification","valueRequired":true,"valueName":"search_term_string"}}],"inLanguage":"en-US"}]}},"_links":{"self":[{"href":"https:\/\/electrobennjima.tn\/en\/wp-json\/wp\/v2\/product\/10490","targetHints":{"allow":["GET"]}}],"collection":[{"href":"https:\/\/electrobennjima.tn\/en\/wp-json\/wp\/v2\/product"}],"about":[{"href":"https:\/\/electrobennjima.tn\/en\/wp-json\/wp\/v2\/types\/product"}],"replies":[{"embeddable":true,"href":"https:\/\/electrobennjima.tn\/en\/wp-json\/wp\/v2\/comments?post=10490"}],"wp:featuredmedia":[{"embeddable":true,"href":"https:\/\/electrobennjima.tn\/en\/wp-json\/wp\/v2\/media\/10491"}],"wp:attachment":[{"href":"https:\/\/electrobennjima.tn\/en\/wp-json\/wp\/v2\/media?parent=10490"}],"wp:term":[{"taxonomy":"product_brand","embeddable":true,"href":"https:\/\/electrobennjima.tn\/en\/wp-json\/wp\/v2\/product_brand?post=10490"},{"taxonomy":"product_cat","embeddable":true,"href":"https:\/\/electrobennjima.tn\/en\/wp-json\/wp\/v2\/product_cat?post=10490"},{"taxonomy":"product_tag","embeddable":true,"href":"https:\/\/electrobennjima.tn\/en\/wp-json\/wp\/v2\/product_tag?post=10490"}],"curies":[{"name":"wp","href":"https:\/\/api.w.org\/{rel}","templated":true}]}}