{"id":10498,"date":"2026-05-13T11:15:45","date_gmt":"2026-05-13T11:15:45","guid":{"rendered":"https:\/\/electrobennjima.tn\/?post_type=product&#038;p=10498"},"modified":"2026-05-13T11:15:45","modified_gmt":"2026-05-13T11:15:45","slug":"machine-a-laver-mont-blanc-6kg-noir-800trs","status":"publish","type":"product","link":"https:\/\/electrobennjima.tn\/en\/machine-a-laver-mont-blanc-6kg-noir-800trs\/","title":{"rendered":"MACHINE A LAVER MONT BLANC 6KG &#8211; NOIR 800TRS"},"content":{"rendered":"<table id=\"product-attribute-specs-table\" class=\"data table additional-attributes\">\n<tbody>\n<tr>\n<th class=\"col label\" scope=\"row\">R\u00e9f\u00e9rence<\/th>\n<td class=\"col data\" data-th=\"gtin\">MLBU844NOIR<\/td>\n<\/tr>\n<tr>\n<th class=\"col label\" scope=\"row\">Marque<\/th>\n<td class=\"col data\" data-th=\"Marque\">MONTBLANC<\/td>\n<\/tr>\n<tr>\n<th class=\"col label\" scope=\"row\">Type<\/th>\n<td class=\"col data\" data-th=\"Type\">Lave Linge<\/td>\n<\/tr>\n<tr>\n<th class=\"col label\" scope=\"row\">Type d&rsquo;ouverture<\/th>\n<td class=\"col data\" data-th=\"Type d'ouverture\">Frontal<\/td>\n<\/tr>\n<tr>\n<th class=\"col label\" scope=\"row\">Capacit\u00e9<\/th>\n<td class=\"col data\" data-th=\"Capacit\u00e9\">6 Kg<\/td>\n<\/tr>\n<tr>\n<th class=\"col label\" scope=\"row\">Afficheur<\/th>\n<td class=\"col data\" data-th=\"Afficheur \">Avec Afficheur<\/td>\n<\/tr>\n<tr>\n<th class=\"col label\" scope=\"row\">Ecran Tactile<\/th>\n<td class=\"col data\" data-th=\"Ecran Tactile\">Non<\/td>\n<\/tr>\n<tr>\n<th class=\"col label\" scope=\"row\">Inverter<\/th>\n<td class=\"col data\" data-th=\"Inverter\">Non<\/td>\n<\/tr>\n<tr>\n<th class=\"col label\" scope=\"row\">Nombre de Programmes<\/th>\n<td class=\"col data\" data-th=\"Nombre de Programmes\">15 Programmes<\/td>\n<\/tr>\n<tr>\n<th class=\"col label\" scope=\"row\">Classe \u00c9nerg\u00e9tique<\/th>\n<td class=\"col data\" data-th=\"Classe \u00c9nerg\u00e9tique\">A+++<\/td>\n<\/tr>\n<tr>\n<th class=\"col label\" scope=\"row\">Nombre de Tours<\/th>\n<td class=\"col data\" data-th=\"Nombre de Tours\">de 600 \u00e0 1000 tours<\/td>\n<\/tr>\n<tr>\n<th class=\"col label\" scope=\"row\">Vitesse d essorage<\/th>\n<td class=\"col data\" data-th=\"Vitesse d essorage\">800 tours<\/td>\n<\/tr>\n<tr>\n<th class=\"col label\" scope=\"row\">Dimensions<\/th>\n<td class=\"col data\" data-th=\"Dimensions\">H x P x L: 85 x 60 x 54 cm<\/td>\n<\/tr>\n<tr>\n<th class=\"col label\" scope=\"row\">Couleur<\/th>\n<td class=\"col data\" data-th=\"Couleur\">Noir<\/td>\n<\/tr>\n<tr>\n<th class=\"col label\" scope=\"row\">Garantie<\/th>\n<td class=\"col data\" data-th=\"Garantie\">2 ans<\/td>\n<\/tr>\n<\/tbody>\n<\/table>","protected":false},"excerpt":{"rendered":"<p>R\u00e9f\u00e9rence MLBU844NOIR Marque MONTBLANC Type Lave Linge Type d&rsquo;ouverture Frontal Capacit\u00e9 6 Kg Afficheur Avec Afficheur Ecran Tactile Non Inverter Non Nombre de Programmes 15 Programmes Classe \u00c9nerg\u00e9tique A+++ Nombre de Tours de 600 \u00e0 1000 tours Vitesse d essorage 800 tours Dimensions H x P x L: 85 x 60 x 54 cm Couleur [&hellip;]<\/p>","protected":false},"featured_media":10499,"comment_status":"open","ping_status":"closed","template":"","meta":[],"product_brand":[23],"product_cat":[24],"product_tag":[],"class_list":{"0":"post-10498","1":"product","2":"type-product","3":"status-publish","4":"has-post-thumbnail","6":"product_brand-mont-blanc","7":"product_cat-machine-a-laver","9":"first","10":"instock","11":"shipping-taxable","12":"purchasable","13":"product-type-simple"},"yoast_head":"<!-- This site is optimized with the Yoast SEO plugin v27.5 - https:\/\/yoast.com\/product\/yoast-seo-wordpress\/ -->\n<title>MACHINE A LAVER MONT BLANC 6KG - NOIR 800TRS - electrobennjima<\/title>\n<meta name=\"robots\" content=\"index, follow, max-snippet:-1, max-image-preview:large, max-video-preview:-1\" \/>\n<link rel=\"canonical\" href=\"https:\/\/electrobennjima.tn\/en\/machine-a-laver-mont-blanc-6kg-noir-800trs\/\" \/>\n<meta property=\"og:locale\" content=\"en_US\" \/>\n<meta property=\"og:type\" content=\"article\" \/>\n<meta property=\"og:title\" content=\"MACHINE A LAVER MONT BLANC 6KG - NOIR 800TRS - electrobennjima\" \/>\n<meta property=\"og:description\" content=\"R\u00e9f\u00e9rence MLBU844NOIR Marque MONTBLANC Type Lave Linge Type d&rsquo;ouverture Frontal Capacit\u00e9 6 Kg Afficheur Avec Afficheur Ecran Tactile Non Inverter Non Nombre de Programmes 15 Programmes Classe \u00c9nerg\u00e9tique A+++ Nombre de Tours de 600 \u00e0 1000 tours Vitesse d essorage 800 tours Dimensions H x P x L: 85 x 60 x 54 cm Couleur [&hellip;]\" \/>\n<meta property=\"og:url\" content=\"https:\/\/electrobennjima.tn\/en\/machine-a-laver-mont-blanc-6kg-noir-800trs\/\" \/>\n<meta property=\"og:site_name\" content=\"electrobennjima\" \/>\n<meta property=\"og:image\" content=\"https:\/\/electrobennjima.tn\/wp-content\/uploads\/2026\/05\/55.jpg\" \/>\n\t<meta property=\"og:image:width\" content=\"800\" \/>\n\t<meta property=\"og:image:height\" content=\"800\" \/>\n\t<meta property=\"og:image:type\" content=\"image\/jpeg\" \/>\n<meta name=\"twitter:card\" content=\"summary_large_image\" \/>\n<meta name=\"twitter:label1\" content=\"Est. reading time\" \/>\n\t<meta name=\"twitter:data1\" content=\"1 minute\" \/>\n<script type=\"application\/ld+json\" class=\"yoast-schema-graph\">{\"@context\":\"https:\\\/\\\/schema.org\",\"@graph\":[{\"@type\":\"WebPage\",\"@id\":\"https:\\\/\\\/electrobennjima.tn\\\/machine-a-laver-mont-blanc-6kg-noir-800trs\\\/\",\"url\":\"https:\\\/\\\/electrobennjima.tn\\\/machine-a-laver-mont-blanc-6kg-noir-800trs\\\/\",\"name\":\"MACHINE A LAVER MONT BLANC 6KG - NOIR 800TRS - electrobennjima\",\"isPartOf\":{\"@id\":\"https:\\\/\\\/electrobennjima.tn\\\/#website\"},\"primaryImageOfPage\":{\"@id\":\"https:\\\/\\\/electrobennjima.tn\\\/machine-a-laver-mont-blanc-6kg-noir-800trs\\\/#primaryimage\"},\"image\":{\"@id\":\"https:\\\/\\\/electrobennjima.tn\\\/machine-a-laver-mont-blanc-6kg-noir-800trs\\\/#primaryimage\"},\"thumbnailUrl\":\"https:\\\/\\\/electrobennjima.tn\\\/wp-content\\\/uploads\\\/2026\\\/05\\\/55.jpg\",\"datePublished\":\"2026-05-13T11:15:45+00:00\",\"breadcrumb\":{\"@id\":\"https:\\\/\\\/electrobennjima.tn\\\/machine-a-laver-mont-blanc-6kg-noir-800trs\\\/#breadcrumb\"},\"inLanguage\":\"en-US\",\"potentialAction\":[{\"@type\":\"ReadAction\",\"target\":[\"https:\\\/\\\/electrobennjima.tn\\\/machine-a-laver-mont-blanc-6kg-noir-800trs\\\/\"]}]},{\"@type\":\"ImageObject\",\"inLanguage\":\"en-US\",\"@id\":\"https:\\\/\\\/electrobennjima.tn\\\/machine-a-laver-mont-blanc-6kg-noir-800trs\\\/#primaryimage\",\"url\":\"https:\\\/\\\/electrobennjima.tn\\\/wp-content\\\/uploads\\\/2026\\\/05\\\/55.jpg\",\"contentUrl\":\"https:\\\/\\\/electrobennjima.tn\\\/wp-content\\\/uploads\\\/2026\\\/05\\\/55.jpg\",\"width\":800,\"height\":800},{\"@type\":\"BreadcrumbList\",\"@id\":\"https:\\\/\\\/electrobennjima.tn\\\/machine-a-laver-mont-blanc-6kg-noir-800trs\\\/#breadcrumb\",\"itemListElement\":[{\"@type\":\"ListItem\",\"position\":1,\"name\":\"Accueil\",\"item\":\"https:\\\/\\\/electrobennjima.tn\\\/\"},{\"@type\":\"ListItem\",\"position\":2,\"name\":\"Shop\",\"item\":\"https:\\\/\\\/electrobennjima.tn\\\/shop\\\/\"},{\"@type\":\"ListItem\",\"position\":3,\"name\":\"MACHINE A LAVER MONT BLANC 6KG &#8211; NOIR 800TRS\"}]},{\"@type\":\"WebSite\",\"@id\":\"https:\\\/\\\/electrobennjima.tn\\\/#website\",\"url\":\"https:\\\/\\\/electrobennjima.tn\\\/\",\"name\":\"electrobennjima\",\"description\":\"\",\"potentialAction\":[{\"@type\":\"SearchAction\",\"target\":{\"@type\":\"EntryPoint\",\"urlTemplate\":\"https:\\\/\\\/electrobennjima.tn\\\/?s={search_term_string}\"},\"query-input\":{\"@type\":\"PropertyValueSpecification\",\"valueRequired\":true,\"valueName\":\"search_term_string\"}}],\"inLanguage\":\"en-US\"}]}<\/script>\n<!-- \/ Yoast SEO plugin. -->","yoast_head_json":{"title":"MACHINE A LAVER MONT BLANC 6KG - NOIR 800TRS - electrobennjima","robots":{"index":"index","follow":"follow","max-snippet":"max-snippet:-1","max-image-preview":"max-image-preview:large","max-video-preview":"max-video-preview:-1"},"canonical":"https:\/\/electrobennjima.tn\/en\/machine-a-laver-mont-blanc-6kg-noir-800trs\/","og_locale":"en_US","og_type":"article","og_title":"MACHINE A LAVER MONT BLANC 6KG - NOIR 800TRS - electrobennjima","og_description":"R\u00e9f\u00e9rence MLBU844NOIR Marque MONTBLANC Type Lave Linge Type d&rsquo;ouverture Frontal Capacit\u00e9 6 Kg Afficheur Avec Afficheur Ecran Tactile Non Inverter Non Nombre de Programmes 15 Programmes Classe \u00c9nerg\u00e9tique A+++ Nombre de Tours de 600 \u00e0 1000 tours Vitesse d essorage 800 tours Dimensions H x P x L: 85 x 60 x 54 cm Couleur [&hellip;]","og_url":"https:\/\/electrobennjima.tn\/en\/machine-a-laver-mont-blanc-6kg-noir-800trs\/","og_site_name":"electrobennjima","og_image":[{"width":800,"height":800,"url":"https:\/\/electrobennjima.tn\/wp-content\/uploads\/2026\/05\/55.jpg","type":"image\/jpeg"}],"twitter_card":"summary_large_image","twitter_misc":{"Est. reading time":"1 minute"},"schema":{"@context":"https:\/\/schema.org","@graph":[{"@type":"WebPage","@id":"https:\/\/electrobennjima.tn\/machine-a-laver-mont-blanc-6kg-noir-800trs\/","url":"https:\/\/electrobennjima.tn\/machine-a-laver-mont-blanc-6kg-noir-800trs\/","name":"MACHINE A LAVER MONT BLANC 6KG - NOIR 800TRS - electrobennjima","isPartOf":{"@id":"https:\/\/electrobennjima.tn\/#website"},"primaryImageOfPage":{"@id":"https:\/\/electrobennjima.tn\/machine-a-laver-mont-blanc-6kg-noir-800trs\/#primaryimage"},"image":{"@id":"https:\/\/electrobennjima.tn\/machine-a-laver-mont-blanc-6kg-noir-800trs\/#primaryimage"},"thumbnailUrl":"https:\/\/electrobennjima.tn\/wp-content\/uploads\/2026\/05\/55.jpg","datePublished":"2026-05-13T11:15:45+00:00","breadcrumb":{"@id":"https:\/\/electrobennjima.tn\/machine-a-laver-mont-blanc-6kg-noir-800trs\/#breadcrumb"},"inLanguage":"en-US","potentialAction":[{"@type":"ReadAction","target":["https:\/\/electrobennjima.tn\/machine-a-laver-mont-blanc-6kg-noir-800trs\/"]}]},{"@type":"ImageObject","inLanguage":"en-US","@id":"https:\/\/electrobennjima.tn\/machine-a-laver-mont-blanc-6kg-noir-800trs\/#primaryimage","url":"https:\/\/electrobennjima.tn\/wp-content\/uploads\/2026\/05\/55.jpg","contentUrl":"https:\/\/electrobennjima.tn\/wp-content\/uploads\/2026\/05\/55.jpg","width":800,"height":800},{"@type":"BreadcrumbList","@id":"https:\/\/electrobennjima.tn\/machine-a-laver-mont-blanc-6kg-noir-800trs\/#breadcrumb","itemListElement":[{"@type":"ListItem","position":1,"name":"Accueil","item":"https:\/\/electrobennjima.tn\/"},{"@type":"ListItem","position":2,"name":"Shop","item":"https:\/\/electrobennjima.tn\/shop\/"},{"@type":"ListItem","position":3,"name":"MACHINE A LAVER MONT BLANC 6KG &#8211; NOIR 800TRS"}]},{"@type":"WebSite","@id":"https:\/\/electrobennjima.tn\/#website","url":"https:\/\/electrobennjima.tn\/","name":"electrobennjima","description":"","potentialAction":[{"@type":"SearchAction","target":{"@type":"EntryPoint","urlTemplate":"https:\/\/electrobennjima.tn\/?s={search_term_string}"},"query-input":{"@type":"PropertyValueSpecification","valueRequired":true,"valueName":"search_term_string"}}],"inLanguage":"en-US"}]}},"_links":{"self":[{"href":"https:\/\/electrobennjima.tn\/en\/wp-json\/wp\/v2\/product\/10498","targetHints":{"allow":["GET"]}}],"collection":[{"href":"https:\/\/electrobennjima.tn\/en\/wp-json\/wp\/v2\/product"}],"about":[{"href":"https:\/\/electrobennjima.tn\/en\/wp-json\/wp\/v2\/types\/product"}],"replies":[{"embeddable":true,"href":"https:\/\/electrobennjima.tn\/en\/wp-json\/wp\/v2\/comments?post=10498"}],"wp:featuredmedia":[{"embeddable":true,"href":"https:\/\/electrobennjima.tn\/en\/wp-json\/wp\/v2\/media\/10499"}],"wp:attachment":[{"href":"https:\/\/electrobennjima.tn\/en\/wp-json\/wp\/v2\/media?parent=10498"}],"wp:term":[{"taxonomy":"product_brand","embeddable":true,"href":"https:\/\/electrobennjima.tn\/en\/wp-json\/wp\/v2\/product_brand?post=10498"},{"taxonomy":"product_cat","embeddable":true,"href":"https:\/\/electrobennjima.tn\/en\/wp-json\/wp\/v2\/product_cat?post=10498"},{"taxonomy":"product_tag","embeddable":true,"href":"https:\/\/electrobennjima.tn\/en\/wp-json\/wp\/v2\/product_tag?post=10498"}],"curies":[{"name":"wp","href":"https:\/\/api.w.org\/{rel}","templated":true}]}}