{"id":10506,"date":"2026-05-13T11:39:09","date_gmt":"2026-05-13T11:39:09","guid":{"rendered":"https:\/\/electrobennjima.tn\/?post_type=product&#038;p=10506"},"modified":"2026-05-13T11:39:09","modified_gmt":"2026-05-13T11:39:09","slug":"machine-a-laver-power-semi-automatique-9-5kg","status":"publish","type":"product","link":"https:\/\/electrobennjima.tn\/en\/machine-a-laver-power-semi-automatique-9-5kg\/","title":{"rendered":"MACHINE A LAVER POWER &#8211; SEMI AUTOMATIQUE 9.5KG"},"content":{"rendered":"<table id=\"product-attribute-specs-table\" class=\"data table additional-attributes\">\n<tbody>\n<tr>\n<th class=\"col label\" scope=\"row\">R\u00e9f\u00e9rence<\/th>\n<td class=\"col data\" data-th=\"Prix\">MLXPB950<\/td>\n<\/tr>\n<tr>\n<th class=\"col label\" scope=\"row\">Garantie<\/th>\n<td class=\"col data\" data-th=\"Garantie:\">1 an<\/td>\n<\/tr>\n<tr>\n<th class=\"col label\" scope=\"row\">Classe \u00e9nerg\u00e9tique<\/th>\n<td class=\"col data\" data-th=\"Classe \u00e9nerg\u00e9tique\">2<\/td>\n<\/tr>\n<tr>\n<th class=\"col label\" scope=\"row\">Nombre de programmes<\/th>\n<td class=\"col data\" data-th=\"Nombre de programmes\">2<\/td>\n<\/tr>\n<tr>\n<th class=\"col label\" scope=\"row\">Type Machin \u00e0 Laver<\/th>\n<td class=\"col data\" data-th=\"Type Machin \u00e0 Laver \">Semi &#8211; Automatique(Double cuve : Lavage et Essorage)<\/td>\n<\/tr>\n<tr>\n<th class=\"col label\" scope=\"row\">Syst\u00e8me de lavage<\/th>\n<td class=\"col data\" data-th=\"Fonctions &amp; Technologie\">Pulsateur haute performance pour un nettoyage en profondeur<\/td>\n<\/tr>\n<tr>\n<th class=\"col label\" scope=\"row\">Capacit\u00e9<\/th>\n<td class=\"col data\" data-th=\"Capacit\u00e9\">8 \u00e0 9 Kg<\/td>\n<\/tr>\n<tr>\n<th class=\"col label\" scope=\"row\">Puissance d\u2019essorage<\/th>\n<td class=\"col data\" data-th=\"Capacit\u00e9\">Vitesse de rotation optimis\u00e9e pour un s\u00e9chage rapide<\/td>\n<\/tr>\n<tr>\n<th class=\"col label\" scope=\"row\">Mat\u00e9riau de la cuve <\/th>\n<td class=\"col data\" data-th=\"Capacit\u00e9\">Plastique renforc\u00e9 anti-choc et anti-corrosion<\/td>\n<\/tr>\n<tr>\n<th class=\"col label\" scope=\"row\">Programmes<\/th>\n<td class=\"col data\" data-th=\"Capacit\u00e9\">Lavage normal &#8211; Lavage intensif &#8211; Vidange<\/td>\n<\/tr>\n<tr>\n<th class=\"col label\" scope=\"row\">Minuterie<\/th>\n<td class=\"col data\" data-th=\"Capacit\u00e9\">Ajustable jusqu&rsquo;\u00e0 15 minutes pour le lavage<\/td>\n<\/tr>\n<tr>\n<th class=\"col label\" scope=\"row\"> Alimentation<\/th>\n<td class=\"col data\" data-th=\"Capacit\u00e9\">220-240V \/ 50Hz<\/td>\n<\/tr>\n<tr>\n<th class=\"col label\" scope=\"row\">Couleur:<\/th>\n<td class=\"col data\" data-th=\"Couleur:\">Blanc<\/td>\n<\/tr>\n<\/tbody>\n<\/table>","protected":false},"excerpt":{"rendered":"<p>R\u00e9f\u00e9rence MLXPB950 Garantie 1 an Classe \u00e9nerg\u00e9tique 2 Nombre de programmes 2 Type Machin \u00e0 Laver Semi &#8211; Automatique(Double cuve : Lavage et Essorage) Syst\u00e8me de lavage Pulsateur haute performance pour un nettoyage en profondeur Capacit\u00e9 8 \u00e0 9 Kg Puissance d\u2019essorage Vitesse de rotation optimis\u00e9e pour un s\u00e9chage rapide Mat\u00e9riau de la cuve Plastique [&hellip;]<\/p>","protected":false},"featured_media":10507,"comment_status":"open","ping_status":"closed","template":"","meta":[],"product_brand":[102],"product_cat":[41],"product_tag":[],"class_list":{"0":"post-10506","1":"product","2":"type-product","3":"status-publish","4":"has-post-thumbnail","6":"product_brand-power","7":"product_cat-machine-a-laver-semi-automatique","9":"first","10":"instock","11":"shipping-taxable","12":"purchasable","13":"product-type-simple"},"yoast_head":"<!-- This site is optimized with the Yoast SEO plugin v27.5 - https:\/\/yoast.com\/product\/yoast-seo-wordpress\/ -->\n<title>MACHINE A LAVER POWER - SEMI AUTOMATIQUE 9.5KG - electrobennjima<\/title>\n<meta name=\"robots\" content=\"index, follow, max-snippet:-1, max-image-preview:large, max-video-preview:-1\" \/>\n<link rel=\"canonical\" href=\"https:\/\/electrobennjima.tn\/en\/machine-a-laver-power-semi-automatique-9-5kg\/\" \/>\n<meta property=\"og:locale\" content=\"en_US\" \/>\n<meta property=\"og:type\" content=\"article\" \/>\n<meta property=\"og:title\" content=\"MACHINE A LAVER POWER - SEMI AUTOMATIQUE 9.5KG - electrobennjima\" \/>\n<meta property=\"og:description\" content=\"R\u00e9f\u00e9rence MLXPB950 Garantie 1 an Classe \u00e9nerg\u00e9tique 2 Nombre de programmes 2 Type Machin \u00e0 Laver Semi &#8211; Automatique(Double cuve : Lavage et Essorage) Syst\u00e8me de lavage Pulsateur haute performance pour un nettoyage en profondeur Capacit\u00e9 8 \u00e0 9 Kg Puissance d\u2019essorage Vitesse de rotation optimis\u00e9e pour un s\u00e9chage rapide Mat\u00e9riau de la cuve Plastique [&hellip;]\" \/>\n<meta property=\"og:url\" content=\"https:\/\/electrobennjima.tn\/en\/machine-a-laver-power-semi-automatique-9-5kg\/\" \/>\n<meta property=\"og:site_name\" content=\"electrobennjima\" \/>\n<meta property=\"og:image\" content=\"https:\/\/electrobennjima.tn\/wp-content\/uploads\/2026\/05\/1.webp\" \/>\n\t<meta property=\"og:image:width\" content=\"850\" \/>\n\t<meta property=\"og:image:height\" content=\"850\" \/>\n\t<meta property=\"og:image:type\" content=\"image\/webp\" \/>\n<meta name=\"twitter:card\" content=\"summary_large_image\" \/>\n<meta name=\"twitter:label1\" content=\"Est. reading time\" \/>\n\t<meta name=\"twitter:data1\" content=\"1 minute\" \/>\n<script type=\"application\/ld+json\" class=\"yoast-schema-graph\">{\"@context\":\"https:\\\/\\\/schema.org\",\"@graph\":[{\"@type\":\"WebPage\",\"@id\":\"https:\\\/\\\/electrobennjima.tn\\\/machine-a-laver-power-semi-automatique-9-5kg\\\/\",\"url\":\"https:\\\/\\\/electrobennjima.tn\\\/machine-a-laver-power-semi-automatique-9-5kg\\\/\",\"name\":\"MACHINE A LAVER POWER - SEMI AUTOMATIQUE 9.5KG - electrobennjima\",\"isPartOf\":{\"@id\":\"https:\\\/\\\/electrobennjima.tn\\\/#website\"},\"primaryImageOfPage\":{\"@id\":\"https:\\\/\\\/electrobennjima.tn\\\/machine-a-laver-power-semi-automatique-9-5kg\\\/#primaryimage\"},\"image\":{\"@id\":\"https:\\\/\\\/electrobennjima.tn\\\/machine-a-laver-power-semi-automatique-9-5kg\\\/#primaryimage\"},\"thumbnailUrl\":\"https:\\\/\\\/electrobennjima.tn\\\/wp-content\\\/uploads\\\/2026\\\/05\\\/1.webp\",\"datePublished\":\"2026-05-13T11:39:09+00:00\",\"breadcrumb\":{\"@id\":\"https:\\\/\\\/electrobennjima.tn\\\/machine-a-laver-power-semi-automatique-9-5kg\\\/#breadcrumb\"},\"inLanguage\":\"en-US\",\"potentialAction\":[{\"@type\":\"ReadAction\",\"target\":[\"https:\\\/\\\/electrobennjima.tn\\\/machine-a-laver-power-semi-automatique-9-5kg\\\/\"]}]},{\"@type\":\"ImageObject\",\"inLanguage\":\"en-US\",\"@id\":\"https:\\\/\\\/electrobennjima.tn\\\/machine-a-laver-power-semi-automatique-9-5kg\\\/#primaryimage\",\"url\":\"https:\\\/\\\/electrobennjima.tn\\\/wp-content\\\/uploads\\\/2026\\\/05\\\/1.webp\",\"contentUrl\":\"https:\\\/\\\/electrobennjima.tn\\\/wp-content\\\/uploads\\\/2026\\\/05\\\/1.webp\",\"width\":850,\"height\":850},{\"@type\":\"BreadcrumbList\",\"@id\":\"https:\\\/\\\/electrobennjima.tn\\\/machine-a-laver-power-semi-automatique-9-5kg\\\/#breadcrumb\",\"itemListElement\":[{\"@type\":\"ListItem\",\"position\":1,\"name\":\"Accueil\",\"item\":\"https:\\\/\\\/electrobennjima.tn\\\/\"},{\"@type\":\"ListItem\",\"position\":2,\"name\":\"Shop\",\"item\":\"https:\\\/\\\/electrobennjima.tn\\\/shop\\\/\"},{\"@type\":\"ListItem\",\"position\":3,\"name\":\"MACHINE A LAVER POWER &#8211; SEMI AUTOMATIQUE 9.5KG\"}]},{\"@type\":\"WebSite\",\"@id\":\"https:\\\/\\\/electrobennjima.tn\\\/#website\",\"url\":\"https:\\\/\\\/electrobennjima.tn\\\/\",\"name\":\"electrobennjima\",\"description\":\"\",\"potentialAction\":[{\"@type\":\"SearchAction\",\"target\":{\"@type\":\"EntryPoint\",\"urlTemplate\":\"https:\\\/\\\/electrobennjima.tn\\\/?s={search_term_string}\"},\"query-input\":{\"@type\":\"PropertyValueSpecification\",\"valueRequired\":true,\"valueName\":\"search_term_string\"}}],\"inLanguage\":\"en-US\"}]}<\/script>\n<!-- \/ Yoast SEO plugin. -->","yoast_head_json":{"title":"MACHINE A LAVER POWER - SEMI AUTOMATIQUE 9.5KG - electrobennjima","robots":{"index":"index","follow":"follow","max-snippet":"max-snippet:-1","max-image-preview":"max-image-preview:large","max-video-preview":"max-video-preview:-1"},"canonical":"https:\/\/electrobennjima.tn\/en\/machine-a-laver-power-semi-automatique-9-5kg\/","og_locale":"en_US","og_type":"article","og_title":"MACHINE A LAVER POWER - SEMI AUTOMATIQUE 9.5KG - electrobennjima","og_description":"R\u00e9f\u00e9rence MLXPB950 Garantie 1 an Classe \u00e9nerg\u00e9tique 2 Nombre de programmes 2 Type Machin \u00e0 Laver Semi &#8211; Automatique(Double cuve : Lavage et Essorage) Syst\u00e8me de lavage Pulsateur haute performance pour un nettoyage en profondeur Capacit\u00e9 8 \u00e0 9 Kg Puissance d\u2019essorage Vitesse de rotation optimis\u00e9e pour un s\u00e9chage rapide Mat\u00e9riau de la cuve Plastique [&hellip;]","og_url":"https:\/\/electrobennjima.tn\/en\/machine-a-laver-power-semi-automatique-9-5kg\/","og_site_name":"electrobennjima","og_image":[{"width":850,"height":850,"url":"https:\/\/electrobennjima.tn\/wp-content\/uploads\/2026\/05\/1.webp","type":"image\/webp"}],"twitter_card":"summary_large_image","twitter_misc":{"Est. reading time":"1 minute"},"schema":{"@context":"https:\/\/schema.org","@graph":[{"@type":"WebPage","@id":"https:\/\/electrobennjima.tn\/machine-a-laver-power-semi-automatique-9-5kg\/","url":"https:\/\/electrobennjima.tn\/machine-a-laver-power-semi-automatique-9-5kg\/","name":"MACHINE A LAVER POWER - SEMI AUTOMATIQUE 9.5KG - electrobennjima","isPartOf":{"@id":"https:\/\/electrobennjima.tn\/#website"},"primaryImageOfPage":{"@id":"https:\/\/electrobennjima.tn\/machine-a-laver-power-semi-automatique-9-5kg\/#primaryimage"},"image":{"@id":"https:\/\/electrobennjima.tn\/machine-a-laver-power-semi-automatique-9-5kg\/#primaryimage"},"thumbnailUrl":"https:\/\/electrobennjima.tn\/wp-content\/uploads\/2026\/05\/1.webp","datePublished":"2026-05-13T11:39:09+00:00","breadcrumb":{"@id":"https:\/\/electrobennjima.tn\/machine-a-laver-power-semi-automatique-9-5kg\/#breadcrumb"},"inLanguage":"en-US","potentialAction":[{"@type":"ReadAction","target":["https:\/\/electrobennjima.tn\/machine-a-laver-power-semi-automatique-9-5kg\/"]}]},{"@type":"ImageObject","inLanguage":"en-US","@id":"https:\/\/electrobennjima.tn\/machine-a-laver-power-semi-automatique-9-5kg\/#primaryimage","url":"https:\/\/electrobennjima.tn\/wp-content\/uploads\/2026\/05\/1.webp","contentUrl":"https:\/\/electrobennjima.tn\/wp-content\/uploads\/2026\/05\/1.webp","width":850,"height":850},{"@type":"BreadcrumbList","@id":"https:\/\/electrobennjima.tn\/machine-a-laver-power-semi-automatique-9-5kg\/#breadcrumb","itemListElement":[{"@type":"ListItem","position":1,"name":"Accueil","item":"https:\/\/electrobennjima.tn\/"},{"@type":"ListItem","position":2,"name":"Shop","item":"https:\/\/electrobennjima.tn\/shop\/"},{"@type":"ListItem","position":3,"name":"MACHINE A LAVER POWER &#8211; SEMI AUTOMATIQUE 9.5KG"}]},{"@type":"WebSite","@id":"https:\/\/electrobennjima.tn\/#website","url":"https:\/\/electrobennjima.tn\/","name":"electrobennjima","description":"","potentialAction":[{"@type":"SearchAction","target":{"@type":"EntryPoint","urlTemplate":"https:\/\/electrobennjima.tn\/?s={search_term_string}"},"query-input":{"@type":"PropertyValueSpecification","valueRequired":true,"valueName":"search_term_string"}}],"inLanguage":"en-US"}]}},"_links":{"self":[{"href":"https:\/\/electrobennjima.tn\/en\/wp-json\/wp\/v2\/product\/10506","targetHints":{"allow":["GET"]}}],"collection":[{"href":"https:\/\/electrobennjima.tn\/en\/wp-json\/wp\/v2\/product"}],"about":[{"href":"https:\/\/electrobennjima.tn\/en\/wp-json\/wp\/v2\/types\/product"}],"replies":[{"embeddable":true,"href":"https:\/\/electrobennjima.tn\/en\/wp-json\/wp\/v2\/comments?post=10506"}],"wp:featuredmedia":[{"embeddable":true,"href":"https:\/\/electrobennjima.tn\/en\/wp-json\/wp\/v2\/media\/10507"}],"wp:attachment":[{"href":"https:\/\/electrobennjima.tn\/en\/wp-json\/wp\/v2\/media?parent=10506"}],"wp:term":[{"taxonomy":"product_brand","embeddable":true,"href":"https:\/\/electrobennjima.tn\/en\/wp-json\/wp\/v2\/product_brand?post=10506"},{"taxonomy":"product_cat","embeddable":true,"href":"https:\/\/electrobennjima.tn\/en\/wp-json\/wp\/v2\/product_cat?post=10506"},{"taxonomy":"product_tag","embeddable":true,"href":"https:\/\/electrobennjima.tn\/en\/wp-json\/wp\/v2\/product_tag?post=10506"}],"curies":[{"name":"wp","href":"https:\/\/api.w.org\/{rel}","templated":true}]}}