{"id":10510,"date":"2026-05-13T11:53:36","date_gmt":"2026-05-13T11:53:36","guid":{"rendered":"https:\/\/electrobennjima.tn\/?post_type=product&#038;p=10510"},"modified":"2026-05-13T13:05:37","modified_gmt":"2026-05-13T13:05:37","slug":"machine-a-laver-samsung-13kg-noir-top","status":"publish","type":"product","link":"https:\/\/electrobennjima.tn\/en\/machine-a-laver-samsung-13kg-noir-top\/","title":{"rendered":"MACHINE A LAVER SAMSUNG 13KG &#8211; NOIR TOP"},"content":{"rendered":"<table id=\"product-attribute-specs-table\" class=\"data table additional-attributes\">\n<tbody>\n<tr>\n<th class=\"col label\" scope=\"row\">R\u00e9f\u00e9rence<\/th>\n<td class=\"col data\" data-th=\"R\u00e9f\u00e9rence:\">MLWA80F13S5CNQ<\/td>\n<\/tr>\n<tr>\n<th class=\"col label\" scope=\"row\">Garantie<\/th>\n<td class=\"col data\" data-th=\"Garantie:\">2 ans<\/td>\n<\/tr>\n<tr>\n<th class=\"col label\" scope=\"row\"><strong>Capacit\u00e9 de lavage\u00a0<\/strong><\/th>\n<td class=\"col data\" data-th=\"Classe \u00e9nerg\u00e9tique\">13KG<\/td>\n<\/tr>\n<tr>\n<th class=\"col label\" scope=\"row\"><strong>Vitesse d\u2019essorage<\/strong><\/th>\n<td class=\"col data\" data-th=\"Nombre de programmes\">700 tr\/min<\/td>\n<\/tr>\n<tr>\n<th class=\"col label\" scope=\"row\"><strong>Type de tambour<\/strong><\/th>\n<td class=\"col data\" data-th=\"Type Machin \u00e0 Laver \">2nd Diamond<\/td>\n<\/tr>\n<tr>\n<th class=\"col label\" scope=\"row\">Fonctions &amp; Technologie<\/th>\n<td class=\"col data\" data-th=\"Fonctions &amp; Technologie\">Lavage rapide &#8211; Eco Bubble &#8211; Red\u00e9marrage automatique &#8211; Verrouillage enfant<\/td>\n<\/tr>\n<tr>\n<th class=\"col label\" scope=\"row\"><strong>Dimensions<\/strong><\/th>\n<td class=\"col data\" data-th=\"Capacit\u00e9\">610 x 1059 x 675 mm<\/td>\n<\/tr>\n<tr>\n<th class=\"col label\" scope=\"row\">Couleur<\/th>\n<td class=\"col data\" data-th=\"Couleur:\">Noir<\/td>\n<\/tr>\n<\/tbody>\n<\/table>","protected":false},"excerpt":{"rendered":"<p>R\u00e9f\u00e9rence MLWA80F13S5CNQ Garantie 2 ans Capacit\u00e9 de lavage\u00a0 13KG Vitesse d\u2019essorage 700 tr\/min Type de tambour 2nd Diamond Fonctions &amp; Technologie Lavage rapide &#8211; Eco Bubble &#8211; Red\u00e9marrage automatique &#8211; Verrouillage enfant Dimensions 610 x 1059 x 675 mm Couleur Noir<\/p>","protected":false},"featured_media":10517,"comment_status":"open","ping_status":"closed","template":"","meta":[],"product_brand":[490],"product_cat":[39],"product_tag":[],"class_list":{"0":"post-10510","1":"product","2":"type-product","3":"status-publish","4":"has-post-thumbnail","6":"product_brand-samsung","7":"product_cat-machines-a-laver-top","9":"first","10":"instock","11":"shipping-taxable","12":"purchasable","13":"product-type-simple"},"yoast_head":"<!-- This site is optimized with the Yoast SEO plugin v27.5 - https:\/\/yoast.com\/product\/yoast-seo-wordpress\/ -->\n<title>MACHINE A LAVER SAMSUNG 13KG - NOIR TOP - electrobennjima<\/title>\n<meta name=\"robots\" content=\"index, follow, max-snippet:-1, max-image-preview:large, max-video-preview:-1\" \/>\n<link rel=\"canonical\" href=\"https:\/\/electrobennjima.tn\/en\/machine-a-laver-samsung-13kg-noir-top\/\" \/>\n<meta property=\"og:locale\" content=\"en_US\" \/>\n<meta property=\"og:type\" content=\"article\" \/>\n<meta property=\"og:title\" content=\"MACHINE A LAVER SAMSUNG 13KG - NOIR TOP - electrobennjima\" \/>\n<meta property=\"og:description\" content=\"R\u00e9f\u00e9rence MLWA80F13S5CNQ Garantie 2 ans Capacit\u00e9 de lavage\u00a0 13KG Vitesse d\u2019essorage 700 tr\/min Type de tambour 2nd Diamond Fonctions &amp; Technologie Lavage rapide &#8211; Eco Bubble &#8211; Red\u00e9marrage automatique &#8211; Verrouillage enfant Dimensions 610 x 1059 x 675 mm Couleur Noir\" \/>\n<meta property=\"og:url\" content=\"https:\/\/electrobennjima.tn\/en\/machine-a-laver-samsung-13kg-noir-top\/\" \/>\n<meta property=\"og:site_name\" content=\"electrobennjima\" \/>\n<meta property=\"article:modified_time\" content=\"2026-05-13T13:05:37+00:00\" \/>\n<meta property=\"og:image\" content=\"https:\/\/electrobennjima.tn\/wp-content\/uploads\/2026\/05\/machine-a-laver-samsung-smart-13kg-inverter-noir-wa80f13s5cnq.jpg\" \/>\n\t<meta property=\"og:image:width\" content=\"800\" \/>\n\t<meta property=\"og:image:height\" content=\"800\" \/>\n\t<meta property=\"og:image:type\" content=\"image\/jpeg\" \/>\n<meta name=\"twitter:card\" content=\"summary_large_image\" \/>\n<meta name=\"twitter:label1\" content=\"Est. reading time\" \/>\n\t<meta name=\"twitter:data1\" content=\"1 minute\" \/>\n<script type=\"application\/ld+json\" class=\"yoast-schema-graph\">{\"@context\":\"https:\\\/\\\/schema.org\",\"@graph\":[{\"@type\":\"WebPage\",\"@id\":\"https:\\\/\\\/electrobennjima.tn\\\/machine-a-laver-samsung-13kg-noir-top\\\/\",\"url\":\"https:\\\/\\\/electrobennjima.tn\\\/machine-a-laver-samsung-13kg-noir-top\\\/\",\"name\":\"MACHINE A LAVER SAMSUNG 13KG - NOIR TOP - electrobennjima\",\"isPartOf\":{\"@id\":\"https:\\\/\\\/electrobennjima.tn\\\/#website\"},\"primaryImageOfPage\":{\"@id\":\"https:\\\/\\\/electrobennjima.tn\\\/machine-a-laver-samsung-13kg-noir-top\\\/#primaryimage\"},\"image\":{\"@id\":\"https:\\\/\\\/electrobennjima.tn\\\/machine-a-laver-samsung-13kg-noir-top\\\/#primaryimage\"},\"thumbnailUrl\":\"https:\\\/\\\/electrobennjima.tn\\\/wp-content\\\/uploads\\\/2026\\\/05\\\/machine-a-laver-samsung-smart-13kg-inverter-noir-wa80f13s5cnq.jpg\",\"datePublished\":\"2026-05-13T11:53:36+00:00\",\"dateModified\":\"2026-05-13T13:05:37+00:00\",\"breadcrumb\":{\"@id\":\"https:\\\/\\\/electrobennjima.tn\\\/machine-a-laver-samsung-13kg-noir-top\\\/#breadcrumb\"},\"inLanguage\":\"en-US\",\"potentialAction\":[{\"@type\":\"ReadAction\",\"target\":[\"https:\\\/\\\/electrobennjima.tn\\\/machine-a-laver-samsung-13kg-noir-top\\\/\"]}]},{\"@type\":\"ImageObject\",\"inLanguage\":\"en-US\",\"@id\":\"https:\\\/\\\/electrobennjima.tn\\\/machine-a-laver-samsung-13kg-noir-top\\\/#primaryimage\",\"url\":\"https:\\\/\\\/electrobennjima.tn\\\/wp-content\\\/uploads\\\/2026\\\/05\\\/machine-a-laver-samsung-smart-13kg-inverter-noir-wa80f13s5cnq.jpg\",\"contentUrl\":\"https:\\\/\\\/electrobennjima.tn\\\/wp-content\\\/uploads\\\/2026\\\/05\\\/machine-a-laver-samsung-smart-13kg-inverter-noir-wa80f13s5cnq.jpg\",\"width\":800,\"height\":800},{\"@type\":\"BreadcrumbList\",\"@id\":\"https:\\\/\\\/electrobennjima.tn\\\/machine-a-laver-samsung-13kg-noir-top\\\/#breadcrumb\",\"itemListElement\":[{\"@type\":\"ListItem\",\"position\":1,\"name\":\"Accueil\",\"item\":\"https:\\\/\\\/electrobennjima.tn\\\/\"},{\"@type\":\"ListItem\",\"position\":2,\"name\":\"Shop\",\"item\":\"https:\\\/\\\/electrobennjima.tn\\\/shop\\\/\"},{\"@type\":\"ListItem\",\"position\":3,\"name\":\"MACHINE A LAVER SAMSUNG 13KG &#8211; NOIR TOP\"}]},{\"@type\":\"WebSite\",\"@id\":\"https:\\\/\\\/electrobennjima.tn\\\/#website\",\"url\":\"https:\\\/\\\/electrobennjima.tn\\\/\",\"name\":\"electrobennjima\",\"description\":\"\",\"potentialAction\":[{\"@type\":\"SearchAction\",\"target\":{\"@type\":\"EntryPoint\",\"urlTemplate\":\"https:\\\/\\\/electrobennjima.tn\\\/?s={search_term_string}\"},\"query-input\":{\"@type\":\"PropertyValueSpecification\",\"valueRequired\":true,\"valueName\":\"search_term_string\"}}],\"inLanguage\":\"en-US\"}]}<\/script>\n<!-- \/ Yoast SEO plugin. -->","yoast_head_json":{"title":"MACHINE A LAVER SAMSUNG 13KG - NOIR TOP - electrobennjima","robots":{"index":"index","follow":"follow","max-snippet":"max-snippet:-1","max-image-preview":"max-image-preview:large","max-video-preview":"max-video-preview:-1"},"canonical":"https:\/\/electrobennjima.tn\/en\/machine-a-laver-samsung-13kg-noir-top\/","og_locale":"en_US","og_type":"article","og_title":"MACHINE A LAVER SAMSUNG 13KG - NOIR TOP - electrobennjima","og_description":"R\u00e9f\u00e9rence MLWA80F13S5CNQ Garantie 2 ans Capacit\u00e9 de lavage\u00a0 13KG Vitesse d\u2019essorage 700 tr\/min Type de tambour 2nd Diamond Fonctions &amp; Technologie Lavage rapide &#8211; Eco Bubble &#8211; Red\u00e9marrage automatique &#8211; Verrouillage enfant Dimensions 610 x 1059 x 675 mm Couleur Noir","og_url":"https:\/\/electrobennjima.tn\/en\/machine-a-laver-samsung-13kg-noir-top\/","og_site_name":"electrobennjima","article_modified_time":"2026-05-13T13:05:37+00:00","og_image":[{"width":800,"height":800,"url":"https:\/\/electrobennjima.tn\/wp-content\/uploads\/2026\/05\/machine-a-laver-samsung-smart-13kg-inverter-noir-wa80f13s5cnq.jpg","type":"image\/jpeg"}],"twitter_card":"summary_large_image","twitter_misc":{"Est. reading time":"1 minute"},"schema":{"@context":"https:\/\/schema.org","@graph":[{"@type":"WebPage","@id":"https:\/\/electrobennjima.tn\/machine-a-laver-samsung-13kg-noir-top\/","url":"https:\/\/electrobennjima.tn\/machine-a-laver-samsung-13kg-noir-top\/","name":"MACHINE A LAVER SAMSUNG 13KG - NOIR TOP - electrobennjima","isPartOf":{"@id":"https:\/\/electrobennjima.tn\/#website"},"primaryImageOfPage":{"@id":"https:\/\/electrobennjima.tn\/machine-a-laver-samsung-13kg-noir-top\/#primaryimage"},"image":{"@id":"https:\/\/electrobennjima.tn\/machine-a-laver-samsung-13kg-noir-top\/#primaryimage"},"thumbnailUrl":"https:\/\/electrobennjima.tn\/wp-content\/uploads\/2026\/05\/machine-a-laver-samsung-smart-13kg-inverter-noir-wa80f13s5cnq.jpg","datePublished":"2026-05-13T11:53:36+00:00","dateModified":"2026-05-13T13:05:37+00:00","breadcrumb":{"@id":"https:\/\/electrobennjima.tn\/machine-a-laver-samsung-13kg-noir-top\/#breadcrumb"},"inLanguage":"en-US","potentialAction":[{"@type":"ReadAction","target":["https:\/\/electrobennjima.tn\/machine-a-laver-samsung-13kg-noir-top\/"]}]},{"@type":"ImageObject","inLanguage":"en-US","@id":"https:\/\/electrobennjima.tn\/machine-a-laver-samsung-13kg-noir-top\/#primaryimage","url":"https:\/\/electrobennjima.tn\/wp-content\/uploads\/2026\/05\/machine-a-laver-samsung-smart-13kg-inverter-noir-wa80f13s5cnq.jpg","contentUrl":"https:\/\/electrobennjima.tn\/wp-content\/uploads\/2026\/05\/machine-a-laver-samsung-smart-13kg-inverter-noir-wa80f13s5cnq.jpg","width":800,"height":800},{"@type":"BreadcrumbList","@id":"https:\/\/electrobennjima.tn\/machine-a-laver-samsung-13kg-noir-top\/#breadcrumb","itemListElement":[{"@type":"ListItem","position":1,"name":"Accueil","item":"https:\/\/electrobennjima.tn\/"},{"@type":"ListItem","position":2,"name":"Shop","item":"https:\/\/electrobennjima.tn\/shop\/"},{"@type":"ListItem","position":3,"name":"MACHINE A LAVER SAMSUNG 13KG &#8211; NOIR TOP"}]},{"@type":"WebSite","@id":"https:\/\/electrobennjima.tn\/#website","url":"https:\/\/electrobennjima.tn\/","name":"electrobennjima","description":"","potentialAction":[{"@type":"SearchAction","target":{"@type":"EntryPoint","urlTemplate":"https:\/\/electrobennjima.tn\/?s={search_term_string}"},"query-input":{"@type":"PropertyValueSpecification","valueRequired":true,"valueName":"search_term_string"}}],"inLanguage":"en-US"}]}},"_links":{"self":[{"href":"https:\/\/electrobennjima.tn\/en\/wp-json\/wp\/v2\/product\/10510","targetHints":{"allow":["GET"]}}],"collection":[{"href":"https:\/\/electrobennjima.tn\/en\/wp-json\/wp\/v2\/product"}],"about":[{"href":"https:\/\/electrobennjima.tn\/en\/wp-json\/wp\/v2\/types\/product"}],"replies":[{"embeddable":true,"href":"https:\/\/electrobennjima.tn\/en\/wp-json\/wp\/v2\/comments?post=10510"}],"wp:featuredmedia":[{"embeddable":true,"href":"https:\/\/electrobennjima.tn\/en\/wp-json\/wp\/v2\/media\/10517"}],"wp:attachment":[{"href":"https:\/\/electrobennjima.tn\/en\/wp-json\/wp\/v2\/media?parent=10510"}],"wp:term":[{"taxonomy":"product_brand","embeddable":true,"href":"https:\/\/electrobennjima.tn\/en\/wp-json\/wp\/v2\/product_brand?post=10510"},{"taxonomy":"product_cat","embeddable":true,"href":"https:\/\/electrobennjima.tn\/en\/wp-json\/wp\/v2\/product_cat?post=10510"},{"taxonomy":"product_tag","embeddable":true,"href":"https:\/\/electrobennjima.tn\/en\/wp-json\/wp\/v2\/product_tag?post=10510"}],"curies":[{"name":"wp","href":"https:\/\/api.w.org\/{rel}","templated":true}]}}