{"id":10533,"date":"2026-05-13T13:49:00","date_gmt":"2026-05-13T13:49:00","guid":{"rendered":"https:\/\/electrobennjima.tn\/?post_type=product&#038;p=10533"},"modified":"2026-05-13T13:49:00","modified_gmt":"2026-05-13T13:49:00","slug":"machine-a-laver-samsung-top-9-kg-silver","status":"publish","type":"product","link":"https:\/\/electrobennjima.tn\/en\/machine-a-laver-samsung-top-9-kg-silver\/","title":{"rendered":"MACHINE A LAVER SAMSUNG TOP 9 KG &#8211; SILVER"},"content":{"rendered":"<table id=\"product-attribute-specs-table\" class=\"data table additional-attributes\">\n<tbody>\n<tr>\n<th class=\"col label\" scope=\"row\">R\u00e9f\u00e9rence<\/th>\n<td class=\"col data\" data-th=\"gtin\">WA90H4400SS<\/td>\n<\/tr>\n<tr>\n<th class=\"col label\" scope=\"row\">Marque<\/th>\n<td class=\"col data\" data-th=\"Marque\">SAMSUNG<\/td>\n<\/tr>\n<tr>\n<th class=\"col label\" scope=\"row\">Type<\/th>\n<td class=\"col data\" data-th=\"Type\">Lave Linge<\/td>\n<\/tr>\n<tr>\n<th class=\"col label\" scope=\"row\">Type d&rsquo;ouverture<\/th>\n<td class=\"col data\" data-th=\"Type d'ouverture\">Top<\/td>\n<\/tr>\n<tr>\n<th class=\"col label\" scope=\"row\">Capacit\u00e9<\/th>\n<td class=\"col data\" data-th=\"Capacit\u00e9\">9 Kg<\/td>\n<\/tr>\n<tr>\n<th class=\"col label\" scope=\"row\">Afficheur<\/th>\n<td class=\"col data\" data-th=\"Afficheur \">Avec Afficheur<\/td>\n<\/tr>\n<tr>\n<th class=\"col label\" scope=\"row\">Ecran Tactile<\/th>\n<td class=\"col data\" data-th=\"Ecran Tactile\">Non<\/td>\n<\/tr>\n<tr>\n<th class=\"col label\" scope=\"row\">Inverter<\/th>\n<td class=\"col data\" data-th=\"Inverter\">Oui<\/td>\n<\/tr>\n<tr>\n<th class=\"col label\" scope=\"row\">Nombre de Programmes<\/th>\n<td class=\"col data\" data-th=\"Nombre de Programmes\">6 Programmes<\/td>\n<\/tr>\n<tr>\n<th class=\"col label\" scope=\"row\">Classe \u00c9nerg\u00e9tique<\/th>\n<td class=\"col data\" data-th=\"Classe \u00c9nerg\u00e9tique\">A+++<\/td>\n<\/tr>\n<tr>\n<th class=\"col label\" scope=\"row\">Nombre de Tours<\/th>\n<td class=\"col data\" data-th=\"Nombre de Tours\">de 600 \u00e0 1000 tours<\/td>\n<\/tr>\n<tr>\n<th class=\"col label\" scope=\"row\">Vitesse d essorage<\/th>\n<td class=\"col data\" data-th=\"Vitesse d essorage\">700 tours<\/td>\n<\/tr>\n<tr>\n<th class=\"col label\" scope=\"row\">Dimensions<\/th>\n<td class=\"col data\" data-th=\"Dimensions\">H x L x P: 1075 x 610 x 675 mm<\/td>\n<\/tr>\n<tr>\n<th class=\"col label\" scope=\"row\">Couleur<\/th>\n<td class=\"col data\" data-th=\"Couleur\">silver<\/td>\n<\/tr>\n<tr>\n<th class=\"col label\" scope=\"row\">Garantie<\/th>\n<td class=\"col data\" data-th=\"Garantie\">2 ans<\/td>\n<\/tr>\n<\/tbody>\n<\/table>","protected":false},"excerpt":{"rendered":"<p>R\u00e9f\u00e9rence WA90H4400SS Marque SAMSUNG Type Lave Linge Type d&rsquo;ouverture Top Capacit\u00e9 9 Kg Afficheur Avec Afficheur Ecran Tactile Non Inverter Oui Nombre de Programmes 6 Programmes Classe \u00c9nerg\u00e9tique A+++ Nombre de Tours de 600 \u00e0 1000 tours Vitesse d essorage 700 tours Dimensions H x L x P: 1075 x 610 x 675 mm Couleur [&hellip;]<\/p>","protected":false},"featured_media":10534,"comment_status":"open","ping_status":"closed","template":"","meta":[],"product_brand":[490],"product_cat":[24],"product_tag":[],"class_list":{"0":"post-10533","1":"product","2":"type-product","3":"status-publish","4":"has-post-thumbnail","6":"product_brand-samsung","7":"product_cat-machine-a-laver","9":"first","10":"instock","11":"shipping-taxable","12":"purchasable","13":"product-type-simple"},"yoast_head":"<!-- This site is optimized with the Yoast SEO plugin v27.5 - https:\/\/yoast.com\/product\/yoast-seo-wordpress\/ -->\n<title>MACHINE A LAVER SAMSUNG TOP 9 KG - SILVER - electrobennjima<\/title>\n<meta name=\"robots\" content=\"index, follow, max-snippet:-1, max-image-preview:large, max-video-preview:-1\" \/>\n<link rel=\"canonical\" href=\"https:\/\/electrobennjima.tn\/en\/machine-a-laver-samsung-top-9-kg-silver\/\" \/>\n<meta property=\"og:locale\" content=\"en_US\" \/>\n<meta property=\"og:type\" content=\"article\" \/>\n<meta property=\"og:title\" content=\"MACHINE A LAVER SAMSUNG TOP 9 KG - SILVER - electrobennjima\" \/>\n<meta property=\"og:description\" content=\"R\u00e9f\u00e9rence WA90H4400SS Marque SAMSUNG Type Lave Linge Type d&rsquo;ouverture Top Capacit\u00e9 9 Kg Afficheur Avec Afficheur Ecran Tactile Non Inverter Oui Nombre de Programmes 6 Programmes Classe \u00c9nerg\u00e9tique A+++ Nombre de Tours de 600 \u00e0 1000 tours Vitesse d essorage 700 tours Dimensions H x L x P: 1075 x 610 x 675 mm Couleur [&hellip;]\" \/>\n<meta property=\"og:url\" content=\"https:\/\/electrobennjima.tn\/en\/machine-a-laver-samsung-top-9-kg-silver\/\" \/>\n<meta property=\"og:site_name\" content=\"electrobennjima\" \/>\n<meta property=\"og:image\" content=\"https:\/\/electrobennjima.tn\/wp-content\/uploads\/2026\/05\/13.webp\" \/>\n\t<meta property=\"og:image:width\" content=\"474\" \/>\n\t<meta property=\"og:image:height\" content=\"474\" \/>\n\t<meta property=\"og:image:type\" content=\"image\/webp\" \/>\n<meta name=\"twitter:card\" content=\"summary_large_image\" \/>\n<meta name=\"twitter:label1\" content=\"Est. reading time\" \/>\n\t<meta name=\"twitter:data1\" content=\"1 minute\" \/>\n<script type=\"application\/ld+json\" class=\"yoast-schema-graph\">{\"@context\":\"https:\\\/\\\/schema.org\",\"@graph\":[{\"@type\":\"WebPage\",\"@id\":\"https:\\\/\\\/electrobennjima.tn\\\/machine-a-laver-samsung-top-9-kg-silver\\\/\",\"url\":\"https:\\\/\\\/electrobennjima.tn\\\/machine-a-laver-samsung-top-9-kg-silver\\\/\",\"name\":\"MACHINE A LAVER SAMSUNG TOP 9 KG - SILVER - electrobennjima\",\"isPartOf\":{\"@id\":\"https:\\\/\\\/electrobennjima.tn\\\/#website\"},\"primaryImageOfPage\":{\"@id\":\"https:\\\/\\\/electrobennjima.tn\\\/machine-a-laver-samsung-top-9-kg-silver\\\/#primaryimage\"},\"image\":{\"@id\":\"https:\\\/\\\/electrobennjima.tn\\\/machine-a-laver-samsung-top-9-kg-silver\\\/#primaryimage\"},\"thumbnailUrl\":\"https:\\\/\\\/electrobennjima.tn\\\/wp-content\\\/uploads\\\/2026\\\/05\\\/13.webp\",\"datePublished\":\"2026-05-13T13:49:00+00:00\",\"breadcrumb\":{\"@id\":\"https:\\\/\\\/electrobennjima.tn\\\/machine-a-laver-samsung-top-9-kg-silver\\\/#breadcrumb\"},\"inLanguage\":\"en-US\",\"potentialAction\":[{\"@type\":\"ReadAction\",\"target\":[\"https:\\\/\\\/electrobennjima.tn\\\/machine-a-laver-samsung-top-9-kg-silver\\\/\"]}]},{\"@type\":\"ImageObject\",\"inLanguage\":\"en-US\",\"@id\":\"https:\\\/\\\/electrobennjima.tn\\\/machine-a-laver-samsung-top-9-kg-silver\\\/#primaryimage\",\"url\":\"https:\\\/\\\/electrobennjima.tn\\\/wp-content\\\/uploads\\\/2026\\\/05\\\/13.webp\",\"contentUrl\":\"https:\\\/\\\/electrobennjima.tn\\\/wp-content\\\/uploads\\\/2026\\\/05\\\/13.webp\",\"width\":474,\"height\":474},{\"@type\":\"BreadcrumbList\",\"@id\":\"https:\\\/\\\/electrobennjima.tn\\\/machine-a-laver-samsung-top-9-kg-silver\\\/#breadcrumb\",\"itemListElement\":[{\"@type\":\"ListItem\",\"position\":1,\"name\":\"Accueil\",\"item\":\"https:\\\/\\\/electrobennjima.tn\\\/\"},{\"@type\":\"ListItem\",\"position\":2,\"name\":\"Shop\",\"item\":\"https:\\\/\\\/electrobennjima.tn\\\/shop\\\/\"},{\"@type\":\"ListItem\",\"position\":3,\"name\":\"MACHINE A LAVER SAMSUNG TOP 9 KG &#8211; SILVER\"}]},{\"@type\":\"WebSite\",\"@id\":\"https:\\\/\\\/electrobennjima.tn\\\/#website\",\"url\":\"https:\\\/\\\/electrobennjima.tn\\\/\",\"name\":\"electrobennjima\",\"description\":\"\",\"potentialAction\":[{\"@type\":\"SearchAction\",\"target\":{\"@type\":\"EntryPoint\",\"urlTemplate\":\"https:\\\/\\\/electrobennjima.tn\\\/?s={search_term_string}\"},\"query-input\":{\"@type\":\"PropertyValueSpecification\",\"valueRequired\":true,\"valueName\":\"search_term_string\"}}],\"inLanguage\":\"en-US\"}]}<\/script>\n<!-- \/ Yoast SEO plugin. -->","yoast_head_json":{"title":"MACHINE A LAVER SAMSUNG TOP 9 KG - SILVER - electrobennjima","robots":{"index":"index","follow":"follow","max-snippet":"max-snippet:-1","max-image-preview":"max-image-preview:large","max-video-preview":"max-video-preview:-1"},"canonical":"https:\/\/electrobennjima.tn\/en\/machine-a-laver-samsung-top-9-kg-silver\/","og_locale":"en_US","og_type":"article","og_title":"MACHINE A LAVER SAMSUNG TOP 9 KG - SILVER - electrobennjima","og_description":"R\u00e9f\u00e9rence WA90H4400SS Marque SAMSUNG Type Lave Linge Type d&rsquo;ouverture Top Capacit\u00e9 9 Kg Afficheur Avec Afficheur Ecran Tactile Non Inverter Oui Nombre de Programmes 6 Programmes Classe \u00c9nerg\u00e9tique A+++ Nombre de Tours de 600 \u00e0 1000 tours Vitesse d essorage 700 tours Dimensions H x L x P: 1075 x 610 x 675 mm Couleur [&hellip;]","og_url":"https:\/\/electrobennjima.tn\/en\/machine-a-laver-samsung-top-9-kg-silver\/","og_site_name":"electrobennjima","og_image":[{"width":474,"height":474,"url":"https:\/\/electrobennjima.tn\/wp-content\/uploads\/2026\/05\/13.webp","type":"image\/webp"}],"twitter_card":"summary_large_image","twitter_misc":{"Est. reading time":"1 minute"},"schema":{"@context":"https:\/\/schema.org","@graph":[{"@type":"WebPage","@id":"https:\/\/electrobennjima.tn\/machine-a-laver-samsung-top-9-kg-silver\/","url":"https:\/\/electrobennjima.tn\/machine-a-laver-samsung-top-9-kg-silver\/","name":"MACHINE A LAVER SAMSUNG TOP 9 KG - SILVER - electrobennjima","isPartOf":{"@id":"https:\/\/electrobennjima.tn\/#website"},"primaryImageOfPage":{"@id":"https:\/\/electrobennjima.tn\/machine-a-laver-samsung-top-9-kg-silver\/#primaryimage"},"image":{"@id":"https:\/\/electrobennjima.tn\/machine-a-laver-samsung-top-9-kg-silver\/#primaryimage"},"thumbnailUrl":"https:\/\/electrobennjima.tn\/wp-content\/uploads\/2026\/05\/13.webp","datePublished":"2026-05-13T13:49:00+00:00","breadcrumb":{"@id":"https:\/\/electrobennjima.tn\/machine-a-laver-samsung-top-9-kg-silver\/#breadcrumb"},"inLanguage":"en-US","potentialAction":[{"@type":"ReadAction","target":["https:\/\/electrobennjima.tn\/machine-a-laver-samsung-top-9-kg-silver\/"]}]},{"@type":"ImageObject","inLanguage":"en-US","@id":"https:\/\/electrobennjima.tn\/machine-a-laver-samsung-top-9-kg-silver\/#primaryimage","url":"https:\/\/electrobennjima.tn\/wp-content\/uploads\/2026\/05\/13.webp","contentUrl":"https:\/\/electrobennjima.tn\/wp-content\/uploads\/2026\/05\/13.webp","width":474,"height":474},{"@type":"BreadcrumbList","@id":"https:\/\/electrobennjima.tn\/machine-a-laver-samsung-top-9-kg-silver\/#breadcrumb","itemListElement":[{"@type":"ListItem","position":1,"name":"Accueil","item":"https:\/\/electrobennjima.tn\/"},{"@type":"ListItem","position":2,"name":"Shop","item":"https:\/\/electrobennjima.tn\/shop\/"},{"@type":"ListItem","position":3,"name":"MACHINE A LAVER SAMSUNG TOP 9 KG &#8211; SILVER"}]},{"@type":"WebSite","@id":"https:\/\/electrobennjima.tn\/#website","url":"https:\/\/electrobennjima.tn\/","name":"electrobennjima","description":"","potentialAction":[{"@type":"SearchAction","target":{"@type":"EntryPoint","urlTemplate":"https:\/\/electrobennjima.tn\/?s={search_term_string}"},"query-input":{"@type":"PropertyValueSpecification","valueRequired":true,"valueName":"search_term_string"}}],"inLanguage":"en-US"}]}},"_links":{"self":[{"href":"https:\/\/electrobennjima.tn\/en\/wp-json\/wp\/v2\/product\/10533","targetHints":{"allow":["GET"]}}],"collection":[{"href":"https:\/\/electrobennjima.tn\/en\/wp-json\/wp\/v2\/product"}],"about":[{"href":"https:\/\/electrobennjima.tn\/en\/wp-json\/wp\/v2\/types\/product"}],"replies":[{"embeddable":true,"href":"https:\/\/electrobennjima.tn\/en\/wp-json\/wp\/v2\/comments?post=10533"}],"wp:featuredmedia":[{"embeddable":true,"href":"https:\/\/electrobennjima.tn\/en\/wp-json\/wp\/v2\/media\/10534"}],"wp:attachment":[{"href":"https:\/\/electrobennjima.tn\/en\/wp-json\/wp\/v2\/media?parent=10533"}],"wp:term":[{"taxonomy":"product_brand","embeddable":true,"href":"https:\/\/electrobennjima.tn\/en\/wp-json\/wp\/v2\/product_brand?post=10533"},{"taxonomy":"product_cat","embeddable":true,"href":"https:\/\/electrobennjima.tn\/en\/wp-json\/wp\/v2\/product_cat?post=10533"},{"taxonomy":"product_tag","embeddable":true,"href":"https:\/\/electrobennjima.tn\/en\/wp-json\/wp\/v2\/product_tag?post=10533"}],"curies":[{"name":"wp","href":"https:\/\/api.w.org\/{rel}","templated":true}]}}