{"id":10548,"date":"2026-05-13T14:58:35","date_gmt":"2026-05-13T14:58:35","guid":{"rendered":"https:\/\/electrobennjima.tn\/?post_type=product&#038;p=10548"},"modified":"2026-05-13T15:00:35","modified_gmt":"2026-05-13T15:00:35","slug":"blender-genuine-500w-bol-1-5l","status":"publish","type":"product","link":"https:\/\/electrobennjima.tn\/en\/blender-genuine-500w-bol-1-5l\/","title":{"rendered":"BLENDER GENUINE 500W BOL 1.5L"},"content":{"rendered":"<table id=\"product-attribute-specs-table\" class=\"data table additional-attributes\">\n<tbody>\n<tr>\n<th class=\"col label\" scope=\"row\">R\u00e9f\u00e9rence<\/th>\n<td class=\"col data\" data-th=\"gtin\">LM241B25<\/td>\n<\/tr>\n<tr>\n<th class=\"col label\" scope=\"row\">Marque<\/th>\n<td class=\"col data\" data-th=\"Marque\">MOULINEX<\/td>\n<\/tr>\n<tr>\n<th class=\"col label\" scope=\"row\">Puissance<\/th>\n<td class=\"col data\" data-th=\"Puissance\">500 Watts<\/td>\n<\/tr>\n<tr>\n<th class=\"col label\" scope=\"row\">Capacit\u00e9 du bol<\/th>\n<td class=\"col data\" data-th=\"Capacit\u00e9 du bol\">1.5 Litre<\/td>\n<\/tr>\n<tr>\n<th class=\"col label\" scope=\"row\">Mati\u00e8re du bol<\/th>\n<td class=\"col data\" data-th=\"Mati\u00e8re du bol\">Plastique<\/td>\n<\/tr>\n<tr>\n<th class=\"col label\" scope=\"row\">Nombre de vitesses<\/th>\n<td class=\"col data\" data-th=\"Nombre de vitesses\">Monovitesse<\/td>\n<\/tr>\n<tr>\n<th class=\"col label\" scope=\"row\">Couleur<\/th>\n<td class=\"col data\" data-th=\"Couleur\">Blanc<\/td>\n<\/tr>\n<tr>\n<th class=\"col label\" scope=\"row\">Accesoire<\/th>\n<td class=\"col data\" data-th=\"Couleur\">Bol en plastique &#8211; Lames en acier inoxydable &#8211; 1x Bol Moulin \u00e0 caf\u00e9<\/td>\n<\/tr>\n<tr>\n<th class=\"col label\" scope=\"row\">Garantie<\/th>\n<td class=\"col data\" data-th=\"Garantie\">1 an<\/td>\n<\/tr>\n<\/tbody>\n<\/table>","protected":false},"excerpt":{"rendered":"<p>R\u00e9f\u00e9rence LM241B25 Marque MOULINEX Puissance 500 Watts Capacit\u00e9 du bol 1.5 Litre Mati\u00e8re du bol Plastique Nombre de vitesses Monovitesse Couleur Blanc Accesoire Bol en plastique &#8211; Lames en acier inoxydable &#8211; 1x Bol Moulin \u00e0 caf\u00e9 Garantie 1 an<\/p>","protected":false},"featured_media":10549,"comment_status":"open","ping_status":"closed","template":"","meta":[],"product_brand":[34],"product_cat":[36],"product_tag":[],"class_list":{"0":"post-10548","1":"product","2":"type-product","3":"status-publish","4":"has-post-thumbnail","6":"product_brand-moulinex","7":"product_cat-blender","9":"first","10":"instock","11":"shipping-taxable","12":"purchasable","13":"product-type-simple"},"yoast_head":"<!-- This site is optimized with the Yoast SEO plugin v27.5 - https:\/\/yoast.com\/product\/yoast-seo-wordpress\/ -->\n<title>BLENDER GENUINE 500W BOL 1.5L - electrobennjima<\/title>\n<meta name=\"robots\" content=\"index, follow, max-snippet:-1, max-image-preview:large, max-video-preview:-1\" \/>\n<link rel=\"canonical\" href=\"https:\/\/electrobennjima.tn\/en\/blender-genuine-500w-bol-1-5l\/\" \/>\n<meta property=\"og:locale\" content=\"en_US\" \/>\n<meta property=\"og:type\" content=\"article\" \/>\n<meta property=\"og:title\" content=\"BLENDER GENUINE 500W BOL 1.5L - electrobennjima\" \/>\n<meta property=\"og:description\" content=\"R\u00e9f\u00e9rence LM241B25 Marque MOULINEX Puissance 500 Watts Capacit\u00e9 du bol 1.5 Litre Mati\u00e8re du bol Plastique Nombre de vitesses Monovitesse Couleur Blanc Accesoire Bol en plastique &#8211; Lames en acier inoxydable &#8211; 1x Bol Moulin \u00e0 caf\u00e9 Garantie 1 an\" \/>\n<meta property=\"og:url\" content=\"https:\/\/electrobennjima.tn\/en\/blender-genuine-500w-bol-1-5l\/\" \/>\n<meta property=\"og:site_name\" content=\"electrobennjima\" \/>\n<meta property=\"article:modified_time\" content=\"2026-05-13T15:00:35+00:00\" \/>\n<meta property=\"og:image\" content=\"https:\/\/electrobennjima.tn\/wp-content\/uploads\/2026\/05\/blender-moulinex-500w-bol-15l-1-accessoire-lm241b25-blender-moulinex.webp\" \/>\n\t<meta property=\"og:image:width\" content=\"600\" \/>\n\t<meta property=\"og:image:height\" content=\"600\" \/>\n\t<meta property=\"og:image:type\" content=\"image\/webp\" \/>\n<meta name=\"twitter:card\" content=\"summary_large_image\" \/>\n<meta name=\"twitter:label1\" content=\"Est. reading time\" \/>\n\t<meta name=\"twitter:data1\" content=\"1 minute\" \/>\n<script type=\"application\/ld+json\" class=\"yoast-schema-graph\">{\"@context\":\"https:\\\/\\\/schema.org\",\"@graph\":[{\"@type\":\"WebPage\",\"@id\":\"https:\\\/\\\/electrobennjima.tn\\\/blender-genuine-500w-bol-1-5l\\\/\",\"url\":\"https:\\\/\\\/electrobennjima.tn\\\/blender-genuine-500w-bol-1-5l\\\/\",\"name\":\"BLENDER GENUINE 500W BOL 1.5L - electrobennjima\",\"isPartOf\":{\"@id\":\"https:\\\/\\\/electrobennjima.tn\\\/#website\"},\"primaryImageOfPage\":{\"@id\":\"https:\\\/\\\/electrobennjima.tn\\\/blender-genuine-500w-bol-1-5l\\\/#primaryimage\"},\"image\":{\"@id\":\"https:\\\/\\\/electrobennjima.tn\\\/blender-genuine-500w-bol-1-5l\\\/#primaryimage\"},\"thumbnailUrl\":\"https:\\\/\\\/electrobennjima.tn\\\/wp-content\\\/uploads\\\/2026\\\/05\\\/blender-moulinex-500w-bol-15l-1-accessoire-lm241b25-blender-moulinex.webp\",\"datePublished\":\"2026-05-13T14:58:35+00:00\",\"dateModified\":\"2026-05-13T15:00:35+00:00\",\"breadcrumb\":{\"@id\":\"https:\\\/\\\/electrobennjima.tn\\\/blender-genuine-500w-bol-1-5l\\\/#breadcrumb\"},\"inLanguage\":\"en-US\",\"potentialAction\":[{\"@type\":\"ReadAction\",\"target\":[\"https:\\\/\\\/electrobennjima.tn\\\/blender-genuine-500w-bol-1-5l\\\/\"]}]},{\"@type\":\"ImageObject\",\"inLanguage\":\"en-US\",\"@id\":\"https:\\\/\\\/electrobennjima.tn\\\/blender-genuine-500w-bol-1-5l\\\/#primaryimage\",\"url\":\"https:\\\/\\\/electrobennjima.tn\\\/wp-content\\\/uploads\\\/2026\\\/05\\\/blender-moulinex-500w-bol-15l-1-accessoire-lm241b25-blender-moulinex.webp\",\"contentUrl\":\"https:\\\/\\\/electrobennjima.tn\\\/wp-content\\\/uploads\\\/2026\\\/05\\\/blender-moulinex-500w-bol-15l-1-accessoire-lm241b25-blender-moulinex.webp\",\"width\":600,\"height\":600},{\"@type\":\"BreadcrumbList\",\"@id\":\"https:\\\/\\\/electrobennjima.tn\\\/blender-genuine-500w-bol-1-5l\\\/#breadcrumb\",\"itemListElement\":[{\"@type\":\"ListItem\",\"position\":1,\"name\":\"Accueil\",\"item\":\"https:\\\/\\\/electrobennjima.tn\\\/\"},{\"@type\":\"ListItem\",\"position\":2,\"name\":\"Shop\",\"item\":\"https:\\\/\\\/electrobennjima.tn\\\/shop\\\/\"},{\"@type\":\"ListItem\",\"position\":3,\"name\":\"BLENDER GENUINE 500W BOL 1.5L\"}]},{\"@type\":\"WebSite\",\"@id\":\"https:\\\/\\\/electrobennjima.tn\\\/#website\",\"url\":\"https:\\\/\\\/electrobennjima.tn\\\/\",\"name\":\"electrobennjima\",\"description\":\"\",\"potentialAction\":[{\"@type\":\"SearchAction\",\"target\":{\"@type\":\"EntryPoint\",\"urlTemplate\":\"https:\\\/\\\/electrobennjima.tn\\\/?s={search_term_string}\"},\"query-input\":{\"@type\":\"PropertyValueSpecification\",\"valueRequired\":true,\"valueName\":\"search_term_string\"}}],\"inLanguage\":\"en-US\"}]}<\/script>\n<!-- \/ Yoast SEO plugin. -->","yoast_head_json":{"title":"BLENDER GENUINE 500W BOL 1.5L - electrobennjima","robots":{"index":"index","follow":"follow","max-snippet":"max-snippet:-1","max-image-preview":"max-image-preview:large","max-video-preview":"max-video-preview:-1"},"canonical":"https:\/\/electrobennjima.tn\/en\/blender-genuine-500w-bol-1-5l\/","og_locale":"en_US","og_type":"article","og_title":"BLENDER GENUINE 500W BOL 1.5L - electrobennjima","og_description":"R\u00e9f\u00e9rence LM241B25 Marque MOULINEX Puissance 500 Watts Capacit\u00e9 du bol 1.5 Litre Mati\u00e8re du bol Plastique Nombre de vitesses Monovitesse Couleur Blanc Accesoire Bol en plastique &#8211; Lames en acier inoxydable &#8211; 1x Bol Moulin \u00e0 caf\u00e9 Garantie 1 an","og_url":"https:\/\/electrobennjima.tn\/en\/blender-genuine-500w-bol-1-5l\/","og_site_name":"electrobennjima","article_modified_time":"2026-05-13T15:00:35+00:00","og_image":[{"width":600,"height":600,"url":"https:\/\/electrobennjima.tn\/wp-content\/uploads\/2026\/05\/blender-moulinex-500w-bol-15l-1-accessoire-lm241b25-blender-moulinex.webp","type":"image\/webp"}],"twitter_card":"summary_large_image","twitter_misc":{"Est. reading time":"1 minute"},"schema":{"@context":"https:\/\/schema.org","@graph":[{"@type":"WebPage","@id":"https:\/\/electrobennjima.tn\/blender-genuine-500w-bol-1-5l\/","url":"https:\/\/electrobennjima.tn\/blender-genuine-500w-bol-1-5l\/","name":"BLENDER GENUINE 500W BOL 1.5L - electrobennjima","isPartOf":{"@id":"https:\/\/electrobennjima.tn\/#website"},"primaryImageOfPage":{"@id":"https:\/\/electrobennjima.tn\/blender-genuine-500w-bol-1-5l\/#primaryimage"},"image":{"@id":"https:\/\/electrobennjima.tn\/blender-genuine-500w-bol-1-5l\/#primaryimage"},"thumbnailUrl":"https:\/\/electrobennjima.tn\/wp-content\/uploads\/2026\/05\/blender-moulinex-500w-bol-15l-1-accessoire-lm241b25-blender-moulinex.webp","datePublished":"2026-05-13T14:58:35+00:00","dateModified":"2026-05-13T15:00:35+00:00","breadcrumb":{"@id":"https:\/\/electrobennjima.tn\/blender-genuine-500w-bol-1-5l\/#breadcrumb"},"inLanguage":"en-US","potentialAction":[{"@type":"ReadAction","target":["https:\/\/electrobennjima.tn\/blender-genuine-500w-bol-1-5l\/"]}]},{"@type":"ImageObject","inLanguage":"en-US","@id":"https:\/\/electrobennjima.tn\/blender-genuine-500w-bol-1-5l\/#primaryimage","url":"https:\/\/electrobennjima.tn\/wp-content\/uploads\/2026\/05\/blender-moulinex-500w-bol-15l-1-accessoire-lm241b25-blender-moulinex.webp","contentUrl":"https:\/\/electrobennjima.tn\/wp-content\/uploads\/2026\/05\/blender-moulinex-500w-bol-15l-1-accessoire-lm241b25-blender-moulinex.webp","width":600,"height":600},{"@type":"BreadcrumbList","@id":"https:\/\/electrobennjima.tn\/blender-genuine-500w-bol-1-5l\/#breadcrumb","itemListElement":[{"@type":"ListItem","position":1,"name":"Accueil","item":"https:\/\/electrobennjima.tn\/"},{"@type":"ListItem","position":2,"name":"Shop","item":"https:\/\/electrobennjima.tn\/shop\/"},{"@type":"ListItem","position":3,"name":"BLENDER GENUINE 500W BOL 1.5L"}]},{"@type":"WebSite","@id":"https:\/\/electrobennjima.tn\/#website","url":"https:\/\/electrobennjima.tn\/","name":"electrobennjima","description":"","potentialAction":[{"@type":"SearchAction","target":{"@type":"EntryPoint","urlTemplate":"https:\/\/electrobennjima.tn\/?s={search_term_string}"},"query-input":{"@type":"PropertyValueSpecification","valueRequired":true,"valueName":"search_term_string"}}],"inLanguage":"en-US"}]}},"_links":{"self":[{"href":"https:\/\/electrobennjima.tn\/en\/wp-json\/wp\/v2\/product\/10548","targetHints":{"allow":["GET"]}}],"collection":[{"href":"https:\/\/electrobennjima.tn\/en\/wp-json\/wp\/v2\/product"}],"about":[{"href":"https:\/\/electrobennjima.tn\/en\/wp-json\/wp\/v2\/types\/product"}],"replies":[{"embeddable":true,"href":"https:\/\/electrobennjima.tn\/en\/wp-json\/wp\/v2\/comments?post=10548"}],"wp:featuredmedia":[{"embeddable":true,"href":"https:\/\/electrobennjima.tn\/en\/wp-json\/wp\/v2\/media\/10549"}],"wp:attachment":[{"href":"https:\/\/electrobennjima.tn\/en\/wp-json\/wp\/v2\/media?parent=10548"}],"wp:term":[{"taxonomy":"product_brand","embeddable":true,"href":"https:\/\/electrobennjima.tn\/en\/wp-json\/wp\/v2\/product_brand?post=10548"},{"taxonomy":"product_cat","embeddable":true,"href":"https:\/\/electrobennjima.tn\/en\/wp-json\/wp\/v2\/product_cat?post=10548"},{"taxonomy":"product_tag","embeddable":true,"href":"https:\/\/electrobennjima.tn\/en\/wp-json\/wp\/v2\/product_tag?post=10548"}],"curies":[{"name":"wp","href":"https:\/\/api.w.org\/{rel}","templated":true}]}}