{"id":10554,"date":"2026-05-13T15:26:17","date_gmt":"2026-05-13T15:26:17","guid":{"rendered":"https:\/\/electrobennjima.tn\/?post_type=product&#038;p=10554"},"modified":"2026-05-13T15:26:17","modified_gmt":"2026-05-13T15:26:17","slug":"blender-moulinex-1-75l-700w-blanc","status":"publish","type":"product","link":"https:\/\/electrobennjima.tn\/en\/blender-moulinex-1-75l-700w-blanc\/","title":{"rendered":"BLENDER MOULINEX 1.75L 700W &#8211; BLANC"},"content":{"rendered":"<table id=\"product-attribute-specs-table\" class=\"data table additional-attributes\">\n<tbody>\n<tr>\n<th class=\"col label\" scope=\"row\">R\u00e9f\u00e9rence<\/th>\n<td class=\"col data\" data-th=\"Prix\">PELM207125<\/td>\n<\/tr>\n<tr>\n<th class=\"col label\" scope=\"row\">Garantie<\/th>\n<td class=\"col data\" data-th=\"Garantie:\">1 an<\/td>\n<\/tr>\n<tr>\n<th class=\"col label\" scope=\"row\">Puissance<\/th>\n<td class=\"col data\" data-th=\"Puissance\">700 W<\/td>\n<\/tr>\n<tr>\n<th class=\"col label\" scope=\"row\">Fonctions &amp; Technologie<\/th>\n<td class=\"col data\" data-th=\"Fonctions &amp; Technologie\">Poign\u00e9e Antid\u00e9rapante<\/td>\n<\/tr>\n<tr>\n<th class=\"col label\" scope=\"row\">R\u00e9glages Vitesse<\/th>\n<td class=\"col data\" data-th=\"R\u00e9glages Vitesse\">x2<\/td>\n<\/tr>\n<tr>\n<th class=\"col label\" scope=\"row\">Capacit\u00e9<\/th>\n<td class=\"col data\" data-th=\"Capacit\u00e9 \">2 Litres<\/td>\n<\/tr>\n<tr>\n<th class=\"col label\" scope=\"row\">Accessoires inclus<\/th>\n<td class=\"col data\" data-th=\"Capacit\u00e9 \">moulin\/grinder (pour noix, \u00e9pices, grains) + r\u00e2pe\/grater (pour fromage, noix de coco, chocolat) + gobelet doseur<\/td>\n<\/tr>\n<tr>\n<th class=\"col label\" scope=\"row\">Couleur:<\/th>\n<td class=\"col data\" data-th=\"Couleur:\">Blanc<\/td>\n<\/tr>\n<\/tbody>\n<\/table>","protected":false},"excerpt":{"rendered":"<p>R\u00e9f\u00e9rence PELM207125 Garantie 1 an Puissance 700 W Fonctions &amp; Technologie Poign\u00e9e Antid\u00e9rapante R\u00e9glages Vitesse x2 Capacit\u00e9 2 Litres Accessoires inclus moulin\/grinder (pour noix, \u00e9pices, grains) + r\u00e2pe\/grater (pour fromage, noix de coco, chocolat) + gobelet doseur Couleur: Blanc<\/p>","protected":false},"featured_media":10555,"comment_status":"open","ping_status":"closed","template":"","meta":[],"product_brand":[34],"product_cat":[36],"product_tag":[],"class_list":{"0":"post-10554","1":"product","2":"type-product","3":"status-publish","4":"has-post-thumbnail","6":"product_brand-moulinex","7":"product_cat-blender","9":"first","10":"instock","11":"shipping-taxable","12":"purchasable","13":"product-type-simple"},"yoast_head":"<!-- This site is optimized with the Yoast SEO plugin v27.5 - https:\/\/yoast.com\/product\/yoast-seo-wordpress\/ -->\n<title>BLENDER MOULINEX 1.75L 700W - BLANC - electrobennjima<\/title>\n<meta name=\"robots\" content=\"index, follow, max-snippet:-1, max-image-preview:large, max-video-preview:-1\" \/>\n<link rel=\"canonical\" href=\"https:\/\/electrobennjima.tn\/en\/blender-moulinex-1-75l-700w-blanc\/\" \/>\n<meta property=\"og:locale\" content=\"en_US\" \/>\n<meta property=\"og:type\" content=\"article\" \/>\n<meta property=\"og:title\" content=\"BLENDER MOULINEX 1.75L 700W - BLANC - electrobennjima\" \/>\n<meta property=\"og:description\" content=\"R\u00e9f\u00e9rence PELM207125 Garantie 1 an Puissance 700 W Fonctions &amp; Technologie Poign\u00e9e Antid\u00e9rapante R\u00e9glages Vitesse x2 Capacit\u00e9 2 Litres Accessoires inclus moulin\/grinder (pour noix, \u00e9pices, grains) + r\u00e2pe\/grater (pour fromage, noix de coco, chocolat) + gobelet doseur Couleur: Blanc\" \/>\n<meta property=\"og:url\" content=\"https:\/\/electrobennjima.tn\/en\/blender-moulinex-1-75l-700w-blanc\/\" \/>\n<meta property=\"og:site_name\" content=\"electrobennjima\" \/>\n<meta property=\"og:image\" content=\"https:\/\/electrobennjima.tn\/wp-content\/uploads\/2026\/05\/blender-super-moulinex-700w-15l-2acc-lm207125-bl.jpg\" \/>\n\t<meta property=\"og:image:width\" content=\"1200\" \/>\n\t<meta property=\"og:image:height\" content=\"1200\" \/>\n\t<meta property=\"og:image:type\" content=\"image\/jpeg\" \/>\n<meta name=\"twitter:card\" content=\"summary_large_image\" \/>\n<meta name=\"twitter:label1\" content=\"Est. reading time\" \/>\n\t<meta name=\"twitter:data1\" content=\"1 minute\" \/>\n<script type=\"application\/ld+json\" class=\"yoast-schema-graph\">{\"@context\":\"https:\\\/\\\/schema.org\",\"@graph\":[{\"@type\":\"WebPage\",\"@id\":\"https:\\\/\\\/electrobennjima.tn\\\/blender-moulinex-1-75l-700w-blanc\\\/\",\"url\":\"https:\\\/\\\/electrobennjima.tn\\\/blender-moulinex-1-75l-700w-blanc\\\/\",\"name\":\"BLENDER MOULINEX 1.75L 700W - BLANC - electrobennjima\",\"isPartOf\":{\"@id\":\"https:\\\/\\\/electrobennjima.tn\\\/#website\"},\"primaryImageOfPage\":{\"@id\":\"https:\\\/\\\/electrobennjima.tn\\\/blender-moulinex-1-75l-700w-blanc\\\/#primaryimage\"},\"image\":{\"@id\":\"https:\\\/\\\/electrobennjima.tn\\\/blender-moulinex-1-75l-700w-blanc\\\/#primaryimage\"},\"thumbnailUrl\":\"https:\\\/\\\/electrobennjima.tn\\\/wp-content\\\/uploads\\\/2026\\\/05\\\/blender-super-moulinex-700w-15l-2acc-lm207125-bl.jpg\",\"datePublished\":\"2026-05-13T15:26:17+00:00\",\"breadcrumb\":{\"@id\":\"https:\\\/\\\/electrobennjima.tn\\\/blender-moulinex-1-75l-700w-blanc\\\/#breadcrumb\"},\"inLanguage\":\"en-US\",\"potentialAction\":[{\"@type\":\"ReadAction\",\"target\":[\"https:\\\/\\\/electrobennjima.tn\\\/blender-moulinex-1-75l-700w-blanc\\\/\"]}]},{\"@type\":\"ImageObject\",\"inLanguage\":\"en-US\",\"@id\":\"https:\\\/\\\/electrobennjima.tn\\\/blender-moulinex-1-75l-700w-blanc\\\/#primaryimage\",\"url\":\"https:\\\/\\\/electrobennjima.tn\\\/wp-content\\\/uploads\\\/2026\\\/05\\\/blender-super-moulinex-700w-15l-2acc-lm207125-bl.jpg\",\"contentUrl\":\"https:\\\/\\\/electrobennjima.tn\\\/wp-content\\\/uploads\\\/2026\\\/05\\\/blender-super-moulinex-700w-15l-2acc-lm207125-bl.jpg\",\"width\":1200,\"height\":1200},{\"@type\":\"BreadcrumbList\",\"@id\":\"https:\\\/\\\/electrobennjima.tn\\\/blender-moulinex-1-75l-700w-blanc\\\/#breadcrumb\",\"itemListElement\":[{\"@type\":\"ListItem\",\"position\":1,\"name\":\"Accueil\",\"item\":\"https:\\\/\\\/electrobennjima.tn\\\/\"},{\"@type\":\"ListItem\",\"position\":2,\"name\":\"Shop\",\"item\":\"https:\\\/\\\/electrobennjima.tn\\\/shop\\\/\"},{\"@type\":\"ListItem\",\"position\":3,\"name\":\"BLENDER MOULINEX 1.75L 700W &#8211; BLANC\"}]},{\"@type\":\"WebSite\",\"@id\":\"https:\\\/\\\/electrobennjima.tn\\\/#website\",\"url\":\"https:\\\/\\\/electrobennjima.tn\\\/\",\"name\":\"electrobennjima\",\"description\":\"\",\"potentialAction\":[{\"@type\":\"SearchAction\",\"target\":{\"@type\":\"EntryPoint\",\"urlTemplate\":\"https:\\\/\\\/electrobennjima.tn\\\/?s={search_term_string}\"},\"query-input\":{\"@type\":\"PropertyValueSpecification\",\"valueRequired\":true,\"valueName\":\"search_term_string\"}}],\"inLanguage\":\"en-US\"}]}<\/script>\n<!-- \/ Yoast SEO plugin. -->","yoast_head_json":{"title":"BLENDER MOULINEX 1.75L 700W - BLANC - electrobennjima","robots":{"index":"index","follow":"follow","max-snippet":"max-snippet:-1","max-image-preview":"max-image-preview:large","max-video-preview":"max-video-preview:-1"},"canonical":"https:\/\/electrobennjima.tn\/en\/blender-moulinex-1-75l-700w-blanc\/","og_locale":"en_US","og_type":"article","og_title":"BLENDER MOULINEX 1.75L 700W - BLANC - electrobennjima","og_description":"R\u00e9f\u00e9rence PELM207125 Garantie 1 an Puissance 700 W Fonctions &amp; Technologie Poign\u00e9e Antid\u00e9rapante R\u00e9glages Vitesse x2 Capacit\u00e9 2 Litres Accessoires inclus moulin\/grinder (pour noix, \u00e9pices, grains) + r\u00e2pe\/grater (pour fromage, noix de coco, chocolat) + gobelet doseur Couleur: Blanc","og_url":"https:\/\/electrobennjima.tn\/en\/blender-moulinex-1-75l-700w-blanc\/","og_site_name":"electrobennjima","og_image":[{"width":1200,"height":1200,"url":"https:\/\/electrobennjima.tn\/wp-content\/uploads\/2026\/05\/blender-super-moulinex-700w-15l-2acc-lm207125-bl.jpg","type":"image\/jpeg"}],"twitter_card":"summary_large_image","twitter_misc":{"Est. reading time":"1 minute"},"schema":{"@context":"https:\/\/schema.org","@graph":[{"@type":"WebPage","@id":"https:\/\/electrobennjima.tn\/blender-moulinex-1-75l-700w-blanc\/","url":"https:\/\/electrobennjima.tn\/blender-moulinex-1-75l-700w-blanc\/","name":"BLENDER MOULINEX 1.75L 700W - BLANC - electrobennjima","isPartOf":{"@id":"https:\/\/electrobennjima.tn\/#website"},"primaryImageOfPage":{"@id":"https:\/\/electrobennjima.tn\/blender-moulinex-1-75l-700w-blanc\/#primaryimage"},"image":{"@id":"https:\/\/electrobennjima.tn\/blender-moulinex-1-75l-700w-blanc\/#primaryimage"},"thumbnailUrl":"https:\/\/electrobennjima.tn\/wp-content\/uploads\/2026\/05\/blender-super-moulinex-700w-15l-2acc-lm207125-bl.jpg","datePublished":"2026-05-13T15:26:17+00:00","breadcrumb":{"@id":"https:\/\/electrobennjima.tn\/blender-moulinex-1-75l-700w-blanc\/#breadcrumb"},"inLanguage":"en-US","potentialAction":[{"@type":"ReadAction","target":["https:\/\/electrobennjima.tn\/blender-moulinex-1-75l-700w-blanc\/"]}]},{"@type":"ImageObject","inLanguage":"en-US","@id":"https:\/\/electrobennjima.tn\/blender-moulinex-1-75l-700w-blanc\/#primaryimage","url":"https:\/\/electrobennjima.tn\/wp-content\/uploads\/2026\/05\/blender-super-moulinex-700w-15l-2acc-lm207125-bl.jpg","contentUrl":"https:\/\/electrobennjima.tn\/wp-content\/uploads\/2026\/05\/blender-super-moulinex-700w-15l-2acc-lm207125-bl.jpg","width":1200,"height":1200},{"@type":"BreadcrumbList","@id":"https:\/\/electrobennjima.tn\/blender-moulinex-1-75l-700w-blanc\/#breadcrumb","itemListElement":[{"@type":"ListItem","position":1,"name":"Accueil","item":"https:\/\/electrobennjima.tn\/"},{"@type":"ListItem","position":2,"name":"Shop","item":"https:\/\/electrobennjima.tn\/shop\/"},{"@type":"ListItem","position":3,"name":"BLENDER MOULINEX 1.75L 700W &#8211; BLANC"}]},{"@type":"WebSite","@id":"https:\/\/electrobennjima.tn\/#website","url":"https:\/\/electrobennjima.tn\/","name":"electrobennjima","description":"","potentialAction":[{"@type":"SearchAction","target":{"@type":"EntryPoint","urlTemplate":"https:\/\/electrobennjima.tn\/?s={search_term_string}"},"query-input":{"@type":"PropertyValueSpecification","valueRequired":true,"valueName":"search_term_string"}}],"inLanguage":"en-US"}]}},"_links":{"self":[{"href":"https:\/\/electrobennjima.tn\/en\/wp-json\/wp\/v2\/product\/10554","targetHints":{"allow":["GET"]}}],"collection":[{"href":"https:\/\/electrobennjima.tn\/en\/wp-json\/wp\/v2\/product"}],"about":[{"href":"https:\/\/electrobennjima.tn\/en\/wp-json\/wp\/v2\/types\/product"}],"replies":[{"embeddable":true,"href":"https:\/\/electrobennjima.tn\/en\/wp-json\/wp\/v2\/comments?post=10554"}],"wp:featuredmedia":[{"embeddable":true,"href":"https:\/\/electrobennjima.tn\/en\/wp-json\/wp\/v2\/media\/10555"}],"wp:attachment":[{"href":"https:\/\/electrobennjima.tn\/en\/wp-json\/wp\/v2\/media?parent=10554"}],"wp:term":[{"taxonomy":"product_brand","embeddable":true,"href":"https:\/\/electrobennjima.tn\/en\/wp-json\/wp\/v2\/product_brand?post=10554"},{"taxonomy":"product_cat","embeddable":true,"href":"https:\/\/electrobennjima.tn\/en\/wp-json\/wp\/v2\/product_cat?post=10554"},{"taxonomy":"product_tag","embeddable":true,"href":"https:\/\/electrobennjima.tn\/en\/wp-json\/wp\/v2\/product_tag?post=10554"}],"curies":[{"name":"wp","href":"https:\/\/api.w.org\/{rel}","templated":true}]}}