{"id":10580,"date":"2026-05-14T08:00:06","date_gmt":"2026-05-14T08:00:06","guid":{"rendered":"https:\/\/electrobennjima.tn\/?post_type=product&#038;p=10580"},"modified":"2026-05-14T08:00:06","modified_gmt":"2026-05-14T08:00:06","slug":"blender-soleil-1-75l-6lames-500w","status":"publish","type":"product","link":"https:\/\/electrobennjima.tn\/en\/blender-soleil-1-75l-6lames-500w\/","title":{"rendered":"BLENDER SOLEIL 1.75L &#8211; 6LAMES \/ 500W"},"content":{"rendered":"<table id=\"product-attribute-specs-table\" class=\"data table additional-attributes\">\n<tbody>\n<tr>\n<th class=\"col label\" scope=\"row\"><\/th>\n<td class=\"col data\" data-th=\"Prix\"><\/td>\n<\/tr>\n<tr>\n<th class=\"col label\" scope=\"row\">R\u00e9f\u00e9rence<\/th>\n<td class=\"col data\" data-th=\"R\u00e9f\u00e9rence:\">LM355A10<\/td>\n<\/tr>\n<tr>\n<th class=\"col label\" scope=\"row\">Garantie<\/th>\n<td class=\"col data\" data-th=\"Garantie:\">1 an<\/td>\n<\/tr>\n<tr>\n<th class=\"col label\" scope=\"row\">Puissance<\/th>\n<td class=\"col data\" data-th=\"Puissance\">500 W<\/td>\n<\/tr>\n<tr>\n<th class=\"col label\" scope=\"row\">Fonctions &amp; Technologie<\/th>\n<td class=\"col data\" data-th=\"Fonctions &amp; Technologie\">S\u00e9curit\u00e9 anti surchauffe<\/td>\n<\/tr>\n<tr>\n<th class=\"col label\" scope=\"row\">Mati\u00e8re<\/th>\n<td class=\"col data\" data-th=\"Mati\u00e8re \">Acier inoxydable<\/td>\n<\/tr>\n<tr>\n<th class=\"col label\" scope=\"row\">Vitesse<\/th>\n<td class=\"col data\" data-th=\"R\u00e9glages Vitesse\">2 vitesses + Fonction Pulse<\/td>\n<\/tr>\n<tr>\n<th class=\"col label\" scope=\"row\">S\u00e9curit\u00e9 <\/th>\n<td class=\"col data\" data-th=\"R\u00e9glages Vitesse\"> Syst\u00e8me Easy Lock (Verrouillage s\u00e9curis\u00e9 du bol) <\/td>\n<\/tr>\n<tr>\n<th class=\"col label\" scope=\"row\">Syst\u00e8me de lames<\/th>\n<td class=\"col data\" data-th=\"R\u00e9glages Vitesse\"> 6 lames en acier inoxydable avec technologie Tripl&rsquo;Ax <\/td>\n<\/tr>\n<tr>\n<th class=\"col label\" scope=\"row\">Capacit\u00e9<\/th>\n<td class=\"col data\" data-th=\"Capacit\u00e9 \">1,7 L<\/td>\n<\/tr>\n<tr>\n<th class=\"col label\" scope=\"row\">Couleur:<\/th>\n<td class=\"col data\" data-th=\"Couleur:\">Blanc<\/td>\n<\/tr>\n<\/tbody>\n<\/table>","protected":false},"excerpt":{"rendered":"<p>R\u00e9f\u00e9rence LM355A10 Garantie 1 an Puissance 500 W Fonctions &amp; Technologie S\u00e9curit\u00e9 anti surchauffe Mati\u00e8re Acier inoxydable Vitesse 2 vitesses + Fonction Pulse S\u00e9curit\u00e9 Syst\u00e8me Easy Lock (Verrouillage s\u00e9curis\u00e9 du bol) Syst\u00e8me de lames 6 lames en acier inoxydable avec technologie Tripl&rsquo;Ax Capacit\u00e9 1,7 L Couleur: Blanc<\/p>","protected":false},"featured_media":10581,"comment_status":"open","ping_status":"closed","template":"","meta":[],"product_brand":[580],"product_cat":[36],"product_tag":[],"class_list":{"0":"post-10580","1":"product","2":"type-product","3":"status-publish","4":"has-post-thumbnail","6":"product_brand-soleil","7":"product_cat-blender","9":"first","10":"instock","11":"shipping-taxable","12":"purchasable","13":"product-type-simple"},"yoast_head":"<!-- This site is optimized with the Yoast SEO plugin v27.5 - https:\/\/yoast.com\/product\/yoast-seo-wordpress\/ -->\n<title>BLENDER SOLEIL 1.75L - 6LAMES \/ 500W - electrobennjima<\/title>\n<meta name=\"robots\" content=\"index, follow, max-snippet:-1, max-image-preview:large, max-video-preview:-1\" \/>\n<link rel=\"canonical\" href=\"https:\/\/electrobennjima.tn\/en\/blender-soleil-1-75l-6lames-500w\/\" \/>\n<meta property=\"og:locale\" content=\"en_US\" \/>\n<meta property=\"og:type\" content=\"article\" \/>\n<meta property=\"og:title\" content=\"BLENDER SOLEIL 1.75L - 6LAMES \/ 500W - electrobennjima\" \/>\n<meta property=\"og:description\" content=\"R\u00e9f\u00e9rence LM355A10 Garantie 1 an Puissance 500 W Fonctions &amp; Technologie S\u00e9curit\u00e9 anti surchauffe Mati\u00e8re Acier inoxydable Vitesse 2 vitesses + Fonction Pulse S\u00e9curit\u00e9 Syst\u00e8me Easy Lock (Verrouillage s\u00e9curis\u00e9 du bol) Syst\u00e8me de lames 6 lames en acier inoxydable avec technologie Tripl&rsquo;Ax Capacit\u00e9 1,7 L Couleur: Blanc\" \/>\n<meta property=\"og:url\" content=\"https:\/\/electrobennjima.tn\/en\/blender-soleil-1-75l-6lames-500w\/\" \/>\n<meta property=\"og:site_name\" content=\"electrobennjima\" \/>\n<meta property=\"article:publisher\" content=\"https:\/\/www.facebook.com\/electro.ben.njima\" \/>\n<meta property=\"og:image\" content=\"https:\/\/electrobennjima.tn\/wp-content\/uploads\/2026\/05\/7.webp\" \/>\n\t<meta property=\"og:image:width\" content=\"850\" \/>\n\t<meta property=\"og:image:height\" content=\"850\" \/>\n\t<meta property=\"og:image:type\" content=\"image\/webp\" \/>\n<meta name=\"twitter:card\" content=\"summary_large_image\" \/>\n<meta name=\"twitter:label1\" content=\"Est. reading time\" \/>\n\t<meta name=\"twitter:data1\" content=\"1 minute\" \/>\n<script type=\"application\/ld+json\" class=\"yoast-schema-graph\">{\"@context\":\"https:\\\/\\\/schema.org\",\"@graph\":[{\"@type\":\"WebPage\",\"@id\":\"https:\\\/\\\/electrobennjima.tn\\\/blender-soleil-1-75l-6lames-500w\\\/\",\"url\":\"https:\\\/\\\/electrobennjima.tn\\\/blender-soleil-1-75l-6lames-500w\\\/\",\"name\":\"BLENDER SOLEIL 1.75L - 6LAMES \\\/ 500W - electrobennjima\",\"isPartOf\":{\"@id\":\"https:\\\/\\\/electrobennjima.tn\\\/#website\"},\"primaryImageOfPage\":{\"@id\":\"https:\\\/\\\/electrobennjima.tn\\\/blender-soleil-1-75l-6lames-500w\\\/#primaryimage\"},\"image\":{\"@id\":\"https:\\\/\\\/electrobennjima.tn\\\/blender-soleil-1-75l-6lames-500w\\\/#primaryimage\"},\"thumbnailUrl\":\"https:\\\/\\\/electrobennjima.tn\\\/wp-content\\\/uploads\\\/2026\\\/05\\\/7.webp\",\"datePublished\":\"2026-05-14T08:00:06+00:00\",\"breadcrumb\":{\"@id\":\"https:\\\/\\\/electrobennjima.tn\\\/blender-soleil-1-75l-6lames-500w\\\/#breadcrumb\"},\"inLanguage\":\"en-US\",\"potentialAction\":[{\"@type\":\"ReadAction\",\"target\":[\"https:\\\/\\\/electrobennjima.tn\\\/blender-soleil-1-75l-6lames-500w\\\/\"]}]},{\"@type\":\"ImageObject\",\"inLanguage\":\"en-US\",\"@id\":\"https:\\\/\\\/electrobennjima.tn\\\/blender-soleil-1-75l-6lames-500w\\\/#primaryimage\",\"url\":\"https:\\\/\\\/electrobennjima.tn\\\/wp-content\\\/uploads\\\/2026\\\/05\\\/7.webp\",\"contentUrl\":\"https:\\\/\\\/electrobennjima.tn\\\/wp-content\\\/uploads\\\/2026\\\/05\\\/7.webp\",\"width\":850,\"height\":850},{\"@type\":\"BreadcrumbList\",\"@id\":\"https:\\\/\\\/electrobennjima.tn\\\/blender-soleil-1-75l-6lames-500w\\\/#breadcrumb\",\"itemListElement\":[{\"@type\":\"ListItem\",\"position\":1,\"name\":\"Accueil\",\"item\":\"https:\\\/\\\/electrobennjima.tn\\\/\"},{\"@type\":\"ListItem\",\"position\":2,\"name\":\"Shop\",\"item\":\"https:\\\/\\\/electrobennjima.tn\\\/shop\\\/\"},{\"@type\":\"ListItem\",\"position\":3,\"name\":\"BLENDER SOLEIL 1.75L &#8211; 6LAMES \\\/ 500W\"}]},{\"@type\":\"WebSite\",\"@id\":\"https:\\\/\\\/electrobennjima.tn\\\/#website\",\"url\":\"https:\\\/\\\/electrobennjima.tn\\\/\",\"name\":\"electrobennjima\",\"description\":\"\",\"publisher\":{\"@id\":\"https:\\\/\\\/electrobennjima.tn\\\/#organization\"},\"potentialAction\":[{\"@type\":\"SearchAction\",\"target\":{\"@type\":\"EntryPoint\",\"urlTemplate\":\"https:\\\/\\\/electrobennjima.tn\\\/?s={search_term_string}\"},\"query-input\":{\"@type\":\"PropertyValueSpecification\",\"valueRequired\":true,\"valueName\":\"search_term_string\"}}],\"inLanguage\":\"en-US\"},{\"@type\":\"Organization\",\"@id\":\"https:\\\/\\\/electrobennjima.tn\\\/#organization\",\"name\":\"electrobennjima\",\"url\":\"https:\\\/\\\/electrobennjima.tn\\\/\",\"logo\":{\"@type\":\"ImageObject\",\"inLanguage\":\"en-US\",\"@id\":\"https:\\\/\\\/electrobennjima.tn\\\/#\\\/schema\\\/logo\\\/image\\\/\",\"url\":\"https:\\\/\\\/electrobennjima.tn\\\/wp-content\\\/uploads\\\/2026\\\/02\\\/Logo-Electro-Ben-Njima.png\",\"contentUrl\":\"https:\\\/\\\/electrobennjima.tn\\\/wp-content\\\/uploads\\\/2026\\\/02\\\/Logo-Electro-Ben-Njima.png\",\"width\":768,\"height\":126,\"caption\":\"electrobennjima\"},\"image\":{\"@id\":\"https:\\\/\\\/electrobennjima.tn\\\/#\\\/schema\\\/logo\\\/image\\\/\"},\"sameAs\":[\"https:\\\/\\\/www.facebook.com\\\/electro.ben.njima\",\"https:\\\/\\\/www.instagram.com\\\/electro.ben.njima\\\/\"]}]}<\/script>\n<!-- \/ Yoast SEO plugin. -->","yoast_head_json":{"title":"BLENDER SOLEIL 1.75L - 6LAMES \/ 500W - electrobennjima","robots":{"index":"index","follow":"follow","max-snippet":"max-snippet:-1","max-image-preview":"max-image-preview:large","max-video-preview":"max-video-preview:-1"},"canonical":"https:\/\/electrobennjima.tn\/en\/blender-soleil-1-75l-6lames-500w\/","og_locale":"en_US","og_type":"article","og_title":"BLENDER SOLEIL 1.75L - 6LAMES \/ 500W - electrobennjima","og_description":"R\u00e9f\u00e9rence LM355A10 Garantie 1 an Puissance 500 W Fonctions &amp; Technologie S\u00e9curit\u00e9 anti surchauffe Mati\u00e8re Acier inoxydable Vitesse 2 vitesses + Fonction Pulse S\u00e9curit\u00e9 Syst\u00e8me Easy Lock (Verrouillage s\u00e9curis\u00e9 du bol) Syst\u00e8me de lames 6 lames en acier inoxydable avec technologie Tripl&rsquo;Ax Capacit\u00e9 1,7 L Couleur: Blanc","og_url":"https:\/\/electrobennjima.tn\/en\/blender-soleil-1-75l-6lames-500w\/","og_site_name":"electrobennjima","article_publisher":"https:\/\/www.facebook.com\/electro.ben.njima","og_image":[{"width":850,"height":850,"url":"https:\/\/electrobennjima.tn\/wp-content\/uploads\/2026\/05\/7.webp","type":"image\/webp"}],"twitter_card":"summary_large_image","twitter_misc":{"Est. reading time":"1 minute"},"schema":{"@context":"https:\/\/schema.org","@graph":[{"@type":"WebPage","@id":"https:\/\/electrobennjima.tn\/blender-soleil-1-75l-6lames-500w\/","url":"https:\/\/electrobennjima.tn\/blender-soleil-1-75l-6lames-500w\/","name":"BLENDER SOLEIL 1.75L - 6LAMES \/ 500W - electrobennjima","isPartOf":{"@id":"https:\/\/electrobennjima.tn\/#website"},"primaryImageOfPage":{"@id":"https:\/\/electrobennjima.tn\/blender-soleil-1-75l-6lames-500w\/#primaryimage"},"image":{"@id":"https:\/\/electrobennjima.tn\/blender-soleil-1-75l-6lames-500w\/#primaryimage"},"thumbnailUrl":"https:\/\/electrobennjima.tn\/wp-content\/uploads\/2026\/05\/7.webp","datePublished":"2026-05-14T08:00:06+00:00","breadcrumb":{"@id":"https:\/\/electrobennjima.tn\/blender-soleil-1-75l-6lames-500w\/#breadcrumb"},"inLanguage":"en-US","potentialAction":[{"@type":"ReadAction","target":["https:\/\/electrobennjima.tn\/blender-soleil-1-75l-6lames-500w\/"]}]},{"@type":"ImageObject","inLanguage":"en-US","@id":"https:\/\/electrobennjima.tn\/blender-soleil-1-75l-6lames-500w\/#primaryimage","url":"https:\/\/electrobennjima.tn\/wp-content\/uploads\/2026\/05\/7.webp","contentUrl":"https:\/\/electrobennjima.tn\/wp-content\/uploads\/2026\/05\/7.webp","width":850,"height":850},{"@type":"BreadcrumbList","@id":"https:\/\/electrobennjima.tn\/blender-soleil-1-75l-6lames-500w\/#breadcrumb","itemListElement":[{"@type":"ListItem","position":1,"name":"Accueil","item":"https:\/\/electrobennjima.tn\/"},{"@type":"ListItem","position":2,"name":"Shop","item":"https:\/\/electrobennjima.tn\/shop\/"},{"@type":"ListItem","position":3,"name":"BLENDER SOLEIL 1.75L &#8211; 6LAMES \/ 500W"}]},{"@type":"WebSite","@id":"https:\/\/electrobennjima.tn\/#website","url":"https:\/\/electrobennjima.tn\/","name":"electrobennjima","description":"","publisher":{"@id":"https:\/\/electrobennjima.tn\/#organization"},"potentialAction":[{"@type":"SearchAction","target":{"@type":"EntryPoint","urlTemplate":"https:\/\/electrobennjima.tn\/?s={search_term_string}"},"query-input":{"@type":"PropertyValueSpecification","valueRequired":true,"valueName":"search_term_string"}}],"inLanguage":"en-US"},{"@type":"Organization","@id":"https:\/\/electrobennjima.tn\/#organization","name":"electrobennjima","url":"https:\/\/electrobennjima.tn\/","logo":{"@type":"ImageObject","inLanguage":"en-US","@id":"https:\/\/electrobennjima.tn\/#\/schema\/logo\/image\/","url":"https:\/\/electrobennjima.tn\/wp-content\/uploads\/2026\/02\/Logo-Electro-Ben-Njima.png","contentUrl":"https:\/\/electrobennjima.tn\/wp-content\/uploads\/2026\/02\/Logo-Electro-Ben-Njima.png","width":768,"height":126,"caption":"electrobennjima"},"image":{"@id":"https:\/\/electrobennjima.tn\/#\/schema\/logo\/image\/"},"sameAs":["https:\/\/www.facebook.com\/electro.ben.njima","https:\/\/www.instagram.com\/electro.ben.njima\/"]}]}},"_links":{"self":[{"href":"https:\/\/electrobennjima.tn\/en\/wp-json\/wp\/v2\/product\/10580","targetHints":{"allow":["GET"]}}],"collection":[{"href":"https:\/\/electrobennjima.tn\/en\/wp-json\/wp\/v2\/product"}],"about":[{"href":"https:\/\/electrobennjima.tn\/en\/wp-json\/wp\/v2\/types\/product"}],"replies":[{"embeddable":true,"href":"https:\/\/electrobennjima.tn\/en\/wp-json\/wp\/v2\/comments?post=10580"}],"wp:featuredmedia":[{"embeddable":true,"href":"https:\/\/electrobennjima.tn\/en\/wp-json\/wp\/v2\/media\/10581"}],"wp:attachment":[{"href":"https:\/\/electrobennjima.tn\/en\/wp-json\/wp\/v2\/media?parent=10580"}],"wp:term":[{"taxonomy":"product_brand","embeddable":true,"href":"https:\/\/electrobennjima.tn\/en\/wp-json\/wp\/v2\/product_brand?post=10580"},{"taxonomy":"product_cat","embeddable":true,"href":"https:\/\/electrobennjima.tn\/en\/wp-json\/wp\/v2\/product_cat?post=10580"},{"taxonomy":"product_tag","embeddable":true,"href":"https:\/\/electrobennjima.tn\/en\/wp-json\/wp\/v2\/product_tag?post=10580"}],"curies":[{"name":"wp","href":"https:\/\/api.w.org\/{rel}","templated":true}]}}