{"id":10582,"date":"2026-05-14T08:08:49","date_gmt":"2026-05-14T08:08:49","guid":{"rendered":"https:\/\/electrobennjima.tn\/?post_type=product&#038;p=10582"},"modified":"2026-05-14T08:09:19","modified_gmt":"2026-05-14T08:09:19","slug":"blender-techwood-500w-noir-bol-verre-1-5l-2-vitesse-plus","status":"publish","type":"product","link":"https:\/\/electrobennjima.tn\/en\/blender-techwood-500w-noir-bol-verre-1-5l-2-vitesse-plus\/","title":{"rendered":"BLENDER TECHWOOD \/ 500W &#8211; NOIR BOL VERRE"},"content":{"rendered":"<table id=\"product-attribute-specs-table\" class=\"data table additional-attributes\">\n<tbody>\n<tr>\n<th class=\"col label\" scope=\"row\">R\u00e9f\u00e9rence<\/th>\n<td class=\"col data\" data-th=\"gtin\">TBL-789<\/td>\n<\/tr>\n<tr>\n<th class=\"col label\" scope=\"row\">Marque<\/th>\n<td class=\"col data\" data-th=\"Marque\">TECHWOOD<\/td>\n<\/tr>\n<tr>\n<th class=\"col label\" scope=\"row\">Puissance<\/th>\n<td class=\"col data\" data-th=\"Puissance\">500 Watts<\/td>\n<\/tr>\n<tr>\n<th class=\"col label\" scope=\"row\">Capacit\u00e9 du bol<\/th>\n<td class=\"col data\" data-th=\"Capacit\u00e9 du bol\">1.5 Litre<\/td>\n<\/tr>\n<tr>\n<th class=\"col label\" scope=\"row\">Mati\u00e8re du bol<\/th>\n<td class=\"col data\" data-th=\"Mati\u00e8re du bol\">Verre<\/td>\n<\/tr>\n<tr>\n<th class=\"col label\" scope=\"row\">Pied<\/th>\n<td class=\"col data\" data-th=\"Mati\u00e8re du bol\">anti-d\u00e9rapant<\/td>\n<\/tr>\n<tr>\n<th class=\"col label\" scope=\"row\">Alimentation<\/th>\n<td class=\"col data\" data-th=\"Mati\u00e8re du bol\">220-240V- 50-60Hz<\/td>\n<\/tr>\n<tr>\n<th class=\"col label\" scope=\"row\">Nombre de vitesses<\/th>\n<td class=\"col data\" data-th=\"Nombre de vitesses\">2 Vitesse<strong>\u00a0+<\/strong>\u00a0<strong>Fonction impulsion\u00a0<\/strong>&#8211; Bol\u00a0<strong>en Verre<\/strong><\/td>\n<\/tr>\n<tr>\n<th class=\"col label\" scope=\"row\">Couleur<\/th>\n<td class=\"col data\" data-th=\"Couleur\">Noir<\/td>\n<\/tr>\n<tr>\n<th class=\"col label\" scope=\"row\">Garantie<\/th>\n<td class=\"col data\" data-th=\"Garantie\">1 an<\/td>\n<\/tr>\n<\/tbody>\n<\/table>","protected":false},"excerpt":{"rendered":"<p>R\u00e9f\u00e9rence TBL-789 Marque TECHWOOD Puissance 500 Watts Capacit\u00e9 du bol 1.5 Litre Mati\u00e8re du bol Verre Pied anti-d\u00e9rapant Alimentation 220-240V- 50-60Hz Nombre de vitesses 2 Vitesse\u00a0+\u00a0Fonction impulsion\u00a0&#8211; Bol\u00a0en Verre Couleur Noir Garantie 1 an<\/p>","protected":false},"featured_media":10583,"comment_status":"open","ping_status":"closed","template":"","meta":[],"product_brand":[253],"product_cat":[36],"product_tag":[],"class_list":{"0":"post-10582","1":"product","2":"type-product","3":"status-publish","4":"has-post-thumbnail","6":"product_brand-techwood","7":"product_cat-blender","9":"first","10":"instock","11":"shipping-taxable","12":"purchasable","13":"product-type-simple"},"yoast_head":"<!-- This site is optimized with the Yoast SEO plugin v27.5 - https:\/\/yoast.com\/product\/yoast-seo-wordpress\/ -->\n<title>BLENDER TECHWOOD \/ 500W - NOIR BOL VERRE - electrobennjima<\/title>\n<meta name=\"robots\" content=\"index, follow, max-snippet:-1, max-image-preview:large, max-video-preview:-1\" \/>\n<link rel=\"canonical\" href=\"https:\/\/electrobennjima.tn\/en\/blender-techwood-500w-noir-bol-verre-1-5l-2-vitesse-plus\/\" \/>\n<meta property=\"og:locale\" content=\"en_US\" \/>\n<meta property=\"og:type\" content=\"article\" \/>\n<meta property=\"og:title\" content=\"BLENDER TECHWOOD \/ 500W - NOIR BOL VERRE - electrobennjima\" \/>\n<meta property=\"og:description\" content=\"R\u00e9f\u00e9rence TBL-789 Marque TECHWOOD Puissance 500 Watts Capacit\u00e9 du bol 1.5 Litre Mati\u00e8re du bol Verre Pied anti-d\u00e9rapant Alimentation 220-240V- 50-60Hz Nombre de vitesses 2 Vitesse\u00a0+\u00a0Fonction impulsion\u00a0&#8211; Bol\u00a0en Verre Couleur Noir Garantie 1 an\" \/>\n<meta property=\"og:url\" content=\"https:\/\/electrobennjima.tn\/en\/blender-techwood-500w-noir-bol-verre-1-5l-2-vitesse-plus\/\" \/>\n<meta property=\"og:site_name\" content=\"electrobennjima\" \/>\n<meta property=\"article:publisher\" content=\"https:\/\/www.facebook.com\/electro.ben.njima\" \/>\n<meta property=\"article:modified_time\" content=\"2026-05-14T08:09:19+00:00\" \/>\n<meta property=\"og:image\" content=\"https:\/\/electrobennjima.tn\/wp-content\/uploads\/2026\/05\/NNOIR.webp\" \/>\n\t<meta property=\"og:image:width\" content=\"800\" \/>\n\t<meta property=\"og:image:height\" content=\"800\" \/>\n\t<meta property=\"og:image:type\" content=\"image\/webp\" \/>\n<meta name=\"twitter:card\" content=\"summary_large_image\" \/>\n<meta name=\"twitter:label1\" content=\"Est. reading time\" \/>\n\t<meta name=\"twitter:data1\" content=\"1 minute\" \/>\n<script type=\"application\/ld+json\" class=\"yoast-schema-graph\">{\"@context\":\"https:\\\/\\\/schema.org\",\"@graph\":[{\"@type\":\"WebPage\",\"@id\":\"https:\\\/\\\/electrobennjima.tn\\\/blender-techwood-500w-noir-bol-verre-1-5l-2-vitesse-plus\\\/\",\"url\":\"https:\\\/\\\/electrobennjima.tn\\\/blender-techwood-500w-noir-bol-verre-1-5l-2-vitesse-plus\\\/\",\"name\":\"BLENDER TECHWOOD \\\/ 500W - NOIR BOL VERRE - electrobennjima\",\"isPartOf\":{\"@id\":\"https:\\\/\\\/electrobennjima.tn\\\/#website\"},\"primaryImageOfPage\":{\"@id\":\"https:\\\/\\\/electrobennjima.tn\\\/blender-techwood-500w-noir-bol-verre-1-5l-2-vitesse-plus\\\/#primaryimage\"},\"image\":{\"@id\":\"https:\\\/\\\/electrobennjima.tn\\\/blender-techwood-500w-noir-bol-verre-1-5l-2-vitesse-plus\\\/#primaryimage\"},\"thumbnailUrl\":\"https:\\\/\\\/electrobennjima.tn\\\/wp-content\\\/uploads\\\/2026\\\/05\\\/NNOIR.webp\",\"datePublished\":\"2026-05-14T08:08:49+00:00\",\"dateModified\":\"2026-05-14T08:09:19+00:00\",\"breadcrumb\":{\"@id\":\"https:\\\/\\\/electrobennjima.tn\\\/blender-techwood-500w-noir-bol-verre-1-5l-2-vitesse-plus\\\/#breadcrumb\"},\"inLanguage\":\"en-US\",\"potentialAction\":[{\"@type\":\"ReadAction\",\"target\":[\"https:\\\/\\\/electrobennjima.tn\\\/blender-techwood-500w-noir-bol-verre-1-5l-2-vitesse-plus\\\/\"]}]},{\"@type\":\"ImageObject\",\"inLanguage\":\"en-US\",\"@id\":\"https:\\\/\\\/electrobennjima.tn\\\/blender-techwood-500w-noir-bol-verre-1-5l-2-vitesse-plus\\\/#primaryimage\",\"url\":\"https:\\\/\\\/electrobennjima.tn\\\/wp-content\\\/uploads\\\/2026\\\/05\\\/NNOIR.webp\",\"contentUrl\":\"https:\\\/\\\/electrobennjima.tn\\\/wp-content\\\/uploads\\\/2026\\\/05\\\/NNOIR.webp\",\"width\":800,\"height\":800},{\"@type\":\"BreadcrumbList\",\"@id\":\"https:\\\/\\\/electrobennjima.tn\\\/blender-techwood-500w-noir-bol-verre-1-5l-2-vitesse-plus\\\/#breadcrumb\",\"itemListElement\":[{\"@type\":\"ListItem\",\"position\":1,\"name\":\"Accueil\",\"item\":\"https:\\\/\\\/electrobennjima.tn\\\/\"},{\"@type\":\"ListItem\",\"position\":2,\"name\":\"Shop\",\"item\":\"https:\\\/\\\/electrobennjima.tn\\\/shop\\\/\"},{\"@type\":\"ListItem\",\"position\":3,\"name\":\"BLENDER TECHWOOD \\\/ 500W &#8211; NOIR BOL VERRE\"}]},{\"@type\":\"WebSite\",\"@id\":\"https:\\\/\\\/electrobennjima.tn\\\/#website\",\"url\":\"https:\\\/\\\/electrobennjima.tn\\\/\",\"name\":\"electrobennjima\",\"description\":\"\",\"publisher\":{\"@id\":\"https:\\\/\\\/electrobennjima.tn\\\/#organization\"},\"potentialAction\":[{\"@type\":\"SearchAction\",\"target\":{\"@type\":\"EntryPoint\",\"urlTemplate\":\"https:\\\/\\\/electrobennjima.tn\\\/?s={search_term_string}\"},\"query-input\":{\"@type\":\"PropertyValueSpecification\",\"valueRequired\":true,\"valueName\":\"search_term_string\"}}],\"inLanguage\":\"en-US\"},{\"@type\":\"Organization\",\"@id\":\"https:\\\/\\\/electrobennjima.tn\\\/#organization\",\"name\":\"electrobennjima\",\"url\":\"https:\\\/\\\/electrobennjima.tn\\\/\",\"logo\":{\"@type\":\"ImageObject\",\"inLanguage\":\"en-US\",\"@id\":\"https:\\\/\\\/electrobennjima.tn\\\/#\\\/schema\\\/logo\\\/image\\\/\",\"url\":\"https:\\\/\\\/electrobennjima.tn\\\/wp-content\\\/uploads\\\/2026\\\/02\\\/Logo-Electro-Ben-Njima.png\",\"contentUrl\":\"https:\\\/\\\/electrobennjima.tn\\\/wp-content\\\/uploads\\\/2026\\\/02\\\/Logo-Electro-Ben-Njima.png\",\"width\":768,\"height\":126,\"caption\":\"electrobennjima\"},\"image\":{\"@id\":\"https:\\\/\\\/electrobennjima.tn\\\/#\\\/schema\\\/logo\\\/image\\\/\"},\"sameAs\":[\"https:\\\/\\\/www.facebook.com\\\/electro.ben.njima\",\"https:\\\/\\\/www.instagram.com\\\/electro.ben.njima\\\/\"]}]}<\/script>\n<!-- \/ Yoast SEO plugin. -->","yoast_head_json":{"title":"BLENDER TECHWOOD \/ 500W - NOIR BOL VERRE - electrobennjima","robots":{"index":"index","follow":"follow","max-snippet":"max-snippet:-1","max-image-preview":"max-image-preview:large","max-video-preview":"max-video-preview:-1"},"canonical":"https:\/\/electrobennjima.tn\/en\/blender-techwood-500w-noir-bol-verre-1-5l-2-vitesse-plus\/","og_locale":"en_US","og_type":"article","og_title":"BLENDER TECHWOOD \/ 500W - NOIR BOL VERRE - electrobennjima","og_description":"R\u00e9f\u00e9rence TBL-789 Marque TECHWOOD Puissance 500 Watts Capacit\u00e9 du bol 1.5 Litre Mati\u00e8re du bol Verre Pied anti-d\u00e9rapant Alimentation 220-240V- 50-60Hz Nombre de vitesses 2 Vitesse\u00a0+\u00a0Fonction impulsion\u00a0&#8211; Bol\u00a0en Verre Couleur Noir Garantie 1 an","og_url":"https:\/\/electrobennjima.tn\/en\/blender-techwood-500w-noir-bol-verre-1-5l-2-vitesse-plus\/","og_site_name":"electrobennjima","article_publisher":"https:\/\/www.facebook.com\/electro.ben.njima","article_modified_time":"2026-05-14T08:09:19+00:00","og_image":[{"width":800,"height":800,"url":"https:\/\/electrobennjima.tn\/wp-content\/uploads\/2026\/05\/NNOIR.webp","type":"image\/webp"}],"twitter_card":"summary_large_image","twitter_misc":{"Est. reading time":"1 minute"},"schema":{"@context":"https:\/\/schema.org","@graph":[{"@type":"WebPage","@id":"https:\/\/electrobennjima.tn\/blender-techwood-500w-noir-bol-verre-1-5l-2-vitesse-plus\/","url":"https:\/\/electrobennjima.tn\/blender-techwood-500w-noir-bol-verre-1-5l-2-vitesse-plus\/","name":"BLENDER TECHWOOD \/ 500W - NOIR BOL VERRE - electrobennjima","isPartOf":{"@id":"https:\/\/electrobennjima.tn\/#website"},"primaryImageOfPage":{"@id":"https:\/\/electrobennjima.tn\/blender-techwood-500w-noir-bol-verre-1-5l-2-vitesse-plus\/#primaryimage"},"image":{"@id":"https:\/\/electrobennjima.tn\/blender-techwood-500w-noir-bol-verre-1-5l-2-vitesse-plus\/#primaryimage"},"thumbnailUrl":"https:\/\/electrobennjima.tn\/wp-content\/uploads\/2026\/05\/NNOIR.webp","datePublished":"2026-05-14T08:08:49+00:00","dateModified":"2026-05-14T08:09:19+00:00","breadcrumb":{"@id":"https:\/\/electrobennjima.tn\/blender-techwood-500w-noir-bol-verre-1-5l-2-vitesse-plus\/#breadcrumb"},"inLanguage":"en-US","potentialAction":[{"@type":"ReadAction","target":["https:\/\/electrobennjima.tn\/blender-techwood-500w-noir-bol-verre-1-5l-2-vitesse-plus\/"]}]},{"@type":"ImageObject","inLanguage":"en-US","@id":"https:\/\/electrobennjima.tn\/blender-techwood-500w-noir-bol-verre-1-5l-2-vitesse-plus\/#primaryimage","url":"https:\/\/electrobennjima.tn\/wp-content\/uploads\/2026\/05\/NNOIR.webp","contentUrl":"https:\/\/electrobennjima.tn\/wp-content\/uploads\/2026\/05\/NNOIR.webp","width":800,"height":800},{"@type":"BreadcrumbList","@id":"https:\/\/electrobennjima.tn\/blender-techwood-500w-noir-bol-verre-1-5l-2-vitesse-plus\/#breadcrumb","itemListElement":[{"@type":"ListItem","position":1,"name":"Accueil","item":"https:\/\/electrobennjima.tn\/"},{"@type":"ListItem","position":2,"name":"Shop","item":"https:\/\/electrobennjima.tn\/shop\/"},{"@type":"ListItem","position":3,"name":"BLENDER TECHWOOD \/ 500W &#8211; NOIR BOL VERRE"}]},{"@type":"WebSite","@id":"https:\/\/electrobennjima.tn\/#website","url":"https:\/\/electrobennjima.tn\/","name":"electrobennjima","description":"","publisher":{"@id":"https:\/\/electrobennjima.tn\/#organization"},"potentialAction":[{"@type":"SearchAction","target":{"@type":"EntryPoint","urlTemplate":"https:\/\/electrobennjima.tn\/?s={search_term_string}"},"query-input":{"@type":"PropertyValueSpecification","valueRequired":true,"valueName":"search_term_string"}}],"inLanguage":"en-US"},{"@type":"Organization","@id":"https:\/\/electrobennjima.tn\/#organization","name":"electrobennjima","url":"https:\/\/electrobennjima.tn\/","logo":{"@type":"ImageObject","inLanguage":"en-US","@id":"https:\/\/electrobennjima.tn\/#\/schema\/logo\/image\/","url":"https:\/\/electrobennjima.tn\/wp-content\/uploads\/2026\/02\/Logo-Electro-Ben-Njima.png","contentUrl":"https:\/\/electrobennjima.tn\/wp-content\/uploads\/2026\/02\/Logo-Electro-Ben-Njima.png","width":768,"height":126,"caption":"electrobennjima"},"image":{"@id":"https:\/\/electrobennjima.tn\/#\/schema\/logo\/image\/"},"sameAs":["https:\/\/www.facebook.com\/electro.ben.njima","https:\/\/www.instagram.com\/electro.ben.njima\/"]}]}},"_links":{"self":[{"href":"https:\/\/electrobennjima.tn\/en\/wp-json\/wp\/v2\/product\/10582","targetHints":{"allow":["GET"]}}],"collection":[{"href":"https:\/\/electrobennjima.tn\/en\/wp-json\/wp\/v2\/product"}],"about":[{"href":"https:\/\/electrobennjima.tn\/en\/wp-json\/wp\/v2\/types\/product"}],"replies":[{"embeddable":true,"href":"https:\/\/electrobennjima.tn\/en\/wp-json\/wp\/v2\/comments?post=10582"}],"wp:featuredmedia":[{"embeddable":true,"href":"https:\/\/electrobennjima.tn\/en\/wp-json\/wp\/v2\/media\/10583"}],"wp:attachment":[{"href":"https:\/\/electrobennjima.tn\/en\/wp-json\/wp\/v2\/media?parent=10582"}],"wp:term":[{"taxonomy":"product_brand","embeddable":true,"href":"https:\/\/electrobennjima.tn\/en\/wp-json\/wp\/v2\/product_brand?post=10582"},{"taxonomy":"product_cat","embeddable":true,"href":"https:\/\/electrobennjima.tn\/en\/wp-json\/wp\/v2\/product_cat?post=10582"},{"taxonomy":"product_tag","embeddable":true,"href":"https:\/\/electrobennjima.tn\/en\/wp-json\/wp\/v2\/product_tag?post=10582"}],"curies":[{"name":"wp","href":"https:\/\/api.w.org\/{rel}","templated":true}]}}