{"id":10642,"date":"2026-05-14T15:20:55","date_gmt":"2026-05-14T15:20:55","guid":{"rendered":"https:\/\/electrobennjima.tn\/?post_type=product&#038;p=10642"},"modified":"2026-05-14T15:20:55","modified_gmt":"2026-05-14T15:20:55","slug":"grille-viande-a-contact-xl-2000w-180c-plaque-amovible","status":"publish","type":"product","link":"https:\/\/electrobennjima.tn\/en\/grille-viande-a-contact-xl-2000w-180c-plaque-amovible\/","title":{"rendered":"GRILLE VIANDE A CONTACT XL 2000W &#8211; 180C PLAQUE AMOVIBLE"},"content":{"rendered":"<table id=\"product-attribute-specs-table\" class=\"data table additional-attributes\">\n<tbody>\n<tr>\n<th class=\"col label\" scope=\"row\">R\u00e9f\u00e9rence<\/th>\n<td class=\"col data\" data-th=\"gtin\">TGD-2018D<\/td>\n<\/tr>\n<tr>\n<th class=\"col label\" scope=\"row\"><strong>Puissance<\/strong><\/th>\n<td class=\"col data\" data-th=\"Marque\">2000 W<\/td>\n<\/tr>\n<tr>\n<th class=\"col label\" scope=\"row\"><strong>surface de cuisson g\u00e9n\u00e9reuse<\/strong><\/th>\n<td class=\"col data\" data-th=\"Puissance\">32 x 41 cm<\/td>\n<\/tr>\n<tr>\n<th class=\"col label\" scope=\"row\">Ouverture<\/th>\n<td class=\"col data\" data-th=\"Alimentation\">180\u00b0<\/td>\n<\/tr>\n<tr>\n<th class=\"col label\" scope=\"row\">Fonction<\/th>\n<td class=\"col data\" data-th=\"Alimentation\">\n<ul>\n<li>Puisson double face<\/li>\n<li>Plaque anti-adh\u00e9sive<\/li>\n<li>T\u00e9moins lumineux<\/li>\n<li>Syst\u00e8me de verrouillage<\/li>\n<\/ul>\n<\/td>\n<\/tr>\n<tr>\n<th class=\"col label\" scope=\"row\">Couleur<\/th>\n<td class=\"col data\" data-th=\"Couleur\">Gris<\/td>\n<\/tr>\n<tr>\n<th class=\"col label\" scope=\"row\">Garantie<\/th>\n<td class=\"col data\" data-th=\"Garantie\">1 an<\/td>\n<\/tr>\n<\/tbody>\n<\/table>","protected":false},"excerpt":{"rendered":"<p>R\u00e9f\u00e9rence TGD-2018D Puissance 2000 W surface de cuisson g\u00e9n\u00e9reuse 32 x 41 cm Ouverture 180\u00b0 Fonction Puisson double face Plaque anti-adh\u00e9sive T\u00e9moins lumineux Syst\u00e8me de verrouillage Couleur Gris Garantie 1 an<\/p>","protected":false},"featured_media":10643,"comment_status":"open","ping_status":"closed","template":"","meta":[],"product_brand":[253],"product_cat":[582],"product_tag":[],"class_list":{"0":"post-10642","1":"product","2":"type-product","3":"status-publish","4":"has-post-thumbnail","6":"product_brand-techwood","7":"product_cat-grille-viande","9":"first","10":"instock","11":"shipping-taxable","12":"purchasable","13":"product-type-simple"},"yoast_head":"<!-- This site is optimized with the Yoast SEO plugin v27.5 - https:\/\/yoast.com\/product\/yoast-seo-wordpress\/ -->\n<title>GRILLE VIANDE A CONTACT XL 2000W - 180C PLAQUE AMOVIBLE - electrobennjima<\/title>\n<meta name=\"robots\" content=\"index, follow, max-snippet:-1, max-image-preview:large, max-video-preview:-1\" \/>\n<link rel=\"canonical\" href=\"https:\/\/electrobennjima.tn\/en\/grille-viande-a-contact-xl-2000w-180c-plaque-amovible\/\" \/>\n<meta property=\"og:locale\" content=\"en_US\" \/>\n<meta property=\"og:type\" content=\"article\" \/>\n<meta property=\"og:title\" content=\"GRILLE VIANDE A CONTACT XL 2000W - 180C PLAQUE AMOVIBLE - electrobennjima\" \/>\n<meta property=\"og:description\" content=\"R\u00e9f\u00e9rence TGD-2018D Puissance 2000 W surface de cuisson g\u00e9n\u00e9reuse 32 x 41 cm Ouverture 180\u00b0 Fonction Puisson double face Plaque anti-adh\u00e9sive T\u00e9moins lumineux Syst\u00e8me de verrouillage Couleur Gris Garantie 1 an\" \/>\n<meta property=\"og:url\" content=\"https:\/\/electrobennjima.tn\/en\/grille-viande-a-contact-xl-2000w-180c-plaque-amovible\/\" \/>\n<meta property=\"og:site_name\" content=\"electrobennjima\" \/>\n<meta property=\"article:publisher\" content=\"https:\/\/www.facebook.com\/electro.ben.njima\" \/>\n<meta property=\"og:image\" content=\"https:\/\/electrobennjima.tn\/wp-content\/uploads\/2026\/05\/45000914.webp\" \/>\n\t<meta property=\"og:image:width\" content=\"700\" \/>\n\t<meta property=\"og:image:height\" content=\"700\" \/>\n\t<meta property=\"og:image:type\" content=\"image\/webp\" \/>\n<meta name=\"twitter:card\" content=\"summary_large_image\" \/>\n<meta name=\"twitter:label1\" content=\"Est. reading time\" \/>\n\t<meta name=\"twitter:data1\" content=\"1 minute\" \/>\n<script type=\"application\/ld+json\" class=\"yoast-schema-graph\">{\"@context\":\"https:\\\/\\\/schema.org\",\"@graph\":[{\"@type\":\"WebPage\",\"@id\":\"https:\\\/\\\/electrobennjima.tn\\\/grille-viande-a-contact-xl-2000w-180c-plaque-amovible\\\/\",\"url\":\"https:\\\/\\\/electrobennjima.tn\\\/grille-viande-a-contact-xl-2000w-180c-plaque-amovible\\\/\",\"name\":\"GRILLE VIANDE A CONTACT XL 2000W - 180C PLAQUE AMOVIBLE - electrobennjima\",\"isPartOf\":{\"@id\":\"https:\\\/\\\/electrobennjima.tn\\\/#website\"},\"primaryImageOfPage\":{\"@id\":\"https:\\\/\\\/electrobennjima.tn\\\/grille-viande-a-contact-xl-2000w-180c-plaque-amovible\\\/#primaryimage\"},\"image\":{\"@id\":\"https:\\\/\\\/electrobennjima.tn\\\/grille-viande-a-contact-xl-2000w-180c-plaque-amovible\\\/#primaryimage\"},\"thumbnailUrl\":\"https:\\\/\\\/electrobennjima.tn\\\/wp-content\\\/uploads\\\/2026\\\/05\\\/45000914.webp\",\"datePublished\":\"2026-05-14T15:20:55+00:00\",\"breadcrumb\":{\"@id\":\"https:\\\/\\\/electrobennjima.tn\\\/grille-viande-a-contact-xl-2000w-180c-plaque-amovible\\\/#breadcrumb\"},\"inLanguage\":\"en-US\",\"potentialAction\":[{\"@type\":\"ReadAction\",\"target\":[\"https:\\\/\\\/electrobennjima.tn\\\/grille-viande-a-contact-xl-2000w-180c-plaque-amovible\\\/\"]}]},{\"@type\":\"ImageObject\",\"inLanguage\":\"en-US\",\"@id\":\"https:\\\/\\\/electrobennjima.tn\\\/grille-viande-a-contact-xl-2000w-180c-plaque-amovible\\\/#primaryimage\",\"url\":\"https:\\\/\\\/electrobennjima.tn\\\/wp-content\\\/uploads\\\/2026\\\/05\\\/45000914.webp\",\"contentUrl\":\"https:\\\/\\\/electrobennjima.tn\\\/wp-content\\\/uploads\\\/2026\\\/05\\\/45000914.webp\",\"width\":700,\"height\":700},{\"@type\":\"BreadcrumbList\",\"@id\":\"https:\\\/\\\/electrobennjima.tn\\\/grille-viande-a-contact-xl-2000w-180c-plaque-amovible\\\/#breadcrumb\",\"itemListElement\":[{\"@type\":\"ListItem\",\"position\":1,\"name\":\"Accueil\",\"item\":\"https:\\\/\\\/electrobennjima.tn\\\/\"},{\"@type\":\"ListItem\",\"position\":2,\"name\":\"Shop\",\"item\":\"https:\\\/\\\/electrobennjima.tn\\\/shop\\\/\"},{\"@type\":\"ListItem\",\"position\":3,\"name\":\"GRILLE VIANDE A CONTACT XL 2000W &#8211; 180C PLAQUE AMOVIBLE\"}]},{\"@type\":\"WebSite\",\"@id\":\"https:\\\/\\\/electrobennjima.tn\\\/#website\",\"url\":\"https:\\\/\\\/electrobennjima.tn\\\/\",\"name\":\"electrobennjima\",\"description\":\"\",\"publisher\":{\"@id\":\"https:\\\/\\\/electrobennjima.tn\\\/#organization\"},\"potentialAction\":[{\"@type\":\"SearchAction\",\"target\":{\"@type\":\"EntryPoint\",\"urlTemplate\":\"https:\\\/\\\/electrobennjima.tn\\\/?s={search_term_string}\"},\"query-input\":{\"@type\":\"PropertyValueSpecification\",\"valueRequired\":true,\"valueName\":\"search_term_string\"}}],\"inLanguage\":\"en-US\"},{\"@type\":\"Organization\",\"@id\":\"https:\\\/\\\/electrobennjima.tn\\\/#organization\",\"name\":\"electrobennjima\",\"url\":\"https:\\\/\\\/electrobennjima.tn\\\/\",\"logo\":{\"@type\":\"ImageObject\",\"inLanguage\":\"en-US\",\"@id\":\"https:\\\/\\\/electrobennjima.tn\\\/#\\\/schema\\\/logo\\\/image\\\/\",\"url\":\"https:\\\/\\\/electrobennjima.tn\\\/wp-content\\\/uploads\\\/2026\\\/02\\\/Logo-Electro-Ben-Njima.png\",\"contentUrl\":\"https:\\\/\\\/electrobennjima.tn\\\/wp-content\\\/uploads\\\/2026\\\/02\\\/Logo-Electro-Ben-Njima.png\",\"width\":768,\"height\":126,\"caption\":\"electrobennjima\"},\"image\":{\"@id\":\"https:\\\/\\\/electrobennjima.tn\\\/#\\\/schema\\\/logo\\\/image\\\/\"},\"sameAs\":[\"https:\\\/\\\/www.facebook.com\\\/electro.ben.njima\",\"https:\\\/\\\/www.instagram.com\\\/electro.ben.njima\\\/\"]}]}<\/script>\n<!-- \/ Yoast SEO plugin. -->","yoast_head_json":{"title":"GRILLE VIANDE A CONTACT XL 2000W - 180C PLAQUE AMOVIBLE - electrobennjima","robots":{"index":"index","follow":"follow","max-snippet":"max-snippet:-1","max-image-preview":"max-image-preview:large","max-video-preview":"max-video-preview:-1"},"canonical":"https:\/\/electrobennjima.tn\/en\/grille-viande-a-contact-xl-2000w-180c-plaque-amovible\/","og_locale":"en_US","og_type":"article","og_title":"GRILLE VIANDE A CONTACT XL 2000W - 180C PLAQUE AMOVIBLE - electrobennjima","og_description":"R\u00e9f\u00e9rence TGD-2018D Puissance 2000 W surface de cuisson g\u00e9n\u00e9reuse 32 x 41 cm Ouverture 180\u00b0 Fonction Puisson double face Plaque anti-adh\u00e9sive T\u00e9moins lumineux Syst\u00e8me de verrouillage Couleur Gris Garantie 1 an","og_url":"https:\/\/electrobennjima.tn\/en\/grille-viande-a-contact-xl-2000w-180c-plaque-amovible\/","og_site_name":"electrobennjima","article_publisher":"https:\/\/www.facebook.com\/electro.ben.njima","og_image":[{"width":700,"height":700,"url":"https:\/\/electrobennjima.tn\/wp-content\/uploads\/2026\/05\/45000914.webp","type":"image\/webp"}],"twitter_card":"summary_large_image","twitter_misc":{"Est. reading time":"1 minute"},"schema":{"@context":"https:\/\/schema.org","@graph":[{"@type":"WebPage","@id":"https:\/\/electrobennjima.tn\/grille-viande-a-contact-xl-2000w-180c-plaque-amovible\/","url":"https:\/\/electrobennjima.tn\/grille-viande-a-contact-xl-2000w-180c-plaque-amovible\/","name":"GRILLE VIANDE A CONTACT XL 2000W - 180C PLAQUE AMOVIBLE - electrobennjima","isPartOf":{"@id":"https:\/\/electrobennjima.tn\/#website"},"primaryImageOfPage":{"@id":"https:\/\/electrobennjima.tn\/grille-viande-a-contact-xl-2000w-180c-plaque-amovible\/#primaryimage"},"image":{"@id":"https:\/\/electrobennjima.tn\/grille-viande-a-contact-xl-2000w-180c-plaque-amovible\/#primaryimage"},"thumbnailUrl":"https:\/\/electrobennjima.tn\/wp-content\/uploads\/2026\/05\/45000914.webp","datePublished":"2026-05-14T15:20:55+00:00","breadcrumb":{"@id":"https:\/\/electrobennjima.tn\/grille-viande-a-contact-xl-2000w-180c-plaque-amovible\/#breadcrumb"},"inLanguage":"en-US","potentialAction":[{"@type":"ReadAction","target":["https:\/\/electrobennjima.tn\/grille-viande-a-contact-xl-2000w-180c-plaque-amovible\/"]}]},{"@type":"ImageObject","inLanguage":"en-US","@id":"https:\/\/electrobennjima.tn\/grille-viande-a-contact-xl-2000w-180c-plaque-amovible\/#primaryimage","url":"https:\/\/electrobennjima.tn\/wp-content\/uploads\/2026\/05\/45000914.webp","contentUrl":"https:\/\/electrobennjima.tn\/wp-content\/uploads\/2026\/05\/45000914.webp","width":700,"height":700},{"@type":"BreadcrumbList","@id":"https:\/\/electrobennjima.tn\/grille-viande-a-contact-xl-2000w-180c-plaque-amovible\/#breadcrumb","itemListElement":[{"@type":"ListItem","position":1,"name":"Accueil","item":"https:\/\/electrobennjima.tn\/"},{"@type":"ListItem","position":2,"name":"Shop","item":"https:\/\/electrobennjima.tn\/shop\/"},{"@type":"ListItem","position":3,"name":"GRILLE VIANDE A CONTACT XL 2000W &#8211; 180C PLAQUE AMOVIBLE"}]},{"@type":"WebSite","@id":"https:\/\/electrobennjima.tn\/#website","url":"https:\/\/electrobennjima.tn\/","name":"electrobennjima","description":"","publisher":{"@id":"https:\/\/electrobennjima.tn\/#organization"},"potentialAction":[{"@type":"SearchAction","target":{"@type":"EntryPoint","urlTemplate":"https:\/\/electrobennjima.tn\/?s={search_term_string}"},"query-input":{"@type":"PropertyValueSpecification","valueRequired":true,"valueName":"search_term_string"}}],"inLanguage":"en-US"},{"@type":"Organization","@id":"https:\/\/electrobennjima.tn\/#organization","name":"electrobennjima","url":"https:\/\/electrobennjima.tn\/","logo":{"@type":"ImageObject","inLanguage":"en-US","@id":"https:\/\/electrobennjima.tn\/#\/schema\/logo\/image\/","url":"https:\/\/electrobennjima.tn\/wp-content\/uploads\/2026\/02\/Logo-Electro-Ben-Njima.png","contentUrl":"https:\/\/electrobennjima.tn\/wp-content\/uploads\/2026\/02\/Logo-Electro-Ben-Njima.png","width":768,"height":126,"caption":"electrobennjima"},"image":{"@id":"https:\/\/electrobennjima.tn\/#\/schema\/logo\/image\/"},"sameAs":["https:\/\/www.facebook.com\/electro.ben.njima","https:\/\/www.instagram.com\/electro.ben.njima\/"]}]}},"_links":{"self":[{"href":"https:\/\/electrobennjima.tn\/en\/wp-json\/wp\/v2\/product\/10642","targetHints":{"allow":["GET"]}}],"collection":[{"href":"https:\/\/electrobennjima.tn\/en\/wp-json\/wp\/v2\/product"}],"about":[{"href":"https:\/\/electrobennjima.tn\/en\/wp-json\/wp\/v2\/types\/product"}],"replies":[{"embeddable":true,"href":"https:\/\/electrobennjima.tn\/en\/wp-json\/wp\/v2\/comments?post=10642"}],"wp:featuredmedia":[{"embeddable":true,"href":"https:\/\/electrobennjima.tn\/en\/wp-json\/wp\/v2\/media\/10643"}],"wp:attachment":[{"href":"https:\/\/electrobennjima.tn\/en\/wp-json\/wp\/v2\/media?parent=10642"}],"wp:term":[{"taxonomy":"product_brand","embeddable":true,"href":"https:\/\/electrobennjima.tn\/en\/wp-json\/wp\/v2\/product_brand?post=10642"},{"taxonomy":"product_cat","embeddable":true,"href":"https:\/\/electrobennjima.tn\/en\/wp-json\/wp\/v2\/product_cat?post=10642"},{"taxonomy":"product_tag","embeddable":true,"href":"https:\/\/electrobennjima.tn\/en\/wp-json\/wp\/v2\/product_tag?post=10642"}],"curies":[{"name":"wp","href":"https:\/\/api.w.org\/{rel}","templated":true}]}}