{"id":10724,"date":"2026-05-15T10:52:15","date_gmt":"2026-05-15T10:52:15","guid":{"rendered":"https:\/\/electrobennjima.tn\/?post_type=product&#038;p=10724"},"modified":"2026-05-15T10:52:15","modified_gmt":"2026-05-15T10:52:15","slug":"machine-a-cafekiwi-electrique-inox","status":"publish","type":"product","link":"https:\/\/electrobennjima.tn\/en\/machine-a-cafekiwi-electrique-inox\/","title":{"rendered":"MACHINE A CAF\u00c9KIWI EL\u00c9CTRIQUE &#8211; INOX"},"content":{"rendered":"<table id=\"product-attribute-specs-table\" class=\"data table additional-attributes\">\n<tbody>\n<tr>\n<th class=\"col label\" scope=\"row\">R\u00e9f\u00e9rence<\/th>\n<td class=\"col data\" data-th=\"gtin\">PEKCM-7512<\/td>\n<\/tr>\n<tr>\n<th class=\"col label\" scope=\"row\">Marque<\/th>\n<td class=\"col data\" data-th=\"Marque\">KIWI<\/td>\n<\/tr>\n<tr>\n<th class=\"col label\" scope=\"row\"><strong>Puissance<\/strong><\/th>\n<td class=\"col data\" data-th=\"Type de Cafeti\u00e8re\">80w<\/td>\n<\/tr>\n<tr>\n<th class=\"col label\" scope=\"row\"><strong>Capacit\u00e9<\/strong><\/th>\n<td class=\"col data\" data-th=\"Puissance\">400ML<\/td>\n<\/tr>\n<tr>\n<th class=\"col label\" scope=\"row\"><strong>Nombre De Tasses<\/strong><\/th>\n<td class=\"col data\" data-th=\"Capacit\u00e9\">2 Tasses<\/td>\n<\/tr>\n<tr>\n<th class=\"col label\" scope=\"row\">Id\u00e9al pour caf\u00e9 turc<\/th>\n<td class=\"col data\" data-th=\"Nombre de tasses\">Oui<\/td>\n<\/tr>\n<tr>\n<th class=\"col label\" scope=\"row\">S\u00e9curit\u00e9 d&rsquo;arr\u00eat de l&rsquo;eau<\/th>\n<td class=\"col data\" data-th=\"Couleur\">Oui<\/td>\n<\/tr>\n<tr>\n<th class=\"col label\" scope=\"row\"><strong>Couleur<\/strong><\/th>\n<td class=\"col data\" data-th=\"Garantie\">Inox<\/td>\n<\/tr>\n<tr>\n<th class=\"col label\" scope=\"row\"><strong> Garantie<\/strong><\/th>\n<td class=\"col data\" data-th=\"Garantie\">1an<\/td>\n<\/tr>\n<\/tbody>\n<\/table>","protected":false},"excerpt":{"rendered":"<p>R\u00e9f\u00e9rence PEKCM-7512 Marque KIWI Puissance 80w Capacit\u00e9 400ML Nombre De Tasses 2 Tasses Id\u00e9al pour caf\u00e9 turc Oui S\u00e9curit\u00e9 d&rsquo;arr\u00eat de l&rsquo;eau Oui Couleur Inox Garantie 1an<\/p>","protected":false},"featured_media":10725,"comment_status":"open","ping_status":"closed","template":"","meta":[],"product_brand":[130],"product_cat":[585],"product_tag":[],"class_list":{"0":"post-10724","1":"product","2":"type-product","3":"status-publish","4":"has-post-thumbnail","6":"product_brand-kiwi","7":"product_cat-machine-a-cafe","9":"first","10":"instock","11":"shipping-taxable","12":"purchasable","13":"product-type-simple"},"yoast_head":"<!-- This site is optimized with the Yoast SEO plugin v27.5 - https:\/\/yoast.com\/product\/yoast-seo-wordpress\/ -->\n<title>MACHINE A CAF\u00c9KIWI EL\u00c9CTRIQUE - INOX - electrobennjima<\/title>\n<meta name=\"robots\" content=\"index, follow, max-snippet:-1, max-image-preview:large, max-video-preview:-1\" \/>\n<link rel=\"canonical\" href=\"https:\/\/electrobennjima.tn\/en\/machine-a-cafekiwi-electrique-inox\/\" \/>\n<meta property=\"og:locale\" content=\"en_US\" \/>\n<meta property=\"og:type\" content=\"article\" \/>\n<meta property=\"og:title\" content=\"MACHINE A CAF\u00c9KIWI EL\u00c9CTRIQUE - INOX - electrobennjima\" \/>\n<meta property=\"og:description\" content=\"R\u00e9f\u00e9rence PEKCM-7512 Marque KIWI Puissance 80w Capacit\u00e9 400ML Nombre De Tasses 2 Tasses Id\u00e9al pour caf\u00e9 turc Oui S\u00e9curit\u00e9 d&rsquo;arr\u00eat de l&rsquo;eau Oui Couleur Inox Garantie 1an\" \/>\n<meta property=\"og:url\" content=\"https:\/\/electrobennjima.tn\/en\/machine-a-cafekiwi-electrique-inox\/\" \/>\n<meta property=\"og:site_name\" content=\"electrobennjima\" \/>\n<meta property=\"article:publisher\" content=\"https:\/\/www.facebook.com\/electro.ben.njima\" \/>\n<meta property=\"og:image\" content=\"https:\/\/electrobennjima.tn\/wp-content\/uploads\/2026\/05\/cafetiere-electrique-kiwi-inox-kcm-7512.png\" \/>\n\t<meta property=\"og:image:width\" content=\"800\" \/>\n\t<meta property=\"og:image:height\" content=\"800\" \/>\n\t<meta property=\"og:image:type\" content=\"image\/png\" \/>\n<meta name=\"twitter:card\" content=\"summary_large_image\" \/>\n<meta name=\"twitter:label1\" content=\"Est. reading time\" \/>\n\t<meta name=\"twitter:data1\" content=\"1 minute\" \/>\n<script type=\"application\/ld+json\" class=\"yoast-schema-graph\">{\"@context\":\"https:\\\/\\\/schema.org\",\"@graph\":[{\"@type\":\"WebPage\",\"@id\":\"https:\\\/\\\/electrobennjima.tn\\\/machine-a-cafekiwi-electrique-inox\\\/\",\"url\":\"https:\\\/\\\/electrobennjima.tn\\\/machine-a-cafekiwi-electrique-inox\\\/\",\"name\":\"MACHINE A CAF\u00c9KIWI EL\u00c9CTRIQUE - INOX - electrobennjima\",\"isPartOf\":{\"@id\":\"https:\\\/\\\/electrobennjima.tn\\\/#website\"},\"primaryImageOfPage\":{\"@id\":\"https:\\\/\\\/electrobennjima.tn\\\/machine-a-cafekiwi-electrique-inox\\\/#primaryimage\"},\"image\":{\"@id\":\"https:\\\/\\\/electrobennjima.tn\\\/machine-a-cafekiwi-electrique-inox\\\/#primaryimage\"},\"thumbnailUrl\":\"https:\\\/\\\/electrobennjima.tn\\\/wp-content\\\/uploads\\\/2026\\\/05\\\/cafetiere-electrique-kiwi-inox-kcm-7512.png\",\"datePublished\":\"2026-05-15T10:52:15+00:00\",\"breadcrumb\":{\"@id\":\"https:\\\/\\\/electrobennjima.tn\\\/machine-a-cafekiwi-electrique-inox\\\/#breadcrumb\"},\"inLanguage\":\"en-US\",\"potentialAction\":[{\"@type\":\"ReadAction\",\"target\":[\"https:\\\/\\\/electrobennjima.tn\\\/machine-a-cafekiwi-electrique-inox\\\/\"]}]},{\"@type\":\"ImageObject\",\"inLanguage\":\"en-US\",\"@id\":\"https:\\\/\\\/electrobennjima.tn\\\/machine-a-cafekiwi-electrique-inox\\\/#primaryimage\",\"url\":\"https:\\\/\\\/electrobennjima.tn\\\/wp-content\\\/uploads\\\/2026\\\/05\\\/cafetiere-electrique-kiwi-inox-kcm-7512.png\",\"contentUrl\":\"https:\\\/\\\/electrobennjima.tn\\\/wp-content\\\/uploads\\\/2026\\\/05\\\/cafetiere-electrique-kiwi-inox-kcm-7512.png\",\"width\":800,\"height\":800},{\"@type\":\"BreadcrumbList\",\"@id\":\"https:\\\/\\\/electrobennjima.tn\\\/machine-a-cafekiwi-electrique-inox\\\/#breadcrumb\",\"itemListElement\":[{\"@type\":\"ListItem\",\"position\":1,\"name\":\"Accueil\",\"item\":\"https:\\\/\\\/electrobennjima.tn\\\/\"},{\"@type\":\"ListItem\",\"position\":2,\"name\":\"Shop\",\"item\":\"https:\\\/\\\/electrobennjima.tn\\\/shop\\\/\"},{\"@type\":\"ListItem\",\"position\":3,\"name\":\"MACHINE A CAF\u00c9KIWI EL\u00c9CTRIQUE &#8211; INOX\"}]},{\"@type\":\"WebSite\",\"@id\":\"https:\\\/\\\/electrobennjima.tn\\\/#website\",\"url\":\"https:\\\/\\\/electrobennjima.tn\\\/\",\"name\":\"electrobennjima\",\"description\":\"\",\"publisher\":{\"@id\":\"https:\\\/\\\/electrobennjima.tn\\\/#organization\"},\"potentialAction\":[{\"@type\":\"SearchAction\",\"target\":{\"@type\":\"EntryPoint\",\"urlTemplate\":\"https:\\\/\\\/electrobennjima.tn\\\/?s={search_term_string}\"},\"query-input\":{\"@type\":\"PropertyValueSpecification\",\"valueRequired\":true,\"valueName\":\"search_term_string\"}}],\"inLanguage\":\"en-US\"},{\"@type\":\"Organization\",\"@id\":\"https:\\\/\\\/electrobennjima.tn\\\/#organization\",\"name\":\"electrobennjima\",\"url\":\"https:\\\/\\\/electrobennjima.tn\\\/\",\"logo\":{\"@type\":\"ImageObject\",\"inLanguage\":\"en-US\",\"@id\":\"https:\\\/\\\/electrobennjima.tn\\\/#\\\/schema\\\/logo\\\/image\\\/\",\"url\":\"https:\\\/\\\/electrobennjima.tn\\\/wp-content\\\/uploads\\\/2026\\\/02\\\/Logo-Electro-Ben-Njima.png\",\"contentUrl\":\"https:\\\/\\\/electrobennjima.tn\\\/wp-content\\\/uploads\\\/2026\\\/02\\\/Logo-Electro-Ben-Njima.png\",\"width\":768,\"height\":126,\"caption\":\"electrobennjima\"},\"image\":{\"@id\":\"https:\\\/\\\/electrobennjima.tn\\\/#\\\/schema\\\/logo\\\/image\\\/\"},\"sameAs\":[\"https:\\\/\\\/www.facebook.com\\\/electro.ben.njima\",\"https:\\\/\\\/www.instagram.com\\\/electro.ben.njima\\\/\"]}]}<\/script>\n<!-- \/ Yoast SEO plugin. -->","yoast_head_json":{"title":"MACHINE A CAF\u00c9KIWI EL\u00c9CTRIQUE - INOX - electrobennjima","robots":{"index":"index","follow":"follow","max-snippet":"max-snippet:-1","max-image-preview":"max-image-preview:large","max-video-preview":"max-video-preview:-1"},"canonical":"https:\/\/electrobennjima.tn\/en\/machine-a-cafekiwi-electrique-inox\/","og_locale":"en_US","og_type":"article","og_title":"MACHINE A CAF\u00c9KIWI EL\u00c9CTRIQUE - INOX - electrobennjima","og_description":"R\u00e9f\u00e9rence PEKCM-7512 Marque KIWI Puissance 80w Capacit\u00e9 400ML Nombre De Tasses 2 Tasses Id\u00e9al pour caf\u00e9 turc Oui S\u00e9curit\u00e9 d&rsquo;arr\u00eat de l&rsquo;eau Oui Couleur Inox Garantie 1an","og_url":"https:\/\/electrobennjima.tn\/en\/machine-a-cafekiwi-electrique-inox\/","og_site_name":"electrobennjima","article_publisher":"https:\/\/www.facebook.com\/electro.ben.njima","og_image":[{"width":800,"height":800,"url":"https:\/\/electrobennjima.tn\/wp-content\/uploads\/2026\/05\/cafetiere-electrique-kiwi-inox-kcm-7512.png","type":"image\/png"}],"twitter_card":"summary_large_image","twitter_misc":{"Est. reading time":"1 minute"},"schema":{"@context":"https:\/\/schema.org","@graph":[{"@type":"WebPage","@id":"https:\/\/electrobennjima.tn\/machine-a-cafekiwi-electrique-inox\/","url":"https:\/\/electrobennjima.tn\/machine-a-cafekiwi-electrique-inox\/","name":"MACHINE A CAF\u00c9KIWI EL\u00c9CTRIQUE - INOX - electrobennjima","isPartOf":{"@id":"https:\/\/electrobennjima.tn\/#website"},"primaryImageOfPage":{"@id":"https:\/\/electrobennjima.tn\/machine-a-cafekiwi-electrique-inox\/#primaryimage"},"image":{"@id":"https:\/\/electrobennjima.tn\/machine-a-cafekiwi-electrique-inox\/#primaryimage"},"thumbnailUrl":"https:\/\/electrobennjima.tn\/wp-content\/uploads\/2026\/05\/cafetiere-electrique-kiwi-inox-kcm-7512.png","datePublished":"2026-05-15T10:52:15+00:00","breadcrumb":{"@id":"https:\/\/electrobennjima.tn\/machine-a-cafekiwi-electrique-inox\/#breadcrumb"},"inLanguage":"en-US","potentialAction":[{"@type":"ReadAction","target":["https:\/\/electrobennjima.tn\/machine-a-cafekiwi-electrique-inox\/"]}]},{"@type":"ImageObject","inLanguage":"en-US","@id":"https:\/\/electrobennjima.tn\/machine-a-cafekiwi-electrique-inox\/#primaryimage","url":"https:\/\/electrobennjima.tn\/wp-content\/uploads\/2026\/05\/cafetiere-electrique-kiwi-inox-kcm-7512.png","contentUrl":"https:\/\/electrobennjima.tn\/wp-content\/uploads\/2026\/05\/cafetiere-electrique-kiwi-inox-kcm-7512.png","width":800,"height":800},{"@type":"BreadcrumbList","@id":"https:\/\/electrobennjima.tn\/machine-a-cafekiwi-electrique-inox\/#breadcrumb","itemListElement":[{"@type":"ListItem","position":1,"name":"Accueil","item":"https:\/\/electrobennjima.tn\/"},{"@type":"ListItem","position":2,"name":"Shop","item":"https:\/\/electrobennjima.tn\/shop\/"},{"@type":"ListItem","position":3,"name":"MACHINE A CAF\u00c9KIWI EL\u00c9CTRIQUE &#8211; INOX"}]},{"@type":"WebSite","@id":"https:\/\/electrobennjima.tn\/#website","url":"https:\/\/electrobennjima.tn\/","name":"electrobennjima","description":"","publisher":{"@id":"https:\/\/electrobennjima.tn\/#organization"},"potentialAction":[{"@type":"SearchAction","target":{"@type":"EntryPoint","urlTemplate":"https:\/\/electrobennjima.tn\/?s={search_term_string}"},"query-input":{"@type":"PropertyValueSpecification","valueRequired":true,"valueName":"search_term_string"}}],"inLanguage":"en-US"},{"@type":"Organization","@id":"https:\/\/electrobennjima.tn\/#organization","name":"electrobennjima","url":"https:\/\/electrobennjima.tn\/","logo":{"@type":"ImageObject","inLanguage":"en-US","@id":"https:\/\/electrobennjima.tn\/#\/schema\/logo\/image\/","url":"https:\/\/electrobennjima.tn\/wp-content\/uploads\/2026\/02\/Logo-Electro-Ben-Njima.png","contentUrl":"https:\/\/electrobennjima.tn\/wp-content\/uploads\/2026\/02\/Logo-Electro-Ben-Njima.png","width":768,"height":126,"caption":"electrobennjima"},"image":{"@id":"https:\/\/electrobennjima.tn\/#\/schema\/logo\/image\/"},"sameAs":["https:\/\/www.facebook.com\/electro.ben.njima","https:\/\/www.instagram.com\/electro.ben.njima\/"]}]}},"_links":{"self":[{"href":"https:\/\/electrobennjima.tn\/en\/wp-json\/wp\/v2\/product\/10724","targetHints":{"allow":["GET"]}}],"collection":[{"href":"https:\/\/electrobennjima.tn\/en\/wp-json\/wp\/v2\/product"}],"about":[{"href":"https:\/\/electrobennjima.tn\/en\/wp-json\/wp\/v2\/types\/product"}],"replies":[{"embeddable":true,"href":"https:\/\/electrobennjima.tn\/en\/wp-json\/wp\/v2\/comments?post=10724"}],"wp:featuredmedia":[{"embeddable":true,"href":"https:\/\/electrobennjima.tn\/en\/wp-json\/wp\/v2\/media\/10725"}],"wp:attachment":[{"href":"https:\/\/electrobennjima.tn\/en\/wp-json\/wp\/v2\/media?parent=10724"}],"wp:term":[{"taxonomy":"product_brand","embeddable":true,"href":"https:\/\/electrobennjima.tn\/en\/wp-json\/wp\/v2\/product_brand?post=10724"},{"taxonomy":"product_cat","embeddable":true,"href":"https:\/\/electrobennjima.tn\/en\/wp-json\/wp\/v2\/product_cat?post=10724"},{"taxonomy":"product_tag","embeddable":true,"href":"https:\/\/electrobennjima.tn\/en\/wp-json\/wp\/v2\/product_tag?post=10724"}],"curies":[{"name":"wp","href":"https:\/\/api.w.org\/{rel}","templated":true}]}}