{"id":10748,"date":"2026-05-15T11:30:30","date_gmt":"2026-05-15T11:30:30","guid":{"rendered":"https:\/\/electrobennjima.tn\/?post_type=product&#038;p=10748"},"modified":"2026-05-15T11:30:30","modified_gmt":"2026-05-15T11:30:30","slug":"mini-hahcoir-techwood-150w-blanc","status":"publish","type":"product","link":"https:\/\/electrobennjima.tn\/en\/mini-hahcoir-techwood-150w-blanc\/","title":{"rendered":"MINI HAHCOIR TECHWOOD 150W &#8211; BLANC"},"content":{"rendered":"<table id=\"product-attribute-specs-table\" class=\"data table additional-attributes\">\n<tbody>\n<tr>\n<th class=\"col label\" scope=\"row\">R\u00e9f\u00e9rence<\/th>\n<td class=\"col data\" data-th=\"Prix\">THA-150<\/td>\n<\/tr>\n<tr>\n<th class=\"col label\" scope=\"row\">Marque<\/th>\n<td class=\"col data\" data-th=\"Marque \">Techwood<\/td>\n<\/tr>\n<tr>\n<th class=\"col label\" scope=\"row\">Garantie<\/th>\n<td class=\"col data\" data-th=\"Garantie:\">1 an<\/td>\n<\/tr>\n<tr>\n<th class=\"col label\" scope=\"row\">Puissance<\/th>\n<td class=\"col data\" data-th=\"Puissance\">150 W<\/td>\n<\/tr>\n<tr>\n<th class=\"col label\" scope=\"row\">Capacit\u00e9<\/th>\n<td class=\"col data\" data-th=\"Capacit\u00e9 \">375 ml<\/td>\n<\/tr>\n<tr>\n<th class=\"col label\" scope=\"row\">Alimentation<\/th>\n<td class=\"col data\" data-th=\"Capacit\u00e9 \"> 220-240V~ 50\/60Hz <\/td>\n<\/tr>\n<tr>\n<th class=\"col label\" scope=\"row\">Fonction<\/th>\n<td class=\"col data\" data-th=\"Capacit\u00e9 \">  Bouton poussoir- La\u0302mes en inox &#8211; Couvercle de se\u0301curite\u0301 <\/td>\n<\/tr>\n<tr>\n<th class=\"col label\" scope=\"row\">Couleur<\/th>\n<td class=\"col data\" data-th=\"Capacit\u00e9 \">Blanc <\/td>\n<\/tr>\n<\/tbody>\n<\/table>","protected":false},"excerpt":{"rendered":"<p>R\u00e9f\u00e9rence THA-150 Marque Techwood Garantie 1 an Puissance 150 W Capacit\u00e9 375 ml Alimentation 220-240V~ 50\/60Hz Fonction Bouton poussoir- La\u0302mes en inox &#8211; Couvercle de se\u0301curite\u0301 Couleur Blanc<\/p>","protected":false},"featured_media":10749,"comment_status":"open","ping_status":"closed","template":"","meta":[],"product_brand":[253],"product_cat":[586],"product_tag":[],"class_list":{"0":"post-10748","1":"product","2":"type-product","3":"status-publish","4":"has-post-thumbnail","6":"product_brand-techwood","7":"product_cat-mini-hachoir","9":"first","10":"instock","11":"shipping-taxable","12":"purchasable","13":"product-type-simple"},"yoast_head":"<!-- This site is optimized with the Yoast SEO plugin v27.5 - https:\/\/yoast.com\/product\/yoast-seo-wordpress\/ -->\n<title>MINI HAHCOIR TECHWOOD 150W - BLANC - electrobennjima<\/title>\n<meta name=\"robots\" content=\"index, follow, max-snippet:-1, max-image-preview:large, max-video-preview:-1\" \/>\n<link rel=\"canonical\" href=\"https:\/\/electrobennjima.tn\/en\/mini-hahcoir-techwood-150w-blanc\/\" \/>\n<meta property=\"og:locale\" content=\"en_US\" \/>\n<meta property=\"og:type\" content=\"article\" \/>\n<meta property=\"og:title\" content=\"MINI HAHCOIR TECHWOOD 150W - BLANC - electrobennjima\" \/>\n<meta property=\"og:description\" content=\"R\u00e9f\u00e9rence THA-150 Marque Techwood Garantie 1 an Puissance 150 W Capacit\u00e9 375 ml Alimentation 220-240V~ 50\/60Hz Fonction Bouton poussoir- La\u0302mes en inox &#8211; Couvercle de se\u0301curite\u0301 Couleur Blanc\" \/>\n<meta property=\"og:url\" content=\"https:\/\/electrobennjima.tn\/en\/mini-hahcoir-techwood-150w-blanc\/\" \/>\n<meta property=\"og:site_name\" content=\"electrobennjima\" \/>\n<meta property=\"article:publisher\" content=\"https:\/\/www.facebook.com\/electro.ben.njima\" \/>\n<meta property=\"og:image\" content=\"https:\/\/electrobennjima.tn\/wp-content\/uploads\/2026\/05\/OIP.webp\" \/>\n\t<meta property=\"og:image:width\" content=\"474\" \/>\n\t<meta property=\"og:image:height\" content=\"474\" \/>\n\t<meta property=\"og:image:type\" content=\"image\/webp\" \/>\n<meta name=\"twitter:card\" content=\"summary_large_image\" \/>\n<meta name=\"twitter:label1\" content=\"Est. reading time\" \/>\n\t<meta name=\"twitter:data1\" content=\"1 minute\" \/>\n<script type=\"application\/ld+json\" class=\"yoast-schema-graph\">{\"@context\":\"https:\\\/\\\/schema.org\",\"@graph\":[{\"@type\":\"WebPage\",\"@id\":\"https:\\\/\\\/electrobennjima.tn\\\/mini-hahcoir-techwood-150w-blanc\\\/\",\"url\":\"https:\\\/\\\/electrobennjima.tn\\\/mini-hahcoir-techwood-150w-blanc\\\/\",\"name\":\"MINI HAHCOIR TECHWOOD 150W - BLANC - electrobennjima\",\"isPartOf\":{\"@id\":\"https:\\\/\\\/electrobennjima.tn\\\/#website\"},\"primaryImageOfPage\":{\"@id\":\"https:\\\/\\\/electrobennjima.tn\\\/mini-hahcoir-techwood-150w-blanc\\\/#primaryimage\"},\"image\":{\"@id\":\"https:\\\/\\\/electrobennjima.tn\\\/mini-hahcoir-techwood-150w-blanc\\\/#primaryimage\"},\"thumbnailUrl\":\"https:\\\/\\\/electrobennjima.tn\\\/wp-content\\\/uploads\\\/2026\\\/05\\\/OIP.webp\",\"datePublished\":\"2026-05-15T11:30:30+00:00\",\"breadcrumb\":{\"@id\":\"https:\\\/\\\/electrobennjima.tn\\\/mini-hahcoir-techwood-150w-blanc\\\/#breadcrumb\"},\"inLanguage\":\"en-US\",\"potentialAction\":[{\"@type\":\"ReadAction\",\"target\":[\"https:\\\/\\\/electrobennjima.tn\\\/mini-hahcoir-techwood-150w-blanc\\\/\"]}]},{\"@type\":\"ImageObject\",\"inLanguage\":\"en-US\",\"@id\":\"https:\\\/\\\/electrobennjima.tn\\\/mini-hahcoir-techwood-150w-blanc\\\/#primaryimage\",\"url\":\"https:\\\/\\\/electrobennjima.tn\\\/wp-content\\\/uploads\\\/2026\\\/05\\\/OIP.webp\",\"contentUrl\":\"https:\\\/\\\/electrobennjima.tn\\\/wp-content\\\/uploads\\\/2026\\\/05\\\/OIP.webp\",\"width\":474,\"height\":474},{\"@type\":\"BreadcrumbList\",\"@id\":\"https:\\\/\\\/electrobennjima.tn\\\/mini-hahcoir-techwood-150w-blanc\\\/#breadcrumb\",\"itemListElement\":[{\"@type\":\"ListItem\",\"position\":1,\"name\":\"Accueil\",\"item\":\"https:\\\/\\\/electrobennjima.tn\\\/\"},{\"@type\":\"ListItem\",\"position\":2,\"name\":\"Shop\",\"item\":\"https:\\\/\\\/electrobennjima.tn\\\/shop\\\/\"},{\"@type\":\"ListItem\",\"position\":3,\"name\":\"MINI HAHCOIR TECHWOOD 150W &#8211; BLANC\"}]},{\"@type\":\"WebSite\",\"@id\":\"https:\\\/\\\/electrobennjima.tn\\\/#website\",\"url\":\"https:\\\/\\\/electrobennjima.tn\\\/\",\"name\":\"electrobennjima\",\"description\":\"\",\"publisher\":{\"@id\":\"https:\\\/\\\/electrobennjima.tn\\\/#organization\"},\"potentialAction\":[{\"@type\":\"SearchAction\",\"target\":{\"@type\":\"EntryPoint\",\"urlTemplate\":\"https:\\\/\\\/electrobennjima.tn\\\/?s={search_term_string}\"},\"query-input\":{\"@type\":\"PropertyValueSpecification\",\"valueRequired\":true,\"valueName\":\"search_term_string\"}}],\"inLanguage\":\"en-US\"},{\"@type\":\"Organization\",\"@id\":\"https:\\\/\\\/electrobennjima.tn\\\/#organization\",\"name\":\"electrobennjima\",\"url\":\"https:\\\/\\\/electrobennjima.tn\\\/\",\"logo\":{\"@type\":\"ImageObject\",\"inLanguage\":\"en-US\",\"@id\":\"https:\\\/\\\/electrobennjima.tn\\\/#\\\/schema\\\/logo\\\/image\\\/\",\"url\":\"https:\\\/\\\/electrobennjima.tn\\\/wp-content\\\/uploads\\\/2026\\\/02\\\/Logo-Electro-Ben-Njima.png\",\"contentUrl\":\"https:\\\/\\\/electrobennjima.tn\\\/wp-content\\\/uploads\\\/2026\\\/02\\\/Logo-Electro-Ben-Njima.png\",\"width\":768,\"height\":126,\"caption\":\"electrobennjima\"},\"image\":{\"@id\":\"https:\\\/\\\/electrobennjima.tn\\\/#\\\/schema\\\/logo\\\/image\\\/\"},\"sameAs\":[\"https:\\\/\\\/www.facebook.com\\\/electro.ben.njima\",\"https:\\\/\\\/www.instagram.com\\\/electro.ben.njima\\\/\"]}]}<\/script>\n<!-- \/ Yoast SEO plugin. -->","yoast_head_json":{"title":"MINI HAHCOIR TECHWOOD 150W - BLANC - electrobennjima","robots":{"index":"index","follow":"follow","max-snippet":"max-snippet:-1","max-image-preview":"max-image-preview:large","max-video-preview":"max-video-preview:-1"},"canonical":"https:\/\/electrobennjima.tn\/en\/mini-hahcoir-techwood-150w-blanc\/","og_locale":"en_US","og_type":"article","og_title":"MINI HAHCOIR TECHWOOD 150W - BLANC - electrobennjima","og_description":"R\u00e9f\u00e9rence THA-150 Marque Techwood Garantie 1 an Puissance 150 W Capacit\u00e9 375 ml Alimentation 220-240V~ 50\/60Hz Fonction Bouton poussoir- La\u0302mes en inox &#8211; Couvercle de se\u0301curite\u0301 Couleur Blanc","og_url":"https:\/\/electrobennjima.tn\/en\/mini-hahcoir-techwood-150w-blanc\/","og_site_name":"electrobennjima","article_publisher":"https:\/\/www.facebook.com\/electro.ben.njima","og_image":[{"width":474,"height":474,"url":"https:\/\/electrobennjima.tn\/wp-content\/uploads\/2026\/05\/OIP.webp","type":"image\/webp"}],"twitter_card":"summary_large_image","twitter_misc":{"Est. reading time":"1 minute"},"schema":{"@context":"https:\/\/schema.org","@graph":[{"@type":"WebPage","@id":"https:\/\/electrobennjima.tn\/mini-hahcoir-techwood-150w-blanc\/","url":"https:\/\/electrobennjima.tn\/mini-hahcoir-techwood-150w-blanc\/","name":"MINI HAHCOIR TECHWOOD 150W - BLANC - electrobennjima","isPartOf":{"@id":"https:\/\/electrobennjima.tn\/#website"},"primaryImageOfPage":{"@id":"https:\/\/electrobennjima.tn\/mini-hahcoir-techwood-150w-blanc\/#primaryimage"},"image":{"@id":"https:\/\/electrobennjima.tn\/mini-hahcoir-techwood-150w-blanc\/#primaryimage"},"thumbnailUrl":"https:\/\/electrobennjima.tn\/wp-content\/uploads\/2026\/05\/OIP.webp","datePublished":"2026-05-15T11:30:30+00:00","breadcrumb":{"@id":"https:\/\/electrobennjima.tn\/mini-hahcoir-techwood-150w-blanc\/#breadcrumb"},"inLanguage":"en-US","potentialAction":[{"@type":"ReadAction","target":["https:\/\/electrobennjima.tn\/mini-hahcoir-techwood-150w-blanc\/"]}]},{"@type":"ImageObject","inLanguage":"en-US","@id":"https:\/\/electrobennjima.tn\/mini-hahcoir-techwood-150w-blanc\/#primaryimage","url":"https:\/\/electrobennjima.tn\/wp-content\/uploads\/2026\/05\/OIP.webp","contentUrl":"https:\/\/electrobennjima.tn\/wp-content\/uploads\/2026\/05\/OIP.webp","width":474,"height":474},{"@type":"BreadcrumbList","@id":"https:\/\/electrobennjima.tn\/mini-hahcoir-techwood-150w-blanc\/#breadcrumb","itemListElement":[{"@type":"ListItem","position":1,"name":"Accueil","item":"https:\/\/electrobennjima.tn\/"},{"@type":"ListItem","position":2,"name":"Shop","item":"https:\/\/electrobennjima.tn\/shop\/"},{"@type":"ListItem","position":3,"name":"MINI HAHCOIR TECHWOOD 150W &#8211; BLANC"}]},{"@type":"WebSite","@id":"https:\/\/electrobennjima.tn\/#website","url":"https:\/\/electrobennjima.tn\/","name":"electrobennjima","description":"","publisher":{"@id":"https:\/\/electrobennjima.tn\/#organization"},"potentialAction":[{"@type":"SearchAction","target":{"@type":"EntryPoint","urlTemplate":"https:\/\/electrobennjima.tn\/?s={search_term_string}"},"query-input":{"@type":"PropertyValueSpecification","valueRequired":true,"valueName":"search_term_string"}}],"inLanguage":"en-US"},{"@type":"Organization","@id":"https:\/\/electrobennjima.tn\/#organization","name":"electrobennjima","url":"https:\/\/electrobennjima.tn\/","logo":{"@type":"ImageObject","inLanguage":"en-US","@id":"https:\/\/electrobennjima.tn\/#\/schema\/logo\/image\/","url":"https:\/\/electrobennjima.tn\/wp-content\/uploads\/2026\/02\/Logo-Electro-Ben-Njima.png","contentUrl":"https:\/\/electrobennjima.tn\/wp-content\/uploads\/2026\/02\/Logo-Electro-Ben-Njima.png","width":768,"height":126,"caption":"electrobennjima"},"image":{"@id":"https:\/\/electrobennjima.tn\/#\/schema\/logo\/image\/"},"sameAs":["https:\/\/www.facebook.com\/electro.ben.njima","https:\/\/www.instagram.com\/electro.ben.njima\/"]}]}},"_links":{"self":[{"href":"https:\/\/electrobennjima.tn\/en\/wp-json\/wp\/v2\/product\/10748","targetHints":{"allow":["GET"]}}],"collection":[{"href":"https:\/\/electrobennjima.tn\/en\/wp-json\/wp\/v2\/product"}],"about":[{"href":"https:\/\/electrobennjima.tn\/en\/wp-json\/wp\/v2\/types\/product"}],"replies":[{"embeddable":true,"href":"https:\/\/electrobennjima.tn\/en\/wp-json\/wp\/v2\/comments?post=10748"}],"wp:featuredmedia":[{"embeddable":true,"href":"https:\/\/electrobennjima.tn\/en\/wp-json\/wp\/v2\/media\/10749"}],"wp:attachment":[{"href":"https:\/\/electrobennjima.tn\/en\/wp-json\/wp\/v2\/media?parent=10748"}],"wp:term":[{"taxonomy":"product_brand","embeddable":true,"href":"https:\/\/electrobennjima.tn\/en\/wp-json\/wp\/v2\/product_brand?post=10748"},{"taxonomy":"product_cat","embeddable":true,"href":"https:\/\/electrobennjima.tn\/en\/wp-json\/wp\/v2\/product_cat?post=10748"},{"taxonomy":"product_tag","embeddable":true,"href":"https:\/\/electrobennjima.tn\/en\/wp-json\/wp\/v2\/product_tag?post=10748"}],"curies":[{"name":"wp","href":"https:\/\/api.w.org\/{rel}","templated":true}]}}