{"id":10765,"date":"2026-05-15T14:17:27","date_gmt":"2026-05-15T14:17:27","guid":{"rendered":"https:\/\/electrobennjima.tn\/?post_type=product&#038;p=10765"},"modified":"2026-05-15T14:17:27","modified_gmt":"2026-05-15T14:17:27","slug":"mixeur-plongeant-severin-300w-pied-inox","status":"publish","type":"product","link":"https:\/\/electrobennjima.tn\/en\/mixeur-plongeant-severin-300w-pied-inox\/","title":{"rendered":"MIXEUR PLONGEANT SEVERIN 300W &#8211; PIED INOX"},"content":{"rendered":"<table id=\"product-attribute-specs-table\" class=\"data table additional-attributes\">\n<tbody>\n<tr>\n<th class=\"col label\" scope=\"row\">R\u00e9f\u00e9rence<\/th>\n<td class=\"col data\" data-th=\"gtin\">PESM3731<\/td>\n<\/tr>\n<tr>\n<th class=\"col label\" scope=\"row\">Type de mixeur<\/th>\n<td class=\"col data\" data-th=\"Marque\">Mixeur \u00e0 main<\/td>\n<\/tr>\n<tr>\n<th class=\"col label\" scope=\"row\">Puissance<\/th>\n<td class=\"col data\" data-th=\"Fonctions\">300 watts<\/td>\n<\/tr>\n<tr>\n<th class=\"col label\" scope=\"row\">Vitesse<\/th>\n<td class=\"col data\" data-th=\"Puissance\">Variable<\/td>\n<\/tr>\n<tr>\n<th class=\"col label\" scope=\"row\">Vitesse maximum<\/th>\n<td class=\"col data\" data-th=\"Capacit\u00e9 du bol\">16000 tours\/min<\/td>\n<\/tr>\n<tr>\n<th class=\"col label\" scope=\"row\">Pied de mixeur \u00e0 main<\/th>\n<td class=\"col data\" data-th=\"Nombre de vitesses\">\u00a0inox<\/td>\n<\/tr>\n<tr>\n<th class=\"col label\" scope=\"row\">\u00a0Couleur<\/th>\n<td class=\"col data\" data-th=\"Utilisation\">Blanc\/gris fonc\u00e9<\/td>\n<\/tr>\n<tr>\n<th class=\"col label\" scope=\"row\">\u00a0Garantie<\/th>\n<td class=\"col data\" data-th=\"Mati\u00e8re\">2 ans<\/td>\n<\/tr>\n<\/tbody>\n<\/table>","protected":false},"excerpt":{"rendered":"<p>R\u00e9f\u00e9rence PESM3731 Type de mixeur Mixeur \u00e0 main Puissance 300 watts Vitesse Variable Vitesse maximum 16000 tours\/min Pied de mixeur \u00e0 main \u00a0inox \u00a0Couleur Blanc\/gris fonc\u00e9 \u00a0Garantie 2 ans<\/p>","protected":false},"featured_media":10766,"comment_status":"open","ping_status":"closed","template":"","meta":[],"product_brand":[72],"product_cat":[47],"product_tag":[],"class_list":{"0":"post-10765","1":"product","2":"type-product","3":"status-publish","4":"has-post-thumbnail","6":"product_brand-severin","7":"product_cat-mixeur-plongeant","9":"first","10":"instock","11":"shipping-taxable","12":"purchasable","13":"product-type-simple"},"yoast_head":"<!-- This site is optimized with the Yoast SEO plugin v27.5 - https:\/\/yoast.com\/product\/yoast-seo-wordpress\/ -->\n<title>MIXEUR PLONGEANT SEVERIN 300W - PIED INOX - electrobennjima<\/title>\n<meta name=\"robots\" content=\"index, follow, max-snippet:-1, max-image-preview:large, max-video-preview:-1\" \/>\n<link rel=\"canonical\" href=\"https:\/\/electrobennjima.tn\/en\/mixeur-plongeant-severin-300w-pied-inox\/\" \/>\n<meta property=\"og:locale\" content=\"en_US\" \/>\n<meta property=\"og:type\" content=\"article\" \/>\n<meta property=\"og:title\" content=\"MIXEUR PLONGEANT SEVERIN 300W - PIED INOX - electrobennjima\" \/>\n<meta property=\"og:description\" content=\"R\u00e9f\u00e9rence PESM3731 Type de mixeur Mixeur \u00e0 main Puissance 300 watts Vitesse Variable Vitesse maximum 16000 tours\/min Pied de mixeur \u00e0 main \u00a0inox \u00a0Couleur Blanc\/gris fonc\u00e9 \u00a0Garantie 2 ans\" \/>\n<meta property=\"og:url\" content=\"https:\/\/electrobennjima.tn\/en\/mixeur-plongeant-severin-300w-pied-inox\/\" \/>\n<meta property=\"og:site_name\" content=\"electrobennjima\" \/>\n<meta property=\"article:publisher\" content=\"https:\/\/www.facebook.com\/electro.ben.njima\" \/>\n<meta property=\"og:image\" content=\"https:\/\/electrobennjima.tn\/wp-content\/uploads\/2026\/05\/mixeur-plongeant-severin-sm-3731.jpg\" \/>\n\t<meta property=\"og:image:width\" content=\"800\" \/>\n\t<meta property=\"og:image:height\" content=\"800\" \/>\n\t<meta property=\"og:image:type\" content=\"image\/jpeg\" \/>\n<meta name=\"twitter:card\" content=\"summary_large_image\" \/>\n<meta name=\"twitter:label1\" content=\"Est. reading time\" \/>\n\t<meta name=\"twitter:data1\" content=\"1 minute\" \/>\n<script type=\"application\/ld+json\" class=\"yoast-schema-graph\">{\"@context\":\"https:\\\/\\\/schema.org\",\"@graph\":[{\"@type\":\"WebPage\",\"@id\":\"https:\\\/\\\/electrobennjima.tn\\\/mixeur-plongeant-severin-300w-pied-inox\\\/\",\"url\":\"https:\\\/\\\/electrobennjima.tn\\\/mixeur-plongeant-severin-300w-pied-inox\\\/\",\"name\":\"MIXEUR PLONGEANT SEVERIN 300W - PIED INOX - electrobennjima\",\"isPartOf\":{\"@id\":\"https:\\\/\\\/electrobennjima.tn\\\/#website\"},\"primaryImageOfPage\":{\"@id\":\"https:\\\/\\\/electrobennjima.tn\\\/mixeur-plongeant-severin-300w-pied-inox\\\/#primaryimage\"},\"image\":{\"@id\":\"https:\\\/\\\/electrobennjima.tn\\\/mixeur-plongeant-severin-300w-pied-inox\\\/#primaryimage\"},\"thumbnailUrl\":\"https:\\\/\\\/electrobennjima.tn\\\/wp-content\\\/uploads\\\/2026\\\/05\\\/mixeur-plongeant-severin-sm-3731.jpg\",\"datePublished\":\"2026-05-15T14:17:27+00:00\",\"breadcrumb\":{\"@id\":\"https:\\\/\\\/electrobennjima.tn\\\/mixeur-plongeant-severin-300w-pied-inox\\\/#breadcrumb\"},\"inLanguage\":\"en-US\",\"potentialAction\":[{\"@type\":\"ReadAction\",\"target\":[\"https:\\\/\\\/electrobennjima.tn\\\/mixeur-plongeant-severin-300w-pied-inox\\\/\"]}]},{\"@type\":\"ImageObject\",\"inLanguage\":\"en-US\",\"@id\":\"https:\\\/\\\/electrobennjima.tn\\\/mixeur-plongeant-severin-300w-pied-inox\\\/#primaryimage\",\"url\":\"https:\\\/\\\/electrobennjima.tn\\\/wp-content\\\/uploads\\\/2026\\\/05\\\/mixeur-plongeant-severin-sm-3731.jpg\",\"contentUrl\":\"https:\\\/\\\/electrobennjima.tn\\\/wp-content\\\/uploads\\\/2026\\\/05\\\/mixeur-plongeant-severin-sm-3731.jpg\",\"width\":800,\"height\":800},{\"@type\":\"BreadcrumbList\",\"@id\":\"https:\\\/\\\/electrobennjima.tn\\\/mixeur-plongeant-severin-300w-pied-inox\\\/#breadcrumb\",\"itemListElement\":[{\"@type\":\"ListItem\",\"position\":1,\"name\":\"Accueil\",\"item\":\"https:\\\/\\\/electrobennjima.tn\\\/\"},{\"@type\":\"ListItem\",\"position\":2,\"name\":\"Shop\",\"item\":\"https:\\\/\\\/electrobennjima.tn\\\/shop\\\/\"},{\"@type\":\"ListItem\",\"position\":3,\"name\":\"MIXEUR PLONGEANT SEVERIN 300W &#8211; PIED INOX\"}]},{\"@type\":\"WebSite\",\"@id\":\"https:\\\/\\\/electrobennjima.tn\\\/#website\",\"url\":\"https:\\\/\\\/electrobennjima.tn\\\/\",\"name\":\"electrobennjima\",\"description\":\"\",\"publisher\":{\"@id\":\"https:\\\/\\\/electrobennjima.tn\\\/#organization\"},\"potentialAction\":[{\"@type\":\"SearchAction\",\"target\":{\"@type\":\"EntryPoint\",\"urlTemplate\":\"https:\\\/\\\/electrobennjima.tn\\\/?s={search_term_string}\"},\"query-input\":{\"@type\":\"PropertyValueSpecification\",\"valueRequired\":true,\"valueName\":\"search_term_string\"}}],\"inLanguage\":\"en-US\"},{\"@type\":\"Organization\",\"@id\":\"https:\\\/\\\/electrobennjima.tn\\\/#organization\",\"name\":\"electrobennjima\",\"url\":\"https:\\\/\\\/electrobennjima.tn\\\/\",\"logo\":{\"@type\":\"ImageObject\",\"inLanguage\":\"en-US\",\"@id\":\"https:\\\/\\\/electrobennjima.tn\\\/#\\\/schema\\\/logo\\\/image\\\/\",\"url\":\"https:\\\/\\\/electrobennjima.tn\\\/wp-content\\\/uploads\\\/2026\\\/02\\\/Logo-Electro-Ben-Njima.png\",\"contentUrl\":\"https:\\\/\\\/electrobennjima.tn\\\/wp-content\\\/uploads\\\/2026\\\/02\\\/Logo-Electro-Ben-Njima.png\",\"width\":768,\"height\":126,\"caption\":\"electrobennjima\"},\"image\":{\"@id\":\"https:\\\/\\\/electrobennjima.tn\\\/#\\\/schema\\\/logo\\\/image\\\/\"},\"sameAs\":[\"https:\\\/\\\/www.facebook.com\\\/electro.ben.njima\",\"https:\\\/\\\/www.instagram.com\\\/electro.ben.njima\\\/\"]}]}<\/script>\n<!-- \/ Yoast SEO plugin. -->","yoast_head_json":{"title":"MIXEUR PLONGEANT SEVERIN 300W - PIED INOX - electrobennjima","robots":{"index":"index","follow":"follow","max-snippet":"max-snippet:-1","max-image-preview":"max-image-preview:large","max-video-preview":"max-video-preview:-1"},"canonical":"https:\/\/electrobennjima.tn\/en\/mixeur-plongeant-severin-300w-pied-inox\/","og_locale":"en_US","og_type":"article","og_title":"MIXEUR PLONGEANT SEVERIN 300W - PIED INOX - electrobennjima","og_description":"R\u00e9f\u00e9rence PESM3731 Type de mixeur Mixeur \u00e0 main Puissance 300 watts Vitesse Variable Vitesse maximum 16000 tours\/min Pied de mixeur \u00e0 main \u00a0inox \u00a0Couleur Blanc\/gris fonc\u00e9 \u00a0Garantie 2 ans","og_url":"https:\/\/electrobennjima.tn\/en\/mixeur-plongeant-severin-300w-pied-inox\/","og_site_name":"electrobennjima","article_publisher":"https:\/\/www.facebook.com\/electro.ben.njima","og_image":[{"width":800,"height":800,"url":"https:\/\/electrobennjima.tn\/wp-content\/uploads\/2026\/05\/mixeur-plongeant-severin-sm-3731.jpg","type":"image\/jpeg"}],"twitter_card":"summary_large_image","twitter_misc":{"Est. reading time":"1 minute"},"schema":{"@context":"https:\/\/schema.org","@graph":[{"@type":"WebPage","@id":"https:\/\/electrobennjima.tn\/mixeur-plongeant-severin-300w-pied-inox\/","url":"https:\/\/electrobennjima.tn\/mixeur-plongeant-severin-300w-pied-inox\/","name":"MIXEUR PLONGEANT SEVERIN 300W - PIED INOX - electrobennjima","isPartOf":{"@id":"https:\/\/electrobennjima.tn\/#website"},"primaryImageOfPage":{"@id":"https:\/\/electrobennjima.tn\/mixeur-plongeant-severin-300w-pied-inox\/#primaryimage"},"image":{"@id":"https:\/\/electrobennjima.tn\/mixeur-plongeant-severin-300w-pied-inox\/#primaryimage"},"thumbnailUrl":"https:\/\/electrobennjima.tn\/wp-content\/uploads\/2026\/05\/mixeur-plongeant-severin-sm-3731.jpg","datePublished":"2026-05-15T14:17:27+00:00","breadcrumb":{"@id":"https:\/\/electrobennjima.tn\/mixeur-plongeant-severin-300w-pied-inox\/#breadcrumb"},"inLanguage":"en-US","potentialAction":[{"@type":"ReadAction","target":["https:\/\/electrobennjima.tn\/mixeur-plongeant-severin-300w-pied-inox\/"]}]},{"@type":"ImageObject","inLanguage":"en-US","@id":"https:\/\/electrobennjima.tn\/mixeur-plongeant-severin-300w-pied-inox\/#primaryimage","url":"https:\/\/electrobennjima.tn\/wp-content\/uploads\/2026\/05\/mixeur-plongeant-severin-sm-3731.jpg","contentUrl":"https:\/\/electrobennjima.tn\/wp-content\/uploads\/2026\/05\/mixeur-plongeant-severin-sm-3731.jpg","width":800,"height":800},{"@type":"BreadcrumbList","@id":"https:\/\/electrobennjima.tn\/mixeur-plongeant-severin-300w-pied-inox\/#breadcrumb","itemListElement":[{"@type":"ListItem","position":1,"name":"Accueil","item":"https:\/\/electrobennjima.tn\/"},{"@type":"ListItem","position":2,"name":"Shop","item":"https:\/\/electrobennjima.tn\/shop\/"},{"@type":"ListItem","position":3,"name":"MIXEUR PLONGEANT SEVERIN 300W &#8211; PIED INOX"}]},{"@type":"WebSite","@id":"https:\/\/electrobennjima.tn\/#website","url":"https:\/\/electrobennjima.tn\/","name":"electrobennjima","description":"","publisher":{"@id":"https:\/\/electrobennjima.tn\/#organization"},"potentialAction":[{"@type":"SearchAction","target":{"@type":"EntryPoint","urlTemplate":"https:\/\/electrobennjima.tn\/?s={search_term_string}"},"query-input":{"@type":"PropertyValueSpecification","valueRequired":true,"valueName":"search_term_string"}}],"inLanguage":"en-US"},{"@type":"Organization","@id":"https:\/\/electrobennjima.tn\/#organization","name":"electrobennjima","url":"https:\/\/electrobennjima.tn\/","logo":{"@type":"ImageObject","inLanguage":"en-US","@id":"https:\/\/electrobennjima.tn\/#\/schema\/logo\/image\/","url":"https:\/\/electrobennjima.tn\/wp-content\/uploads\/2026\/02\/Logo-Electro-Ben-Njima.png","contentUrl":"https:\/\/electrobennjima.tn\/wp-content\/uploads\/2026\/02\/Logo-Electro-Ben-Njima.png","width":768,"height":126,"caption":"electrobennjima"},"image":{"@id":"https:\/\/electrobennjima.tn\/#\/schema\/logo\/image\/"},"sameAs":["https:\/\/www.facebook.com\/electro.ben.njima","https:\/\/www.instagram.com\/electro.ben.njima\/"]}]}},"_links":{"self":[{"href":"https:\/\/electrobennjima.tn\/en\/wp-json\/wp\/v2\/product\/10765","targetHints":{"allow":["GET"]}}],"collection":[{"href":"https:\/\/electrobennjima.tn\/en\/wp-json\/wp\/v2\/product"}],"about":[{"href":"https:\/\/electrobennjima.tn\/en\/wp-json\/wp\/v2\/types\/product"}],"replies":[{"embeddable":true,"href":"https:\/\/electrobennjima.tn\/en\/wp-json\/wp\/v2\/comments?post=10765"}],"wp:featuredmedia":[{"embeddable":true,"href":"https:\/\/electrobennjima.tn\/en\/wp-json\/wp\/v2\/media\/10766"}],"wp:attachment":[{"href":"https:\/\/electrobennjima.tn\/en\/wp-json\/wp\/v2\/media?parent=10765"}],"wp:term":[{"taxonomy":"product_brand","embeddable":true,"href":"https:\/\/electrobennjima.tn\/en\/wp-json\/wp\/v2\/product_brand?post=10765"},{"taxonomy":"product_cat","embeddable":true,"href":"https:\/\/electrobennjima.tn\/en\/wp-json\/wp\/v2\/product_cat?post=10765"},{"taxonomy":"product_tag","embeddable":true,"href":"https:\/\/electrobennjima.tn\/en\/wp-json\/wp\/v2\/product_tag?post=10765"}],"curies":[{"name":"wp","href":"https:\/\/api.w.org\/{rel}","templated":true}]}}