{"id":10792,"date":"2026-05-16T09:03:43","date_gmt":"2026-05-16T09:03:43","guid":{"rendered":"https:\/\/electrobennjima.tn\/?post_type=product&#038;p=10792"},"modified":"2026-05-16T09:03:43","modified_gmt":"2026-05-16T09:03:43","slug":"multiquick-braun-5-blender-1-25l-melangeur","status":"publish","type":"product","link":"https:\/\/electrobennjima.tn\/en\/multiquick-braun-5-blender-1-25l-melangeur\/","title":{"rendered":"MULTIQUICK BRAUN 5 BLENDER 1.25L M\u00c9LANGEUR"},"content":{"rendered":"<table id=\"product-attribute-specs-table\" class=\"data table additional-attributes\">\n<tbody>\n<tr>\n<th class=\"col label\" scope=\"row\">R\u00e9f\u00e9rence<\/th>\n<td class=\"col data\" data-th=\"gtin\">PEMQ5245WH<\/td>\n<\/tr>\n<tr>\n<th class=\"col label\" scope=\"row\">Marque<\/th>\n<td class=\"col data\" data-th=\"Marque\">Braun<\/td>\n<\/tr>\n<tr>\n<th class=\"col label\" scope=\"row\">Capacit\u00e9<\/th>\n<td class=\"col data\" data-th=\"Type de Hachoir\">600 Millilitres<\/td>\n<\/tr>\n<tr>\n<th class=\"col label\" scope=\"row\">Puissance<\/th>\n<td class=\"col data\" data-th=\"Puissance\">1000 W<\/td>\n<\/tr>\n<tr>\n<th class=\"col label\" scope=\"row\">Nombre de vitesse<\/th>\n<td class=\"col data\" data-th=\"Capacit\u00e9 du bol\">21<\/td>\n<\/tr>\n<tr>\n<th class=\"col label\" scope=\"row\">fonction<\/th>\n<td class=\"col data\" data-th=\"Mati\u00e8re du bol\">turbo pour obtenir de meilleurs r\u00e9sultats dans n&rsquo;importe quelle pr\u00e9paration<\/td>\n<\/tr>\n<tr>\n<th class=\"col label\" scope=\"row\">\n<h6>Powerbel Plus<\/h6>\n<\/th>\n<td class=\"col data\" data-th=\"Nombre de vitesses\">la lame poss\u00e8de une zone de coupe plus grande et un design sp\u00e9cifique pour obtenir de meilleurs r\u00e9sultats en moins de temps et avec moins d&rsquo;efforts<\/td>\n<\/tr>\n<tr>\n<th class=\"col label\" scope=\"row\">Splash Control<\/th>\n<td class=\"col data\" data-th=\"Alimentation\">le pied anti-\u00e9claboussures Splash Control en acier inoxydable est con\u00e7u maintenir la cuisine propre<\/td>\n<\/tr>\n<tr>\n<th class=\"col label\" scope=\"row\">\n<h6>Accessoires Inclus<\/h6>\n<\/th>\n<td class=\"col data\" data-th=\"Couleur\">\u00a0Comprend une tasse \u00e0 mesurer de 600 ml en plastique sans BPA<\/td>\n<\/tr>\n<tr>\n<th class=\"col label\" scope=\"row\">Couleur<\/th>\n<td class=\"col data\" data-th=\"Garantie\">Blanc<\/td>\n<\/tr>\n<\/tbody>\n<\/table>","protected":false},"excerpt":{"rendered":"<p>R\u00e9f\u00e9rence PEMQ5245WH Marque Braun Capacit\u00e9 600 Millilitres Puissance 1000 W Nombre de vitesse 21 fonction turbo pour obtenir de meilleurs r\u00e9sultats dans n&rsquo;importe quelle pr\u00e9paration Powerbel Plus la lame poss\u00e8de une zone de coupe plus grande et un design sp\u00e9cifique pour obtenir de meilleurs r\u00e9sultats en moins de temps et avec moins d&rsquo;efforts Splash Control [&hellip;]<\/p>","protected":false},"featured_media":10795,"comment_status":"open","ping_status":"closed","template":"","meta":[],"product_brand":[233],"product_cat":[16],"product_tag":[],"class_list":{"0":"post-10792","1":"product","2":"type-product","3":"status-publish","4":"has-post-thumbnail","6":"product_brand-braun","7":"product_cat-uncategorized","9":"first","10":"instock","11":"shipping-taxable","12":"purchasable","13":"product-type-simple"},"yoast_head":"<!-- This site is optimized with the Yoast SEO plugin v27.5 - https:\/\/yoast.com\/product\/yoast-seo-wordpress\/ -->\n<title>MULTIQUICK BRAUN 5 BLENDER 1.25L M\u00c9LANGEUR - electrobennjima<\/title>\n<meta name=\"robots\" content=\"index, follow, max-snippet:-1, max-image-preview:large, max-video-preview:-1\" \/>\n<link rel=\"canonical\" href=\"https:\/\/electrobennjima.tn\/en\/multiquick-braun-5-blender-1-25l-melangeur\/\" \/>\n<meta property=\"og:locale\" content=\"en_US\" \/>\n<meta property=\"og:type\" content=\"article\" \/>\n<meta property=\"og:title\" content=\"MULTIQUICK BRAUN 5 BLENDER 1.25L M\u00c9LANGEUR - electrobennjima\" \/>\n<meta property=\"og:description\" content=\"R\u00e9f\u00e9rence PEMQ5245WH Marque Braun Capacit\u00e9 600 Millilitres Puissance 1000 W Nombre de vitesse 21 fonction turbo pour obtenir de meilleurs r\u00e9sultats dans n&rsquo;importe quelle pr\u00e9paration Powerbel Plus la lame poss\u00e8de une zone de coupe plus grande et un design sp\u00e9cifique pour obtenir de meilleurs r\u00e9sultats en moins de temps et avec moins d&rsquo;efforts Splash Control [&hellip;]\" \/>\n<meta property=\"og:url\" content=\"https:\/\/electrobennjima.tn\/en\/multiquick-braun-5-blender-1-25l-melangeur\/\" \/>\n<meta property=\"og:site_name\" content=\"electrobennjima\" \/>\n<meta property=\"article:publisher\" content=\"https:\/\/www.facebook.com\/electro.ben.njima\" \/>\n<meta property=\"og:image\" content=\"https:\/\/electrobennjima.tn\/wp-content\/uploads\/2026\/05\/CVBB.png\" \/>\n\t<meta property=\"og:image:width\" content=\"1080\" \/>\n\t<meta property=\"og:image:height\" content=\"1080\" \/>\n\t<meta property=\"og:image:type\" content=\"image\/png\" \/>\n<meta name=\"twitter:card\" content=\"summary_large_image\" \/>\n<meta name=\"twitter:label1\" content=\"Est. reading time\" \/>\n\t<meta name=\"twitter:data1\" content=\"1 minute\" \/>\n<script type=\"application\/ld+json\" class=\"yoast-schema-graph\">{\"@context\":\"https:\\\/\\\/schema.org\",\"@graph\":[{\"@type\":\"WebPage\",\"@id\":\"https:\\\/\\\/electrobennjima.tn\\\/multiquick-braun-5-blender-1-25l-melangeur\\\/\",\"url\":\"https:\\\/\\\/electrobennjima.tn\\\/multiquick-braun-5-blender-1-25l-melangeur\\\/\",\"name\":\"MULTIQUICK BRAUN 5 BLENDER 1.25L M\u00c9LANGEUR - electrobennjima\",\"isPartOf\":{\"@id\":\"https:\\\/\\\/electrobennjima.tn\\\/#website\"},\"primaryImageOfPage\":{\"@id\":\"https:\\\/\\\/electrobennjima.tn\\\/multiquick-braun-5-blender-1-25l-melangeur\\\/#primaryimage\"},\"image\":{\"@id\":\"https:\\\/\\\/electrobennjima.tn\\\/multiquick-braun-5-blender-1-25l-melangeur\\\/#primaryimage\"},\"thumbnailUrl\":\"https:\\\/\\\/electrobennjima.tn\\\/wp-content\\\/uploads\\\/2026\\\/05\\\/CVBB.png\",\"datePublished\":\"2026-05-16T09:03:43+00:00\",\"breadcrumb\":{\"@id\":\"https:\\\/\\\/electrobennjima.tn\\\/multiquick-braun-5-blender-1-25l-melangeur\\\/#breadcrumb\"},\"inLanguage\":\"en-US\",\"potentialAction\":[{\"@type\":\"ReadAction\",\"target\":[\"https:\\\/\\\/electrobennjima.tn\\\/multiquick-braun-5-blender-1-25l-melangeur\\\/\"]}]},{\"@type\":\"ImageObject\",\"inLanguage\":\"en-US\",\"@id\":\"https:\\\/\\\/electrobennjima.tn\\\/multiquick-braun-5-blender-1-25l-melangeur\\\/#primaryimage\",\"url\":\"https:\\\/\\\/electrobennjima.tn\\\/wp-content\\\/uploads\\\/2026\\\/05\\\/CVBB.png\",\"contentUrl\":\"https:\\\/\\\/electrobennjima.tn\\\/wp-content\\\/uploads\\\/2026\\\/05\\\/CVBB.png\",\"width\":1080,\"height\":1080},{\"@type\":\"BreadcrumbList\",\"@id\":\"https:\\\/\\\/electrobennjima.tn\\\/multiquick-braun-5-blender-1-25l-melangeur\\\/#breadcrumb\",\"itemListElement\":[{\"@type\":\"ListItem\",\"position\":1,\"name\":\"Accueil\",\"item\":\"https:\\\/\\\/electrobennjima.tn\\\/\"},{\"@type\":\"ListItem\",\"position\":2,\"name\":\"Shop\",\"item\":\"https:\\\/\\\/electrobennjima.tn\\\/shop\\\/\"},{\"@type\":\"ListItem\",\"position\":3,\"name\":\"MULTIQUICK BRAUN 5 BLENDER 1.25L M\u00c9LANGEUR\"}]},{\"@type\":\"WebSite\",\"@id\":\"https:\\\/\\\/electrobennjima.tn\\\/#website\",\"url\":\"https:\\\/\\\/electrobennjima.tn\\\/\",\"name\":\"electrobennjima\",\"description\":\"\",\"publisher\":{\"@id\":\"https:\\\/\\\/electrobennjima.tn\\\/#organization\"},\"potentialAction\":[{\"@type\":\"SearchAction\",\"target\":{\"@type\":\"EntryPoint\",\"urlTemplate\":\"https:\\\/\\\/electrobennjima.tn\\\/?s={search_term_string}\"},\"query-input\":{\"@type\":\"PropertyValueSpecification\",\"valueRequired\":true,\"valueName\":\"search_term_string\"}}],\"inLanguage\":\"en-US\"},{\"@type\":\"Organization\",\"@id\":\"https:\\\/\\\/electrobennjima.tn\\\/#organization\",\"name\":\"electrobennjima\",\"url\":\"https:\\\/\\\/electrobennjima.tn\\\/\",\"logo\":{\"@type\":\"ImageObject\",\"inLanguage\":\"en-US\",\"@id\":\"https:\\\/\\\/electrobennjima.tn\\\/#\\\/schema\\\/logo\\\/image\\\/\",\"url\":\"https:\\\/\\\/electrobennjima.tn\\\/wp-content\\\/uploads\\\/2026\\\/02\\\/Logo-Electro-Ben-Njima.png\",\"contentUrl\":\"https:\\\/\\\/electrobennjima.tn\\\/wp-content\\\/uploads\\\/2026\\\/02\\\/Logo-Electro-Ben-Njima.png\",\"width\":768,\"height\":126,\"caption\":\"electrobennjima\"},\"image\":{\"@id\":\"https:\\\/\\\/electrobennjima.tn\\\/#\\\/schema\\\/logo\\\/image\\\/\"},\"sameAs\":[\"https:\\\/\\\/www.facebook.com\\\/electro.ben.njima\",\"https:\\\/\\\/www.instagram.com\\\/electro.ben.njima\\\/\"]}]}<\/script>\n<!-- \/ Yoast SEO plugin. -->","yoast_head_json":{"title":"MULTIQUICK BRAUN 5 BLENDER 1.25L M\u00c9LANGEUR - electrobennjima","robots":{"index":"index","follow":"follow","max-snippet":"max-snippet:-1","max-image-preview":"max-image-preview:large","max-video-preview":"max-video-preview:-1"},"canonical":"https:\/\/electrobennjima.tn\/en\/multiquick-braun-5-blender-1-25l-melangeur\/","og_locale":"en_US","og_type":"article","og_title":"MULTIQUICK BRAUN 5 BLENDER 1.25L M\u00c9LANGEUR - electrobennjima","og_description":"R\u00e9f\u00e9rence PEMQ5245WH Marque Braun Capacit\u00e9 600 Millilitres Puissance 1000 W Nombre de vitesse 21 fonction turbo pour obtenir de meilleurs r\u00e9sultats dans n&rsquo;importe quelle pr\u00e9paration Powerbel Plus la lame poss\u00e8de une zone de coupe plus grande et un design sp\u00e9cifique pour obtenir de meilleurs r\u00e9sultats en moins de temps et avec moins d&rsquo;efforts Splash Control [&hellip;]","og_url":"https:\/\/electrobennjima.tn\/en\/multiquick-braun-5-blender-1-25l-melangeur\/","og_site_name":"electrobennjima","article_publisher":"https:\/\/www.facebook.com\/electro.ben.njima","og_image":[{"width":1080,"height":1080,"url":"https:\/\/electrobennjima.tn\/wp-content\/uploads\/2026\/05\/CVBB.png","type":"image\/png"}],"twitter_card":"summary_large_image","twitter_misc":{"Est. reading time":"1 minute"},"schema":{"@context":"https:\/\/schema.org","@graph":[{"@type":"WebPage","@id":"https:\/\/electrobennjima.tn\/multiquick-braun-5-blender-1-25l-melangeur\/","url":"https:\/\/electrobennjima.tn\/multiquick-braun-5-blender-1-25l-melangeur\/","name":"MULTIQUICK BRAUN 5 BLENDER 1.25L M\u00c9LANGEUR - electrobennjima","isPartOf":{"@id":"https:\/\/electrobennjima.tn\/#website"},"primaryImageOfPage":{"@id":"https:\/\/electrobennjima.tn\/multiquick-braun-5-blender-1-25l-melangeur\/#primaryimage"},"image":{"@id":"https:\/\/electrobennjima.tn\/multiquick-braun-5-blender-1-25l-melangeur\/#primaryimage"},"thumbnailUrl":"https:\/\/electrobennjima.tn\/wp-content\/uploads\/2026\/05\/CVBB.png","datePublished":"2026-05-16T09:03:43+00:00","breadcrumb":{"@id":"https:\/\/electrobennjima.tn\/multiquick-braun-5-blender-1-25l-melangeur\/#breadcrumb"},"inLanguage":"en-US","potentialAction":[{"@type":"ReadAction","target":["https:\/\/electrobennjima.tn\/multiquick-braun-5-blender-1-25l-melangeur\/"]}]},{"@type":"ImageObject","inLanguage":"en-US","@id":"https:\/\/electrobennjima.tn\/multiquick-braun-5-blender-1-25l-melangeur\/#primaryimage","url":"https:\/\/electrobennjima.tn\/wp-content\/uploads\/2026\/05\/CVBB.png","contentUrl":"https:\/\/electrobennjima.tn\/wp-content\/uploads\/2026\/05\/CVBB.png","width":1080,"height":1080},{"@type":"BreadcrumbList","@id":"https:\/\/electrobennjima.tn\/multiquick-braun-5-blender-1-25l-melangeur\/#breadcrumb","itemListElement":[{"@type":"ListItem","position":1,"name":"Accueil","item":"https:\/\/electrobennjima.tn\/"},{"@type":"ListItem","position":2,"name":"Shop","item":"https:\/\/electrobennjima.tn\/shop\/"},{"@type":"ListItem","position":3,"name":"MULTIQUICK BRAUN 5 BLENDER 1.25L M\u00c9LANGEUR"}]},{"@type":"WebSite","@id":"https:\/\/electrobennjima.tn\/#website","url":"https:\/\/electrobennjima.tn\/","name":"electrobennjima","description":"","publisher":{"@id":"https:\/\/electrobennjima.tn\/#organization"},"potentialAction":[{"@type":"SearchAction","target":{"@type":"EntryPoint","urlTemplate":"https:\/\/electrobennjima.tn\/?s={search_term_string}"},"query-input":{"@type":"PropertyValueSpecification","valueRequired":true,"valueName":"search_term_string"}}],"inLanguage":"en-US"},{"@type":"Organization","@id":"https:\/\/electrobennjima.tn\/#organization","name":"electrobennjima","url":"https:\/\/electrobennjima.tn\/","logo":{"@type":"ImageObject","inLanguage":"en-US","@id":"https:\/\/electrobennjima.tn\/#\/schema\/logo\/image\/","url":"https:\/\/electrobennjima.tn\/wp-content\/uploads\/2026\/02\/Logo-Electro-Ben-Njima.png","contentUrl":"https:\/\/electrobennjima.tn\/wp-content\/uploads\/2026\/02\/Logo-Electro-Ben-Njima.png","width":768,"height":126,"caption":"electrobennjima"},"image":{"@id":"https:\/\/electrobennjima.tn\/#\/schema\/logo\/image\/"},"sameAs":["https:\/\/www.facebook.com\/electro.ben.njima","https:\/\/www.instagram.com\/electro.ben.njima\/"]}]}},"_links":{"self":[{"href":"https:\/\/electrobennjima.tn\/en\/wp-json\/wp\/v2\/product\/10792","targetHints":{"allow":["GET"]}}],"collection":[{"href":"https:\/\/electrobennjima.tn\/en\/wp-json\/wp\/v2\/product"}],"about":[{"href":"https:\/\/electrobennjima.tn\/en\/wp-json\/wp\/v2\/types\/product"}],"replies":[{"embeddable":true,"href":"https:\/\/electrobennjima.tn\/en\/wp-json\/wp\/v2\/comments?post=10792"}],"wp:featuredmedia":[{"embeddable":true,"href":"https:\/\/electrobennjima.tn\/en\/wp-json\/wp\/v2\/media\/10795"}],"wp:attachment":[{"href":"https:\/\/electrobennjima.tn\/en\/wp-json\/wp\/v2\/media?parent=10792"}],"wp:term":[{"taxonomy":"product_brand","embeddable":true,"href":"https:\/\/electrobennjima.tn\/en\/wp-json\/wp\/v2\/product_brand?post=10792"},{"taxonomy":"product_cat","embeddable":true,"href":"https:\/\/electrobennjima.tn\/en\/wp-json\/wp\/v2\/product_cat?post=10792"},{"taxonomy":"product_tag","embeddable":true,"href":"https:\/\/electrobennjima.tn\/en\/wp-json\/wp\/v2\/product_tag?post=10792"}],"curies":[{"name":"wp","href":"https:\/\/api.w.org\/{rel}","templated":true}]}}