{"id":10802,"date":"2026-05-16T09:40:40","date_gmt":"2026-05-16T09:40:40","guid":{"rendered":"https:\/\/electrobennjima.tn\/?post_type=product&#038;p=10802"},"modified":"2026-05-16T09:40:40","modified_gmt":"2026-05-16T09:40:40","slug":"mixeur-blender-400w-bol-1-5l-2-accesoire","status":"publish","type":"product","link":"https:\/\/electrobennjima.tn\/en\/mixeur-blender-400w-bol-1-5l-2-accesoire\/","title":{"rendered":"MIXEUR BLENDER 400W BOL 1.5L + 2 ACCESOIRE"},"content":{"rendered":"<table id=\"product-attribute-specs-table\" class=\"data table additional-attributes\">\n<tbody>\n<tr>\n<th class=\"col label\" scope=\"row\">R\u00e9f\u00e9rence<\/th>\n<td class=\"col data\" data-th=\"R\u00e9f\u00e9rence:\">LM2421EG<\/td>\n<\/tr>\n<tr>\n<th class=\"col label\" scope=\"row\">Garantie<\/th>\n<td class=\"col data\" data-th=\"Garantie:\">6 mois<\/td>\n<\/tr>\n<tr>\n<th class=\"col label\" scope=\"row\">Puissance<\/th>\n<td class=\"col data\" data-th=\"Puissance\">1580 W<\/td>\n<\/tr>\n<tr>\n<th class=\"col label\" scope=\"row\">Fonctions &amp; Technologie<\/th>\n<td class=\"col data\" data-th=\"Fonctions &amp; Technologie\">S\u00e9curit\u00e9 anti surchauffe<\/td>\n<\/tr>\n<tr>\n<th class=\"col label\" scope=\"row\">Mati\u00e8re<\/th>\n<td class=\"col data\" data-th=\"Mati\u00e8re \">Rev\u00eatement anti-adh\u00e9sif<\/td>\n<\/tr>\n<tr>\n<th class=\"col label\" scope=\"row\">R\u00e9glages Vitesse<\/th>\n<td class=\"col data\" data-th=\"R\u00e9glages Vitesse\">x1\u00a0+ 2 Accessoires<\/td>\n<\/tr>\n<tr>\n<th class=\"col label\" scope=\"row\">Capacit\u00e9<\/th>\n<td class=\"col data\" data-th=\"Capacit\u00e9 \">40 g<\/td>\n<\/tr>\n<\/tbody>\n<\/table>","protected":false},"excerpt":{"rendered":"<p>R\u00e9f\u00e9rence LM2421EG Garantie 6 mois Puissance 1580 W Fonctions &amp; Technologie S\u00e9curit\u00e9 anti surchauffe Mati\u00e8re Rev\u00eatement anti-adh\u00e9sif R\u00e9glages Vitesse x1\u00a0+ 2 Accessoires Capacit\u00e9 40 g<\/p>","protected":false},"featured_media":10803,"comment_status":"open","ping_status":"closed","template":"","meta":[],"product_brand":[34],"product_cat":[36],"product_tag":[],"class_list":{"0":"post-10802","1":"product","2":"type-product","3":"status-publish","4":"has-post-thumbnail","6":"product_brand-moulinex","7":"product_cat-blender","9":"first","10":"instock","11":"shipping-taxable","12":"purchasable","13":"product-type-simple"},"yoast_head":"<!-- This site is optimized with the Yoast SEO plugin v27.5 - https:\/\/yoast.com\/product\/yoast-seo-wordpress\/ -->\n<title>MIXEUR BLENDER 400W BOL 1.5L + 2 ACCESOIRE - electrobennjima<\/title>\n<meta name=\"robots\" content=\"index, follow, max-snippet:-1, max-image-preview:large, max-video-preview:-1\" \/>\n<link rel=\"canonical\" href=\"https:\/\/electrobennjima.tn\/en\/mixeur-blender-400w-bol-1-5l-2-accesoire\/\" \/>\n<meta property=\"og:locale\" content=\"en_US\" \/>\n<meta property=\"og:type\" content=\"article\" \/>\n<meta property=\"og:title\" content=\"MIXEUR BLENDER 400W BOL 1.5L + 2 ACCESOIRE - electrobennjima\" \/>\n<meta property=\"og:description\" content=\"R\u00e9f\u00e9rence LM2421EG Garantie 6 mois Puissance 1580 W Fonctions &amp; Technologie S\u00e9curit\u00e9 anti surchauffe Mati\u00e8re Rev\u00eatement anti-adh\u00e9sif R\u00e9glages Vitesse x1\u00a0+ 2 Accessoires Capacit\u00e9 40 g\" \/>\n<meta property=\"og:url\" content=\"https:\/\/electrobennjima.tn\/en\/mixeur-blender-400w-bol-1-5l-2-accesoire\/\" \/>\n<meta property=\"og:site_name\" content=\"electrobennjima\" \/>\n<meta property=\"article:publisher\" content=\"https:\/\/www.facebook.com\/electro.ben.njima\" \/>\n<meta property=\"og:image\" content=\"https:\/\/electrobennjima.tn\/wp-content\/uploads\/2026\/05\/MOULINEX.webp\" \/>\n\t<meta property=\"og:image:width\" content=\"850\" \/>\n\t<meta property=\"og:image:height\" content=\"850\" \/>\n\t<meta property=\"og:image:type\" content=\"image\/webp\" \/>\n<meta name=\"twitter:card\" content=\"summary_large_image\" \/>\n<meta name=\"twitter:label1\" content=\"Est. reading time\" \/>\n\t<meta name=\"twitter:data1\" content=\"1 minute\" \/>\n<script type=\"application\/ld+json\" class=\"yoast-schema-graph\">{\"@context\":\"https:\\\/\\\/schema.org\",\"@graph\":[{\"@type\":\"WebPage\",\"@id\":\"https:\\\/\\\/electrobennjima.tn\\\/mixeur-blender-400w-bol-1-5l-2-accesoire\\\/\",\"url\":\"https:\\\/\\\/electrobennjima.tn\\\/mixeur-blender-400w-bol-1-5l-2-accesoire\\\/\",\"name\":\"MIXEUR BLENDER 400W BOL 1.5L + 2 ACCESOIRE - electrobennjima\",\"isPartOf\":{\"@id\":\"https:\\\/\\\/electrobennjima.tn\\\/#website\"},\"primaryImageOfPage\":{\"@id\":\"https:\\\/\\\/electrobennjima.tn\\\/mixeur-blender-400w-bol-1-5l-2-accesoire\\\/#primaryimage\"},\"image\":{\"@id\":\"https:\\\/\\\/electrobennjima.tn\\\/mixeur-blender-400w-bol-1-5l-2-accesoire\\\/#primaryimage\"},\"thumbnailUrl\":\"https:\\\/\\\/electrobennjima.tn\\\/wp-content\\\/uploads\\\/2026\\\/05\\\/MOULINEX.webp\",\"datePublished\":\"2026-05-16T09:40:40+00:00\",\"breadcrumb\":{\"@id\":\"https:\\\/\\\/electrobennjima.tn\\\/mixeur-blender-400w-bol-1-5l-2-accesoire\\\/#breadcrumb\"},\"inLanguage\":\"en-US\",\"potentialAction\":[{\"@type\":\"ReadAction\",\"target\":[\"https:\\\/\\\/electrobennjima.tn\\\/mixeur-blender-400w-bol-1-5l-2-accesoire\\\/\"]}]},{\"@type\":\"ImageObject\",\"inLanguage\":\"en-US\",\"@id\":\"https:\\\/\\\/electrobennjima.tn\\\/mixeur-blender-400w-bol-1-5l-2-accesoire\\\/#primaryimage\",\"url\":\"https:\\\/\\\/electrobennjima.tn\\\/wp-content\\\/uploads\\\/2026\\\/05\\\/MOULINEX.webp\",\"contentUrl\":\"https:\\\/\\\/electrobennjima.tn\\\/wp-content\\\/uploads\\\/2026\\\/05\\\/MOULINEX.webp\",\"width\":850,\"height\":850},{\"@type\":\"BreadcrumbList\",\"@id\":\"https:\\\/\\\/electrobennjima.tn\\\/mixeur-blender-400w-bol-1-5l-2-accesoire\\\/#breadcrumb\",\"itemListElement\":[{\"@type\":\"ListItem\",\"position\":1,\"name\":\"Accueil\",\"item\":\"https:\\\/\\\/electrobennjima.tn\\\/\"},{\"@type\":\"ListItem\",\"position\":2,\"name\":\"Shop\",\"item\":\"https:\\\/\\\/electrobennjima.tn\\\/shop\\\/\"},{\"@type\":\"ListItem\",\"position\":3,\"name\":\"MIXEUR BLENDER 400W BOL 1.5L + 2 ACCESOIRE\"}]},{\"@type\":\"WebSite\",\"@id\":\"https:\\\/\\\/electrobennjima.tn\\\/#website\",\"url\":\"https:\\\/\\\/electrobennjima.tn\\\/\",\"name\":\"electrobennjima\",\"description\":\"\",\"publisher\":{\"@id\":\"https:\\\/\\\/electrobennjima.tn\\\/#organization\"},\"potentialAction\":[{\"@type\":\"SearchAction\",\"target\":{\"@type\":\"EntryPoint\",\"urlTemplate\":\"https:\\\/\\\/electrobennjima.tn\\\/?s={search_term_string}\"},\"query-input\":{\"@type\":\"PropertyValueSpecification\",\"valueRequired\":true,\"valueName\":\"search_term_string\"}}],\"inLanguage\":\"en-US\"},{\"@type\":\"Organization\",\"@id\":\"https:\\\/\\\/electrobennjima.tn\\\/#organization\",\"name\":\"electrobennjima\",\"url\":\"https:\\\/\\\/electrobennjima.tn\\\/\",\"logo\":{\"@type\":\"ImageObject\",\"inLanguage\":\"en-US\",\"@id\":\"https:\\\/\\\/electrobennjima.tn\\\/#\\\/schema\\\/logo\\\/image\\\/\",\"url\":\"https:\\\/\\\/electrobennjima.tn\\\/wp-content\\\/uploads\\\/2026\\\/02\\\/Logo-Electro-Ben-Njima.png\",\"contentUrl\":\"https:\\\/\\\/electrobennjima.tn\\\/wp-content\\\/uploads\\\/2026\\\/02\\\/Logo-Electro-Ben-Njima.png\",\"width\":768,\"height\":126,\"caption\":\"electrobennjima\"},\"image\":{\"@id\":\"https:\\\/\\\/electrobennjima.tn\\\/#\\\/schema\\\/logo\\\/image\\\/\"},\"sameAs\":[\"https:\\\/\\\/www.facebook.com\\\/electro.ben.njima\",\"https:\\\/\\\/www.instagram.com\\\/electro.ben.njima\\\/\"]}]}<\/script>\n<!-- \/ Yoast SEO plugin. -->","yoast_head_json":{"title":"MIXEUR BLENDER 400W BOL 1.5L + 2 ACCESOIRE - electrobennjima","robots":{"index":"index","follow":"follow","max-snippet":"max-snippet:-1","max-image-preview":"max-image-preview:large","max-video-preview":"max-video-preview:-1"},"canonical":"https:\/\/electrobennjima.tn\/en\/mixeur-blender-400w-bol-1-5l-2-accesoire\/","og_locale":"en_US","og_type":"article","og_title":"MIXEUR BLENDER 400W BOL 1.5L + 2 ACCESOIRE - electrobennjima","og_description":"R\u00e9f\u00e9rence LM2421EG Garantie 6 mois Puissance 1580 W Fonctions &amp; Technologie S\u00e9curit\u00e9 anti surchauffe Mati\u00e8re Rev\u00eatement anti-adh\u00e9sif R\u00e9glages Vitesse x1\u00a0+ 2 Accessoires Capacit\u00e9 40 g","og_url":"https:\/\/electrobennjima.tn\/en\/mixeur-blender-400w-bol-1-5l-2-accesoire\/","og_site_name":"electrobennjima","article_publisher":"https:\/\/www.facebook.com\/electro.ben.njima","og_image":[{"width":850,"height":850,"url":"https:\/\/electrobennjima.tn\/wp-content\/uploads\/2026\/05\/MOULINEX.webp","type":"image\/webp"}],"twitter_card":"summary_large_image","twitter_misc":{"Est. reading time":"1 minute"},"schema":{"@context":"https:\/\/schema.org","@graph":[{"@type":"WebPage","@id":"https:\/\/electrobennjima.tn\/mixeur-blender-400w-bol-1-5l-2-accesoire\/","url":"https:\/\/electrobennjima.tn\/mixeur-blender-400w-bol-1-5l-2-accesoire\/","name":"MIXEUR BLENDER 400W BOL 1.5L + 2 ACCESOIRE - electrobennjima","isPartOf":{"@id":"https:\/\/electrobennjima.tn\/#website"},"primaryImageOfPage":{"@id":"https:\/\/electrobennjima.tn\/mixeur-blender-400w-bol-1-5l-2-accesoire\/#primaryimage"},"image":{"@id":"https:\/\/electrobennjima.tn\/mixeur-blender-400w-bol-1-5l-2-accesoire\/#primaryimage"},"thumbnailUrl":"https:\/\/electrobennjima.tn\/wp-content\/uploads\/2026\/05\/MOULINEX.webp","datePublished":"2026-05-16T09:40:40+00:00","breadcrumb":{"@id":"https:\/\/electrobennjima.tn\/mixeur-blender-400w-bol-1-5l-2-accesoire\/#breadcrumb"},"inLanguage":"en-US","potentialAction":[{"@type":"ReadAction","target":["https:\/\/electrobennjima.tn\/mixeur-blender-400w-bol-1-5l-2-accesoire\/"]}]},{"@type":"ImageObject","inLanguage":"en-US","@id":"https:\/\/electrobennjima.tn\/mixeur-blender-400w-bol-1-5l-2-accesoire\/#primaryimage","url":"https:\/\/electrobennjima.tn\/wp-content\/uploads\/2026\/05\/MOULINEX.webp","contentUrl":"https:\/\/electrobennjima.tn\/wp-content\/uploads\/2026\/05\/MOULINEX.webp","width":850,"height":850},{"@type":"BreadcrumbList","@id":"https:\/\/electrobennjima.tn\/mixeur-blender-400w-bol-1-5l-2-accesoire\/#breadcrumb","itemListElement":[{"@type":"ListItem","position":1,"name":"Accueil","item":"https:\/\/electrobennjima.tn\/"},{"@type":"ListItem","position":2,"name":"Shop","item":"https:\/\/electrobennjima.tn\/shop\/"},{"@type":"ListItem","position":3,"name":"MIXEUR BLENDER 400W BOL 1.5L + 2 ACCESOIRE"}]},{"@type":"WebSite","@id":"https:\/\/electrobennjima.tn\/#website","url":"https:\/\/electrobennjima.tn\/","name":"electrobennjima","description":"","publisher":{"@id":"https:\/\/electrobennjima.tn\/#organization"},"potentialAction":[{"@type":"SearchAction","target":{"@type":"EntryPoint","urlTemplate":"https:\/\/electrobennjima.tn\/?s={search_term_string}"},"query-input":{"@type":"PropertyValueSpecification","valueRequired":true,"valueName":"search_term_string"}}],"inLanguage":"en-US"},{"@type":"Organization","@id":"https:\/\/electrobennjima.tn\/#organization","name":"electrobennjima","url":"https:\/\/electrobennjima.tn\/","logo":{"@type":"ImageObject","inLanguage":"en-US","@id":"https:\/\/electrobennjima.tn\/#\/schema\/logo\/image\/","url":"https:\/\/electrobennjima.tn\/wp-content\/uploads\/2026\/02\/Logo-Electro-Ben-Njima.png","contentUrl":"https:\/\/electrobennjima.tn\/wp-content\/uploads\/2026\/02\/Logo-Electro-Ben-Njima.png","width":768,"height":126,"caption":"electrobennjima"},"image":{"@id":"https:\/\/electrobennjima.tn\/#\/schema\/logo\/image\/"},"sameAs":["https:\/\/www.facebook.com\/electro.ben.njima","https:\/\/www.instagram.com\/electro.ben.njima\/"]}]}},"_links":{"self":[{"href":"https:\/\/electrobennjima.tn\/en\/wp-json\/wp\/v2\/product\/10802","targetHints":{"allow":["GET"]}}],"collection":[{"href":"https:\/\/electrobennjima.tn\/en\/wp-json\/wp\/v2\/product"}],"about":[{"href":"https:\/\/electrobennjima.tn\/en\/wp-json\/wp\/v2\/types\/product"}],"replies":[{"embeddable":true,"href":"https:\/\/electrobennjima.tn\/en\/wp-json\/wp\/v2\/comments?post=10802"}],"wp:featuredmedia":[{"embeddable":true,"href":"https:\/\/electrobennjima.tn\/en\/wp-json\/wp\/v2\/media\/10803"}],"wp:attachment":[{"href":"https:\/\/electrobennjima.tn\/en\/wp-json\/wp\/v2\/media?parent=10802"}],"wp:term":[{"taxonomy":"product_brand","embeddable":true,"href":"https:\/\/electrobennjima.tn\/en\/wp-json\/wp\/v2\/product_brand?post=10802"},{"taxonomy":"product_cat","embeddable":true,"href":"https:\/\/electrobennjima.tn\/en\/wp-json\/wp\/v2\/product_cat?post=10802"},{"taxonomy":"product_tag","embeddable":true,"href":"https:\/\/electrobennjima.tn\/en\/wp-json\/wp\/v2\/product_tag?post=10802"}],"curies":[{"name":"wp","href":"https:\/\/api.w.org\/{rel}","templated":true}]}}