{"id":3567,"date":"2026-02-03T20:10:23","date_gmt":"2026-02-03T20:10:23","guid":{"rendered":"https:\/\/electrobennjima.tn\/?post_type=product&#038;p=3567"},"modified":"2026-02-03T20:10:27","modified_gmt":"2026-02-03T20:10:27","slug":"telephone-fix-alcatel-temporis-t22","status":"publish","type":"product","link":"https:\/\/electrobennjima.tn\/en\/telephone-fix-alcatel-temporis-t22\/","title":{"rendered":"TELEPHONE FIX ALCATEL TEMPORIS \/ T22"},"content":{"rendered":"","protected":false},"excerpt":{"rendered":"<div><span style=\"font-family: Arial, Verdana;\">Alcatel T22 est un t\u00e9l\u00e9phone \u00e0 la maison avec de nombreuses fonctionnalit\u00e9s utiles.<\/span><\/div>\n<div><span style=\"font-family: Arial, Verdana;\">Une touche d\u00e9di\u00e9e vous permettra de recomposer automatiquement le dernier num\u00e9ro appel\u00e9.<\/span><\/div>\n<div><span style=\"font-family: Arial, Verdana;\">Vous pouvez choisir de faire taire la sonnerie et \u00eatre inform\u00e9 d&rsquo;un appel entrant par une lumi\u00e8re clignotante LED.<\/span><\/div>\n<div><span style=\"font-family: Arial, Verdana;\">Alcatel T22 continue de fonctionner m\u00eame en cas de panne de courant.<\/span><\/div>\n<div><span style=\"font-family: Arial, Verdana;\">En outre, vous pouvez facilement installer votre t\u00e9l\u00e9phone o\u00f9 vous voulez, m\u00eame sur un mur.<\/span><\/div>","protected":false},"featured_media":3597,"comment_status":"open","ping_status":"closed","template":"","meta":[],"product_brand":[81],"product_cat":[80],"product_tag":[],"class_list":{"0":"post-3567","1":"product","2":"type-product","3":"status-publish","4":"has-post-thumbnail","6":"product_brand-alcatel","7":"product_cat-telephone-fixe","9":"first","10":"outofstock","11":"shipping-taxable","12":"purchasable","13":"product-type-simple"},"_links":{"self":[{"href":"https:\/\/electrobennjima.tn\/en\/wp-json\/wp\/v2\/product\/3567","targetHints":{"allow":["GET"]}}],"collection":[{"href":"https:\/\/electrobennjima.tn\/en\/wp-json\/wp\/v2\/product"}],"about":[{"href":"https:\/\/electrobennjima.tn\/en\/wp-json\/wp\/v2\/types\/product"}],"replies":[{"embeddable":true,"href":"https:\/\/electrobennjima.tn\/en\/wp-json\/wp\/v2\/comments?post=3567"}],"wp:featuredmedia":[{"embeddable":true,"href":"https:\/\/electrobennjima.tn\/en\/wp-json\/wp\/v2\/media\/3597"}],"wp:attachment":[{"href":"https:\/\/electrobennjima.tn\/en\/wp-json\/wp\/v2\/media?parent=3567"}],"wp:term":[{"taxonomy":"product_brand","embeddable":true,"href":"https:\/\/electrobennjima.tn\/en\/wp-json\/wp\/v2\/product_brand?post=3567"},{"taxonomy":"product_cat","embeddable":true,"href":"https:\/\/electrobennjima.tn\/en\/wp-json\/wp\/v2\/product_cat?post=3567"},{"taxonomy":"product_tag","embeddable":true,"href":"https:\/\/electrobennjima.tn\/en\/wp-json\/wp\/v2\/product_tag?post=3567"}],"curies":[{"name":"wp","href":"https:\/\/api.w.org\/{rel}","templated":true}]}}