{"id":4352,"date":"2026-02-03T20:13:32","date_gmt":"2026-02-03T20:13:32","guid":{"rendered":"https:\/\/electrobennjima.tn\/?post_type=product&#038;p=4352"},"modified":"2026-02-03T20:13:42","modified_gmt":"2026-02-03T20:13:42","slug":"cuisiniere-a-gaz-gold-9020t-5-feux-90cm","status":"publish","type":"product","link":"https:\/\/electrobennjima.tn\/en\/cuisiniere-a-gaz-gold-9020t-5-feux-90cm\/","title":{"rendered":"CUISINI\u00c8RE \u00c0 GAZ GOLD 9020T 5 FEUX \/ 90CM"},"content":{"rendered":"<h2 style=\"text-align: center;\"><span style=\"color: #333399;\">CUISINI\u00c8RE \u00c0 GAZ GOLD 9020T 5 FEUX \/ 90CM\u00a0<\/span><\/h2>\n<ul>\n<li><strong>Nombre de Feux<\/strong>: 5 feux<\/li>\n<li><strong>Largeur<\/strong>: 90 cm<\/li>\n<li><strong>Type de Gaz<\/strong>: GPL (Gaz de P\u00e9trole Liqu\u00e9fi\u00e9), compatible avec diff\u00e9rentes sources de gaz<\/li>\n<li><strong>Allumage \u00c9lectrique<\/strong>: Facilite l\u2019allumage des br\u00fbleurs sans avoir besoin d\u2019une allumette ou d\u2019un briquet<\/li>\n<li><strong>\u00c9clairage du Four<\/strong>: Permet de surveiller facilement la cuisson des aliments \u00e0 l\u2019int\u00e9rieur du four<\/li>\n<li><strong>Grilloir<\/strong>: Id\u00e9al pour griller vos plats pr\u00e9f\u00e9r\u00e9s<\/li>\n<li><strong>Couvercle en Verre<\/strong>: Offre une surface suppl\u00e9mentaire de travail lorsque les br\u00fbleurs ne sont pas utilis\u00e9s et peut \u00eatre ferm\u00e9 pour une apparence soign\u00e9e<\/li>\n<li><strong>Porte du Four \u00e0 Double Vitrage<\/strong>: Permet de conserver la chaleur \u00e0 l\u2019int\u00e9rieur du four et offre une meilleure isolation thermique<\/li>\n<li><strong>Couleur<\/strong>: Inox (Acier Inoxydable), s\u2019int\u00e9grant facilement dans n\u2019importe quel style de cuisine<\/li>\n<li><strong>Garantie<\/strong>: 1 an<\/li>\n<\/ul>\n<p>La cuisini\u00e8re \u00e0 gaz Gold 9020T combine performance et \u00e9l\u00e9gance, offrant une grande capacit\u00e9 de cuisson avec ses cinq feux. Son design \u00e9l\u00e9gant en acier inoxydable et ses fonctionnalit\u00e9s avanc\u00e9es, comme l&rsquo;allumage \u00e9lectrique et le grilloir int\u00e9gr\u00e9, ajoutent une touche de sophistication \u00e0 votre cuisine. La porte du four \u00e0 double vitrage et le couvercle en verre contribuent \u00e0 une meilleure efficacit\u00e9 \u00e9nerg\u00e9tique et \u00e0 une utilisation pratique.<\/p>","protected":false},"excerpt":{"rendered":"<div class=\"woocommerce-product-details__short-description\">\n<p>Cuisini\u00e8re \u00c0 Gaz Gold- Nombre de feux: <span style=\"color: #ff0000;\"><strong>5 Feux<\/strong><\/span>&#8211; Largeur: <strong><span style=\"color: #ff0000;\">90Cm<\/span><\/strong>&#8211; Type de Gaz: <strong><span style=\"color: #ff0000;\">GPL<\/span><\/strong>&#8211; Allumage \u00e9lectrique- Eclairage four- Grilloir- Couvercle en verre- Porte four: Double vitrage- Couleur: Inox- Garantie: 1 an.<\/p>\n<\/div>","protected":false},"featured_media":4382,"comment_status":"open","ping_status":"closed","template":"","meta":[],"product_brand":[93],"product_cat":[68,114,17,18],"product_tag":[],"class_list":{"0":"post-4352","1":"product","2":"type-product","3":"status-publish","4":"has-post-thumbnail","6":"product_brand-gold","7":"product_cat-cuisine","8":"product_cat-cuisiniere","9":"product_cat-electromenager","10":"product_cat-gros-electromenager","12":"first","13":"instock","14":"shipping-taxable","15":"purchasable","16":"product-type-simple"},"_links":{"self":[{"href":"https:\/\/electrobennjima.tn\/en\/wp-json\/wp\/v2\/product\/4352","targetHints":{"allow":["GET"]}}],"collection":[{"href":"https:\/\/electrobennjima.tn\/en\/wp-json\/wp\/v2\/product"}],"about":[{"href":"https:\/\/electrobennjima.tn\/en\/wp-json\/wp\/v2\/types\/product"}],"replies":[{"embeddable":true,"href":"https:\/\/electrobennjima.tn\/en\/wp-json\/wp\/v2\/comments?post=4352"}],"wp:featuredmedia":[{"embeddable":true,"href":"https:\/\/electrobennjima.tn\/en\/wp-json\/wp\/v2\/media\/4382"}],"wp:attachment":[{"href":"https:\/\/electrobennjima.tn\/en\/wp-json\/wp\/v2\/media?parent=4352"}],"wp:term":[{"taxonomy":"product_brand","embeddable":true,"href":"https:\/\/electrobennjima.tn\/en\/wp-json\/wp\/v2\/product_brand?post=4352"},{"taxonomy":"product_cat","embeddable":true,"href":"https:\/\/electrobennjima.tn\/en\/wp-json\/wp\/v2\/product_cat?post=4352"},{"taxonomy":"product_tag","embeddable":true,"href":"https:\/\/electrobennjima.tn\/en\/wp-json\/wp\/v2\/product_tag?post=4352"}],"curies":[{"name":"wp","href":"https:\/\/api.w.org\/{rel}","templated":true}]}}