{"id":4594,"date":"2026-02-03T20:14:35","date_gmt":"2026-02-03T20:14:35","guid":{"rendered":"https:\/\/electrobennjima.tn\/?post_type=product&#038;p=4594"},"modified":"2026-02-03T20:14:43","modified_gmt":"2026-02-03T20:14:43","slug":"element-decoratif-sotufab-zigzag-chene-brut","status":"publish","type":"product","link":"https:\/\/electrobennjima.tn\/en\/element-decoratif-sotufab-zigzag-chene-brut\/","title":{"rendered":"\u00c9L\u00c9MENT D\u00c9CORATIF SOTUFAB ZIGZAG CH\u00caNE BRUT"},"content":{"rendered":"","protected":false},"excerpt":{"rendered":"","protected":false},"featured_media":4624,"comment_status":"open","ping_status":"closed","template":"","meta":[],"product_brand":[159],"product_cat":[168],"product_tag":[],"class_list":{"0":"post-4594","1":"product","2":"type-product","3":"status-publish","4":"has-post-thumbnail","6":"product_brand-sotufab","7":"product_cat-meubles-de-rangement","9":"first","10":"instock","11":"shipping-taxable","12":"purchasable","13":"product-type-simple"},"_links":{"self":[{"href":"https:\/\/electrobennjima.tn\/en\/wp-json\/wp\/v2\/product\/4594","targetHints":{"allow":["GET"]}}],"collection":[{"href":"https:\/\/electrobennjima.tn\/en\/wp-json\/wp\/v2\/product"}],"about":[{"href":"https:\/\/electrobennjima.tn\/en\/wp-json\/wp\/v2\/types\/product"}],"replies":[{"embeddable":true,"href":"https:\/\/electrobennjima.tn\/en\/wp-json\/wp\/v2\/comments?post=4594"}],"wp:featuredmedia":[{"embeddable":true,"href":"https:\/\/electrobennjima.tn\/en\/wp-json\/wp\/v2\/media\/4624"}],"wp:attachment":[{"href":"https:\/\/electrobennjima.tn\/en\/wp-json\/wp\/v2\/media?parent=4594"}],"wp:term":[{"taxonomy":"product_brand","embeddable":true,"href":"https:\/\/electrobennjima.tn\/en\/wp-json\/wp\/v2\/product_brand?post=4594"},{"taxonomy":"product_cat","embeddable":true,"href":"https:\/\/electrobennjima.tn\/en\/wp-json\/wp\/v2\/product_cat?post=4594"},{"taxonomy":"product_tag","embeddable":true,"href":"https:\/\/electrobennjima.tn\/en\/wp-json\/wp\/v2\/product_tag?post=4594"}],"curies":[{"name":"wp","href":"https:\/\/api.w.org\/{rel}","templated":true}]}}